{"id":12254,"date":"2025-03-11T07:06:56","date_gmt":"2025-03-11T07:06:56","guid":{"rendered":"https:\/\/bosporus24.de\/?page_id=12254"},"modified":"2025-03-11T07:15:11","modified_gmt":"2025-03-11T07:15:11","slug":"e-commerce","status":"publish","type":"page","link":"https:\/\/bosporus24.de\/en\/blog\/e-commerce\/","title":{"rendered":"E-Commerce"},"content":{"rendered":"<div data-elementor-type=\"wp-page\" data-elementor-id=\"12254\" class=\"elementor elementor-12254\">\n\t\t\t\t\t\t<section class=\"elementor-section elementor-top-section elementor-element elementor-element-dfda8f4 elementor-section-boxed elementor-section-height-default elementor-section-height-default\" data-id=\"dfda8f4\" data-element_type=\"section\" data-e-type=\"section\" data-settings=\"{&quot;background_background&quot;:&quot;classic&quot;}\">\n\t\t\t\t\t\t\t<div class=\"elementor-background-overlay\"><\/div>\n\t\t\t\t\t\t\t<div class=\"elementor-container elementor-column-gap-default\">\n\t\t\t\t\t<div class=\"elementor-column elementor-col-100 elementor-top-column elementor-element elementor-element-7b51610\" data-id=\"7b51610\" data-element_type=\"column\" data-e-type=\"column\">\n\t\t\t<div class=\"elementor-widget-wrap elementor-element-populated\">\n\t\t\t\t\t\t<div class=\"elementor-element elementor-element-06a02b4 elementor-widget elementor-widget-gva-heading-block\" data-id=\"06a02b4\" data-element_type=\"widget\" data-e-type=\"widget\" data-widget_type=\"gva-heading-block.default\">\n\t\t\t\t<div class=\"elementor-widget-container\">\n\t\t\t\t\t<div class=\"gva-element-gva-heading-block gva-element\">   <div class=\"align-center style-1 widget gsc-heading box-align-left auto-responsive\">\r\n      <div class=\"content-inner\">\r\n         \r\n                  \r\n           \r\n         \r\n                     <h2 class=\"title\">\r\n               <span>E-Commerce<\/span>\r\n            <\/h2>\r\n                  \r\n         \r\n         \r\n      <\/div>\r\n   <\/div>\r\n<\/div>\t\t\t\t<\/div>\n\t\t\t\t<\/div>\n\t\t\t\t\t<\/div>\n\t\t<\/div>\n\t\t\t\t\t<\/div>\n\t\t<\/section>\n\t\t\t\t<section class=\"elementor-section elementor-top-section elementor-element elementor-element-48ff1eb5 elementor-section-boxed elementor-section-height-default elementor-section-height-default\" data-id=\"48ff1eb5\" data-element_type=\"section\" data-e-type=\"section\" data-settings=\"{&quot;background_background&quot;:&quot;classic&quot;}\">\n\t\t\t\t\t\t<div class=\"elementor-container elementor-column-gap-default\">\n\t\t\t\t\t<div class=\"elementor-column elementor-col-50 elementor-top-column elementor-element elementor-element-498f3346\" data-id=\"498f3346\" data-element_type=\"column\" data-e-type=\"column\">\n\t\t\t<div class=\"elementor-widget-wrap elementor-element-populated\">\n\t\t\t\t\t\t<div class=\"elementor-element elementor-element-c4d96d7 elementor-widget elementor-widget-text-editor\" data-id=\"c4d96d7\" data-element_type=\"widget\" data-e-type=\"widget\" data-widget_type=\"text-editor.default\">\n\t\t\t\t<div class=\"elementor-widget-container\">\n\t\t\t\t\t\t\t\t\t<div class=\"elementor-element elementor-element-4f58ba5 elementor-widget elementor-widget-heading\" data-id=\"4f58ba5\" data-element_type=\"widget\" data-widget_type=\"heading.default\"><div class=\"elementor-widget-container\"><h4 class=\"elementor-heading-title elementor-size-default\">Blog &amp; News<\/h4><\/div><\/div>\t\t\t\t\t\t\t\t<\/div>\n\t\t\t\t<\/div>\n\t\t\t\t<div class=\"elementor-element elementor-element-db91938 elementor-icon-list--layout-traditional elementor-list-item-link-full_width elementor-widget elementor-widget-icon-list\" data-id=\"db91938\" data-element_type=\"widget\" data-e-type=\"widget\" data-widget_type=\"icon-list.default\">\n\t\t\t\t<div class=\"elementor-widget-container\">\n\t\t\t\t\t\t\t<ul class=\"elementor-icon-list-items\">\n\t\t\t\t\t\t\t<li class=\"elementor-icon-list-item\">\n\t\t\t\t\t\t\t\t\t\t\t<a href=\"https:\/\/bosporus24.de\/en\/blog\/arbeitsrecht-mitarbeiter-aus-dem-ausland\/\">\n\n\t\t\t\t\t\t\t\t\t\t\t\t<span class=\"elementor-icon-list-icon\">\n\t\t\t\t\t\t\t<i aria-hidden=\"true\" class=\"fas fa-long-arrow-alt-right\"><\/i>\t\t\t\t\t\t<\/span>\n\t\t\t\t\t\t\t\t\t\t<span class=\"elementor-icon-list-text\">Labor law &amp; employees from abroad<\/span>\n\t\t\t\t\t\t\t\t\t\t\t<\/a>\n\t\t\t\t\t\t\t\t\t<\/li>\n\t\t\t\t\t\t\t\t<li class=\"elementor-icon-list-item\">\n\t\t\t\t\t\t\t\t\t\t\t<a href=\"https:\/\/bosporus24.de\/en\/blog\/buerokratie-und-behoerdenwege-fuer-unternehmen\/\">\n\n\t\t\t\t\t\t\t\t\t\t\t\t<span class=\"elementor-icon-list-icon\">\n\t\t\t\t\t\t\t<i aria-hidden=\"true\" class=\"fas fa-long-arrow-alt-right\"><\/i>\t\t\t\t\t\t<\/span>\n\t\t\t\t\t\t\t\t\t\t<span class=\"elementor-icon-list-text\">Bureaucracy and official channels for companies<\/span>\n\t\t\t\t\t\t\t\t\t\t\t<\/a>\n\t\t\t\t\t\t\t\t\t<\/li>\n\t\t\t\t\t\t\t\t<li class=\"elementor-icon-list-item\">\n\t\t\t\t\t\t\t\t\t\t\t<a href=\"https:\/\/bosporus24.de\/en\/blog\/e-commerce\/\">\n\n\t\t\t\t\t\t\t\t\t\t\t\t<span class=\"elementor-icon-list-icon\">\n\t\t\t\t\t\t\t<i aria-hidden=\"true\" class=\"fas fa-long-arrow-alt-right\"><\/i>\t\t\t\t\t\t<\/span>\n\t\t\t\t\t\t\t\t\t\t<span class=\"elementor-icon-list-text\">E-Commerce<\/span>\n\t\t\t\t\t\t\t\t\t\t\t<\/a>\n\t\t\t\t\t\t\t\t\t<\/li>\n\t\t\t\t\t\t\t\t<li class=\"elementor-icon-list-item\">\n\t\t\t\t\t\t\t\t\t\t\t<a href=\"https:\/\/bosporus24.de\/en\/blog\/firmengruendung-investition-in-deutschland\/\">\n\n\t\t\t\t\t\t\t\t\t\t\t\t<span class=\"elementor-icon-list-icon\">\n\t\t\t\t\t\t\t<i aria-hidden=\"true\" class=\"fas fa-long-arrow-alt-right\"><\/i>\t\t\t\t\t\t<\/span>\n\t\t\t\t\t\t\t\t\t\t<span class=\"elementor-icon-list-text\">Company formation &amp; investment in Germany<\/span>\n\t\t\t\t\t\t\t\t\t\t\t<\/a>\n\t\t\t\t\t\t\t\t\t<\/li>\n\t\t\t\t\t\t\t\t<li class=\"elementor-icon-list-item\">\n\t\t\t\t\t\t\t\t\t\t\t<a href=\"https:\/\/bosporus24.de\/en\/blog\/zoll-importverfahren\/\">\n\n\t\t\t\t\t\t\t\t\t\t\t\t<span class=\"elementor-icon-list-icon\">\n\t\t\t\t\t\t\t<i aria-hidden=\"true\" class=\"fas fa-long-arrow-alt-right\"><\/i>\t\t\t\t\t\t<\/span>\n\t\t\t\t\t\t\t\t\t\t<span class=\"elementor-icon-list-text\">Customs &amp; import procedures<\/span>\n\t\t\t\t\t\t\t\t\t\t\t<\/a>\n\t\t\t\t\t\t\t\t\t<\/li>\n\t\t\t\t\t\t<\/ul>\n\t\t\t\t\t\t<\/div>\n\t\t\t\t<\/div>\n\t\t\t\t<div class=\"elementor-element elementor-element-41518cb elementor-view-default elementor-position-block-start elementor-mobile-position-block-start elementor-widget elementor-widget-icon-box\" data-id=\"41518cb\" data-element_type=\"widget\" data-e-type=\"widget\" data-widget_type=\"icon-box.default\">\n\t\t\t\t<div class=\"elementor-widget-container\">\n\t\t\t\t\t\t\t<div class=\"elementor-icon-box-wrapper\">\n\n\t\t\t\t\t\t<div class=\"elementor-icon-box-icon\">\n\t\t\t\t<span  class=\"elementor-icon\">\n\t\t\t\t<i aria-hidden=\"true\" class=\"gicon-email-1\"><\/i>\t\t\t\t<\/span>\n\t\t\t<\/div>\n\t\t\t\n\t\t\t\t\t\t<div class=\"elementor-icon-box-content\">\n\n\t\t\t\t\t\t\t\t\t<h3 class=\"elementor-icon-box-title\">\n\t\t\t\t\t\t<span  >\n\t\t\t\t\t\t\tSend e-mail\t\t\t\t\t\t<\/span>\n\t\t\t\t\t<\/h3>\n\t\t\t\t\n\t\t\t\t\t\t\t\t\t<p class=\"elementor-icon-box-description\">\n\t\t\t\t\t\tinfo@bosporus24.de <br><br>\n-or -\t\t\t\t\t<\/p>\n\t\t\t\t\n\t\t\t<\/div>\n\t\t\t\n\t\t<\/div>\n\t\t\t\t\t\t<\/div>\n\t\t\t\t<\/div>\n\t\t\t\t<div class=\"elementor-element elementor-element-92d34c6 elementor-align-center elementor-widget elementor-widget-button\" data-id=\"92d34c6\" data-element_type=\"widget\" data-e-type=\"widget\" data-widget_type=\"button.default\">\n\t\t\t\t<div class=\"elementor-widget-container\">\n\t\t\t\t\t\t\t\t\t<div class=\"elementor-button-wrapper\">\n\t\t\t\t\t<a class=\"elementor-button elementor-button-link elementor-size-sm\" href=\"https:\/\/bosporus24.de\/en\/contact\/\">\n\t\t\t\t\t\t<span class=\"elementor-button-content-wrapper\">\n\t\t\t\t\t\t\t\t\t<span class=\"elementor-button-text\">CONTACT<\/span>\n\t\t\t\t\t<\/span>\n\t\t\t\t\t<\/a>\n\t\t\t\t<\/div>\n\t\t\t\t\t\t\t\t<\/div>\n\t\t\t\t<\/div>\n\t\t\t\t\t<\/div>\n\t\t<\/div>\n\t\t\t\t<div class=\"elementor-column elementor-col-50 elementor-top-column elementor-element elementor-element-77d5b3dc\" data-id=\"77d5b3dc\" data-element_type=\"column\" data-e-type=\"column\">\n\t\t\t<div class=\"elementor-widget-wrap elementor-element-populated\">\n\t\t\t\t\t\t<div class=\"elementor-element elementor-element-06d48cd elementor-widget elementor-widget-gva-posts\" data-id=\"06d48cd\" data-element_type=\"widget\" data-e-type=\"widget\" data-widget_type=\"gva-posts.default\">\n\t\t\t\t<div class=\"elementor-widget-container\">\n\t\t\t\t\t<div class=\"gva-element-gva-posts gva-element\">  \r\n<div class=\"gva-posts-standard clearfix gva-posts\">\r\n\t\t\r\n\t<div class=\"gva-content-items cleafix\"> \r\n\t\t\t<div class=\"item-post\">\r\n   <article id=\"post-12506\" class=\"post post-standard__single post-12506 type-post status-publish format-standard hentry category-e-commerce\">\r\n      \r\n         \r\n\r\n      <div class=\"post-standard__content has-no-thumbnail\">\r\n         <div class=\"post-standard__content-inner\">\r\n            <div class=\"post-standard__meta\">\r\n               <div class=\"clearfix meta-inline post-meta-2\"><span class=\"entry-date\"><i class=\"far fa-calendar-alt\"><\/i>April 22, 2025<\/span><span class=\"author-seperate\">\/<\/span><span class=\"post-comment\"><i class=\"far fa-comments\"><\/i>0 comments<\/span><\/div>            <\/div> \r\n            <h3 class=\"post-standard__title\"><a href=\"https:\/\/bosporus24.de\/en\/impressum-agb-datenschutz-was-du-brauchst-um-in-deutschland-legal-zu-verkaufen\/\" rel=\"bookmark\">Legal notice, terms and conditions &amp; data protection - what you need to sell legally in Germany<\/a><\/h3>\r\n                           <div class=\"post-standard__desc\">\r\n                  If you offer a product or service online in Germany - whether via               <\/div>   \r\n                        <div class=\"post-standard__read-more\">\r\n               <a class=\"btn-border\" href=\"https:\/\/bosporus24.de\/en\/impressum-agb-datenschutz-was-du-brauchst-um-in-deutschland-legal-zu-verkaufen\/\">Read more<\/a>\r\n            <\/div>\r\n         <\/div>\r\n\r\n      <\/div>\r\n   <\/article>   \r\n\r\n  <\/div><div class=\"item-post\">\r\n   <article id=\"post-12494\" class=\"post post-standard__single post-12494 type-post status-publish format-standard hentry category-e-commerce category-wie-du-international-verkaufen-kannst-zoll\">\r\n      \r\n         \r\n\r\n      <div class=\"post-standard__content has-no-thumbnail\">\r\n         <div class=\"post-standard__content-inner\">\r\n            <div class=\"post-standard__meta\">\r\n               <div class=\"clearfix meta-inline post-meta-2\"><span class=\"entry-date\"><i class=\"far fa-calendar-alt\"><\/i>April 2, 2025<\/span><span class=\"author-seperate\">\/<\/span><span class=\"post-comment\"><i class=\"far fa-comments\"><\/i>0 comments<\/span><\/div>            <\/div> \r\n            <h3 class=\"post-standard__title\"><a href=\"https:\/\/bosporus24.de\/en\/wie-du-international-verkaufen-kannst-zoll-steuern-versand-einfach-erklaert\/\" rel=\"bookmark\">How to sell internationally - customs, taxes and shipping explained simply<\/a><\/h3>\r\n                           <div class=\"post-standard__desc\">\r\n                  Would you like to sell products abroad with your online store, your Amazon business or via social media?               <\/div>   \r\n                        <div class=\"post-standard__read-more\">\r\n               <a class=\"btn-border\" href=\"https:\/\/bosporus24.de\/en\/wie-du-international-verkaufen-kannst-zoll-steuern-versand-einfach-erklaert\/\">Read more<\/a>\r\n            <\/div>\r\n         <\/div>\r\n\r\n      <\/div>\r\n   <\/article>   \r\n\r\n  <\/div><div class=\"item-post\">\r\n   <article id=\"post-12237\" class=\"post post-standard__single post-12237 type-post status-publish format-standard hentry category-e-commerce category-internationale-versandstrategien-wie-du-deine-produkte-effizient-ins-ausland-lieferst-2\">\r\n      \r\n         \r\n\r\n      <div class=\"post-standard__content has-no-thumbnail\">\r\n         <div class=\"post-standard__content-inner\">\r\n            <div class=\"post-standard__meta\">\r\n               <div class=\"clearfix meta-inline post-meta-2\"><span class=\"entry-date\"><i class=\"far fa-calendar-alt\"><\/i>March 7, 2025<\/span><span class=\"author-seperate\">\/<\/span><span class=\"post-comment\"><i class=\"far fa-comments\"><\/i>0 comments<\/span><\/div>            <\/div> \r\n            <h3 class=\"post-standard__title\"><a href=\"https:\/\/bosporus24.de\/en\/internationale-versandstrategien-wie-du-deine-produkte-effizient-ins-ausland-lieferst\/\" rel=\"bookmark\">International shipping strategies: How to deliver your products abroad efficiently<\/a><\/h3>\r\n                           <div class=\"post-standard__desc\">\r\n                  International shipping is one of the biggest challenges in cross-border e-commerce. High shipping costs, customs regulations and               <\/div>   \r\n                        <div class=\"post-standard__read-more\">\r\n               <a class=\"btn-border\" href=\"https:\/\/bosporus24.de\/en\/internationale-versandstrategien-wie-du-deine-produkte-effizient-ins-ausland-lieferst\/\">Read more<\/a>\r\n            <\/div>\r\n         <\/div>\r\n\r\n      <\/div>\r\n   <\/article>   \r\n\r\n  <\/div><div class=\"item-post\">\r\n   <article id=\"post-12235\" class=\"post post-standard__single post-12235 type-post status-publish format-standard hentry category-e-commerce category-grenzueberschreitender-e-commerce-erfolgreich-in-europa-und-weltweit-verkaufen\">\r\n      \r\n         \r\n\r\n      <div class=\"post-standard__content has-no-thumbnail\">\r\n         <div class=\"post-standard__content-inner\">\r\n            <div class=\"post-standard__meta\">\r\n               <div class=\"clearfix meta-inline post-meta-2\"><span class=\"entry-date\"><i class=\"far fa-calendar-alt\"><\/i>March 7, 2025<\/span><span class=\"author-seperate\">\/<\/span><span class=\"post-comment\"><i class=\"far fa-comments\"><\/i>0 comments<\/span><\/div>            <\/div> \r\n            <h3 class=\"post-standard__title\"><a href=\"https:\/\/bosporus24.de\/en\/grenzueberschreitender-e-commerce-erfolgreich-in-europa-und-weltweit-verkaufen\/\" rel=\"bookmark\">Cross-border e-commerce: selling successfully in Europe and worldwide<\/a><\/h3>\r\n                           <div class=\"post-standard__desc\">\r\n                  Global e-commerce offers enormous opportunities for retailers who want to sell beyond national borders.               <\/div>   \r\n                        <div class=\"post-standard__read-more\">\r\n               <a class=\"btn-border\" href=\"https:\/\/bosporus24.de\/en\/grenzueberschreitender-e-commerce-erfolgreich-in-europa-und-weltweit-verkaufen\/\">Read more<\/a>\r\n            <\/div>\r\n         <\/div>\r\n\r\n      <\/div>\r\n   <\/article>   \r\n\r\n  <\/div><div class=\"item-post\">\r\n   <article id=\"post-12233\" class=\"post post-standard__single post-12233 type-post status-publish format-standard hentry category-e-commerce category-erfolgreiche-e-commerce-beispiele-diese-unternehmen-machen-es-vor\">\r\n      \r\n         \r\n\r\n      <div class=\"post-standard__content has-no-thumbnail\">\r\n         <div class=\"post-standard__content-inner\">\r\n            <div class=\"post-standard__meta\">\r\n               <div class=\"clearfix meta-inline post-meta-2\"><span class=\"entry-date\"><i class=\"far fa-calendar-alt\"><\/i>March 7, 2025<\/span><span class=\"author-seperate\">\/<\/span><span class=\"post-comment\"><i class=\"far fa-comments\"><\/i>0 comments<\/span><\/div>            <\/div> \r\n            <h3 class=\"post-standard__title\"><a href=\"https:\/\/bosporus24.de\/en\/erfolgreiche-e-commerce-beispiele-diese-unternehmen-machen-es-vor\/\" rel=\"bookmark\">Successful e-commerce examples: These companies are leading the way<\/a><\/h3>\r\n                           <div class=\"post-standard__desc\">\r\n                  If you want to get started in German-Turkish e-commerce, it's worth learning from successful companies.               <\/div>   \r\n                        <div class=\"post-standard__read-more\">\r\n               <a class=\"btn-border\" href=\"https:\/\/bosporus24.de\/en\/erfolgreiche-e-commerce-beispiele-diese-unternehmen-machen-es-vor\/\">Read more<\/a>\r\n            <\/div>\r\n         <\/div>\r\n\r\n      <\/div>\r\n   <\/article>   \r\n\r\n  <\/div>\r\n\t\t\t\t\t<div class=\"pagination\">\r\n\t\t\t\t<div class=\"column one pager_wrapper\"><div class=\"pager\"><div class=\"paginations\"><a href=\"https:\/\/bosporus24.de\/en\/wp-json\/wp\/v2\/pages\/12254\/\" class=\"page-item active\">1<\/a><a href=\"https:\/\/bosporus24.de\/en\/wp-json\/wp\/v2\/pages\/12254\/page\/2\/\" class=\"page-item\">2<\/a><a href=\"https:\/\/bosporus24.de\/en\/wp-json\/wp\/v2\/pages\/12254\/page\/3\/\" class=\"page-item\">3<\/a><a class=\"next_page\" href=\"https:\/\/bosporus24.de\/en\/wp-json\/wp\/v2\/pages\/12254\/page\/2\/\"><i class=\"fas fa-chevron-right\"><\/i><\/a><\/div><\/div><\/div>\n\t\t\t<\/div>\r\n\t\t\t<\/div>\r\n\r\n<\/div>\r\n\r\n<\/div>\t\t\t\t<\/div>\n\t\t\t\t<\/div>\n\t\t\t\t\t<\/div>\n\t\t<\/div>\n\t\t\t\t\t<\/div>\n\t\t<\/section>\n\t\t\t\t<\/div>","protected":false},"excerpt":{"rendered":"<p>E-Commerce Blog &amp; Nachrichten Arbeitsrecht &#038; Mitarbeiter aus dem Ausland B\u00fcrokratie und Beh\u00f6rdenwege f\u00fcr Unternehmen E-Commerce Firmengr\u00fcndung &#038; Investition in Deutschland Zoll &#038; Importverfahren Send e-mail info@bosporus24.de \u2014or \u2014 KONTAKT [&hellip;]<\/p>\n","protected":false},"author":1,"featured_media":0,"parent":52,"menu_order":0,"comment_status":"closed","ping_status":"closed","template":"","meta":{"footnotes":""},"class_list":["post-12254","page","type-page","status-publish","hentry"],"_links":{"self":[{"href":"https:\/\/bosporus24.de\/en\/wp-json\/wp\/v2\/pages\/12254","targetHints":{"allow":["GET"]}}],"collection":[{"href":"https:\/\/bosporus24.de\/en\/wp-json\/wp\/v2\/pages"}],"about":[{"href":"https:\/\/bosporus24.de\/en\/wp-json\/wp\/v2\/types\/page"}],"author":[{"embeddable":true,"href":"https:\/\/bosporus24.de\/en\/wp-json\/wp\/v2\/users\/1"}],"replies":[{"embeddable":true,"href":"https:\/\/bosporus24.de\/en\/wp-json\/wp\/v2\/comments?post=12254"}],"version-history":[{"count":16,"href":"https:\/\/bosporus24.de\/en\/wp-json\/wp\/v2\/pages\/12254\/revisions"}],"predecessor-version":[{"id":12303,"href":"https:\/\/bosporus24.de\/en\/wp-json\/wp\/v2\/pages\/12254\/revisions\/12303"}],"up":[{"embeddable":true,"href":"https:\/\/bosporus24.de\/en\/wp-json\/wp\/v2\/pages\/52"}],"wp:attachment":[{"href":"https:\/\/bosporus24.de\/en\/wp-json\/wp\/v2\/media?parent=12254"}],"curies":[{"name":"wp","href":"https:\/\/api.w.org\/{rel}","templated":true}]}}