{"id":12269,"date":"2025-03-11T07:10:24","date_gmt":"2025-03-11T07:10:24","guid":{"rendered":"https:\/\/bosporus24.de\/?page_id=12269"},"modified":"2025-03-11T07:14:14","modified_gmt":"2025-03-11T07:14:14","slug":"firmengruendung-investition-in-deutschland","status":"publish","type":"page","link":"https:\/\/bosporus24.de\/en\/blog\/firmengruendung-investition-in-deutschland\/","title":{"rendered":"Company formation &amp; investment in Germany"},"content":{"rendered":"<div data-elementor-type=\"wp-page\" data-elementor-id=\"12269\" class=\"elementor elementor-12269\">\n\t\t\t\t\t\t<section class=\"elementor-section elementor-top-section elementor-element elementor-element-dfda8f4 elementor-section-boxed elementor-section-height-default elementor-section-height-default\" data-id=\"dfda8f4\" data-element_type=\"section\" data-e-type=\"section\" data-settings=\"{&quot;background_background&quot;:&quot;classic&quot;}\">\n\t\t\t\t\t\t\t<div class=\"elementor-background-overlay\"><\/div>\n\t\t\t\t\t\t\t<div class=\"elementor-container elementor-column-gap-default\">\n\t\t\t\t\t<div class=\"elementor-column elementor-col-100 elementor-top-column elementor-element elementor-element-7b51610\" data-id=\"7b51610\" data-element_type=\"column\" data-e-type=\"column\">\n\t\t\t<div class=\"elementor-widget-wrap elementor-element-populated\">\n\t\t\t\t\t\t<div class=\"elementor-element elementor-element-06a02b4 elementor-widget elementor-widget-gva-heading-block\" data-id=\"06a02b4\" data-element_type=\"widget\" data-e-type=\"widget\" data-widget_type=\"gva-heading-block.default\">\n\t\t\t\t<div class=\"elementor-widget-container\">\n\t\t\t\t\t<div class=\"gva-element-gva-heading-block gva-element\">   <div class=\"align-center style-1 widget gsc-heading box-align-left auto-responsive\">\r\n      <div class=\"content-inner\">\r\n         \r\n                  \r\n           \r\n         \r\n                     <h2 class=\"title\">\r\n               <span>Company formation &amp; investment in Germany<\/span>\r\n            <\/h2>\r\n                  \r\n         \r\n         \r\n      <\/div>\r\n   <\/div>\r\n<\/div>\t\t\t\t<\/div>\n\t\t\t\t<\/div>\n\t\t\t\t\t<\/div>\n\t\t<\/div>\n\t\t\t\t\t<\/div>\n\t\t<\/section>\n\t\t\t\t<section class=\"elementor-section elementor-top-section elementor-element elementor-element-48ff1eb5 elementor-section-boxed elementor-section-height-default elementor-section-height-default\" data-id=\"48ff1eb5\" data-element_type=\"section\" data-e-type=\"section\" data-settings=\"{&quot;background_background&quot;:&quot;classic&quot;}\">\n\t\t\t\t\t\t<div class=\"elementor-container elementor-column-gap-default\">\n\t\t\t\t\t<div class=\"elementor-column elementor-col-50 elementor-top-column elementor-element elementor-element-498f3346\" data-id=\"498f3346\" data-element_type=\"column\" data-e-type=\"column\">\n\t\t\t<div class=\"elementor-widget-wrap elementor-element-populated\">\n\t\t\t\t\t\t<div class=\"elementor-element elementor-element-c4d96d7 elementor-widget elementor-widget-text-editor\" data-id=\"c4d96d7\" data-element_type=\"widget\" data-e-type=\"widget\" data-widget_type=\"text-editor.default\">\n\t\t\t\t<div class=\"elementor-widget-container\">\n\t\t\t\t\t\t\t\t\t<div class=\"elementor-element elementor-element-4f58ba5 elementor-widget elementor-widget-heading\" data-id=\"4f58ba5\" data-element_type=\"widget\" data-widget_type=\"heading.default\"><div class=\"elementor-widget-container\"><h4 class=\"elementor-heading-title elementor-size-default\">Blog &amp; News<\/h4><\/div><\/div>\t\t\t\t\t\t\t\t<\/div>\n\t\t\t\t<\/div>\n\t\t\t\t<div class=\"elementor-element elementor-element-1bebc89 elementor-icon-list--layout-traditional elementor-list-item-link-full_width elementor-widget elementor-widget-icon-list\" data-id=\"1bebc89\" data-element_type=\"widget\" data-e-type=\"widget\" data-widget_type=\"icon-list.default\">\n\t\t\t\t<div class=\"elementor-widget-container\">\n\t\t\t\t\t\t\t<ul class=\"elementor-icon-list-items\">\n\t\t\t\t\t\t\t<li class=\"elementor-icon-list-item\">\n\t\t\t\t\t\t\t\t\t\t\t<a href=\"https:\/\/bosporus24.de\/en\/blog\/arbeitsrecht-mitarbeiter-aus-dem-ausland\/\">\n\n\t\t\t\t\t\t\t\t\t\t\t\t<span class=\"elementor-icon-list-icon\">\n\t\t\t\t\t\t\t<i aria-hidden=\"true\" class=\"fas fa-long-arrow-alt-right\"><\/i>\t\t\t\t\t\t<\/span>\n\t\t\t\t\t\t\t\t\t\t<span class=\"elementor-icon-list-text\">Labor law &amp; employees from abroad<\/span>\n\t\t\t\t\t\t\t\t\t\t\t<\/a>\n\t\t\t\t\t\t\t\t\t<\/li>\n\t\t\t\t\t\t\t\t<li class=\"elementor-icon-list-item\">\n\t\t\t\t\t\t\t\t\t\t\t<a href=\"https:\/\/bosporus24.de\/en\/blog\/buerokratie-und-behoerdenwege-fuer-unternehmen\/\">\n\n\t\t\t\t\t\t\t\t\t\t\t\t<span class=\"elementor-icon-list-icon\">\n\t\t\t\t\t\t\t<i aria-hidden=\"true\" class=\"fas fa-long-arrow-alt-right\"><\/i>\t\t\t\t\t\t<\/span>\n\t\t\t\t\t\t\t\t\t\t<span class=\"elementor-icon-list-text\">Bureaucracy and official channels for companies<\/span>\n\t\t\t\t\t\t\t\t\t\t\t<\/a>\n\t\t\t\t\t\t\t\t\t<\/li>\n\t\t\t\t\t\t\t\t<li class=\"elementor-icon-list-item\">\n\t\t\t\t\t\t\t\t\t\t\t<a href=\"https:\/\/bosporus24.de\/en\/blog\/e-commerce\/\">\n\n\t\t\t\t\t\t\t\t\t\t\t\t<span class=\"elementor-icon-list-icon\">\n\t\t\t\t\t\t\t<i aria-hidden=\"true\" class=\"fas fa-long-arrow-alt-right\"><\/i>\t\t\t\t\t\t<\/span>\n\t\t\t\t\t\t\t\t\t\t<span class=\"elementor-icon-list-text\">E-Commerce<\/span>\n\t\t\t\t\t\t\t\t\t\t\t<\/a>\n\t\t\t\t\t\t\t\t\t<\/li>\n\t\t\t\t\t\t\t\t<li class=\"elementor-icon-list-item\">\n\t\t\t\t\t\t\t\t\t\t\t<a href=\"https:\/\/bosporus24.de\/en\/blog\/firmengruendung-investition-in-deutschland\/\">\n\n\t\t\t\t\t\t\t\t\t\t\t\t<span class=\"elementor-icon-list-icon\">\n\t\t\t\t\t\t\t<i aria-hidden=\"true\" class=\"fas fa-long-arrow-alt-right\"><\/i>\t\t\t\t\t\t<\/span>\n\t\t\t\t\t\t\t\t\t\t<span class=\"elementor-icon-list-text\">Company formation &amp; investment in Germany<\/span>\n\t\t\t\t\t\t\t\t\t\t\t<\/a>\n\t\t\t\t\t\t\t\t\t<\/li>\n\t\t\t\t\t\t\t\t<li class=\"elementor-icon-list-item\">\n\t\t\t\t\t\t\t\t\t\t\t<a href=\"https:\/\/bosporus24.de\/en\/blog\/zoll-importverfahren\/\">\n\n\t\t\t\t\t\t\t\t\t\t\t\t<span class=\"elementor-icon-list-icon\">\n\t\t\t\t\t\t\t<i aria-hidden=\"true\" class=\"fas fa-long-arrow-alt-right\"><\/i>\t\t\t\t\t\t<\/span>\n\t\t\t\t\t\t\t\t\t\t<span class=\"elementor-icon-list-text\">Customs &amp; import procedures<\/span>\n\t\t\t\t\t\t\t\t\t\t\t<\/a>\n\t\t\t\t\t\t\t\t\t<\/li>\n\t\t\t\t\t\t<\/ul>\n\t\t\t\t\t\t<\/div>\n\t\t\t\t<\/div>\n\t\t\t\t<div class=\"elementor-element elementor-element-41518cb elementor-view-default elementor-position-block-start elementor-mobile-position-block-start elementor-widget elementor-widget-icon-box\" data-id=\"41518cb\" data-element_type=\"widget\" data-e-type=\"widget\" data-widget_type=\"icon-box.default\">\n\t\t\t\t<div class=\"elementor-widget-container\">\n\t\t\t\t\t\t\t<div class=\"elementor-icon-box-wrapper\">\n\n\t\t\t\t\t\t<div class=\"elementor-icon-box-icon\">\n\t\t\t\t<span  class=\"elementor-icon\">\n\t\t\t\t<i aria-hidden=\"true\" class=\"gicon-email-1\"><\/i>\t\t\t\t<\/span>\n\t\t\t<\/div>\n\t\t\t\n\t\t\t\t\t\t<div class=\"elementor-icon-box-content\">\n\n\t\t\t\t\t\t\t\t\t<h3 class=\"elementor-icon-box-title\">\n\t\t\t\t\t\t<span  >\n\t\t\t\t\t\t\tSend e-mail\t\t\t\t\t\t<\/span>\n\t\t\t\t\t<\/h3>\n\t\t\t\t\n\t\t\t\t\t\t\t\t\t<p class=\"elementor-icon-box-description\">\n\t\t\t\t\t\tinfo@bosporus24.de <br><br>\n-or -\t\t\t\t\t<\/p>\n\t\t\t\t\n\t\t\t<\/div>\n\t\t\t\n\t\t<\/div>\n\t\t\t\t\t\t<\/div>\n\t\t\t\t<\/div>\n\t\t\t\t<div class=\"elementor-element elementor-element-92d34c6 elementor-align-center elementor-widget elementor-widget-button\" data-id=\"92d34c6\" data-element_type=\"widget\" data-e-type=\"widget\" data-widget_type=\"button.default\">\n\t\t\t\t<div class=\"elementor-widget-container\">\n\t\t\t\t\t\t\t\t\t<div class=\"elementor-button-wrapper\">\n\t\t\t\t\t<a class=\"elementor-button elementor-button-link elementor-size-sm\" href=\"https:\/\/bosporus24.de\/en\/contact\/\">\n\t\t\t\t\t\t<span class=\"elementor-button-content-wrapper\">\n\t\t\t\t\t\t\t\t\t<span class=\"elementor-button-text\">CONTACT<\/span>\n\t\t\t\t\t<\/span>\n\t\t\t\t\t<\/a>\n\t\t\t\t<\/div>\n\t\t\t\t\t\t\t\t<\/div>\n\t\t\t\t<\/div>\n\t\t\t\t\t<\/div>\n\t\t<\/div>\n\t\t\t\t<div class=\"elementor-column elementor-col-50 elementor-top-column elementor-element elementor-element-77d5b3dc\" data-id=\"77d5b3dc\" data-element_type=\"column\" data-e-type=\"column\">\n\t\t\t<div class=\"elementor-widget-wrap elementor-element-populated\">\n\t\t\t\t\t\t<div class=\"elementor-element elementor-element-06d48cd elementor-widget elementor-widget-gva-posts\" data-id=\"06d48cd\" data-element_type=\"widget\" data-e-type=\"widget\" data-widget_type=\"gva-posts.default\">\n\t\t\t\t<div class=\"elementor-widget-container\">\n\t\t\t\t\t<div class=\"gva-element-gva-posts gva-element\">  \r\n<div class=\"gva-posts-standard clearfix gva-posts\">\r\n\t\t\r\n\t<div class=\"gva-content-items cleafix\"> \r\n\t\t\t<div class=\"item-post\">\r\n   <article id=\"post-12515\" class=\"post post-standard__single post-12515 type-post status-publish format-standard hentry category-firmengruendung-investition-in-deutschland\">\r\n      \r\n         \r\n\r\n      <div class=\"post-standard__content has-no-thumbnail\">\r\n         <div class=\"post-standard__content-inner\">\r\n            <div class=\"post-standard__meta\">\r\n               <div class=\"clearfix meta-inline post-meta-2\"><span class=\"entry-date\"><i class=\"far fa-calendar-alt\"><\/i>April 23, 2025<\/span><span class=\"author-seperate\">\/<\/span><span class=\"post-comment\"><i class=\"far fa-comments\"><\/i>0 comments<\/span><\/div>            <\/div> \r\n            <h3 class=\"post-standard__title\"><a href=\"https:\/\/bosporus24.de\/en\/3-was-muessen-internationale-investoren-beim-markteintritt-beachten\/\" rel=\"bookmark\">What do international investors need to consider when entering the market?<\/a><\/h3>\r\n                           <div class=\"post-standard__desc\">\r\n                  Imagine you have a promising product, a strong team and enough capital and               <\/div>   \r\n                        <div class=\"post-standard__read-more\">\r\n               <a class=\"btn-border\" href=\"https:\/\/bosporus24.de\/en\/3-was-muessen-internationale-investoren-beim-markteintritt-beachten\/\">Read more<\/a>\r\n            <\/div>\r\n         <\/div>\r\n\r\n      <\/div>\r\n   <\/article>   \r\n\r\n  <\/div><div class=\"item-post\">\r\n   <article id=\"post-12382\" class=\"post post-standard__single post-12382 type-post status-publish format-standard hentry category-firmengruendung-investition-in-deutschland category-firmengruendung-in-deutschland-dein-leitfaden-fuer-einen-erfolgreichen-start\">\r\n      \r\n         \r\n\r\n      <div class=\"post-standard__content has-no-thumbnail\">\r\n         <div class=\"post-standard__content-inner\">\r\n            <div class=\"post-standard__meta\">\r\n               <div class=\"clearfix meta-inline post-meta-2\"><span class=\"entry-date\"><i class=\"far fa-calendar-alt\"><\/i>March 19, 2025<\/span><span class=\"author-seperate\">\/<\/span><span class=\"post-comment\"><i class=\"far fa-comments\"><\/i>0 comments<\/span><\/div>            <\/div> \r\n            <h3 class=\"post-standard__title\"><a href=\"https:\/\/bosporus24.de\/en\/firmengruendung-in-deutschland-dein-leitfaden-fuer-einen-erfolgreichen-start\/\" rel=\"bookmark\">Setting up a company in Germany: Your guide to a successful start<\/a><\/h3>\r\n                           <div class=\"post-standard__desc\">\r\n                  Germany is one of the most attractive business locations in Europe and offers numerous opportunities for start-ups. But               <\/div>   \r\n                        <div class=\"post-standard__read-more\">\r\n               <a class=\"btn-border\" href=\"https:\/\/bosporus24.de\/en\/firmengruendung-in-deutschland-dein-leitfaden-fuer-einen-erfolgreichen-start\/\">Read more<\/a>\r\n            <\/div>\r\n         <\/div>\r\n\r\n      <\/div>\r\n   <\/article>   \r\n\r\n  <\/div><div class=\"item-post\">\r\n   <article id=\"post-12385\" class=\"post post-standard__single post-12385 type-post status-publish format-standard hentry category-firmengruendung-investition-in-deutschland category-investieren-in-deutschland-chancen-herausforderungen-fuer-unternehmer\">\r\n      \r\n         \r\n\r\n      <div class=\"post-standard__content has-no-thumbnail\">\r\n         <div class=\"post-standard__content-inner\">\r\n            <div class=\"post-standard__meta\">\r\n               <div class=\"clearfix meta-inline post-meta-2\"><span class=\"entry-date\"><i class=\"far fa-calendar-alt\"><\/i>March 19, 2025<\/span><span class=\"author-seperate\">\/<\/span><span class=\"post-comment\"><i class=\"far fa-comments\"><\/i>0 comments<\/span><\/div>            <\/div> \r\n            <h3 class=\"post-standard__title\"><a href=\"https:\/\/bosporus24.de\/en\/investieren-in-deutschland-chancen-herausforderungen-fuer-unternehmer\/\" rel=\"bookmark\">Investing in Germany: opportunities &amp; challenges for entrepreneurs<\/a><\/h3>\r\n                           <div class=\"post-standard__desc\">\r\n                  Germany is a stable and economically strong market that is attractive to both domestic and international investors.               <\/div>   \r\n                        <div class=\"post-standard__read-more\">\r\n               <a class=\"btn-border\" href=\"https:\/\/bosporus24.de\/en\/investieren-in-deutschland-chancen-herausforderungen-fuer-unternehmer\/\">Read more<\/a>\r\n            <\/div>\r\n         <\/div>\r\n\r\n      <\/div>\r\n   <\/article>   \r\n\r\n  <\/div><div class=\"item-post\">\r\n   <article id=\"post-12143\" class=\"post post-standard__single post-12143 type-post status-publish format-standard hentry category-firmengruendung-investition-in-deutschland category-wie-bekomme-ich-eine-umsatzsteuer-id-als-auslaendisches-unternehmen\">\r\n      \r\n         \r\n\r\n      <div class=\"post-standard__content has-no-thumbnail\">\r\n         <div class=\"post-standard__content-inner\">\r\n            <div class=\"post-standard__meta\">\r\n               <div class=\"clearfix meta-inline post-meta-2\"><span class=\"entry-date\"><i class=\"far fa-calendar-alt\"><\/i>March 4, 2025<\/span><span class=\"author-seperate\">\/<\/span><span class=\"post-comment\"><i class=\"far fa-comments\"><\/i>0 comments<\/span><\/div>            <\/div> \r\n            <h3 class=\"post-standard__title\"><a href=\"https:\/\/bosporus24.de\/en\/wie-bekomme-ich-eine-umsatzsteuer-id-als-auslaendisches-unternehmen\/\" rel=\"bookmark\">How do I get a VAT ID as a foreign company?<\/a><\/h3>\r\n                           <div class=\"post-standard__desc\">\r\n                  In many cases, foreign companies that are economically active in Germany require a VAT identification number (VAT ID no.).               <\/div>   \r\n                        <div class=\"post-standard__read-more\">\r\n               <a class=\"btn-border\" href=\"https:\/\/bosporus24.de\/en\/wie-bekomme-ich-eine-umsatzsteuer-id-als-auslaendisches-unternehmen\/\">Read more<\/a>\r\n            <\/div>\r\n         <\/div>\r\n\r\n      <\/div>\r\n   <\/article>   \r\n\r\n  <\/div><div class=\"item-post\">\r\n   <article id=\"post-12141\" class=\"post post-standard__single post-12141 type-post status-publish format-standard hentry category-aufenthaltstitel-fuer-unternehmer-so-funktioniert-das-visum-fuer-selbststaendige category-firmengruendung-investition-in-deutschland\">\r\n      \r\n         \r\n\r\n      <div class=\"post-standard__content has-no-thumbnail\">\r\n         <div class=\"post-standard__content-inner\">\r\n            <div class=\"post-standard__meta\">\r\n               <div class=\"clearfix meta-inline post-meta-2\"><span class=\"entry-date\"><i class=\"far fa-calendar-alt\"><\/i>March 4, 2025<\/span><span class=\"author-seperate\">\/<\/span><span class=\"post-comment\"><i class=\"far fa-comments\"><\/i>0 comments<\/span><\/div>            <\/div> \r\n            <h3 class=\"post-standard__title\"><a href=\"https:\/\/bosporus24.de\/en\/aufenthaltstitel-fuer-unternehmer-so-funktioniert-das-visum-fuer-selbststaendige\/\" rel=\"bookmark\">Residence permit for entrepreneurs: How the visa for the self-employed works<\/a><\/h3>\r\n                           <div class=\"post-standard__desc\">\r\n                  International entrepreneurs who want to set up a company in Germany or establish themselves as self-employed persons need               <\/div>   \r\n                        <div class=\"post-standard__read-more\">\r\n               <a class=\"btn-border\" href=\"https:\/\/bosporus24.de\/en\/aufenthaltstitel-fuer-unternehmer-so-funktioniert-das-visum-fuer-selbststaendige\/\">Read more<\/a>\r\n            <\/div>\r\n         <\/div>\r\n\r\n      <\/div>\r\n   <\/article>   \r\n\r\n  <\/div>\r\n\t\t\t\t\t<div class=\"pagination\">\r\n\t\t\t\t<div class=\"column one pager_wrapper\"><div class=\"pager\"><div class=\"paginations\"><a href=\"https:\/\/bosporus24.de\/en\/wp-json\/wp\/v2\/pages\/12269\/\" class=\"page-item active\">1<\/a><a href=\"https:\/\/bosporus24.de\/en\/wp-json\/wp\/v2\/pages\/12269\/page\/2\/\" class=\"page-item\">2<\/a><a href=\"https:\/\/bosporus24.de\/en\/wp-json\/wp\/v2\/pages\/12269\/page\/3\/\" class=\"page-item\">3<\/a><a class=\"next_page\" href=\"https:\/\/bosporus24.de\/en\/wp-json\/wp\/v2\/pages\/12269\/page\/2\/\"><i class=\"fas fa-chevron-right\"><\/i><\/a><\/div><\/div><\/div>\n\t\t\t<\/div>\r\n\t\t\t<\/div>\r\n\r\n<\/div>\r\n\r\n<\/div>\t\t\t\t<\/div>\n\t\t\t\t<\/div>\n\t\t\t\t\t<\/div>\n\t\t<\/div>\n\t\t\t\t\t<\/div>\n\t\t<\/section>\n\t\t\t\t<\/div>","protected":false},"excerpt":{"rendered":"<p>Firmengr\u00fcndung &#038; Investition in Deutschland Blog &amp; Nachrichten Arbeitsrecht &#038; Mitarbeiter aus dem Ausland B\u00fcrokratie und Beh\u00f6rdenwege f\u00fcr Unternehmen E-Commerce Firmengr\u00fcndung &#038; Investition in Deutschland Zoll &#038; Importverfahren Send e-mail [&hellip;]<\/p>\n","protected":false},"author":1,"featured_media":0,"parent":52,"menu_order":0,"comment_status":"closed","ping_status":"closed","template":"","meta":{"footnotes":""},"class_list":["post-12269","page","type-page","status-publish","hentry"],"_links":{"self":[{"href":"https:\/\/bosporus24.de\/en\/wp-json\/wp\/v2\/pages\/12269","targetHints":{"allow":["GET"]}}],"collection":[{"href":"https:\/\/bosporus24.de\/en\/wp-json\/wp\/v2\/pages"}],"about":[{"href":"https:\/\/bosporus24.de\/en\/wp-json\/wp\/v2\/types\/page"}],"author":[{"embeddable":true,"href":"https:\/\/bosporus24.de\/en\/wp-json\/wp\/v2\/users\/1"}],"replies":[{"embeddable":true,"href":"https:\/\/bosporus24.de\/en\/wp-json\/wp\/v2\/comments?post=12269"}],"version-history":[{"count":10,"href":"https:\/\/bosporus24.de\/en\/wp-json\/wp\/v2\/pages\/12269\/revisions"}],"predecessor-version":[{"id":12293,"href":"https:\/\/bosporus24.de\/en\/wp-json\/wp\/v2\/pages\/12269\/revisions\/12293"}],"up":[{"embeddable":true,"href":"https:\/\/bosporus24.de\/en\/wp-json\/wp\/v2\/pages\/52"}],"wp:attachment":[{"href":"https:\/\/bosporus24.de\/en\/wp-json\/wp\/v2\/media?parent=12269"}],"curies":[{"name":"wp","href":"https:\/\/api.w.org\/{rel}","templated":true}]}}