{"id":22,"date":"2023-07-21T01:56:16","date_gmt":"2023-07-21T01:56:16","guid":{"rendered":"https:\/\/gaviaspreview.com\/wp\/lestin\/?page_id=22"},"modified":"2025-03-07T11:30:54","modified_gmt":"2025-03-07T11:30:54","slug":"about","status":"publish","type":"page","link":"https:\/\/bosporus24.de\/en\/about\/","title":{"rendered":"About"},"content":{"rendered":"<div data-elementor-type=\"wp-page\" data-elementor-id=\"22\" class=\"elementor elementor-22\">\n\t\t\t\t\t\t<section class=\"elementor-section elementor-top-section elementor-element elementor-element-4ba9b71 elementor-section-boxed elementor-section-height-default elementor-section-height-default\" data-id=\"4ba9b71\" data-element_type=\"section\" data-e-type=\"section\" data-settings=\"{&quot;background_background&quot;:&quot;classic&quot;}\">\n\t\t\t\t\t\t\t<div class=\"elementor-background-overlay\"><\/div>\n\t\t\t\t\t\t\t<div class=\"elementor-container elementor-column-gap-default\">\n\t\t\t\t\t<div class=\"elementor-column elementor-col-100 elementor-top-column elementor-element elementor-element-d6da0bf\" data-id=\"d6da0bf\" data-element_type=\"column\" data-e-type=\"column\">\n\t\t\t<div class=\"elementor-widget-wrap elementor-element-populated\">\n\t\t\t\t\t\t<div class=\"elementor-element elementor-element-bf5a604 elementor-widget elementor-widget-gva-heading-block\" data-id=\"bf5a604\" data-element_type=\"widget\" data-e-type=\"widget\" data-widget_type=\"gva-heading-block.default\">\n\t\t\t\t<div class=\"elementor-widget-container\">\n\t\t\t\t\t<div class=\"gva-element-gva-heading-block gva-element\">   <div class=\"align-center style-1 widget gsc-heading box-align-left auto-responsive\">\r\n      <div class=\"content-inner\">\r\n         \r\n                  \r\n           \r\n         \r\n                     <h2 class=\"title\">\r\n               <span>About us\n<\/span>\r\n            <\/h2>\r\n                  \r\n                     <div class=\"title-desc\">Home - About us<\/div>\r\n         \r\n         \r\n      <\/div>\r\n   <\/div>\r\n<\/div>\t\t\t\t<\/div>\n\t\t\t\t<\/div>\n\t\t\t\t\t<\/div>\n\t\t<\/div>\n\t\t\t\t\t<\/div>\n\t\t<\/section>\n\t\t\t\t<section class=\"elementor-section elementor-top-section elementor-element elementor-element-16f69c0 elementor-section-boxed elementor-section-height-default elementor-section-height-default\" data-id=\"16f69c0\" data-element_type=\"section\" data-e-type=\"section\">\n\t\t\t\t\t\t<div class=\"elementor-container elementor-column-gap-default\">\n\t\t\t\t\t<div class=\"elementor-column elementor-col-50 elementor-top-column elementor-element elementor-element-3ea2eae\" data-id=\"3ea2eae\" data-element_type=\"column\" data-e-type=\"column\">\n\t\t\t<div class=\"elementor-widget-wrap elementor-element-populated\">\n\t\t\t\t\t\t<section class=\"elementor-section elementor-inner-section elementor-element elementor-element-1b33d9c elementor-section-boxed elementor-section-height-default elementor-section-height-default\" data-id=\"1b33d9c\" data-element_type=\"section\" data-e-type=\"section\">\n\t\t\t\t\t\t<div class=\"elementor-container elementor-column-gap-default\">\n\t\t\t\t\t<div class=\"elementor-column elementor-col-50 elementor-inner-column elementor-element elementor-element-0c9d8ed\" data-id=\"0c9d8ed\" data-element_type=\"column\" data-e-type=\"column\">\n\t\t\t<div class=\"elementor-widget-wrap elementor-element-populated\">\n\t\t\t\t\t\t<div class=\"elementor-element elementor-element-f514d12 elementor-widget elementor-widget-image\" data-id=\"f514d12\" data-element_type=\"widget\" data-e-type=\"widget\" data-widget_type=\"image.default\">\n\t\t\t\t<div class=\"elementor-widget-container\">\n\t\t\t\t\t\t\t\t\t\t\t\t\t\t\t<img decoding=\"async\" src=\"http:\/\/bosporus24.de\/wp-content\/uploads\/2025\/03\/pexels-pixelcop-3309498-scaled.jpg\" title=\"\" alt=\"\" loading=\"lazy\" \/>\t\t\t\t\t\t\t\t\t\t\t\t\t\t\t<\/div>\n\t\t\t\t<\/div>\n\t\t\t\t\t<\/div>\n\t\t<\/div>\n\t\t\t\t<div class=\"elementor-column elementor-col-50 elementor-inner-column elementor-element elementor-element-87bb805\" data-id=\"87bb805\" data-element_type=\"column\" data-e-type=\"column\">\n\t\t\t<div class=\"elementor-widget-wrap elementor-element-populated\">\n\t\t\t\t\t\t<div class=\"elementor-element elementor-element-7c4fc07 elementor-widget elementor-widget-image\" data-id=\"7c4fc07\" data-element_type=\"widget\" data-e-type=\"widget\" data-widget_type=\"image.default\">\n\t\t\t\t<div class=\"elementor-widget-container\">\n\t\t\t\t\t\t\t\t\t\t\t\t\t\t\t<img decoding=\"async\" src=\"http:\/\/bosporus24.de\/wp-content\/uploads\/2023\/11\/online-selling-e-commerce-2024-12-03-03-59-18-utc-scaled.jpg\" title=\"\" alt=\"\" loading=\"lazy\" \/>\t\t\t\t\t\t\t\t\t\t\t\t\t\t\t<\/div>\n\t\t\t\t<\/div>\n\t\t\t\t<div class=\"elementor-element elementor-element-fc0d3b6 elementor-widget elementor-widget-image\" data-id=\"fc0d3b6\" data-element_type=\"widget\" data-e-type=\"widget\" data-widget_type=\"image.default\">\n\t\t\t\t<div class=\"elementor-widget-container\">\n\t\t\t\t\t\t\t\t\t\t\t\t\t\t\t<img decoding=\"async\" src=\"http:\/\/bosporus24.de\/wp-content\/uploads\/2023\/11\/close-up-of-small-carton-boxes-on-table-isolated-o-2024-11-19-15-22-00-utc-scaled.jpg\" title=\"\" alt=\"\" loading=\"lazy\" \/>\t\t\t\t\t\t\t\t\t\t\t\t\t\t\t<\/div>\n\t\t\t\t<\/div>\n\t\t\t\t<div class=\"elementor-element elementor-element-9d686ad elementor-widget elementor-widget-image\" data-id=\"9d686ad\" data-element_type=\"widget\" data-e-type=\"widget\" data-widget_type=\"image.default\">\n\t\t\t\t<div class=\"elementor-widget-container\">\n\t\t\t\t\t\t\t\t\t\t\t\t\t\t\t<img fetchpriority=\"high\" decoding=\"async\" width=\"1600\" height=\"720\" src=\"https:\/\/bosporus24.de\/wp-content\/uploads\/2025\/01\/Slider002-1.jpg\" class=\"attachment-full size-full wp-image-11802\" alt=\"\" srcset=\"https:\/\/bosporus24.de\/wp-content\/uploads\/2025\/01\/Slider002-1.jpg 1600w, https:\/\/bosporus24.de\/wp-content\/uploads\/2025\/01\/Slider002-1-1024x461.jpg 1024w, https:\/\/bosporus24.de\/wp-content\/uploads\/2025\/01\/Slider002-1-768x346.jpg 768w, https:\/\/bosporus24.de\/wp-content\/uploads\/2025\/01\/Slider002-1-600x270.jpg 600w\" sizes=\"(max-width: 1600px) 100vw, 1600px\" \/>\t\t\t\t\t\t\t\t\t\t\t\t\t\t\t<\/div>\n\t\t\t\t<\/div>\n\t\t\t\t\t<\/div>\n\t\t<\/div>\n\t\t\t\t\t<\/div>\n\t\t<\/section>\n\t\t\t\t\t<\/div>\n\t\t<\/div>\n\t\t\t\t<div class=\"elementor-column elementor-col-50 elementor-top-column elementor-element elementor-element-e8a334f\" data-id=\"e8a334f\" data-element_type=\"column\" data-e-type=\"column\">\n\t\t\t<div class=\"elementor-widget-wrap elementor-element-populated\">\n\t\t\t\t\t\t<div class=\"elementor-element elementor-element-081132d elementor-widget elementor-widget-gva-heading-block\" data-id=\"081132d\" data-element_type=\"widget\" data-e-type=\"widget\" data-widget_type=\"gva-heading-block.default\">\n\t\t\t\t<div class=\"elementor-widget-container\">\n\t\t\t\t\t<div class=\"gva-element-gva-heading-block gva-element\">   <div class=\"align-left style-1 widget gsc-heading box-align-left auto-responsive\">\r\n      <div class=\"content-inner\">\r\n         \r\n                  \r\n         <div class=\"sub-title\"><span class=\"tagline\">Get to know us<\/span><\/div>  \r\n         \r\n                     <h2 class=\"title\">\r\n               <span>BOSPORUS24<\/span>\r\n            <\/h2>\r\n                  \r\n                     <div class=\"title-desc\"><h3>Your digital gateway to growth and success<\/h3>\nBosporus24 is the leading platform for companies looking to grow, expand and develop new business opportunities in Germany, Turkey and beyond.<br><br>\nIn a globalized world, it is no longer enough just to be visible locally. Successful companies need strategic networking, a targeted market presence and a platform that maximizes their reach. This is exactly where Bosporus24 comes in: We connect companies with potential business partners, customers and investors and help them to profitably expand their market presence.\n<\/div>\r\n         \r\n         \r\n      <\/div>\r\n   <\/div>\r\n<\/div>\t\t\t\t<\/div>\n\t\t\t\t<\/div>\n\t\t\t\t\t<\/div>\n\t\t<\/div>\n\t\t\t\t\t<\/div>\n\t\t<\/section>\n\t\t\t\t<section class=\"elementor-section elementor-top-section elementor-element elementor-element-3452563 elementor-section-boxed elementor-section-height-default elementor-section-height-default\" data-id=\"3452563\" data-element_type=\"section\" data-e-type=\"section\">\n\t\t\t\t\t\t<div class=\"elementor-container elementor-column-gap-default\">\n\t\t\t\t\t<div class=\"elementor-column elementor-col-100 elementor-top-column elementor-element elementor-element-bf445d7\" data-id=\"bf445d7\" data-element_type=\"column\" data-e-type=\"column\">\n\t\t\t<div class=\"elementor-widget-wrap elementor-element-populated\">\n\t\t\t\t\t\t<div class=\"elementor-element elementor-element-15dc8fe elementor-widget elementor-widget-text-editor\" data-id=\"15dc8fe\" data-element_type=\"widget\" data-e-type=\"widget\" data-widget_type=\"text-editor.default\">\n\t\t\t\t<div class=\"elementor-widget-container\">\n\t\t\t\t\t\t\t\t\t<h4>Why Bosporus24? Your advantages at a glance:<\/h4><p>Targeted new customer acquisition &amp; market expansion<br \/>With an entry on Bosporus24, you can reach companies and decision-makers who are actively searching for your products or services. Thanks to intelligent filters and optimized search functions, your offers will reach exactly the right target groups.<\/p><ul><li><strong>Maximum online visibility &amp; digital dominance<\/strong><\/li><\/ul><p>Your company profile is SEO-optimized and strategically placed so that you appear prominently not only on our platform, but also in search engines such as Google. Your reach grows automatically - without you having to actively search for new customers yourself.<\/p><ul><li><strong>High-quality business contacts &amp; premium network<\/strong><\/li><\/ul><p>Use Bosporus24 as your exclusive B2B network. Get in touch with potential business partners, suppliers and customers - both in Germany and in international markets such as Turkey, the Middle East and beyond.<\/p><ul><li><strong>Success-oriented advertising strategies for more sales<\/strong><\/li><\/ul><p>In addition to your directory entry, you benefit from individual advertising options that are specifically tailored to your industry and target group. From banner advertising to exclusive promotions and sponsored content - we make sure that your company is noticed in the right environment.<\/p><ul><li><strong>Growth without risk - transparent prices &amp; high returns<\/strong><\/li><\/ul><p>Bosporus24 offers you flexible membership models - from free entries to premium packages with maximum reach. Our offers are structured in such a way that you will achieve a noticeable increase in sales after just a short time.<\/p><p><strong>Our services - your key to success<\/strong><\/p><ul><li><strong>Professional company presentation<\/strong><\/li><\/ul><p>Your company profile is equipped with a logo, images, videos and a detailed description to give customers and business partners a convincing first impression.<\/p><ul><li><strong>Targeted advertising &amp; lead generation<\/strong><\/li><\/ul><p>With our premium advertising solutions, we ensure that your company is highlighted in the relevant business directories. In addition, we offer exclusive lead campaigns that provide you directly with customers who are ready to buy.<\/p><ul><li><strong>\u00a0Market analysis &amp; trend insights<\/strong><\/li><\/ul><p>Receive valuable market information, analyses and trends from your industry to make well-founded strategic decisions.<\/p><ul><li><strong>Business Matching &amp; Networking Events<\/strong><\/li><\/ul><p>We organize exclusive events, webinars and networking events where you can make personal contact with potential partners and investors.<\/p><ul><li><strong>\u00a0International expansion made easy<\/strong><\/li><\/ul><p>Whether in Germany, Turkey or worldwide - our platform gives you access to new markets, funding programs and government support that can accelerate your growth.<\/p><h4>Who can benefit from Bosporus24?<\/h4><ul><li>Start-ups &amp; founders who want to build a solid market presence<\/li><li>Medium-sized companies that want to increase their reach<\/li><li>Large companies &amp; groups that are expanding into new markets<\/li><li>Import &amp; export companies looking for strong partners and supply chains<\/li><li>Industry &amp; production that want to present their services &amp; products<\/li><li>Consultants, service providers &amp; agencies who want to win new customers<\/li><\/ul><p><strong>Your success starts here - register now!<\/strong><\/p><p>Use the unique reach and powerful B2B network of Bosporus24 to position your company profitably. Get started today and secure your presence in our exclusive company directory!<\/p><p>Register now &amp; become visible!<\/p>\t\t\t\t\t\t\t\t<\/div>\n\t\t\t\t<\/div>\n\t\t\t\t\t<\/div>\n\t\t<\/div>\n\t\t\t\t\t<\/div>\n\t\t<\/section>\n\t\t\t\t<section class=\"elementor-section elementor-top-section elementor-element elementor-element-07aac48 elementor-section-boxed elementor-section-height-default elementor-section-height-default\" data-id=\"07aac48\" data-element_type=\"section\" data-e-type=\"section\">\n\t\t\t\t\t\t<div class=\"elementor-container elementor-column-gap-default\">\n\t\t\t\t\t<div class=\"elementor-column elementor-col-100 elementor-top-column elementor-element elementor-element-99285d3\" data-id=\"99285d3\" data-element_type=\"column\" data-e-type=\"column\">\n\t\t\t<div class=\"elementor-widget-wrap elementor-element-populated\">\n\t\t\t\t\t\t<div class=\"elementor-element elementor-element-f0dd93e elementor-widget elementor-widget-gva-brand\" data-id=\"f0dd93e\" data-element_type=\"widget\" data-e-type=\"widget\" data-widget_type=\"gva-brand.default\">\n\t\t\t\t<div class=\"elementor-widget-container\">\n\t\t\t\t\t<div class=\"gva-element-gva-brand gva-element\">\r\n<div class=\"gva-brand-carousel swiper-slider-wrapper style-1\">\r\n   <div class=\"swiper-content-inner\">\r\n      <div class=\"init-carousel-swiper swiper\" data-carousel=\"{&quot;items&quot;:5,&quot;items_lg&quot;:5,&quot;items_md&quot;:4,&quot;items_sm&quot;:3,&quot;items_xs&quot;:2,&quot;items_xx&quot;:2,&quot;effect&quot;:&quot;slide&quot;,&quot;space_between&quot;:30,&quot;loop&quot;:1,&quot;speed&quot;:600,&quot;autoplay&quot;:1,&quot;autoplay_delay&quot;:4500,&quot;autoplay_hover&quot;:1,&quot;navigation&quot;:1,&quot;pagination&quot;:0,&quot;dynamic_bullets&quot;:0,&quot;pagination_type&quot;:&quot;bullets&quot;}\">\r\n         <div class=\"swiper-wrapper\">\r\n            <div class=\"swiper-slide item brand-item\"><div class=\"brand-item-content\"><div class=\"brand-item-image\"><img decoding=\"async\" src=\"http:\/\/bosporus24.de\/wp-content\/uploads\/2024\/12\/wes_Logo_hp.png\" alt=\"\" class=\"brand-img\"\/><\/div><\/div><\/div><div class=\"swiper-slide item brand-item\"><div class=\"brand-item-content\"><div class=\"brand-item-image\"><img decoding=\"async\" src=\"http:\/\/bosporus24.de\/wp-content\/uploads\/2024\/12\/BAB_Logo_HP.png\" alt=\"\" class=\"brand-img\"\/><\/div><\/div><\/div><div class=\"swiper-slide item brand-item\"><div class=\"brand-item-content\"><div class=\"brand-item-image\"><img decoding=\"async\" src=\"http:\/\/bosporus24.de\/wp-content\/uploads\/2024\/12\/pbs_Logo_HP.png\" alt=\"\" class=\"brand-img\"\/><\/div><\/div><\/div><div class=\"swiper-slide item brand-item\"><div class=\"brand-item-content\"><div class=\"brand-item-image\"><img decoding=\"async\" src=\"http:\/\/bosporus24.de\/wp-content\/uploads\/2024\/12\/timeline_logo_hp.png\" alt=\"\" class=\"brand-img\"\/><\/div><\/div><\/div><div class=\"swiper-slide item brand-item\"><div class=\"brand-item-content\"><div class=\"brand-item-image\"><img decoding=\"async\" src=\"http:\/\/bosporus24.de\/wp-content\/uploads\/2024\/12\/sorglosbauen_Logo_hp.png\" alt=\"\" class=\"brand-img\"\/><\/div><\/div><\/div>         <\/div>\r\n      <\/div>   \r\n   <\/div>\r\n   <div class=\"swiper-pagination\"><\/div>   <div class=\"swiper-nav-next\"><\/div><div class=\"swiper-nav-prev\"><\/div> \r\n<\/div>\r\n<\/div>\t\t\t\t<\/div>\n\t\t\t\t<\/div>\n\t\t\t\t\t<\/div>\n\t\t<\/div>\n\t\t\t\t\t<\/div>\n\t\t<\/section>\n\t\t\t\t<\/div>","protected":false},"excerpt":{"rendered":"<p>\u00dcber uns Home &#8211; \u00dcber Uns Lernen Sie uns kennen BOSPORUS24 Ihr digitales Tor zu Wachstum und Erfolg Bosporus24 ist die f\u00fchrende Plattform f\u00fcr Unternehmen, die wachsen, expandieren und neue [&hellip;]<\/p>\n","protected":false},"author":1,"featured_media":0,"parent":0,"menu_order":0,"comment_status":"closed","ping_status":"closed","template":"","meta":{"footnotes":""},"class_list":["post-22","page","type-page","status-publish","hentry"],"_links":{"self":[{"href":"https:\/\/bosporus24.de\/en\/wp-json\/wp\/v2\/pages\/22","targetHints":{"allow":["GET"]}}],"collection":[{"href":"https:\/\/bosporus24.de\/en\/wp-json\/wp\/v2\/pages"}],"about":[{"href":"https:\/\/bosporus24.de\/en\/wp-json\/wp\/v2\/types\/page"}],"author":[{"embeddable":true,"href":"https:\/\/bosporus24.de\/en\/wp-json\/wp\/v2\/users\/1"}],"replies":[{"embeddable":true,"href":"https:\/\/bosporus24.de\/en\/wp-json\/wp\/v2\/comments?post=22"}],"version-history":[{"count":24,"href":"https:\/\/bosporus24.de\/en\/wp-json\/wp\/v2\/pages\/22\/revisions"}],"predecessor-version":[{"id":12231,"href":"https:\/\/bosporus24.de\/en\/wp-json\/wp\/v2\/pages\/22\/revisions\/12231"}],"wp:attachment":[{"href":"https:\/\/bosporus24.de\/en\/wp-json\/wp\/v2\/media?parent=22"}],"curies":[{"name":"wp","href":"https:\/\/api.w.org\/{rel}","templated":true}]}}