{"id":24,"date":"2023-07-21T01:56:36","date_gmt":"2023-07-21T01:56:36","guid":{"rendered":"https:\/\/gaviaspreview.com\/wp\/lestin\/?page_id=24"},"modified":"2025-03-11T11:05:27","modified_gmt":"2025-03-11T11:05:27","slug":"buerokratie-und-behoerdenwege-fuer-unternehmen","status":"publish","type":"page","link":"https:\/\/bosporus24.de\/en\/blog\/buerokratie-und-behoerdenwege-fuer-unternehmen\/","title":{"rendered":"Bureaucracy and official channels for companies"},"content":{"rendered":"<div data-elementor-type=\"wp-page\" data-elementor-id=\"24\" class=\"elementor elementor-24\">\n\t\t\t\t\t\t<section class=\"elementor-section elementor-top-section elementor-element elementor-element-dfda8f4 elementor-section-boxed elementor-section-height-default elementor-section-height-default\" data-id=\"dfda8f4\" data-element_type=\"section\" data-e-type=\"section\" data-settings=\"{&quot;background_background&quot;:&quot;classic&quot;}\">\n\t\t\t\t\t\t\t<div class=\"elementor-background-overlay\"><\/div>\n\t\t\t\t\t\t\t<div class=\"elementor-container elementor-column-gap-default\">\n\t\t\t\t\t<div class=\"elementor-column elementor-col-100 elementor-top-column elementor-element elementor-element-7b51610\" data-id=\"7b51610\" data-element_type=\"column\" data-e-type=\"column\">\n\t\t\t<div class=\"elementor-widget-wrap elementor-element-populated\">\n\t\t\t\t\t\t<div class=\"elementor-element elementor-element-06a02b4 elementor-widget elementor-widget-gva-heading-block\" data-id=\"06a02b4\" data-element_type=\"widget\" data-e-type=\"widget\" data-widget_type=\"gva-heading-block.default\">\n\t\t\t\t<div class=\"elementor-widget-container\">\n\t\t\t\t\t<div class=\"gva-element-gva-heading-block gva-element\">   <div class=\"align-center style-1 widget gsc-heading box-align-left auto-responsive\">\r\n      <div class=\"content-inner\">\r\n         \r\n                  \r\n           \r\n         \r\n                     <h2 class=\"title\">\r\n               <span>Bureaucracy and official channels for companies<\/span>\r\n            <\/h2>\r\n                  \r\n         \r\n         \r\n      <\/div>\r\n   <\/div>\r\n<\/div>\t\t\t\t<\/div>\n\t\t\t\t<\/div>\n\t\t\t\t\t<\/div>\n\t\t<\/div>\n\t\t\t\t\t<\/div>\n\t\t<\/section>\n\t\t\t\t<section class=\"elementor-section elementor-top-section elementor-element elementor-element-48ff1eb5 elementor-section-boxed elementor-section-height-default elementor-section-height-default\" data-id=\"48ff1eb5\" data-element_type=\"section\" data-e-type=\"section\" data-settings=\"{&quot;background_background&quot;:&quot;classic&quot;}\">\n\t\t\t\t\t\t<div class=\"elementor-container elementor-column-gap-default\">\n\t\t\t\t\t<div class=\"elementor-column elementor-col-50 elementor-top-column elementor-element elementor-element-498f3346\" data-id=\"498f3346\" data-element_type=\"column\" data-e-type=\"column\">\n\t\t\t<div class=\"elementor-widget-wrap elementor-element-populated\">\n\t\t\t\t\t\t<div class=\"elementor-element elementor-element-c4d96d7 elementor-widget elementor-widget-text-editor\" data-id=\"c4d96d7\" data-element_type=\"widget\" data-e-type=\"widget\" data-widget_type=\"text-editor.default\">\n\t\t\t\t<div class=\"elementor-widget-container\">\n\t\t\t\t\t\t\t\t\t<div class=\"elementor-element elementor-element-4f58ba5 elementor-widget elementor-widget-heading\" data-id=\"4f58ba5\" data-element_type=\"widget\" data-widget_type=\"heading.default\"><div class=\"elementor-widget-container\"><h4 class=\"elementor-heading-title elementor-size-default\">Blog &amp; News<\/h4><\/div><\/div>\t\t\t\t\t\t\t\t<\/div>\n\t\t\t\t<\/div>\n\t\t\t\t<div class=\"elementor-element elementor-element-4cda73c elementor-icon-list--layout-traditional elementor-list-item-link-full_width elementor-widget elementor-widget-icon-list\" data-id=\"4cda73c\" data-element_type=\"widget\" data-e-type=\"widget\" data-widget_type=\"icon-list.default\">\n\t\t\t\t<div class=\"elementor-widget-container\">\n\t\t\t\t\t\t\t<ul class=\"elementor-icon-list-items\">\n\t\t\t\t\t\t\t<li class=\"elementor-icon-list-item\">\n\t\t\t\t\t\t\t\t\t\t\t<a href=\"https:\/\/bosporus24.de\/en\/blog\/arbeitsrecht-mitarbeiter-aus-dem-ausland\/\">\n\n\t\t\t\t\t\t\t\t\t\t\t\t<span class=\"elementor-icon-list-icon\">\n\t\t\t\t\t\t\t<i aria-hidden=\"true\" class=\"fas fa-long-arrow-alt-right\"><\/i>\t\t\t\t\t\t<\/span>\n\t\t\t\t\t\t\t\t\t\t<span class=\"elementor-icon-list-text\">Labor law &amp; employees from abroad<\/span>\n\t\t\t\t\t\t\t\t\t\t\t<\/a>\n\t\t\t\t\t\t\t\t\t<\/li>\n\t\t\t\t\t\t\t\t<li class=\"elementor-icon-list-item\">\n\t\t\t\t\t\t\t\t\t\t\t<a href=\"https:\/\/bosporus24.de\/en\/blog\/buerokratie-und-behoerdenwege-fuer-unternehmen\/\">\n\n\t\t\t\t\t\t\t\t\t\t\t\t<span class=\"elementor-icon-list-icon\">\n\t\t\t\t\t\t\t<i aria-hidden=\"true\" class=\"fas fa-long-arrow-alt-right\"><\/i>\t\t\t\t\t\t<\/span>\n\t\t\t\t\t\t\t\t\t\t<span class=\"elementor-icon-list-text\">Bureaucracy and official channels for companies<\/span>\n\t\t\t\t\t\t\t\t\t\t\t<\/a>\n\t\t\t\t\t\t\t\t\t<\/li>\n\t\t\t\t\t\t\t\t<li class=\"elementor-icon-list-item\">\n\t\t\t\t\t\t\t\t\t\t\t<a href=\"https:\/\/bosporus24.de\/en\/blog\/e-commerce\/\">\n\n\t\t\t\t\t\t\t\t\t\t\t\t<span class=\"elementor-icon-list-icon\">\n\t\t\t\t\t\t\t<i aria-hidden=\"true\" class=\"fas fa-long-arrow-alt-right\"><\/i>\t\t\t\t\t\t<\/span>\n\t\t\t\t\t\t\t\t\t\t<span class=\"elementor-icon-list-text\">E-Commerce<\/span>\n\t\t\t\t\t\t\t\t\t\t\t<\/a>\n\t\t\t\t\t\t\t\t\t<\/li>\n\t\t\t\t\t\t\t\t<li class=\"elementor-icon-list-item\">\n\t\t\t\t\t\t\t\t\t\t\t<a href=\"https:\/\/bosporus24.de\/en\/blog\/firmengruendung-investition-in-deutschland\/\">\n\n\t\t\t\t\t\t\t\t\t\t\t\t<span class=\"elementor-icon-list-icon\">\n\t\t\t\t\t\t\t<i aria-hidden=\"true\" class=\"fas fa-long-arrow-alt-right\"><\/i>\t\t\t\t\t\t<\/span>\n\t\t\t\t\t\t\t\t\t\t<span class=\"elementor-icon-list-text\">Company formation &amp; investment in Germany<\/span>\n\t\t\t\t\t\t\t\t\t\t\t<\/a>\n\t\t\t\t\t\t\t\t\t<\/li>\n\t\t\t\t\t\t\t\t<li class=\"elementor-icon-list-item\">\n\t\t\t\t\t\t\t\t\t\t\t<a href=\"https:\/\/bosporus24.de\/en\/blog\/zoll-importverfahren\/\">\n\n\t\t\t\t\t\t\t\t\t\t\t\t<span class=\"elementor-icon-list-icon\">\n\t\t\t\t\t\t\t<i aria-hidden=\"true\" class=\"fas fa-long-arrow-alt-right\"><\/i>\t\t\t\t\t\t<\/span>\n\t\t\t\t\t\t\t\t\t\t<span class=\"elementor-icon-list-text\">Customs &amp; import procedures<\/span>\n\t\t\t\t\t\t\t\t\t\t\t<\/a>\n\t\t\t\t\t\t\t\t\t<\/li>\n\t\t\t\t\t\t<\/ul>\n\t\t\t\t\t\t<\/div>\n\t\t\t\t<\/div>\n\t\t\t\t<div class=\"elementor-element elementor-element-41518cb elementor-view-default elementor-position-block-start elementor-mobile-position-block-start elementor-widget elementor-widget-icon-box\" data-id=\"41518cb\" data-element_type=\"widget\" data-e-type=\"widget\" data-widget_type=\"icon-box.default\">\n\t\t\t\t<div class=\"elementor-widget-container\">\n\t\t\t\t\t\t\t<div class=\"elementor-icon-box-wrapper\">\n\n\t\t\t\t\t\t<div class=\"elementor-icon-box-icon\">\n\t\t\t\t<span  class=\"elementor-icon\">\n\t\t\t\t<i aria-hidden=\"true\" class=\"gicon-email-1\"><\/i>\t\t\t\t<\/span>\n\t\t\t<\/div>\n\t\t\t\n\t\t\t\t\t\t<div class=\"elementor-icon-box-content\">\n\n\t\t\t\t\t\t\t\t\t<h3 class=\"elementor-icon-box-title\">\n\t\t\t\t\t\t<span  >\n\t\t\t\t\t\t\tSend e-mail\t\t\t\t\t\t<\/span>\n\t\t\t\t\t<\/h3>\n\t\t\t\t\n\t\t\t\t\t\t\t\t\t<p class=\"elementor-icon-box-description\">\n\t\t\t\t\t\tinfo@bosporus24.de <br><br>\n-or -\t\t\t\t\t<\/p>\n\t\t\t\t\n\t\t\t<\/div>\n\t\t\t\n\t\t<\/div>\n\t\t\t\t\t\t<\/div>\n\t\t\t\t<\/div>\n\t\t\t\t<div class=\"elementor-element elementor-element-92d34c6 elementor-align-center elementor-widget elementor-widget-button\" data-id=\"92d34c6\" data-element_type=\"widget\" data-e-type=\"widget\" data-widget_type=\"button.default\">\n\t\t\t\t<div class=\"elementor-widget-container\">\n\t\t\t\t\t\t\t\t\t<div class=\"elementor-button-wrapper\">\n\t\t\t\t\t<a class=\"elementor-button elementor-button-link elementor-size-sm\" href=\"https:\/\/bosporus24.de\/en\/contact\/\">\n\t\t\t\t\t\t<span class=\"elementor-button-content-wrapper\">\n\t\t\t\t\t\t\t\t\t<span class=\"elementor-button-text\">CONTACT<\/span>\n\t\t\t\t\t<\/span>\n\t\t\t\t\t<\/a>\n\t\t\t\t<\/div>\n\t\t\t\t\t\t\t\t<\/div>\n\t\t\t\t<\/div>\n\t\t\t\t\t<\/div>\n\t\t<\/div>\n\t\t\t\t<div class=\"elementor-column elementor-col-50 elementor-top-column elementor-element elementor-element-77d5b3dc\" data-id=\"77d5b3dc\" data-element_type=\"column\" data-e-type=\"column\">\n\t\t\t<div class=\"elementor-widget-wrap elementor-element-populated\">\n\t\t\t\t\t\t<div class=\"elementor-element elementor-element-06d48cd elementor-widget elementor-widget-gva-posts\" data-id=\"06d48cd\" data-element_type=\"widget\" data-e-type=\"widget\" data-widget_type=\"gva-posts.default\">\n\t\t\t\t<div class=\"elementor-widget-container\">\n\t\t\t\t\t<div class=\"gva-element-gva-posts gva-element\">  \r\n<div class=\"gva-posts-standard clearfix gva-posts\">\r\n\t\t\r\n\t<div class=\"gva-content-items cleafix\"> \r\n\t\t\t<div class=\"item-post\">\r\n   <article id=\"post-12489\" class=\"post post-standard__single post-12489 type-post status-publish format-standard hentry category-buerokratie-und-behoerdenwege-fuer-unternehmen category-rechtsformwahl-und-deren-buerokratische-folgen-z-b-gbr-vs-gmbh\">\r\n      \r\n         \r\n\r\n      <div class=\"post-standard__content has-no-thumbnail\">\r\n         <div class=\"post-standard__content-inner\">\r\n            <div class=\"post-standard__meta\">\r\n               <div class=\"clearfix meta-inline post-meta-2\"><span class=\"entry-date\"><i class=\"far fa-calendar-alt\"><\/i>April 1, 2025<\/span><span class=\"author-seperate\">\/<\/span><span class=\"post-comment\"><i class=\"far fa-comments\"><\/i>0 comments<\/span><\/div>            <\/div> \r\n            <h3 class=\"post-standard__title\"><a href=\"https:\/\/bosporus24.de\/en\/rechtsformwahl-und-deren-buerokratische-folgen-z-b-gbr-vs-gmbh\/\" rel=\"bookmark\">Choice of legal form and its bureaucratic consequences (e.g. GbR vs. GmbH)<\/a><\/h3>\r\n                           <div class=\"post-standard__desc\">\r\n                  The choice of legal form is one of the most important decisions when setting up a company in Germany.               <\/div>   \r\n                        <div class=\"post-standard__read-more\">\r\n               <a class=\"btn-border\" href=\"https:\/\/bosporus24.de\/en\/rechtsformwahl-und-deren-buerokratische-folgen-z-b-gbr-vs-gmbh\/\">Read more<\/a>\r\n            <\/div>\r\n         <\/div>\r\n\r\n      <\/div>\r\n   <\/article>   \r\n\r\n  <\/div><div class=\"item-post\">\r\n   <article id=\"post-12486\" class=\"post post-standard__single post-12486 type-post status-publish format-standard hentry category-buerokratie-und-behoerdenwege-fuer-unternehmen category-ust-idnr-co-was-du-vom-finanzamt-bekommst-und-brauchst\">\r\n      \r\n         \r\n\r\n      <div class=\"post-standard__content has-no-thumbnail\">\r\n         <div class=\"post-standard__content-inner\">\r\n            <div class=\"post-standard__meta\">\r\n               <div class=\"clearfix meta-inline post-meta-2\"><span class=\"entry-date\"><i class=\"far fa-calendar-alt\"><\/i>March 31, 2025<\/span><span class=\"author-seperate\">\/<\/span><span class=\"post-comment\"><i class=\"far fa-comments\"><\/i>0 comments<\/span><\/div>            <\/div> \r\n            <h3 class=\"post-standard__title\"><a href=\"https:\/\/bosporus24.de\/en\/steuernummer-ust-idnr-co-was-du-vom-finanzamt-bekommst-und-brauchst\/\" rel=\"bookmark\">Tax number, VAT ID &amp; Co - what you get and need from the tax office<\/a><\/h3>\r\n                           <div class=\"post-standard__desc\">\r\n                  If you set up a company in Germany and hire employees, you will receive (and need) from the               <\/div>   \r\n                        <div class=\"post-standard__read-more\">\r\n               <a class=\"btn-border\" href=\"https:\/\/bosporus24.de\/en\/steuernummer-ust-idnr-co-was-du-vom-finanzamt-bekommst-und-brauchst\/\">Read more<\/a>\r\n            <\/div>\r\n         <\/div>\r\n\r\n      <\/div>\r\n   <\/article>   \r\n\r\n  <\/div><div class=\"item-post\">\r\n   <article id=\"post-12483\" class=\"post post-standard__single post-12483 type-post status-publish format-standard hentry category-buerokratie-und-behoerdenwege-fuer-unternehmen category-handelsregistereintrag-wann-ist-er-notwendig\">\r\n      \r\n         \r\n\r\n      <div class=\"post-standard__content has-no-thumbnail\">\r\n         <div class=\"post-standard__content-inner\">\r\n            <div class=\"post-standard__meta\">\r\n               <div class=\"clearfix meta-inline post-meta-2\"><span class=\"entry-date\"><i class=\"far fa-calendar-alt\"><\/i>March 30, 2025<\/span><span class=\"author-seperate\">\/<\/span><span class=\"post-comment\"><i class=\"far fa-comments\"><\/i>0 comments<\/span><\/div>            <\/div> \r\n            <h3 class=\"post-standard__title\"><a href=\"https:\/\/bosporus24.de\/en\/handelsregistereintrag-wann-ist-er-notwendig\/\" rel=\"bookmark\">Commercial register entry - when is it necessary?<\/a><\/h3>\r\n                           <div class=\"post-standard__desc\">\r\n                  If you set up a company in Germany and employ staff, sooner or later you will have to               <\/div>   \r\n                        <div class=\"post-standard__read-more\">\r\n               <a class=\"btn-border\" href=\"https:\/\/bosporus24.de\/en\/handelsregistereintrag-wann-ist-er-notwendig\/\">Read more<\/a>\r\n            <\/div>\r\n         <\/div>\r\n\r\n      <\/div>\r\n   <\/article>   \r\n\r\n  <\/div><div class=\"item-post\">\r\n   <article id=\"post-12480\" class=\"post post-standard__single post-12480 type-post status-publish format-standard hentry category-buerokratie-und-behoerdenwege-fuer-unternehmen category-unterschied-gewerbeamt-vs-finanzamt-wer-macht-was\">\r\n      \r\n         \r\n\r\n      <div class=\"post-standard__content has-no-thumbnail\">\r\n         <div class=\"post-standard__content-inner\">\r\n            <div class=\"post-standard__meta\">\r\n               <div class=\"clearfix meta-inline post-meta-2\"><span class=\"entry-date\"><i class=\"far fa-calendar-alt\"><\/i>March 29, 2025<\/span><span class=\"author-seperate\">\/<\/span><span class=\"post-comment\"><i class=\"far fa-comments\"><\/i>0 comments<\/span><\/div>            <\/div> \r\n            <h3 class=\"post-standard__title\"><a href=\"https:\/\/bosporus24.de\/en\/unterschied-gewerbeamt-vs-finanzamt-wer-macht-was\/\" rel=\"bookmark\">Difference: Trade office vs. tax office - who does what?<\/a><\/h3>\r\n                           <div class=\"post-standard__desc\">\r\n                  If you want to be self-employed in Germany, you will often hear from the trade office and the tax office. Both               <\/div>   \r\n                        <div class=\"post-standard__read-more\">\r\n               <a class=\"btn-border\" href=\"https:\/\/bosporus24.de\/en\/unterschied-gewerbeamt-vs-finanzamt-wer-macht-was\/\">Read more<\/a>\r\n            <\/div>\r\n         <\/div>\r\n\r\n      <\/div>\r\n   <\/article>   \r\n\r\n  <\/div><div class=\"item-post\">\r\n   <article id=\"post-12475\" class=\"post post-standard__single post-12475 type-post status-publish format-standard hentry category-buerokratie-und-behoerdenwege-fuer-unternehmen category-gewerbeanmeldung-schritt-fuer-schritt-erklaert-fuer-menschen-aus-dem-ausland\">\r\n      \r\n         \r\n\r\n      <div class=\"post-standard__content has-no-thumbnail\">\r\n         <div class=\"post-standard__content-inner\">\r\n            <div class=\"post-standard__meta\">\r\n               <div class=\"clearfix meta-inline post-meta-2\"><span class=\"entry-date\"><i class=\"far fa-calendar-alt\"><\/i>March 28, 2025<\/span><span class=\"author-seperate\">\/<\/span><span class=\"post-comment\"><i class=\"far fa-comments\"><\/i>0 comments<\/span><\/div>            <\/div> \r\n            <h3 class=\"post-standard__title\"><a href=\"https:\/\/bosporus24.de\/en\/gewerbeanmeldung-schritt-fuer-schritt-erklaert-fuer-menschen-aus-dem-ausland\/\" rel=\"bookmark\">Business registration - explained step by step (for people from abroad)<\/a><\/h3>\r\n                           <div class=\"post-standard__desc\">\r\n                  Are you new to Germany and want to start your own business? No problem! Show here               <\/div>   \r\n                        <div class=\"post-standard__read-more\">\r\n               <a class=\"btn-border\" href=\"https:\/\/bosporus24.de\/en\/gewerbeanmeldung-schritt-fuer-schritt-erklaert-fuer-menschen-aus-dem-ausland\/\">Read more<\/a>\r\n            <\/div>\r\n         <\/div>\r\n\r\n      <\/div>\r\n   <\/article>   \r\n\r\n  <\/div>\r\n\t\t\t\t\t<div class=\"pagination\">\r\n\t\t\t\t<div class=\"column one pager_wrapper\"><div class=\"pager\"><div class=\"paginations\"><a href=\"https:\/\/bosporus24.de\/en\/wp-json\/wp\/v2\/pages\/24\/\" class=\"page-item active\">1<\/a><a href=\"https:\/\/bosporus24.de\/en\/wp-json\/wp\/v2\/pages\/24\/page\/2\/\" class=\"page-item\">2<\/a><a href=\"https:\/\/bosporus24.de\/en\/wp-json\/wp\/v2\/pages\/24\/page\/3\/\" class=\"page-item\">3<\/a><a href=\"https:\/\/bosporus24.de\/en\/wp-json\/wp\/v2\/pages\/24\/page\/4\/\" class=\"page-item\">4<\/a><a class=\"next_page\" href=\"https:\/\/bosporus24.de\/en\/wp-json\/wp\/v2\/pages\/24\/page\/2\/\"><i class=\"fas fa-chevron-right\"><\/i><\/a><\/div><\/div><\/div>\n\t\t\t<\/div>\r\n\t\t\t<\/div>\r\n\r\n<\/div>\r\n\r\n<\/div>\t\t\t\t<\/div>\n\t\t\t\t<\/div>\n\t\t\t\t\t<\/div>\n\t\t<\/div>\n\t\t\t\t\t<\/div>\n\t\t<\/section>\n\t\t\t\t<\/div>","protected":false},"excerpt":{"rendered":"<p>B\u00fcrokratie und Beh\u00f6rdenwege f\u00fcr Unternehmen Blog &amp; Nachrichten Arbeitsrecht &#038; Mitarbeiter aus dem Ausland B\u00fcrokratie und Beh\u00f6rdenwege f\u00fcr Unternehmen E-Commerce Firmengr\u00fcndung &#038; Investition in Deutschland Zoll &#038; Importverfahren Send e-mail [&hellip;]<\/p>\n","protected":false},"author":1,"featured_media":0,"parent":52,"menu_order":0,"comment_status":"closed","ping_status":"closed","template":"","meta":{"footnotes":""},"class_list":["post-24","page","type-page","status-publish","hentry"],"_links":{"self":[{"href":"https:\/\/bosporus24.de\/en\/wp-json\/wp\/v2\/pages\/24","targetHints":{"allow":["GET"]}}],"collection":[{"href":"https:\/\/bosporus24.de\/en\/wp-json\/wp\/v2\/pages"}],"about":[{"href":"https:\/\/bosporus24.de\/en\/wp-json\/wp\/v2\/types\/page"}],"author":[{"embeddable":true,"href":"https:\/\/bosporus24.de\/en\/wp-json\/wp\/v2\/users\/1"}],"replies":[{"embeddable":true,"href":"https:\/\/bosporus24.de\/en\/wp-json\/wp\/v2\/comments?post=24"}],"version-history":[{"count":22,"href":"https:\/\/bosporus24.de\/en\/wp-json\/wp\/v2\/pages\/24\/revisions"}],"predecessor-version":[{"id":12331,"href":"https:\/\/bosporus24.de\/en\/wp-json\/wp\/v2\/pages\/24\/revisions\/12331"}],"up":[{"embeddable":true,"href":"https:\/\/bosporus24.de\/en\/wp-json\/wp\/v2\/pages\/52"}],"wp:attachment":[{"href":"https:\/\/bosporus24.de\/en\/wp-json\/wp\/v2\/media?parent=24"}],"curies":[{"name":"wp","href":"https:\/\/api.w.org\/{rel}","templated":true}]}}