{"id":22,"date":"2023-07-21T01:56:16","date_gmt":"2023-07-21T01:56:16","guid":{"rendered":"https:\/\/gaviaspreview.com\/wp\/lestin\/?page_id=22"},"modified":"2025-03-07T11:30:54","modified_gmt":"2025-03-07T11:30:54","slug":"about","status":"publish","type":"page","link":"https:\/\/bosporus24.de\/es\/about\/","title":{"rendered":"Acerca de"},"content":{"rendered":"<div data-elementor-type=\"wp-page\" data-elementor-id=\"22\" class=\"elementor elementor-22\">\n\t\t\t\t\t\t<section class=\"elementor-section elementor-top-section elementor-element elementor-element-4ba9b71 elementor-section-boxed elementor-section-height-default elementor-section-height-default\" data-id=\"4ba9b71\" data-element_type=\"section\" data-e-type=\"section\" data-settings=\"{&quot;background_background&quot;:&quot;classic&quot;}\">\n\t\t\t\t\t\t\t<div class=\"elementor-background-overlay\"><\/div>\n\t\t\t\t\t\t\t<div class=\"elementor-container elementor-column-gap-default\">\n\t\t\t\t\t<div class=\"elementor-column elementor-col-100 elementor-top-column elementor-element elementor-element-d6da0bf\" data-id=\"d6da0bf\" data-element_type=\"column\" data-e-type=\"column\">\n\t\t\t<div class=\"elementor-widget-wrap elementor-element-populated\">\n\t\t\t\t\t\t<div class=\"elementor-element elementor-element-bf5a604 elementor-widget elementor-widget-gva-heading-block\" data-id=\"bf5a604\" data-element_type=\"widget\" data-e-type=\"widget\" data-widget_type=\"gva-heading-block.default\">\n\t\t\t\t<div class=\"elementor-widget-container\">\n\t\t\t\t\t<div class=\"gva-element-gva-heading-block gva-element\">   <div class=\"align-center style-1 widget gsc-heading box-align-left auto-responsive\">\r\n      <div class=\"content-inner\">\r\n         \r\n                  \r\n           \r\n         \r\n                     <h2 class=\"title\">\r\n               <span>Qui\u00e9nes somos\n<\/span>\r\n            <\/h2>\r\n                  \r\n                     <div class=\"title-desc\">Inicio - Qui\u00e9nes somos<\/div>\r\n         \r\n         \r\n      <\/div>\r\n   <\/div>\r\n<\/div>\t\t\t\t<\/div>\n\t\t\t\t<\/div>\n\t\t\t\t\t<\/div>\n\t\t<\/div>\n\t\t\t\t\t<\/div>\n\t\t<\/section>\n\t\t\t\t<section class=\"elementor-section elementor-top-section elementor-element elementor-element-16f69c0 elementor-section-boxed elementor-section-height-default elementor-section-height-default\" data-id=\"16f69c0\" data-element_type=\"section\" data-e-type=\"section\">\n\t\t\t\t\t\t<div class=\"elementor-container elementor-column-gap-default\">\n\t\t\t\t\t<div class=\"elementor-column elementor-col-50 elementor-top-column elementor-element elementor-element-3ea2eae\" data-id=\"3ea2eae\" data-element_type=\"column\" data-e-type=\"column\">\n\t\t\t<div class=\"elementor-widget-wrap elementor-element-populated\">\n\t\t\t\t\t\t<section class=\"elementor-section elementor-inner-section elementor-element elementor-element-1b33d9c elementor-section-boxed elementor-section-height-default elementor-section-height-default\" data-id=\"1b33d9c\" data-element_type=\"section\" data-e-type=\"section\">\n\t\t\t\t\t\t<div class=\"elementor-container elementor-column-gap-default\">\n\t\t\t\t\t<div class=\"elementor-column elementor-col-50 elementor-inner-column elementor-element elementor-element-0c9d8ed\" data-id=\"0c9d8ed\" data-element_type=\"column\" data-e-type=\"column\">\n\t\t\t<div class=\"elementor-widget-wrap elementor-element-populated\">\n\t\t\t\t\t\t<div class=\"elementor-element elementor-element-f514d12 elementor-widget elementor-widget-image\" data-id=\"f514d12\" data-element_type=\"widget\" data-e-type=\"widget\" data-widget_type=\"image.default\">\n\t\t\t\t<div class=\"elementor-widget-container\">\n\t\t\t\t\t\t\t\t\t\t\t\t\t\t\t<img decoding=\"async\" src=\"http:\/\/bosporus24.de\/wp-content\/uploads\/2025\/03\/pexels-pixelcop-3309498-scaled.jpg\" title=\"\" alt=\"\" loading=\"lazy\" \/>\t\t\t\t\t\t\t\t\t\t\t\t\t\t\t<\/div>\n\t\t\t\t<\/div>\n\t\t\t\t\t<\/div>\n\t\t<\/div>\n\t\t\t\t<div class=\"elementor-column elementor-col-50 elementor-inner-column elementor-element elementor-element-87bb805\" data-id=\"87bb805\" data-element_type=\"column\" data-e-type=\"column\">\n\t\t\t<div class=\"elementor-widget-wrap elementor-element-populated\">\n\t\t\t\t\t\t<div class=\"elementor-element elementor-element-7c4fc07 elementor-widget elementor-widget-image\" data-id=\"7c4fc07\" data-element_type=\"widget\" data-e-type=\"widget\" data-widget_type=\"image.default\">\n\t\t\t\t<div class=\"elementor-widget-container\">\n\t\t\t\t\t\t\t\t\t\t\t\t\t\t\t<img decoding=\"async\" src=\"http:\/\/bosporus24.de\/wp-content\/uploads\/2023\/11\/online-selling-e-commerce-2024-12-03-03-59-18-utc-scaled.jpg\" title=\"\" alt=\"\" loading=\"lazy\" \/>\t\t\t\t\t\t\t\t\t\t\t\t\t\t\t<\/div>\n\t\t\t\t<\/div>\n\t\t\t\t<div class=\"elementor-element elementor-element-fc0d3b6 elementor-widget elementor-widget-image\" data-id=\"fc0d3b6\" data-element_type=\"widget\" data-e-type=\"widget\" data-widget_type=\"image.default\">\n\t\t\t\t<div class=\"elementor-widget-container\">\n\t\t\t\t\t\t\t\t\t\t\t\t\t\t\t<img decoding=\"async\" src=\"http:\/\/bosporus24.de\/wp-content\/uploads\/2023\/11\/close-up-of-small-carton-boxes-on-table-isolated-o-2024-11-19-15-22-00-utc-scaled.jpg\" title=\"\" alt=\"\" loading=\"lazy\" \/>\t\t\t\t\t\t\t\t\t\t\t\t\t\t\t<\/div>\n\t\t\t\t<\/div>\n\t\t\t\t<div class=\"elementor-element elementor-element-9d686ad elementor-widget elementor-widget-image\" data-id=\"9d686ad\" data-element_type=\"widget\" data-e-type=\"widget\" data-widget_type=\"image.default\">\n\t\t\t\t<div class=\"elementor-widget-container\">\n\t\t\t\t\t\t\t\t\t\t\t\t\t\t\t<img fetchpriority=\"high\" decoding=\"async\" width=\"1600\" height=\"720\" src=\"https:\/\/bosporus24.de\/wp-content\/uploads\/2025\/01\/Slider002-1.jpg\" class=\"attachment-full size-full wp-image-11802\" alt=\"\" srcset=\"https:\/\/bosporus24.de\/wp-content\/uploads\/2025\/01\/Slider002-1.jpg 1600w, https:\/\/bosporus24.de\/wp-content\/uploads\/2025\/01\/Slider002-1-1024x461.jpg 1024w, https:\/\/bosporus24.de\/wp-content\/uploads\/2025\/01\/Slider002-1-768x346.jpg 768w, https:\/\/bosporus24.de\/wp-content\/uploads\/2025\/01\/Slider002-1-600x270.jpg 600w\" sizes=\"(max-width: 1600px) 100vw, 1600px\" \/>\t\t\t\t\t\t\t\t\t\t\t\t\t\t\t<\/div>\n\t\t\t\t<\/div>\n\t\t\t\t\t<\/div>\n\t\t<\/div>\n\t\t\t\t\t<\/div>\n\t\t<\/section>\n\t\t\t\t\t<\/div>\n\t\t<\/div>\n\t\t\t\t<div class=\"elementor-column elementor-col-50 elementor-top-column elementor-element elementor-element-e8a334f\" data-id=\"e8a334f\" data-element_type=\"column\" data-e-type=\"column\">\n\t\t\t<div class=\"elementor-widget-wrap elementor-element-populated\">\n\t\t\t\t\t\t<div class=\"elementor-element elementor-element-081132d elementor-widget elementor-widget-gva-heading-block\" data-id=\"081132d\" data-element_type=\"widget\" data-e-type=\"widget\" data-widget_type=\"gva-heading-block.default\">\n\t\t\t\t<div class=\"elementor-widget-container\">\n\t\t\t\t\t<div class=\"gva-element-gva-heading-block gva-element\">   <div class=\"align-left style-1 widget gsc-heading box-align-left auto-responsive\">\r\n      <div class=\"content-inner\">\r\n         \r\n                  \r\n         <div class=\"sub-title\"><span class=\"tagline\">Con\u00f3zcanos<\/span><\/div>  \r\n         \r\n                     <h2 class=\"title\">\r\n               <span>BOSPORUS24<\/span>\r\n            <\/h2>\r\n                  \r\n                     <div class=\"title-desc\"><h3>Su puerta digital hacia el crecimiento y el \u00e9xito<\/h3>\nBosporus24 es la plataforma l\u00edder para empresas que buscan crecer, expandirse y desarrollar nuevas oportunidades de negocio en Alemania, Turqu\u00eda y m\u00e1s all\u00e1.<br><br>\nEn un mundo globalizado, ya no basta con ser visible localmente. Las empresas de \u00e9xito necesitan redes estrat\u00e9gicas, una presencia espec\u00edfica en el mercado y una plataforma que maximice su alcance. Aqu\u00ed es exactamente donde entra Bosporus24: Ponemos en contacto a las empresas con posibles socios comerciales, clientes e inversores y les ayudamos a ampliar su presencia en el mercado de forma rentable.\n<\/div>\r\n         \r\n         \r\n      <\/div>\r\n   <\/div>\r\n<\/div>\t\t\t\t<\/div>\n\t\t\t\t<\/div>\n\t\t\t\t\t<\/div>\n\t\t<\/div>\n\t\t\t\t\t<\/div>\n\t\t<\/section>\n\t\t\t\t<section class=\"elementor-section elementor-top-section elementor-element elementor-element-3452563 elementor-section-boxed elementor-section-height-default elementor-section-height-default\" data-id=\"3452563\" data-element_type=\"section\" data-e-type=\"section\">\n\t\t\t\t\t\t<div class=\"elementor-container elementor-column-gap-default\">\n\t\t\t\t\t<div class=\"elementor-column elementor-col-100 elementor-top-column elementor-element elementor-element-bf445d7\" data-id=\"bf445d7\" data-element_type=\"column\" data-e-type=\"column\">\n\t\t\t<div class=\"elementor-widget-wrap elementor-element-populated\">\n\t\t\t\t\t\t<div class=\"elementor-element elementor-element-15dc8fe elementor-widget elementor-widget-text-editor\" data-id=\"15dc8fe\" data-element_type=\"widget\" data-e-type=\"widget\" data-widget_type=\"text-editor.default\">\n\t\t\t\t<div class=\"elementor-widget-container\">\n\t\t\t\t\t\t\t\t\t<h4>\u00bfPor qu\u00e9 Bosporus24? Sus ventajas de un vistazo:<\/h4><p>Captaci\u00f3n de nuevos clientes y expansi\u00f3n del mercado<br \/>Con una entrada en Bosporus24, puede llegar a empresas y responsables de la toma de decisiones que buscan activamente sus productos o servicios. Gracias a filtros inteligentes y funciones de b\u00fasqueda optimizadas, sus ofertas llegar\u00e1n exactamente a los grupos destinatarios adecuados.<\/p><ul><li><strong>M\u00e1xima visibilidad en l\u00ednea y dominio digital<\/strong><\/li><\/ul><p>El perfil de su empresa est\u00e1 optimizado para SEO y estrat\u00e9gicamente posicionado para que aparezca de forma destacada no s\u00f3lo en nuestra plataforma, sino tambi\u00e9n en motores de b\u00fasqueda como Google. Tu alcance crece autom\u00e1ticamente, sin que tengas que buscar activamente nuevos clientes.<\/p><ul><li><strong>Contactos comerciales de alta calidad y red premium<\/strong><\/li><\/ul><p>Utilice Bosporus24 como su red B2B exclusiva. P\u00f3ngase en contacto con posibles socios comerciales, proveedores y clientes, tanto en Alemania como en mercados internacionales como Turqu\u00eda, Oriente Medio y m\u00e1s all\u00e1.<\/p><ul><li><strong>Estrategias publicitarias orientadas al \u00e9xito para aumentar las ventas<\/strong><\/li><\/ul><p>Adem\u00e1s de su entrada en el directorio, se beneficiar\u00e1 de opciones publicitarias personalizadas que se adaptan espec\u00edficamente a su sector y grupo destinatario. Desde banners publicitarios hasta promociones exclusivas y contenidos patrocinados: nos aseguramos de que su empresa sea reconocida en el entorno adecuado.<\/p><ul><li><strong>Crecimiento sin riesgo: precios transparentes y alta rentabilidad<\/strong><\/li><\/ul><p>Bosporus24 le ofrece modelos de afiliaci\u00f3n flexibles: desde entradas gratuitas hasta paquetes premium con el m\u00e1ximo alcance. Nuestras ofertas est\u00e1n estructuradas de tal forma que conseguir\u00e1 un notable aumento de las ventas al poco tiempo.<\/p><p><strong>Nuestros servicios: la clave del \u00e9xito<\/strong><\/p><ul><li><strong>Presentaci\u00f3n profesional de la empresa<\/strong><\/li><\/ul><p>El perfil de su empresa est\u00e1 equipado con un logotipo, im\u00e1genes, v\u00eddeos y una descripci\u00f3n detallada para dar a los clientes y socios comerciales una primera impresi\u00f3n convincente.<\/p><ul><li><strong>Publicidad dirigida y generaci\u00f3n de contactos<\/strong><\/li><\/ul><p>Con nuestras soluciones de publicidad premium, nos aseguramos de que su empresa aparezca destacada en los directorios de empresas relevantes. Adem\u00e1s, ofrecemos campa\u00f1as exclusivas de captaci\u00f3n de clientes potenciales que le proporcionan directamente clientes listos para comprar.<\/p><ul><li><strong>\u00a0An\u00e1lisis de mercado y tendencias<\/strong><\/li><\/ul><p>Reciba valiosa informaci\u00f3n de mercado, an\u00e1lisis y tendencias de su sector para tomar decisiones estrat\u00e9gicas bien fundamentadas.<\/p><ul><li><strong>Encuentros empresariales y eventos de networking<\/strong><\/li><\/ul><p>Organizamos actos exclusivos, seminarios web y eventos de networking en los que podr\u00e1 entrar en contacto personal con posibles socios e inversores.<\/p><ul><li><strong>\u00a0Expansi\u00f3n internacional m\u00e1s f\u00e1cil<\/strong><\/li><\/ul><p>Ya sea en Alemania, Turqu\u00eda o en todo el mundo, nuestra plataforma le da acceso a nuevos mercados, programas de financiaci\u00f3n y ayudas p\u00fablicas que pueden acelerar su crecimiento.<\/p><h4>\u00bfQui\u00e9n puede beneficiarse de Bosporus24?<\/h4><ul><li>Empresas de nueva creaci\u00f3n y fundadores que quieren construir una s\u00f3lida presencia en el mercado<\/li><li>Empresas medianas que desean aumentar su alcance<\/li><li>Grandes empresas y grupos que se expanden a nuevos mercados<\/li><li>Empresas de importaci\u00f3n y exportaci\u00f3n en busca de socios y cadenas de suministro s\u00f3lidas<\/li><li>Industria y producci\u00f3n que desean presentar sus servicios y productos<\/li><li>Consultores, proveedores de servicios y agencias que quieren captar nuevos clientes<\/li><\/ul><p><strong>Su \u00e9xito empieza aqu\u00ed: \u00a1inscr\u00edbase ya!<\/strong><\/p><p>Utilice el alcance \u00fanico y la potente red B2B de Bosporus24 para posicionar su empresa de forma rentable. Empiece hoy mismo y asegure su presencia en nuestro exclusivo directorio de empresas.<\/p><p>Reg\u00edstrese ahora y h\u00e1gase visible<\/p>\t\t\t\t\t\t\t\t<\/div>\n\t\t\t\t<\/div>\n\t\t\t\t\t<\/div>\n\t\t<\/div>\n\t\t\t\t\t<\/div>\n\t\t<\/section>\n\t\t\t\t<section class=\"elementor-section elementor-top-section elementor-element elementor-element-07aac48 elementor-section-boxed elementor-section-height-default elementor-section-height-default\" data-id=\"07aac48\" data-element_type=\"section\" data-e-type=\"section\">\n\t\t\t\t\t\t<div class=\"elementor-container elementor-column-gap-default\">\n\t\t\t\t\t<div class=\"elementor-column elementor-col-100 elementor-top-column elementor-element elementor-element-99285d3\" data-id=\"99285d3\" data-element_type=\"column\" data-e-type=\"column\">\n\t\t\t<div class=\"elementor-widget-wrap elementor-element-populated\">\n\t\t\t\t\t\t<div class=\"elementor-element elementor-element-f0dd93e elementor-widget elementor-widget-gva-brand\" data-id=\"f0dd93e\" data-element_type=\"widget\" data-e-type=\"widget\" data-widget_type=\"gva-brand.default\">\n\t\t\t\t<div class=\"elementor-widget-container\">\n\t\t\t\t\t<div class=\"gva-element-gva-brand gva-element\">\r\n<div class=\"gva-brand-carousel swiper-slider-wrapper style-1\">\r\n   <div class=\"swiper-content-inner\">\r\n      <div class=\"init-carousel-swiper swiper\" data-carousel=\"{&quot;items&quot;:5,&quot;items_lg&quot;:5,&quot;items_md&quot;:4,&quot;items_sm&quot;:3,&quot;items_xs&quot;:2,&quot;items_xx&quot;:2,&quot;effect&quot;:&quot;slide&quot;,&quot;space_between&quot;:30,&quot;loop&quot;:1,&quot;speed&quot;:600,&quot;autoplay&quot;:1,&quot;autoplay_delay&quot;:4500,&quot;autoplay_hover&quot;:1,&quot;navigation&quot;:1,&quot;pagination&quot;:0,&quot;dynamic_bullets&quot;:0,&quot;pagination_type&quot;:&quot;bullets&quot;}\">\r\n         <div class=\"swiper-wrapper\">\r\n            <div class=\"swiper-slide item brand-item\"><div class=\"brand-item-content\"><div class=\"brand-item-image\"><img decoding=\"async\" src=\"http:\/\/bosporus24.de\/wp-content\/uploads\/2024\/12\/wes_Logo_hp.png\" alt=\"\" class=\"brand-img\"\/><\/div><\/div><\/div><div class=\"swiper-slide item brand-item\"><div class=\"brand-item-content\"><div class=\"brand-item-image\"><img decoding=\"async\" src=\"http:\/\/bosporus24.de\/wp-content\/uploads\/2024\/12\/BAB_Logo_HP.png\" alt=\"\" class=\"brand-img\"\/><\/div><\/div><\/div><div class=\"swiper-slide item brand-item\"><div class=\"brand-item-content\"><div class=\"brand-item-image\"><img decoding=\"async\" src=\"http:\/\/bosporus24.de\/wp-content\/uploads\/2024\/12\/pbs_Logo_HP.png\" alt=\"\" class=\"brand-img\"\/><\/div><\/div><\/div><div class=\"swiper-slide item brand-item\"><div class=\"brand-item-content\"><div class=\"brand-item-image\"><img decoding=\"async\" src=\"http:\/\/bosporus24.de\/wp-content\/uploads\/2024\/12\/timeline_logo_hp.png\" alt=\"\" class=\"brand-img\"\/><\/div><\/div><\/div><div class=\"swiper-slide item brand-item\"><div class=\"brand-item-content\"><div class=\"brand-item-image\"><img decoding=\"async\" src=\"http:\/\/bosporus24.de\/wp-content\/uploads\/2024\/12\/sorglosbauen_Logo_hp.png\" alt=\"\" class=\"brand-img\"\/><\/div><\/div><\/div>         <\/div>\r\n      <\/div>   \r\n   <\/div>\r\n   <div class=\"swiper-pagination\"><\/div>   <div class=\"swiper-nav-next\"><\/div><div class=\"swiper-nav-prev\"><\/div> \r\n<\/div>\r\n<\/div>\t\t\t\t<\/div>\n\t\t\t\t<\/div>\n\t\t\t\t\t<\/div>\n\t\t<\/div>\n\t\t\t\t\t<\/div>\n\t\t<\/section>\n\t\t\t\t<\/div>","protected":false},"excerpt":{"rendered":"<p>\u00dcber uns Home &#8211; \u00dcber Uns Lernen Sie uns kennen BOSPORUS24 Ihr digitales Tor zu Wachstum und Erfolg Bosporus24 ist die f\u00fchrende Plattform f\u00fcr Unternehmen, die wachsen, expandieren und neue [&hellip;]<\/p>\n","protected":false},"author":1,"featured_media":0,"parent":0,"menu_order":0,"comment_status":"closed","ping_status":"closed","template":"","meta":{"footnotes":""},"class_list":["post-22","page","type-page","status-publish","hentry"],"_links":{"self":[{"href":"https:\/\/bosporus24.de\/es\/wp-json\/wp\/v2\/pages\/22","targetHints":{"allow":["GET"]}}],"collection":[{"href":"https:\/\/bosporus24.de\/es\/wp-json\/wp\/v2\/pages"}],"about":[{"href":"https:\/\/bosporus24.de\/es\/wp-json\/wp\/v2\/types\/page"}],"author":[{"embeddable":true,"href":"https:\/\/bosporus24.de\/es\/wp-json\/wp\/v2\/users\/1"}],"replies":[{"embeddable":true,"href":"https:\/\/bosporus24.de\/es\/wp-json\/wp\/v2\/comments?post=22"}],"version-history":[{"count":24,"href":"https:\/\/bosporus24.de\/es\/wp-json\/wp\/v2\/pages\/22\/revisions"}],"predecessor-version":[{"id":12231,"href":"https:\/\/bosporus24.de\/es\/wp-json\/wp\/v2\/pages\/22\/revisions\/12231"}],"wp:attachment":[{"href":"https:\/\/bosporus24.de\/es\/wp-json\/wp\/v2\/media?parent=22"}],"curies":[{"name":"wp","href":"https:\/\/api.w.org\/{rel}","templated":true}]}}