{"id":64,"date":"2023-07-21T02:02:53","date_gmt":"2023-07-21T02:02:53","guid":{"rendered":"https:\/\/gaviaspreview.com\/wp\/lestin\/?page_id=64"},"modified":"2025-03-24T08:48:47","modified_gmt":"2025-03-24T08:48:47","slug":"post-a-listing","status":"publish","type":"page","link":"https:\/\/bosporus24.de\/es\/post-a-listing\/","title":{"rendered":"Publicar un anuncio"},"content":{"rendered":"<form method=\"post\" class=\"select-lt-submit-package\" action=\"\">\r\n                     <div class=\"job_listing_packages_title\">\r\n               <input type=\"hidden\" name=\"job_id\" value=\"0\" \/>\r\n               <input type=\"hidden\" name=\"step\" value=\"0\" \/>\r\n               <input type=\"hidden\" name=\"job_manager_form\" value=\"submit-job\" \/>\r\n               <h2>Elija un paquete<\/h2>\r\n            <\/div>\r\n            <div class=\"job_listing_types\">\r\n               <div id=\"job-manager-job-dashboard\" style=\"padding:0;margin: 0 0 35px;\">\r\n                  <div class=\"alert alert-warning\">No tiene ning\u00fan Pack Disponible, Puede Comprar Pack Listado<\/div>               <\/div>   \r\n\r\n                                 <div class=\"widget widget-packages\">\r\n                     <div class=\"row\">\r\n                                                   <div class=\"col-xl-4 col-md-6 col-sm-6 col-xs-12\">\r\n                              <div class=\"package-block\">\r\n                                 <div class=\"product-block-inner clearfix\">\r\n                                    <div class=\"package-top\">\r\n                                       <h3 class=\"title\">Paquete est\u00e1ndar (1.990 euros\/a\u00f1o)<\/h3>\r\n                                       <div class=\"package-price\">\r\n                                          <span class=\"price\"><span class=\"woocommerce-Price-amount amount\"><bdi>1.990,00&nbsp;<span class=\"woocommerce-Price-currencySymbol\">\u20ac<\/span><\/bdi><\/span><\/span>                                       <\/div>\r\n                                       <div class=\"desc\">\r\n                                          Presentaci\u00f3n profesional                                       <\/div>   \r\n                                    <\/div>\r\n\r\n                                    <div class=\"package-content\">\r\n                                       <div class=\"content-inner\">\r\n                                          \u2705 5 productos\/servicios con im\u00e1genes y descripciones\r\n\u2705 Descripci\u00f3n ampliada de la empresa (hasta 1.000 caracteres)\r\nOptimizaci\u00f3n SEO para una mejor localizaci\u00f3n en Google\r\n\u2705 Estad\u00edsticas sobre las visitas al perfil y las consultas\r\n\u2705 Posibilidad de integrar un v\u00eddeo de empresa (YouTube\/Vimeo)\r\n\u2705 Valoraciones y rese\u00f1as de los clientes\r\n\u2705 Enlace directo a la p\u00e1gina web de la empresa\r\n\u274c Sin publicidad en el blog ni en el bolet\u00edn de noticias\r\n\u274c Sin ubicaci\u00f3n privilegiada   \r\n                                          <div class=\"add-to-cart\">\r\n                                             <button class=\"btn-theme\" type=\"submit\" name=\"wc_lt_job_package\" value=\"246\" id=\"package-246\">\r\n                                                Comenzar                                             <\/button>\r\n                                          <\/div> \r\n                                       <\/div>   \r\n                                    <\/div>\r\n                                 <\/div>\r\n                              <\/div>\r\n\r\n                           <\/div>\r\n                                                   <div class=\"col-xl-4 col-md-6 col-sm-6 col-xs-12\">\r\n                              <div class=\"package-block\">\r\n                                 <div class=\"product-block-inner clearfix\">\r\n                                    <div class=\"package-top\">\r\n                                       <h3 class=\"title\">Paquete Premium (4.990 euros\/a\u00f1o)<\/h3>\r\n                                       <div class=\"package-price\">\r\n                                          <span class=\"price\"><span class=\"woocommerce-Price-amount amount\"><bdi>4.990,00&nbsp;<span class=\"woocommerce-Price-currencySymbol\">\u20ac<\/span><\/bdi><\/span><\/span>                                       <\/div>\r\n                                       <div class=\"desc\">\r\n                                          M\u00e1s alcance y visibilidad                                       <\/div>   \r\n                                    <\/div>\r\n\r\n                                    <div class=\"package-content\">\r\n                                       <div class=\"content-inner\">\r\n                                          \u2705 15 productos\/servicios con im\u00e1genes y descripciones.\r\n\u2705 Optimizaci\u00f3n SEO avanzada para un mejor posicionamiento en Google\r\n\u2705 1 menci\u00f3n al a\u00f1o en el bolet\u00edn de noticias\r\n\u2705 1 vez al a\u00f1o breve art\u00edculo o menci\u00f3n en el blog (por ejemplo, \"Empresa del mes\")\r\n\u2705 Ubicaci\u00f3n preferente en los resultados de b\u00fasqueda\r\n\u2705 Sistema de valoraci\u00f3n ampliado con comentarios de los clientes\r\n\u2705 Estad\u00edsticas detalladas y herramientas de an\u00e1lisis   \r\n                                          <div class=\"add-to-cart\">\r\n                                             <button class=\"btn-theme\" type=\"submit\" name=\"wc_lt_job_package\" value=\"247\" id=\"package-247\">\r\n                                                Comenzar                                             <\/button>\r\n                                          <\/div> \r\n                                       <\/div>   \r\n                                    <\/div>\r\n                                 <\/div>\r\n                              <\/div>\r\n\r\n                           <\/div>\r\n                                                   <div class=\"col-xl-4 col-md-6 col-sm-6 col-xs-12\">\r\n                              <div class=\"package-block\">\r\n                                 <div class=\"product-block-inner clearfix\">\r\n                                    <div class=\"package-top\">\r\n                                       <h3 class=\"title\">Paquete exclusivo (9.990 euros\/a\u00f1o)<\/h3>\r\n                                       <div class=\"package-price\">\r\n                                          <span class=\"price\"><span class=\"woocommerce-Price-amount amount\"><bdi>9.990,00&nbsp;<span class=\"woocommerce-Price-currencySymbol\">\u20ac<\/span><\/bdi><\/span><\/span>                                       <\/div>\r\n                                       <div class=\"desc\">\r\n                                          M\u00e1s alcance y visibilidad                                       <\/div>   \r\n                                    <\/div>\r\n\r\n                                    <div class=\"package-content\">\r\n                                       <div class=\"content-inner\">\r\n                                          \u2705 N\u00famero ilimitado de productos\/servicios\r\n\u2705 Primera posici\u00f3n en los resultados de b\u00fasqueda (visibilidad de primera clase)\r\n\u2705 Oportunidades exclusivas de publicidad:\r\n2x al a\u00f1o art\u00edculo promocional o entrevista en el blog\r\n2 veces al a\u00f1o en el bolet\u00edn de noticias\r\nBanner publicitario de 1 mes en la p\u00e1gina de inicio\r\n\u2705 Promoci\u00f3n en las redes sociales (2 veces al a\u00f1o LinkedIn, Facebook, Instagram)\r\n\u2705 Participaci\u00f3n en eventos o seminarios web de la empresa\r\n\u2705 Asesoramiento individual sobre la optimizaci\u00f3n del perfil de la empresa   \r\n                                          <div class=\"add-to-cart\">\r\n                                             <button class=\"btn-theme\" type=\"submit\" name=\"wc_lt_job_package\" value=\"12471\" id=\"package-12471\">\r\n                                                Comenzar                                             <\/button>\r\n                                          <\/div> \r\n                                       <\/div>   \r\n                                    <\/div>\r\n                                 <\/div>\r\n                              <\/div>\r\n\r\n                           <\/div>\r\n                                             <\/div>\r\n                  <\/div>\r\n               \r\n\r\n            <\/div>\r\n               <input type=\"hidden\" name=\"trp-form-language\" value=\"es\"\/><\/form>","protected":false},"excerpt":{"rendered":"","protected":false},"author":1,"featured_media":0,"parent":0,"menu_order":0,"comment_status":"closed","ping_status":"closed","template":"","meta":{"footnotes":""},"class_list":["post-64","page","type-page","status-publish","hentry"],"_links":{"self":[{"href":"https:\/\/bosporus24.de\/es\/wp-json\/wp\/v2\/pages\/64","targetHints":{"allow":["GET"]}}],"collection":[{"href":"https:\/\/bosporus24.de\/es\/wp-json\/wp\/v2\/pages"}],"about":[{"href":"https:\/\/bosporus24.de\/es\/wp-json\/wp\/v2\/types\/page"}],"author":[{"embeddable":true,"href":"https:\/\/bosporus24.de\/es\/wp-json\/wp\/v2\/users\/1"}],"replies":[{"embeddable":true,"href":"https:\/\/bosporus24.de\/es\/wp-json\/wp\/v2\/comments?post=64"}],"version-history":[{"count":1,"href":"https:\/\/bosporus24.de\/es\/wp-json\/wp\/v2\/pages\/64\/revisions"}],"predecessor-version":[{"id":12470,"href":"https:\/\/bosporus24.de\/es\/wp-json\/wp\/v2\/pages\/64\/revisions\/12470"}],"wp:attachment":[{"href":"https:\/\/bosporus24.de\/es\/wp-json\/wp\/v2\/media?parent=64"}],"curies":[{"name":"wp","href":"https:\/\/api.w.org\/{rel}","templated":true}]}}