{"id":66,"date":"2023-07-21T02:03:15","date_gmt":"2023-07-21T02:03:15","guid":{"rendered":"https:\/\/gaviaspreview.com\/wp\/lestin\/?page_id=66"},"modified":"2025-06-23T13:23:00","modified_gmt":"2025-06-23T13:23:00","slug":"pricing","status":"publish","type":"page","link":"https:\/\/bosporus24.de\/es\/pricing\/","title":{"rendered":"Precios"},"content":{"rendered":"<div data-elementor-type=\"wp-page\" data-elementor-id=\"66\" class=\"elementor elementor-66\">\n\t\t\t\t\t\t<section class=\"elementor-section elementor-top-section elementor-element elementor-element-5f57e24 elementor-section-boxed elementor-section-height-default elementor-section-height-default\" data-id=\"5f57e24\" data-element_type=\"section\" data-e-type=\"section\" data-settings=\"{&quot;background_background&quot;:&quot;classic&quot;}\">\n\t\t\t\t\t\t\t<div class=\"elementor-background-overlay\"><\/div>\n\t\t\t\t\t\t\t<div class=\"elementor-container elementor-column-gap-default\">\n\t\t\t\t\t<div class=\"elementor-column elementor-col-100 elementor-top-column elementor-element elementor-element-49e7bca\" data-id=\"49e7bca\" data-element_type=\"column\" data-e-type=\"column\">\n\t\t\t<div class=\"elementor-widget-wrap elementor-element-populated\">\n\t\t\t\t\t\t<div class=\"elementor-element elementor-element-7b6decd elementor-widget elementor-widget-gva-heading-block\" data-id=\"7b6decd\" data-element_type=\"widget\" data-e-type=\"widget\" data-widget_type=\"gva-heading-block.default\">\n\t\t\t\t<div class=\"elementor-widget-container\">\n\t\t\t\t\t<div class=\"gva-element-gva-heading-block gva-element\">   <div class=\"align-center style-1 widget gsc-heading box-align-left auto-responsive\">\r\n      <div class=\"content-inner\">\r\n         \r\n                  \r\n           \r\n         \r\n                     <h2 class=\"title\">\r\n               <span>Precios<\/span>\r\n            <\/h2>\r\n                  \r\n                     <div class=\"title-desc\">Inicio &gt; Precios<\/div>\r\n         \r\n         \r\n      <\/div>\r\n   <\/div>\r\n<\/div>\t\t\t\t<\/div>\n\t\t\t\t<\/div>\n\t\t\t\t\t<\/div>\n\t\t<\/div>\n\t\t\t\t\t<\/div>\n\t\t<\/section>\n\t\t\t\t<section class=\"elementor-section elementor-top-section elementor-element elementor-element-3732fd2 elementor-section-boxed elementor-section-height-default elementor-section-height-default\" data-id=\"3732fd2\" data-element_type=\"section\" data-e-type=\"section\">\n\t\t\t\t\t\t<div class=\"elementor-container elementor-column-gap-default\">\n\t\t\t\t\t<div class=\"elementor-column elementor-col-50 elementor-top-column elementor-element elementor-element-9da0427\" data-id=\"9da0427\" data-element_type=\"column\" data-e-type=\"column\">\n\t\t\t<div class=\"elementor-widget-wrap elementor-element-populated\">\n\t\t\t\t\t\t<div class=\"elementor-element elementor-element-3e2a55e elementor-widget elementor-widget-gva-heading-block\" data-id=\"3e2a55e\" data-element_type=\"widget\" data-e-type=\"widget\" data-widget_type=\"gva-heading-block.default\">\n\t\t\t\t<div class=\"elementor-widget-container\">\n\t\t\t\t\t<div class=\"gva-element-gva-heading-block gva-element\">   <div class=\"align-left style-1 widget gsc-heading box-align-left auto-responsive\">\r\n      <div class=\"content-inner\">\r\n         \r\n                  \r\n         <div class=\"sub-title\"><span class=\"tagline\">Precio asequible<\/span><\/div>  \r\n         \r\n                     <h2 class=\"title\">\r\n               <span>Elija nuestro paquete<\/span>\r\n            <\/h2>\r\n                  \r\n         \r\n         \r\n      <\/div>\r\n   <\/div>\r\n<\/div>\t\t\t\t<\/div>\n\t\t\t\t<\/div>\n\t\t\t\t\t<\/div>\n\t\t<\/div>\n\t\t\t\t<div class=\"elementor-column elementor-col-50 elementor-top-column elementor-element elementor-element-a69d778 elementor-hidden-mobile\" data-id=\"a69d778\" data-element_type=\"column\" data-e-type=\"column\">\n\t\t\t<div class=\"elementor-widget-wrap\">\n\t\t\t\t\t\t\t<\/div>\n\t\t<\/div>\n\t\t\t\t\t<\/div>\n\t\t<\/section>\n\t\t\t\t<section class=\"elementor-section elementor-top-section elementor-element elementor-element-baab533 elementor-section-boxed elementor-section-height-default elementor-section-height-default\" data-id=\"baab533\" data-element_type=\"section\" data-e-type=\"section\">\n\t\t\t\t\t\t<div class=\"elementor-container elementor-column-gap-default\">\n\t\t\t\t\t<div class=\"elementor-column elementor-col-33 elementor-top-column elementor-element elementor-element-5b09956\" data-id=\"5b09956\" data-element_type=\"column\" data-e-type=\"column\">\n\t\t\t<div class=\"elementor-widget-wrap elementor-element-populated\">\n\t\t\t\t\t\t<div class=\"elementor-element elementor-element-21ad195 elementor-widget elementor-widget-gva-pricing-block\" data-id=\"21ad195\" data-element_type=\"widget\" data-e-type=\"widget\" data-widget_type=\"gva-pricing-block.default\">\n\t\t\t\t<div class=\"elementor-widget-container\">\n\t\t\t\t\t<div class=\"gva-element-gva-pricing-block gva-element\">   \r\n<div class=\"widget gsc-pricing style-1 active-no\">\r\n   <div class=\"content-inner\">\r\n\r\n      \r\n               <h3 class=\"title\">\r\n            <span>Paquete est\u00e1ndar<\/span>\r\n         <\/h3>\r\n      \r\n      <div class=\"plan-price\">\r\n         <div class=\"plan-price-inner clearfix\">\r\n            <span class=\"currency\">\u20ac<\/span>\r\n            <span class=\"price\">1.990<\/span>\r\n                           <span class=\"interval\">\/ a\u00f1o<\/span>\r\n               \r\n         <\/div>\r\n      <\/div>\r\n\r\n      <div class=\"desc\">Presentaci\u00f3n profesional<\/div>\r\n               <ul class=\"plan-list\">\r\n                           <li class=\"active\">\r\n                  <span class=\"text\">5 productos \/ servicios con fotos y descripciones<\/span>\r\n               <\/li>  \r\n                           <li class=\"active\">\r\n                  <span class=\"text\">Descripci\u00f3n ampliada de la empresa (hasta 1.000 caracteres)<\/span>\r\n               <\/li>  \r\n                           <li class=\"active\">\r\n                  <span class=\"text\">Estad\u00edsticas sobre visitas a perfiles y consultas<\/span>\r\n               <\/li>  \r\n                           <li class=\"active\">\r\n                  <span class=\"text\">Posibilidad de integrar un v\u00eddeo de empresa (YouTube \/ Vimeo)<\/span>\r\n               <\/li>  \r\n                           <li class=\"active\">\r\n                  <span class=\"text\">Valoraciones y comentarios de los clientes<\/span>\r\n               <\/li>  \r\n                           <li class=\"active\">\r\n                  <span class=\"text\">Enlace directo al sitio web de la empresa<\/span>\r\n               <\/li>  \r\n                           <li class=\"no-active\">\r\n                  <span class=\"text\">Sin publicidad en el blog ni en el bolet\u00edn<\/span>\r\n               <\/li>  \r\n                           <li class=\"no-active\">\r\n                  <span class=\"text\">Sin ubicaci\u00f3n preferente<\/span>\r\n               <\/li>  \r\n                     <\/ul>\r\n         \r\n\r\n\r\n               <div class=\"pricing-action\">\r\n            \t\t  <a href=\"https:\/\/bosporus24.de\/es\/product\/standard-paket-e1-990-jahr\/\" class=\"btn-theme\">\r\n\t\t\t <span>Seleccionar plan<\/span>\r\n\t\t  <\/a>\r\n\r\n\t\t           <\/div>\r\n         <\/div>\r\n<\/div>\r\n\r\n<div class=\"clearfix\"><\/div>\r\n\r\n<\/div>\t\t\t\t<\/div>\n\t\t\t\t<\/div>\n\t\t\t\t\t<\/div>\n\t\t<\/div>\n\t\t\t\t<div class=\"elementor-column elementor-col-33 elementor-top-column elementor-element elementor-element-3d5b193\" data-id=\"3d5b193\" data-element_type=\"column\" data-e-type=\"column\">\n\t\t\t<div class=\"elementor-widget-wrap elementor-element-populated\">\n\t\t\t\t\t\t<div class=\"elementor-element elementor-element-7599469 elementor-widget elementor-widget-gva-pricing-block\" data-id=\"7599469\" data-element_type=\"widget\" data-e-type=\"widget\" data-widget_type=\"gva-pricing-block.default\">\n\t\t\t\t<div class=\"elementor-widget-container\">\n\t\t\t\t\t<div class=\"gva-element-gva-pricing-block gva-element\">   \r\n<div class=\"widget gsc-pricing style-1 active-no\">\r\n   <div class=\"content-inner\">\r\n\r\n      \r\n               <h3 class=\"title\">\r\n            <span>Paquete Premium<\/span>\r\n         <\/h3>\r\n      \r\n      <div class=\"plan-price\">\r\n         <div class=\"plan-price-inner clearfix\">\r\n            <span class=\"currency\">\u20ac<\/span>\r\n            <span class=\"price\">4.990<\/span>\r\n                           <span class=\"interval\">\/ a\u00f1o<\/span>\r\n               \r\n         <\/div>\r\n      <\/div>\r\n\r\n      <div class=\"desc\">M\u00e1s alcance y visibilidad<\/div>\r\n               <ul class=\"plan-list\">\r\n                           <li class=\"active\">\r\n                  <span class=\"text\">15 productos\/servicios con fotos y descripciones<\/span>\r\n               <\/li>  \r\n                           <li class=\"active\">\r\n                  <span class=\"text\">Menci\u00f3n en el bolet\u00edn una vez al a\u00f1o<\/span>\r\n               <\/li>  \r\n                           <li class=\"active\">\r\n                  <span class=\"text\">1 vez al a\u00f1o, breve art\u00edculo o menci\u00f3n en el blog (por ejemplo, \"Empresa del mes\")<\/span>\r\n               <\/li>  \r\n                           <li class=\"active\">\r\n                  <span class=\"text\">Ubicaci\u00f3n preferente en los resultados de b\u00fasqueda<\/span>\r\n               <\/li>  \r\n                           <li class=\"active\">\r\n                  <span class=\"text\">Sistema de valoraci\u00f3n mejorado con comentarios de los clientes<\/span>\r\n               <\/li>  \r\n                           <li class=\"active\">\r\n                  <span class=\"text\">Estad\u00edsticas detalladas y herramientas de an\u00e1lisis<\/span>\r\n               <\/li>  \r\n                     <\/ul>\r\n         \r\n\r\n\r\n               <div class=\"pricing-action\">\r\n            \t\t  <a href=\"https:\/\/bosporus24.de\/es\/product\/premium-paket-e4-990-jahr\/\" class=\"btn-theme\">\r\n\t\t\t <span>Seleccionar plan<\/span>\r\n\t\t  <\/a>\r\n\r\n\t\t           <\/div>\r\n         <\/div>\r\n<\/div>\r\n\r\n<div class=\"clearfix\"><\/div>\r\n\r\n<\/div>\t\t\t\t<\/div>\n\t\t\t\t<\/div>\n\t\t\t\t\t<\/div>\n\t\t<\/div>\n\t\t\t\t<div class=\"elementor-column elementor-col-33 elementor-top-column elementor-element elementor-element-ca01899\" data-id=\"ca01899\" data-element_type=\"column\" data-e-type=\"column\">\n\t\t\t<div class=\"elementor-widget-wrap elementor-element-populated\">\n\t\t\t\t\t\t<div class=\"elementor-element elementor-element-2bf4ec9 elementor-widget elementor-widget-gva-pricing-block\" data-id=\"2bf4ec9\" data-element_type=\"widget\" data-e-type=\"widget\" data-widget_type=\"gva-pricing-block.default\">\n\t\t\t\t<div class=\"elementor-widget-container\">\n\t\t\t\t\t<div class=\"gva-element-gva-pricing-block gva-element\">   \r\n<div class=\"widget gsc-pricing style-1 active-no\">\r\n   <div class=\"content-inner\">\r\n\r\n      \r\n               <h3 class=\"title\">\r\n            <span>Paquete exclusivo<\/span>\r\n         <\/h3>\r\n      \r\n      <div class=\"plan-price\">\r\n         <div class=\"plan-price-inner clearfix\">\r\n            <span class=\"currency\">\u20ac<\/span>\r\n            <span class=\"price\">9.990<\/span>\r\n                           <span class=\"interval\">\/ a\u00f1o<\/span>\r\n               \r\n         <\/div>\r\n      <\/div>\r\n\r\n      <div class=\"desc\"> M\u00e1xima publicidad y visibilidad<\/div>\r\n               <ul class=\"plan-list\">\r\n                           <li class=\"active\">\r\n                  <span class=\"text\">N\u00famero ilimitado de productos\/servicios<\/span>\r\n               <\/li>  \r\n                           <li class=\"active\">\r\n                  <span class=\"text\">Posici\u00f3n destacada en los resultados de b\u00fasqueda (visibilidad de primera clase)<\/span>\r\n               <\/li>  \r\n                           <li class=\"active\">\r\n                  <span class=\"text\">Oportunidades exclusivas de publicidad: \t<br>- 2x al a\u00f1o art\u00edculo promocional o entrevista en el blog \t<br>- 2 veces al a\u00f1o en el bolet\u00edn \t<br>- 1 mes de banner publicitario en la p\u00e1gina de inicio<\/span>\r\n               <\/li>  \r\n                           <li class=\"active\">\r\n                  <span class=\"text\">Promoci\u00f3n en redes sociales (2 veces al a\u00f1o: LinkedIn, Facebook, Instagram)<\/span>\r\n               <\/li>  \r\n                           <li class=\"active\">\r\n                  <span class=\"text\">Participaci\u00f3n en eventos o seminarios web de la empresa<\/span>\r\n               <\/li>  \r\n                           <li class=\"active\">\r\n                  <span class=\"text\">Asesoramiento individual para optimizar el perfil de la empresa<\/span>\r\n               <\/li>  \r\n                     <\/ul>\r\n         \r\n\r\n\r\n               <div class=\"pricing-action\">\r\n            \t\t  <a href=\"https:\/\/bosporus24.de\/es\/product\/exklusiv-paket-e9-990-jahr\/\" class=\"btn-theme\">\r\n\t\t\t <span>Seleccionar plan<\/span>\r\n\t\t  <\/a>\r\n\r\n\t\t           <\/div>\r\n         <\/div>\r\n<\/div>\r\n\r\n<div class=\"clearfix\"><\/div>\r\n\r\n<\/div>\t\t\t\t<\/div>\n\t\t\t\t<\/div>\n\t\t\t\t\t<\/div>\n\t\t<\/div>\n\t\t\t\t\t<\/div>\n\t\t<\/section>\n\t\t\t\t<section class=\"elementor-section elementor-top-section elementor-element elementor-element-ab3bb0e elementor-section-boxed elementor-section-height-default elementor-section-height-default\" data-id=\"ab3bb0e\" data-element_type=\"section\" data-e-type=\"section\">\n\t\t\t\t\t\t<div class=\"elementor-container elementor-column-gap-default\">\n\t\t\t\t\t<div class=\"elementor-column elementor-col-33 elementor-top-column elementor-element elementor-element-6575670\" data-id=\"6575670\" data-element_type=\"column\" data-e-type=\"column\">\n\t\t\t<div class=\"elementor-widget-wrap elementor-element-populated\">\n\t\t\t\t\t\t<div class=\"elementor-element elementor-element-26bce6d elementor-widget elementor-widget-gva-pricing-block\" data-id=\"26bce6d\" data-element_type=\"widget\" data-e-type=\"widget\" data-widget_type=\"gva-pricing-block.default\">\n\t\t\t\t<div class=\"elementor-widget-container\">\n\t\t\t\t\t<div class=\"gva-element-gva-pricing-block gva-element\">   \r\n<div class=\"widget gsc-pricing style-1 active-no\">\r\n   <div class=\"content-inner\">\r\n\r\n      \r\n               <h3 class=\"title\">\r\n            <span>Paquete Platino<\/span>\r\n         <\/h3>\r\n      \r\n      <div class=\"plan-price\">\r\n         <div class=\"plan-price-inner clearfix\">\r\n            <span class=\"currency\">\u20ac<\/span>\r\n            <span class=\"price\">19.990<\/span>\r\n                           <span class=\"interval\">\/ a\u00f1o<\/span>\r\n               \r\n         <\/div>\r\n      <\/div>\r\n\r\n      <div class=\"desc\">Publicidad VIP y servicios completos de marketing<\/div>\r\n               <ul class=\"plan-list\">\r\n                           <li class=\"active\">\r\n                  <span class=\"text\">4 veces al a\u00f1o art\u00edculo publicitario o entrevista en el blog<\/span>\r\n               <\/li>  \r\n                           <li class=\"active\">\r\n                  <span class=\"text\">4 veces al a\u00f1o en el bolet\u00edn<\/span>\r\n               <\/li>  \r\n                           <li class=\"active\">\r\n                  <span class=\"text\">3 meses de banner publicitario en la p\u00e1gina de inicio<\/span>\r\n               <\/li>  \r\n                           <li class=\"active\">\r\n                  <span class=\"text\">Campa\u00f1a en redes sociales (4 publicaciones en LinkedIn, Facebook, Instagram)<\/span>\r\n               <\/li>  \r\n                           <li class=\"active\">\r\n                  <span class=\"text\">Consulta personal y llamada estrat\u00e9gica para posicionarse en el mercado<\/span>\r\n               <\/li>  \r\n                           <li class=\"active\">\r\n                  <span class=\"text\">Participaci\u00f3n preferente en eventos del sector y redes exclusivas<\/span>\r\n               <\/li>  \r\n                           <li class=\"active\">\r\n                  <span class=\"text\">Relaciones p\u00fablicas y asesoramiento medi\u00e1tico para lograr la m\u00e1xima visibilidad<\/span>\r\n               <\/li>  \r\n                           <li class=\"active\">\r\n                  <span class=\"text\">Acceso exclusivo a an\u00e1lisis de mercado y perspectivas empresariales<\/span>\r\n               <\/li>  \r\n                     <\/ul>\r\n         \r\n\r\n\r\n               <div class=\"pricing-action\">\r\n            \t\t  <a href=\"https:\/\/bosporus24.de\/es\/product\/exklusiv-paket-e9-990-jahr\/\" class=\"btn-theme\">\r\n\t\t\t <span>Seleccionar plan<\/span>\r\n\t\t  <\/a>\r\n\r\n\t\t           <\/div>\r\n         <\/div>\r\n<\/div>\r\n\r\n<div class=\"clearfix\"><\/div>\r\n\r\n<\/div>\t\t\t\t<\/div>\n\t\t\t\t<\/div>\n\t\t\t\t\t<\/div>\n\t\t<\/div>\n\t\t\t\t<div class=\"elementor-column elementor-col-33 elementor-top-column elementor-element elementor-element-c4a0490\" data-id=\"c4a0490\" data-element_type=\"column\" data-e-type=\"column\">\n\t\t\t<div class=\"elementor-widget-wrap elementor-element-populated\">\n\t\t\t\t\t\t<div class=\"elementor-element elementor-element-0a15c64 elementor-widget elementor-widget-text-editor\" data-id=\"0a15c64\" data-element_type=\"widget\" data-e-type=\"widget\" data-widget_type=\"text-editor.default\">\n\t\t\t\t<div class=\"elementor-widget-container\">\n\t\t\t\t\t\t\t\t\t<p class=\"p1\"><b>Entrada en el mercado alem\u00e1n (precio a consultar) - Asistencia t\u00e9cnica y jur\u00eddica<\/b><\/p><p class=\"p1\">Este paquete est\u00e1 dirigido a las empresas que desean introducirse en el mercado alem\u00e1n y ofrece asesoramiento y apoyo profesionales.<\/p><p class=\"p1\"><span class=\"s1\" style=\"color: var(--lestin-body-color); font-family: var(--lestin-font-sans-serif); font-size: 1rem;\">\u2705<\/span><span style=\"color: var(--lestin-body-color); font-family: var(--lestin-font-sans-serif); font-size: 1rem;\">\u00a0<\/span><b style=\"color: var(--lestin-body-color); font-family: var(--lestin-font-sans-serif); font-size: 1rem;\">Consultor\u00eda empresarial:<\/b><\/p><ul><li class=\"p1\"><span style=\"color: var(--lestin-body-color); font-family: var(--lestin-font-sans-serif); font-size: 1rem;\">An\u00e1lisis del mercado y la industria en Alemania<\/span><\/li><li class=\"p1\">An\u00e1lisis de la competencia y estudios de mercado<\/li><li class=\"p1\">Informaci\u00f3n fiscal y jur\u00eddica<\/li><\/ul><p><span class=\"s1\">\u2705<\/span>\u00a0<b>Apoyo jur\u00eddico:<\/b><\/p><ul><li>Consejos para crear una empresa en Alemania<\/li><li>Ayuda con los permisos de trabajo y residencia<\/li><li>Revisi\u00f3n de contratos de trabajo y documentos jur\u00eddicos<\/li><\/ul><p><span class=\"s1\">\u2705<\/span>\u00a0<b>Conexi\u00f3n a la red:<\/b><\/p><ul><li>Mediaci\u00f3n de contactos con c\u00e1maras de comercio y asociaciones industriales alemanas<\/li><li>Acceso a posibles socios comerciales y distribuidores<\/li><li>Apoyo a la participaci\u00f3n en actos empresariales en Alemania<\/li><\/ul><p><span class=\"s1\">\u2705<\/span>\u00a0<b>Marketing y promoci\u00f3n:<\/b><\/p><ul><li>Estrategias de posicionamiento de marca en Alemania<\/li><li>Localizaci\u00f3n de sitios web, cat\u00e1logos y material de marketing<\/li><li>Creaci\u00f3n de contenidos en alem\u00e1n y relaciones con la prensa<\/li><\/ul><p><span class=\"s1\">\u2705<\/span>\u00a0<b>Apoyo publicitario de Bosporus24.de:<\/b><\/p><ul><li><b>6 veces al a\u00f1o art\u00edculo o entrevista en el blog<\/b><\/li><li><b>6 veces al a\u00f1o Publicaci\u00f3n en el bolet\u00edn<\/b><\/li><li><b>6 meses de banner publicitario en la p\u00e1gina de inicio<\/b><b>Campa\u00f1a en redes sociales (6 publicaciones en LinkedIn, Facebook, Instagram)<\/b><\/li><li style=\"list-style-type: none;\">\u00a0<\/li><\/ul>\t\t\t\t\t\t\t\t<\/div>\n\t\t\t\t<\/div>\n\t\t\t\t\t<\/div>\n\t\t<\/div>\n\t\t\t\t<div class=\"elementor-column elementor-col-33 elementor-top-column elementor-element elementor-element-94b1e08\" data-id=\"94b1e08\" data-element_type=\"column\" data-e-type=\"column\">\n\t\t\t<div class=\"elementor-widget-wrap\">\n\t\t\t\t\t\t\t<\/div>\n\t\t<\/div>\n\t\t\t\t\t<\/div>\n\t\t<\/section>\n\t\t\t\t<\/div>","protected":false},"excerpt":{"rendered":"<p>Preise Home &gt; Preise Affordable Price Choose our package Standard Paket \u20ac 1.990 \/&nbsp;Jahr Professionelle Pr\u00e4sentation 5 Produkte \/ Dienstleistungen\u00a0mit Bildern und Beschreibungen Erweiterte Unternehmensbeschreibung (bis zu 1.000 Zeichen) Statistiken [&hellip;]<\/p>\n","protected":false},"author":1,"featured_media":0,"parent":0,"menu_order":0,"comment_status":"closed","ping_status":"closed","template":"","meta":{"footnotes":""},"class_list":["post-66","page","type-page","status-publish","hentry"],"_links":{"self":[{"href":"https:\/\/bosporus24.de\/es\/wp-json\/wp\/v2\/pages\/66","targetHints":{"allow":["GET"]}}],"collection":[{"href":"https:\/\/bosporus24.de\/es\/wp-json\/wp\/v2\/pages"}],"about":[{"href":"https:\/\/bosporus24.de\/es\/wp-json\/wp\/v2\/types\/page"}],"author":[{"embeddable":true,"href":"https:\/\/bosporus24.de\/es\/wp-json\/wp\/v2\/users\/1"}],"replies":[{"embeddable":true,"href":"https:\/\/bosporus24.de\/es\/wp-json\/wp\/v2\/comments?post=66"}],"version-history":[{"count":36,"href":"https:\/\/bosporus24.de\/es\/wp-json\/wp\/v2\/pages\/66\/revisions"}],"predecessor-version":[{"id":12549,"href":"https:\/\/bosporus24.de\/es\/wp-json\/wp\/v2\/pages\/66\/revisions\/12549"}],"wp:attachment":[{"href":"https:\/\/bosporus24.de\/es\/wp-json\/wp\/v2\/media?parent=66"}],"curies":[{"name":"wp","href":"https:\/\/api.w.org\/{rel}","templated":true}]}}