{"id":247,"date":"2023-08-07T02:42:56","date_gmt":"2023-08-07T02:42:56","guid":{"rendered":"https:\/\/gaviaspreview.com\/wp\/lestin\/?post_type=product&#038;p=247"},"modified":"2025-02-18T17:48:45","modified_gmt":"2025-02-18T17:48:45","slug":"premium-paket-e4-990-jahr","status":"publish","type":"product","link":"https:\/\/bosporus24.de\/es\/urun\/premium-paket-e4-990-jahr\/","title":{"rendered":"Paquete Premium (4.990 euros\/a\u00f1o)"},"content":{"rendered":"<p>\u2705 15 productos\/servicios con im\u00e1genes y descripciones<br \/>\n\u2705 Optimizaci\u00f3n SEO avanzada para mejorar el posicionamiento en Google<br \/>\n\u2705 Menci\u00f3n en el bolet\u00edn una vez al a\u00f1o<br \/>\n\u2705 1 vez al a\u00f1o breve art\u00edculo o menci\u00f3n en el blog (por ejemplo, \"Empresa del mes\").<br \/>\nUbicaci\u00f3n preferente en los resultados de b\u00fasqueda<br \/>\n\u2705 Sistema de valoraci\u00f3n mejorado con comentarios de los clientes.<br \/>\n\u2705 Estad\u00edsticas detalladas y herramientas de an\u00e1lisis<\/p>","protected":false},"excerpt":{"rendered":"<p>M\u00e1s alcance y visibilidad<\/p>","protected":false},"featured_media":542,"comment_status":"open","ping_status":"closed","template":"","meta":[],"product_brand":[],"product_cat":[20],"product_tag":[],"class_list":{"0":"post-247","1":"product","2":"type-product","3":"status-publish","4":"has-post-thumbnail","6":"product_cat-uncategorized","8":"first","9":"instock","10":"virtual","11":"sold-individually","12":"purchasable","13":"product-type-lt_package"},"_links":{"self":[{"href":"https:\/\/bosporus24.de\/es\/wp-json\/wp\/v2\/product\/247","targetHints":{"allow":["GET"]}}],"collection":[{"href":"https:\/\/bosporus24.de\/es\/wp-json\/wp\/v2\/product"}],"about":[{"href":"https:\/\/bosporus24.de\/es\/wp-json\/wp\/v2\/types\/product"}],"replies":[{"embeddable":true,"href":"https:\/\/bosporus24.de\/es\/wp-json\/wp\/v2\/comments?post=247"}],"wp:featuredmedia":[{"embeddable":true,"href":"https:\/\/bosporus24.de\/es\/wp-json\/wp\/v2\/media\/542"}],"wp:attachment":[{"href":"https:\/\/bosporus24.de\/es\/wp-json\/wp\/v2\/media?parent=247"}],"wp:term":[{"taxonomy":"product_brand","embeddable":true,"href":"https:\/\/bosporus24.de\/es\/wp-json\/wp\/v2\/product_brand?post=247"},{"taxonomy":"product_cat","embeddable":true,"href":"https:\/\/bosporus24.de\/es\/wp-json\/wp\/v2\/product_cat?post=247"},{"taxonomy":"product_tag","embeddable":true,"href":"https:\/\/bosporus24.de\/es\/wp-json\/wp\/v2\/product_tag?post=247"}],"curies":[{"name":"wp","href":"https:\/\/api.w.org\/{rel}","templated":true}]}}