{"id":22,"date":"2023-07-21T01:56:16","date_gmt":"2023-07-21T01:56:16","guid":{"rendered":"https:\/\/gaviaspreview.com\/wp\/lestin\/?page_id=22"},"modified":"2025-03-07T11:30:54","modified_gmt":"2025-03-07T11:30:54","slug":"about","status":"publish","type":"page","link":"https:\/\/bosporus24.de\/fr\/about\/","title":{"rendered":"\u00c0 propos de"},"content":{"rendered":"<div data-elementor-type=\"wp-page\" data-elementor-id=\"22\" class=\"elementor elementor-22\">\n\t\t\t\t\t\t<section class=\"elementor-section elementor-top-section elementor-element elementor-element-4ba9b71 elementor-section-boxed elementor-section-height-default elementor-section-height-default\" data-id=\"4ba9b71\" data-element_type=\"section\" data-e-type=\"section\" data-settings=\"{&quot;background_background&quot;:&quot;classic&quot;}\">\n\t\t\t\t\t\t\t<div class=\"elementor-background-overlay\"><\/div>\n\t\t\t\t\t\t\t<div class=\"elementor-container elementor-column-gap-default\">\n\t\t\t\t\t<div class=\"elementor-column elementor-col-100 elementor-top-column elementor-element elementor-element-d6da0bf\" data-id=\"d6da0bf\" data-element_type=\"column\" data-e-type=\"column\">\n\t\t\t<div class=\"elementor-widget-wrap elementor-element-populated\">\n\t\t\t\t\t\t<div class=\"elementor-element elementor-element-bf5a604 elementor-widget elementor-widget-gva-heading-block\" data-id=\"bf5a604\" data-element_type=\"widget\" data-e-type=\"widget\" data-widget_type=\"gva-heading-block.default\">\n\t\t\t\t<div class=\"elementor-widget-container\">\n\t\t\t\t\t<div class=\"gva-element-gva-heading-block gva-element\">   <div class=\"align-center style-1 widget gsc-heading box-align-left auto-responsive\">\r\n      <div class=\"content-inner\">\r\n         \r\n                  \r\n           \r\n         \r\n                     <h2 class=\"title\">\r\n               <span>\u00c0 propos de nous\n<\/span>\r\n            <\/h2>\r\n                  \r\n                     <div class=\"title-desc\">Accueil - \u00c0 propos de nous<\/div>\r\n         \r\n         \r\n      <\/div>\r\n   <\/div>\r\n<\/div>\t\t\t\t<\/div>\n\t\t\t\t<\/div>\n\t\t\t\t\t<\/div>\n\t\t<\/div>\n\t\t\t\t\t<\/div>\n\t\t<\/section>\n\t\t\t\t<section class=\"elementor-section elementor-top-section elementor-element elementor-element-16f69c0 elementor-section-boxed elementor-section-height-default elementor-section-height-default\" data-id=\"16f69c0\" data-element_type=\"section\" data-e-type=\"section\">\n\t\t\t\t\t\t<div class=\"elementor-container elementor-column-gap-default\">\n\t\t\t\t\t<div class=\"elementor-column elementor-col-50 elementor-top-column elementor-element elementor-element-3ea2eae\" data-id=\"3ea2eae\" data-element_type=\"column\" data-e-type=\"column\">\n\t\t\t<div class=\"elementor-widget-wrap elementor-element-populated\">\n\t\t\t\t\t\t<section class=\"elementor-section elementor-inner-section elementor-element elementor-element-1b33d9c elementor-section-boxed elementor-section-height-default elementor-section-height-default\" data-id=\"1b33d9c\" data-element_type=\"section\" data-e-type=\"section\">\n\t\t\t\t\t\t<div class=\"elementor-container elementor-column-gap-default\">\n\t\t\t\t\t<div class=\"elementor-column elementor-col-50 elementor-inner-column elementor-element elementor-element-0c9d8ed\" data-id=\"0c9d8ed\" data-element_type=\"column\" data-e-type=\"column\">\n\t\t\t<div class=\"elementor-widget-wrap elementor-element-populated\">\n\t\t\t\t\t\t<div class=\"elementor-element elementor-element-f514d12 elementor-widget elementor-widget-image\" data-id=\"f514d12\" data-element_type=\"widget\" data-e-type=\"widget\" data-widget_type=\"image.default\">\n\t\t\t\t<div class=\"elementor-widget-container\">\n\t\t\t\t\t\t\t\t\t\t\t\t\t\t\t<img decoding=\"async\" src=\"http:\/\/bosporus24.de\/wp-content\/uploads\/2025\/03\/pexels-pixelcop-3309498-scaled.jpg\" title=\"\" alt=\"\" loading=\"lazy\" \/>\t\t\t\t\t\t\t\t\t\t\t\t\t\t\t<\/div>\n\t\t\t\t<\/div>\n\t\t\t\t\t<\/div>\n\t\t<\/div>\n\t\t\t\t<div class=\"elementor-column elementor-col-50 elementor-inner-column elementor-element elementor-element-87bb805\" data-id=\"87bb805\" data-element_type=\"column\" data-e-type=\"column\">\n\t\t\t<div class=\"elementor-widget-wrap elementor-element-populated\">\n\t\t\t\t\t\t<div class=\"elementor-element elementor-element-7c4fc07 elementor-widget elementor-widget-image\" data-id=\"7c4fc07\" data-element_type=\"widget\" data-e-type=\"widget\" data-widget_type=\"image.default\">\n\t\t\t\t<div class=\"elementor-widget-container\">\n\t\t\t\t\t\t\t\t\t\t\t\t\t\t\t<img decoding=\"async\" src=\"http:\/\/bosporus24.de\/wp-content\/uploads\/2023\/11\/online-selling-e-commerce-2024-12-03-03-59-18-utc-scaled.jpg\" title=\"\" alt=\"\" loading=\"lazy\" \/>\t\t\t\t\t\t\t\t\t\t\t\t\t\t\t<\/div>\n\t\t\t\t<\/div>\n\t\t\t\t<div class=\"elementor-element elementor-element-fc0d3b6 elementor-widget elementor-widget-image\" data-id=\"fc0d3b6\" data-element_type=\"widget\" data-e-type=\"widget\" data-widget_type=\"image.default\">\n\t\t\t\t<div class=\"elementor-widget-container\">\n\t\t\t\t\t\t\t\t\t\t\t\t\t\t\t<img decoding=\"async\" src=\"http:\/\/bosporus24.de\/wp-content\/uploads\/2023\/11\/close-up-of-small-carton-boxes-on-table-isolated-o-2024-11-19-15-22-00-utc-scaled.jpg\" title=\"\" alt=\"\" loading=\"lazy\" \/>\t\t\t\t\t\t\t\t\t\t\t\t\t\t\t<\/div>\n\t\t\t\t<\/div>\n\t\t\t\t<div class=\"elementor-element elementor-element-9d686ad elementor-widget elementor-widget-image\" data-id=\"9d686ad\" data-element_type=\"widget\" data-e-type=\"widget\" data-widget_type=\"image.default\">\n\t\t\t\t<div class=\"elementor-widget-container\">\n\t\t\t\t\t\t\t\t\t\t\t\t\t\t\t<img fetchpriority=\"high\" decoding=\"async\" width=\"1600\" height=\"720\" src=\"https:\/\/bosporus24.de\/wp-content\/uploads\/2025\/01\/Slider002-1.jpg\" class=\"attachment-full size-full wp-image-11802\" alt=\"\" srcset=\"https:\/\/bosporus24.de\/wp-content\/uploads\/2025\/01\/Slider002-1.jpg 1600w, https:\/\/bosporus24.de\/wp-content\/uploads\/2025\/01\/Slider002-1-1024x461.jpg 1024w, https:\/\/bosporus24.de\/wp-content\/uploads\/2025\/01\/Slider002-1-768x346.jpg 768w, https:\/\/bosporus24.de\/wp-content\/uploads\/2025\/01\/Slider002-1-600x270.jpg 600w\" sizes=\"(max-width: 1600px) 100vw, 1600px\" \/>\t\t\t\t\t\t\t\t\t\t\t\t\t\t\t<\/div>\n\t\t\t\t<\/div>\n\t\t\t\t\t<\/div>\n\t\t<\/div>\n\t\t\t\t\t<\/div>\n\t\t<\/section>\n\t\t\t\t\t<\/div>\n\t\t<\/div>\n\t\t\t\t<div class=\"elementor-column elementor-col-50 elementor-top-column elementor-element elementor-element-e8a334f\" data-id=\"e8a334f\" data-element_type=\"column\" data-e-type=\"column\">\n\t\t\t<div class=\"elementor-widget-wrap elementor-element-populated\">\n\t\t\t\t\t\t<div class=\"elementor-element elementor-element-081132d elementor-widget elementor-widget-gva-heading-block\" data-id=\"081132d\" data-element_type=\"widget\" data-e-type=\"widget\" data-widget_type=\"gva-heading-block.default\">\n\t\t\t\t<div class=\"elementor-widget-container\">\n\t\t\t\t\t<div class=\"gva-element-gva-heading-block gva-element\">   <div class=\"align-left style-1 widget gsc-heading box-align-left auto-responsive\">\r\n      <div class=\"content-inner\">\r\n         \r\n                  \r\n         <div class=\"sub-title\"><span class=\"tagline\">Apprenez \u00e0 nous conna\u00eetre<\/span><\/div>  \r\n         \r\n                     <h2 class=\"title\">\r\n               <span>BOSPORUS24<\/span>\r\n            <\/h2>\r\n                  \r\n                     <div class=\"title-desc\"><h3>Votre porte num\u00e9rique vers la croissance et le succ\u00e8s<\/h3>\nBosporus24 est la plateforme leader pour les entreprises qui souhaitent se d\u00e9velopper, s'\u00e9tendre et trouver de nouvelles opportunit\u00e9s commerciales en Allemagne, en Turquie et au-del\u00e0.<br><br>\nDans un monde globalis\u00e9, il ne suffit plus d'\u00eatre visible localement. Les entreprises qui r\u00e9ussissent ont besoin d'un r\u00e9seau strat\u00e9gique, d'une pr\u00e9sence cibl\u00e9e sur le march\u00e9 et d'une plate-forme qui maximise leur port\u00e9e. C'est pr\u00e9cis\u00e9ment l\u00e0 qu'intervient Bosporus24 : Nous mettons les entreprises en relation avec des partenaires commerciaux, des clients et des investisseurs potentiels et les aidons \u00e0 d\u00e9velopper leur pr\u00e9sence sur le march\u00e9 de mani\u00e8re rentable.\n<\/div>\r\n         \r\n         \r\n      <\/div>\r\n   <\/div>\r\n<\/div>\t\t\t\t<\/div>\n\t\t\t\t<\/div>\n\t\t\t\t\t<\/div>\n\t\t<\/div>\n\t\t\t\t\t<\/div>\n\t\t<\/section>\n\t\t\t\t<section class=\"elementor-section elementor-top-section elementor-element elementor-element-3452563 elementor-section-boxed elementor-section-height-default elementor-section-height-default\" data-id=\"3452563\" data-element_type=\"section\" data-e-type=\"section\">\n\t\t\t\t\t\t<div class=\"elementor-container elementor-column-gap-default\">\n\t\t\t\t\t<div class=\"elementor-column elementor-col-100 elementor-top-column elementor-element elementor-element-bf445d7\" data-id=\"bf445d7\" data-element_type=\"column\" data-e-type=\"column\">\n\t\t\t<div class=\"elementor-widget-wrap elementor-element-populated\">\n\t\t\t\t\t\t<div class=\"elementor-element elementor-element-15dc8fe elementor-widget elementor-widget-text-editor\" data-id=\"15dc8fe\" data-element_type=\"widget\" data-e-type=\"widget\" data-widget_type=\"text-editor.default\">\n\t\t\t\t<div class=\"elementor-widget-container\">\n\t\t\t\t\t\t\t\t\t<h4>Pourquoi Bosporus24 ? Vos avantages en un coup d'\u0153il :<\/h4><p>Acquisition cibl\u00e9e de nouveaux clients &amp; expansion du march\u00e9<br \/>Une inscription sur Bosporus24 vous permet d'atteindre les entreprises et les d\u00e9cideurs qui recherchent activement vos produits ou services. Gr\u00e2ce \u00e0 des filtres intelligents et \u00e0 des fonctions de recherche optimis\u00e9es, vos offres parviennent exactement aux bons groupes cibles.<\/p><ul><li><strong>Visibilit\u00e9 en ligne maximale &amp; domination num\u00e9rique<\/strong><\/li><\/ul><p>Le profil de votre entreprise est optimis\u00e9 pour le r\u00e9f\u00e9rencement et plac\u00e9 de mani\u00e8re strat\u00e9gique afin que vous apparaissiez en bonne place non seulement sur notre plate-forme, mais aussi sur les moteurs de recherche comme Google. Votre port\u00e9e s'accro\u00eet automatiquement - sans que vous deviez vous-m\u00eame rechercher activement de nouveaux clients.<\/p><ul><li><strong>Contacts commerciaux de qualit\u00e9 &amp; r\u00e9seau premium<\/strong><\/li><\/ul><p>Utilisez Bosporus24 comme votre r\u00e9seau B2B exclusif. Entrez en contact avec des partenaires commerciaux, des fournisseurs et des clients potentiels, aussi bien en Allemagne que sur des march\u00e9s internationaux comme la Turquie, le Moyen-Orient et au-del\u00e0.<\/p><ul><li><strong>Strat\u00e9gies publicitaires orient\u00e9es vers le succ\u00e8s pour plus de chiffre d'affaires<\/strong><\/li><\/ul><p>En plus de votre inscription dans l'annuaire, vous b\u00e9n\u00e9ficiez de possibilit\u00e9s publicitaires individuelles, cibl\u00e9es sur votre secteur et votre groupe cible. Des banni\u00e8res publicitaires aux promotions exclusives en passant par le contenu sponsoris\u00e9, nous veillons \u00e0 ce que votre entreprise soit per\u00e7ue dans le bon environnement.<\/p><ul><li><strong>Croissance sans risque - prix transparents &amp; rendement \u00e9lev\u00e9<\/strong><\/li><\/ul><p>Bosporus24 vous propose des mod\u00e8les d'adh\u00e9sion flexibles - des inscriptions gratuites aux forfaits premium avec une port\u00e9e maximale. Nos offres sont structur\u00e9es de mani\u00e8re \u00e0 ce que vous obteniez une augmentation sensible de votre chiffre d'affaires apr\u00e8s peu de temps d\u00e9j\u00e0.<\/p><p><strong>Nos services - la cl\u00e9 de votre succ\u00e8s<\/strong><\/p><ul><li><strong>Pr\u00e9sentation professionnelle de l'entreprise<\/strong><\/li><\/ul><p>Le profil de votre entreprise sera dot\u00e9 d'un logo, d'images, de vid\u00e9os et d'une description d\u00e9taill\u00e9e afin d'offrir aux clients et aux partenaires commerciaux une premi\u00e8re impression convaincante.<\/p><ul><li><strong>Publicit\u00e9 cibl\u00e9e &amp; g\u00e9n\u00e9ration de leads<\/strong><\/li><\/ul><p>Gr\u00e2ce \u00e0 nos solutions publicitaires premium, nous veillons \u00e0 ce que votre entreprise soit mise en avant dans les annuaires professionnels pertinents. De plus, nous proposons des campagnes de leads exclusives qui vous fournissent directement des clients pr\u00eats \u00e0 acheter.<\/p><ul><li><strong>\u00a0Analyse du march\u00e9 et aper\u00e7u des tendances<\/strong><\/li><\/ul><p>Obtenez des informations pr\u00e9cieuses sur le march\u00e9, des analyses et des tendances de votre secteur afin de prendre des d\u00e9cisions strat\u00e9giques en toute connaissance de cause.<\/p><ul><li><strong>Business Matching &amp; \u00e9v\u00e9nements de r\u00e9seautage<\/strong><\/li><\/ul><p>Nous organisons des \u00e9v\u00e9nements exclusifs, des webinaires et des \u00e9v\u00e9nements de r\u00e9seautage qui vous permettent d'entrer personnellement en contact avec des partenaires et des investisseurs potentiels.<\/p><ul><li><strong>\u00a0Une expansion internationale facilit\u00e9e<\/strong><\/li><\/ul><p>Que ce soit en Allemagne, en Turquie ou dans le monde entier, notre plateforme vous donne acc\u00e8s \u00e0 de nouveaux march\u00e9s, \u00e0 des programmes de soutien et \u00e0 des aides publiques qui peuvent acc\u00e9l\u00e9rer votre croissance.<\/p><h4>Qui peut b\u00e9n\u00e9ficier de Bosporus24 ?<\/h4><ul><li>les start-ups &amp; les fondateurs qui souhaitent \u00e9tablir une pr\u00e9sence solide sur le march\u00e9<\/li><li>Entreprises de taille moyenne souhaitant augmenter leur port\u00e9e<\/li><li>Grandes entreprises &amp; groupes qui se d\u00e9veloppent de mani\u00e8re cibl\u00e9e sur de nouveaux march\u00e9s<\/li><li>Entreprises d'import-export \u00e0 la recherche de partenaires et de cha\u00eenes d'approvisionnement solides<\/li><li>Industrie &amp; production qui souhaitent pr\u00e9senter leurs services &amp; produits<\/li><li>Consultants, prestataires de services &amp; agences souhaitant acqu\u00e9rir de nouveaux clients<\/li><\/ul><p><strong>Votre succ\u00e8s commence ici - inscrivez-vous maintenant !<\/strong><\/p><p>Profitez de la port\u00e9e unique et du r\u00e9seau B2B performant de Bosporus24 pour positionner votre entreprise de mani\u00e8re profitable. Commencez d\u00e8s aujourd'hui et assurez votre pr\u00e9sence dans notre annuaire exclusif des entreprises !<\/p><p>Inscrivez-vous maintenant et devenez visible !<\/p>\t\t\t\t\t\t\t\t<\/div>\n\t\t\t\t<\/div>\n\t\t\t\t\t<\/div>\n\t\t<\/div>\n\t\t\t\t\t<\/div>\n\t\t<\/section>\n\t\t\t\t<section class=\"elementor-section elementor-top-section elementor-element elementor-element-07aac48 elementor-section-boxed elementor-section-height-default elementor-section-height-default\" data-id=\"07aac48\" data-element_type=\"section\" data-e-type=\"section\">\n\t\t\t\t\t\t<div class=\"elementor-container elementor-column-gap-default\">\n\t\t\t\t\t<div class=\"elementor-column elementor-col-100 elementor-top-column elementor-element elementor-element-99285d3\" data-id=\"99285d3\" data-element_type=\"column\" data-e-type=\"column\">\n\t\t\t<div class=\"elementor-widget-wrap elementor-element-populated\">\n\t\t\t\t\t\t<div class=\"elementor-element elementor-element-f0dd93e elementor-widget elementor-widget-gva-brand\" data-id=\"f0dd93e\" data-element_type=\"widget\" data-e-type=\"widget\" data-widget_type=\"gva-brand.default\">\n\t\t\t\t<div class=\"elementor-widget-container\">\n\t\t\t\t\t<div class=\"gva-element-gva-brand gva-element\">\r\n<div class=\"gva-brand-carousel swiper-slider-wrapper style-1\">\r\n   <div class=\"swiper-content-inner\">\r\n      <div class=\"init-carousel-swiper swiper\" data-carousel=\"{&quot;items&quot;:5,&quot;items_lg&quot;:5,&quot;items_md&quot;:4,&quot;items_sm&quot;:3,&quot;items_xs&quot;:2,&quot;items_xx&quot;:2,&quot;effect&quot;:&quot;slide&quot;,&quot;space_between&quot;:30,&quot;loop&quot;:1,&quot;speed&quot;:600,&quot;autoplay&quot;:1,&quot;autoplay_delay&quot;:4500,&quot;autoplay_hover&quot;:1,&quot;navigation&quot;:1,&quot;pagination&quot;:0,&quot;dynamic_bullets&quot;:0,&quot;pagination_type&quot;:&quot;bullets&quot;}\">\r\n         <div class=\"swiper-wrapper\">\r\n            <div class=\"swiper-slide item brand-item\"><div class=\"brand-item-content\"><div class=\"brand-item-image\"><img decoding=\"async\" src=\"http:\/\/bosporus24.de\/wp-content\/uploads\/2024\/12\/wes_Logo_hp.png\" alt=\"\" class=\"brand-img\"\/><\/div><\/div><\/div><div class=\"swiper-slide item brand-item\"><div class=\"brand-item-content\"><div class=\"brand-item-image\"><img decoding=\"async\" src=\"http:\/\/bosporus24.de\/wp-content\/uploads\/2024\/12\/BAB_Logo_HP.png\" alt=\"\" class=\"brand-img\"\/><\/div><\/div><\/div><div class=\"swiper-slide item brand-item\"><div class=\"brand-item-content\"><div class=\"brand-item-image\"><img decoding=\"async\" src=\"http:\/\/bosporus24.de\/wp-content\/uploads\/2024\/12\/pbs_Logo_HP.png\" alt=\"\" class=\"brand-img\"\/><\/div><\/div><\/div><div class=\"swiper-slide item brand-item\"><div class=\"brand-item-content\"><div class=\"brand-item-image\"><img decoding=\"async\" src=\"http:\/\/bosporus24.de\/wp-content\/uploads\/2024\/12\/timeline_logo_hp.png\" alt=\"\" class=\"brand-img\"\/><\/div><\/div><\/div><div class=\"swiper-slide item brand-item\"><div class=\"brand-item-content\"><div class=\"brand-item-image\"><img decoding=\"async\" src=\"http:\/\/bosporus24.de\/wp-content\/uploads\/2024\/12\/sorglosbauen_Logo_hp.png\" alt=\"\" class=\"brand-img\"\/><\/div><\/div><\/div>         <\/div>\r\n      <\/div>   \r\n   <\/div>\r\n   <div class=\"swiper-pagination\"><\/div>   <div class=\"swiper-nav-next\"><\/div><div class=\"swiper-nav-prev\"><\/div> \r\n<\/div>\r\n<\/div>\t\t\t\t<\/div>\n\t\t\t\t<\/div>\n\t\t\t\t\t<\/div>\n\t\t<\/div>\n\t\t\t\t\t<\/div>\n\t\t<\/section>\n\t\t\t\t<\/div>","protected":false},"excerpt":{"rendered":"<p>\u00dcber uns Home &#8211; \u00dcber Uns Lernen Sie uns kennen BOSPORUS24 Ihr digitales Tor zu Wachstum und Erfolg Bosporus24 ist die f\u00fchrende Plattform f\u00fcr Unternehmen, die wachsen, expandieren und neue [&hellip;]<\/p>\n","protected":false},"author":1,"featured_media":0,"parent":0,"menu_order":0,"comment_status":"closed","ping_status":"closed","template":"","meta":{"footnotes":""},"class_list":["post-22","page","type-page","status-publish","hentry"],"_links":{"self":[{"href":"https:\/\/bosporus24.de\/fr\/wp-json\/wp\/v2\/pages\/22","targetHints":{"allow":["GET"]}}],"collection":[{"href":"https:\/\/bosporus24.de\/fr\/wp-json\/wp\/v2\/pages"}],"about":[{"href":"https:\/\/bosporus24.de\/fr\/wp-json\/wp\/v2\/types\/page"}],"author":[{"embeddable":true,"href":"https:\/\/bosporus24.de\/fr\/wp-json\/wp\/v2\/users\/1"}],"replies":[{"embeddable":true,"href":"https:\/\/bosporus24.de\/fr\/wp-json\/wp\/v2\/comments?post=22"}],"version-history":[{"count":24,"href":"https:\/\/bosporus24.de\/fr\/wp-json\/wp\/v2\/pages\/22\/revisions"}],"predecessor-version":[{"id":12231,"href":"https:\/\/bosporus24.de\/fr\/wp-json\/wp\/v2\/pages\/22\/revisions\/12231"}],"wp:attachment":[{"href":"https:\/\/bosporus24.de\/fr\/wp-json\/wp\/v2\/media?parent=22"}],"curies":[{"name":"wp","href":"https:\/\/api.w.org\/{rel}","templated":true}]}}