{"id":54,"date":"2023-07-21T02:00:56","date_gmt":"2023-07-21T02:00:56","guid":{"rendered":"https:\/\/gaviaspreview.com\/wp\/lestin\/?page_id=54"},"modified":"2023-07-21T02:00:56","modified_gmt":"2023-07-21T02:00:56","slug":"news-02","status":"publish","type":"page","link":"https:\/\/bosporus24.de\/fr\/news-02\/","title":{"rendered":"Actualit\u00e9s 02"},"content":{"rendered":"<div data-elementor-type=\"wp-page\" data-elementor-id=\"54\" class=\"elementor elementor-54\">\n\t\t\t\t\t\t<section class=\"elementor-section elementor-top-section elementor-element elementor-element-57c01ae elementor-section-full_width elementor-section-height-default elementor-section-height-default\" data-id=\"57c01ae\" data-element_type=\"section\" data-e-type=\"section\">\n\t\t\t\t\t\t<div class=\"elementor-container elementor-column-gap-default\">\n\t\t\t\t\t<div class=\"elementor-column elementor-col-100 elementor-top-column elementor-element elementor-element-712c0d0\" data-id=\"712c0d0\" data-element_type=\"column\" data-e-type=\"column\">\n\t\t\t<div class=\"elementor-widget-wrap elementor-element-populated\">\n\t\t\t\t\t\t<div class=\"elementor-element elementor-element-47a39a1 elementor-widget elementor-widget-gva_post_breadcrumb\" data-id=\"47a39a1\" data-element_type=\"widget\" data-e-type=\"widget\" data-widget_type=\"gva_post_breadcrumb.default\">\n\t\t\t\t<div class=\"elementor-widget-container\">\n\t\t\t\t\t<div class=\"gva-element-gva_post_breadcrumb gva-element\">   \r\n<div class=\"post-breadcrumb\">\r\n   <div class=\"custom-breadcrumb\" >\r\n            <div class=\"breadcrumb-main\">\r\n        <div class=\"container\">\r\n          <div class=\"breadcrumb-container-inner\">\r\n            <h2 class=\"heading-title\">Actualit\u00e9s 02<\/h2><ol class=\"breadcrumb\"><li><a href=\"https:\/\/bosporus24.de\/fr\">Accueil<\/a> <\/li> <li class=\"active\">Page<\/li><\/ol>          <\/div>  \r\n        <\/div>   \r\n      <\/div>  \r\n   <\/div>\r\n<\/div>      \r\n\r\n<\/div>\t\t\t\t<\/div>\n\t\t\t\t<\/div>\n\t\t\t\t\t<\/div>\n\t\t<\/div>\n\t\t\t\t\t<\/div>\n\t\t<\/section>\n\t\t\t\t<section class=\"elementor-section elementor-top-section elementor-element elementor-element-041ca8a elementor-section-boxed elementor-section-height-default elementor-section-height-default\" data-id=\"041ca8a\" data-element_type=\"section\" data-e-type=\"section\">\n\t\t\t\t\t\t<div class=\"elementor-container elementor-column-gap-default\">\n\t\t\t\t\t<div class=\"elementor-column elementor-col-100 elementor-top-column elementor-element elementor-element-d5439e3\" data-id=\"d5439e3\" data-element_type=\"column\" data-e-type=\"column\">\n\t\t\t<div class=\"elementor-widget-wrap elementor-element-populated\">\n\t\t\t\t\t\t<div class=\"elementor-element elementor-element-0071fe4 elementor-widget elementor-widget-gva-posts\" data-id=\"0071fe4\" data-element_type=\"widget\" data-e-type=\"widget\" data-widget_type=\"gva-posts.default\">\n\t\t\t\t<div class=\"elementor-widget-container\">\n\t\t\t\t\t<div class=\"gva-element-gva-posts gva-element\">  \r\n  <div class=\"gva-posts-grid clearfix gva-posts\">\r\n\t\t<div class=\"gva-content-items\"> \r\n\t\t  <div class=\"lg-block-grid-3 md-block-grid-3 sm-block-grid-2 xs-block-grid-2 xx-block-grid-1\">\r\n\t\t\t <div class=\"item-columns\">\r\n<article id=\"post-12515\" class=\"post post-style-2 post-12515 type-post status-publish format-standard hentry category-firmengruendung-investition-in-deutschland\">\r\n   <div class=\"post-thumbnail\" style=\"background-image:url('');\"><\/div>   \r\n   <div class=\"entry-content\">\r\n      <div class=\"content-inner\">\r\n         <div class=\"entry-meta\">\r\n            <div class=\"left\"><img alt='' src='https:\/\/secure.gravatar.com\/avatar\/95a2e5166377aa753ecd728d437ce8e5e386c512f1ec06303b750a6b6fce1e08?s=160&#038;d=mm&#038;r=g' srcset='https:\/\/secure.gravatar.com\/avatar\/95a2e5166377aa753ecd728d437ce8e5e386c512f1ec06303b750a6b6fce1e08?s=320&#038;d=mm&#038;r=g 2x' class='avatar avatar-160 photo' height='160' width='160' \/><\/div><div class=\"right\"><span class=\"author vcard\"><i class=\"far fa-user-circle\"><\/i>by&nbsp;admin<\/span><span class=\"post-comment\"><i class=\"far fa-comments\"><\/i>0 commentaires<\/span><\/div>         <\/div> \r\n         <h2 class=\"entry-title\">\r\n            <a href=\"https:\/\/bosporus24.de\/fr\/3-was-muessen-internationale-investoren-beim-markteintritt-beachten\/\">A quoi les investisseurs internationaux doivent-ils faire attention lorsqu'ils entrent sur le march\u00e9 ?<\/a>\r\n         <\/h2>\r\n      <\/div>\r\n      <div class=\"read-more\">\r\n         <a href=\"https:\/\/bosporus24.de\/fr\/3-was-muessen-internationale-investoren-beim-markteintritt-beachten\/\">\r\n            <i class=\"icon las la-arrow-right\"><\/i>\r\n         <\/a>\r\n      <\/div>\r\n   <\/div>\r\n   <a href=\"https:\/\/bosporus24.de\/fr\/3-was-muessen-internationale-investoren-beim-markteintritt-beachten\/\" class=\"link-overlay\" aria-label=\"lien\"><\/a>\r\n<\/article>   \r\n\r\n  <\/div><div class=\"item-columns\">\r\n<article id=\"post-12506\" class=\"post post-style-2 post-12506 type-post status-publish format-standard hentry category-e-commerce\">\r\n   <div class=\"post-thumbnail\" style=\"background-image:url('');\"><\/div>   \r\n   <div class=\"entry-content\">\r\n      <div class=\"content-inner\">\r\n         <div class=\"entry-meta\">\r\n            <div class=\"left\"><img alt='' src='https:\/\/secure.gravatar.com\/avatar\/95a2e5166377aa753ecd728d437ce8e5e386c512f1ec06303b750a6b6fce1e08?s=160&#038;d=mm&#038;r=g' srcset='https:\/\/secure.gravatar.com\/avatar\/95a2e5166377aa753ecd728d437ce8e5e386c512f1ec06303b750a6b6fce1e08?s=320&#038;d=mm&#038;r=g 2x' class='avatar avatar-160 photo' height='160' width='160' \/><\/div><div class=\"right\"><span class=\"author vcard\"><i class=\"far fa-user-circle\"><\/i>by&nbsp;admin<\/span><span class=\"post-comment\"><i class=\"far fa-comments\"><\/i>0 commentaires<\/span><\/div>         <\/div> \r\n         <h2 class=\"entry-title\">\r\n            <a href=\"https:\/\/bosporus24.de\/fr\/impressum-agb-datenschutz-was-du-brauchst-um-in-deutschland-legal-zu-verkaufen\/\">Mentions l\u00e9gales, conditions g\u00e9n\u00e9rales de vente &amp; protection des donn\u00e9es - ce dont tu as besoin pour vendre l\u00e9galement en Allemagne<\/a>\r\n         <\/h2>\r\n      <\/div>\r\n      <div class=\"read-more\">\r\n         <a href=\"https:\/\/bosporus24.de\/fr\/impressum-agb-datenschutz-was-du-brauchst-um-in-deutschland-legal-zu-verkaufen\/\">\r\n            <i class=\"icon las la-arrow-right\"><\/i>\r\n         <\/a>\r\n      <\/div>\r\n   <\/div>\r\n   <a href=\"https:\/\/bosporus24.de\/fr\/impressum-agb-datenschutz-was-du-brauchst-um-in-deutschland-legal-zu-verkaufen\/\" class=\"link-overlay\" aria-label=\"lien\"><\/a>\r\n<\/article>   \r\n\r\n  <\/div><div class=\"item-columns\">\r\n<article id=\"post-12498\" class=\"post post-style-2 post-12498 type-post status-publish format-standard hentry category-was-ist-der-zoll-und-welche-aufgaben-hat-er-in-deutschland category-zoll-importverfahren\">\r\n   <div class=\"post-thumbnail\" style=\"background-image:url('');\"><\/div>   \r\n   <div class=\"entry-content\">\r\n      <div class=\"content-inner\">\r\n         <div class=\"entry-meta\">\r\n            <div class=\"left\"><img alt='' src='https:\/\/secure.gravatar.com\/avatar\/95a2e5166377aa753ecd728d437ce8e5e386c512f1ec06303b750a6b6fce1e08?s=160&#038;d=mm&#038;r=g' srcset='https:\/\/secure.gravatar.com\/avatar\/95a2e5166377aa753ecd728d437ce8e5e386c512f1ec06303b750a6b6fce1e08?s=320&#038;d=mm&#038;r=g 2x' class='avatar avatar-160 photo' height='160' width='160' \/><\/div><div class=\"right\"><span class=\"author vcard\"><i class=\"far fa-user-circle\"><\/i>by&nbsp;admin<\/span><span class=\"post-comment\"><i class=\"far fa-comments\"><\/i>0 commentaires<\/span><\/div>         <\/div> \r\n         <h2 class=\"entry-title\">\r\n            <a href=\"https:\/\/bosporus24.de\/fr\/was-ist-der-zoll-und-welche-aufgaben-hat-er-in-deutschland\/\">Qu'est-ce que la douane et quelles sont ses missions en Allemagne ?<\/a>\r\n         <\/h2>\r\n      <\/div>\r\n      <div class=\"read-more\">\r\n         <a href=\"https:\/\/bosporus24.de\/fr\/was-ist-der-zoll-und-welche-aufgaben-hat-er-in-deutschland\/\">\r\n            <i class=\"icon las la-arrow-right\"><\/i>\r\n         <\/a>\r\n      <\/div>\r\n   <\/div>\r\n   <a href=\"https:\/\/bosporus24.de\/fr\/was-ist-der-zoll-und-welche-aufgaben-hat-er-in-deutschland\/\" class=\"link-overlay\" aria-label=\"lien\"><\/a>\r\n<\/article>   \r\n\r\n  <\/div><div class=\"item-columns\">\r\n<article id=\"post-12494\" class=\"post post-style-2 post-12494 type-post status-publish format-standard hentry category-e-commerce category-wie-du-international-verkaufen-kannst-zoll\">\r\n   <div class=\"post-thumbnail\" style=\"background-image:url('');\"><\/div>   \r\n   <div class=\"entry-content\">\r\n      <div class=\"content-inner\">\r\n         <div class=\"entry-meta\">\r\n            <div class=\"left\"><img alt='' src='https:\/\/secure.gravatar.com\/avatar\/95a2e5166377aa753ecd728d437ce8e5e386c512f1ec06303b750a6b6fce1e08?s=160&#038;d=mm&#038;r=g' srcset='https:\/\/secure.gravatar.com\/avatar\/95a2e5166377aa753ecd728d437ce8e5e386c512f1ec06303b750a6b6fce1e08?s=320&#038;d=mm&#038;r=g 2x' class='avatar avatar-160 photo' height='160' width='160' \/><\/div><div class=\"right\"><span class=\"author vcard\"><i class=\"far fa-user-circle\"><\/i>by&nbsp;admin<\/span><span class=\"post-comment\"><i class=\"far fa-comments\"><\/i>0 commentaires<\/span><\/div>         <\/div> \r\n         <h2 class=\"entry-title\">\r\n            <a href=\"https:\/\/bosporus24.de\/fr\/wie-du-international-verkaufen-kannst-zoll-steuern-versand-einfach-erklaert\/\">Comment vendre \u00e0 l'international - Douanes, taxes, exp\u00e9dition expliqu\u00e9es simplement<\/a>\r\n         <\/h2>\r\n      <\/div>\r\n      <div class=\"read-more\">\r\n         <a href=\"https:\/\/bosporus24.de\/fr\/wie-du-international-verkaufen-kannst-zoll-steuern-versand-einfach-erklaert\/\">\r\n            <i class=\"icon las la-arrow-right\"><\/i>\r\n         <\/a>\r\n      <\/div>\r\n   <\/div>\r\n   <a href=\"https:\/\/bosporus24.de\/fr\/wie-du-international-verkaufen-kannst-zoll-steuern-versand-einfach-erklaert\/\" class=\"link-overlay\" aria-label=\"lien\"><\/a>\r\n<\/article>   \r\n\r\n  <\/div><div class=\"item-columns\">\r\n<article id=\"post-12489\" class=\"post post-style-2 post-12489 type-post status-publish format-standard hentry category-buerokratie-und-behoerdenwege-fuer-unternehmen category-rechtsformwahl-und-deren-buerokratische-folgen-z-b-gbr-vs-gmbh\">\r\n   <div class=\"post-thumbnail\" style=\"background-image:url('');\"><\/div>   \r\n   <div class=\"entry-content\">\r\n      <div class=\"content-inner\">\r\n         <div class=\"entry-meta\">\r\n            <div class=\"left\"><img alt='' src='https:\/\/secure.gravatar.com\/avatar\/95a2e5166377aa753ecd728d437ce8e5e386c512f1ec06303b750a6b6fce1e08?s=160&#038;d=mm&#038;r=g' srcset='https:\/\/secure.gravatar.com\/avatar\/95a2e5166377aa753ecd728d437ce8e5e386c512f1ec06303b750a6b6fce1e08?s=320&#038;d=mm&#038;r=g 2x' class='avatar avatar-160 photo' height='160' width='160' \/><\/div><div class=\"right\"><span class=\"author vcard\"><i class=\"far fa-user-circle\"><\/i>by&nbsp;admin<\/span><span class=\"post-comment\"><i class=\"far fa-comments\"><\/i>0 commentaires<\/span><\/div>         <\/div> \r\n         <h2 class=\"entry-title\">\r\n            <a href=\"https:\/\/bosporus24.de\/fr\/rechtsformwahl-und-deren-buerokratische-folgen-z-b-gbr-vs-gmbh\/\">Choix de la forme juridique et ses cons\u00e9quences bureaucratiques (p. ex. GbR vs. GmbH)<\/a>\r\n         <\/h2>\r\n      <\/div>\r\n      <div class=\"read-more\">\r\n         <a href=\"https:\/\/bosporus24.de\/fr\/rechtsformwahl-und-deren-buerokratische-folgen-z-b-gbr-vs-gmbh\/\">\r\n            <i class=\"icon las la-arrow-right\"><\/i>\r\n         <\/a>\r\n      <\/div>\r\n   <\/div>\r\n   <a href=\"https:\/\/bosporus24.de\/fr\/rechtsformwahl-und-deren-buerokratische-folgen-z-b-gbr-vs-gmbh\/\" class=\"link-overlay\" aria-label=\"lien\"><\/a>\r\n<\/article>   \r\n\r\n  <\/div><div class=\"item-columns\">\r\n<article id=\"post-12486\" class=\"post post-style-2 post-12486 type-post status-publish format-standard hentry category-buerokratie-und-behoerdenwege-fuer-unternehmen category-ust-idnr-co-was-du-vom-finanzamt-bekommst-und-brauchst\">\r\n   <div class=\"post-thumbnail\" style=\"background-image:url('');\"><\/div>   \r\n   <div class=\"entry-content\">\r\n      <div class=\"content-inner\">\r\n         <div class=\"entry-meta\">\r\n            <div class=\"left\"><img alt='' src='https:\/\/secure.gravatar.com\/avatar\/95a2e5166377aa753ecd728d437ce8e5e386c512f1ec06303b750a6b6fce1e08?s=160&#038;d=mm&#038;r=g' srcset='https:\/\/secure.gravatar.com\/avatar\/95a2e5166377aa753ecd728d437ce8e5e386c512f1ec06303b750a6b6fce1e08?s=320&#038;d=mm&#038;r=g 2x' class='avatar avatar-160 photo' height='160' width='160' \/><\/div><div class=\"right\"><span class=\"author vcard\"><i class=\"far fa-user-circle\"><\/i>by&nbsp;admin<\/span><span class=\"post-comment\"><i class=\"far fa-comments\"><\/i>0 commentaires<\/span><\/div>         <\/div> \r\n         <h2 class=\"entry-title\">\r\n            <a href=\"https:\/\/bosporus24.de\/fr\/steuernummer-ust-idnr-co-was-du-vom-finanzamt-bekommst-und-brauchst\/\">Num\u00e9ro fiscal, num\u00e9ro de TVA &amp; Co - ce que tu re\u00e7ois de l'administration fiscale et ce dont tu as besoin<\/a>\r\n         <\/h2>\r\n      <\/div>\r\n      <div class=\"read-more\">\r\n         <a href=\"https:\/\/bosporus24.de\/fr\/steuernummer-ust-idnr-co-was-du-vom-finanzamt-bekommst-und-brauchst\/\">\r\n            <i class=\"icon las la-arrow-right\"><\/i>\r\n         <\/a>\r\n      <\/div>\r\n   <\/div>\r\n   <a href=\"https:\/\/bosporus24.de\/fr\/steuernummer-ust-idnr-co-was-du-vom-finanzamt-bekommst-und-brauchst\/\" class=\"link-overlay\" aria-label=\"lien\"><\/a>\r\n<\/article>   \r\n\r\n  <\/div>\t\t  <\/div>\r\n\t\t<\/div>\r\n\t\t\t\t\t <div class=\"pagination\">\r\n\t\t\t\t  <div class=\"column one pager_wrapper\"><div class=\"pager\"><div class=\"paginations\"><a href=\"https:\/\/bosporus24.de\/fr\/wp-json\/wp\/v2\/pages\/54\/\" class=\"page-item active\">1<\/a><a href=\"https:\/\/bosporus24.de\/fr\/wp-json\/wp\/v2\/pages\/54\/page\/2\/\" class=\"page-item\">2<\/a><a href=\"https:\/\/bosporus24.de\/fr\/wp-json\/wp\/v2\/pages\/54\/page\/3\/\" class=\"page-item\">3<\/a><span class=\"page-item\">... <\/span><a href=\"https:\/\/bosporus24.de\/fr\/wp-json\/wp\/v2\/pages\/54\/page\/14\/\" class=\"page-item\">14<\/a><a class=\"next_page\" href=\"https:\/\/bosporus24.de\/fr\/wp-json\/wp\/v2\/pages\/54\/page\/2\/\"><i class=\"fas fa-chevron-right\"><\/i><\/a><\/div><\/div><\/div>\n\t\t\t <\/div>\r\n\t\t  <\/div>\r\n  <\/div>\t\t\t\t<\/div>\n\t\t\t\t<\/div>\n\t\t\t\t\t<\/div>\n\t\t<\/div>\n\t\t\t\t\t<\/div>\n\t\t<\/section>\n\t\t\t\t<section class=\"elementor-section elementor-top-section elementor-element elementor-element-680f48f2 elementor-section-boxed elementor-section-height-default elementor-section-height-default\" data-id=\"680f48f2\" data-element_type=\"section\" data-e-type=\"section\" data-settings=\"{&quot;background_background&quot;:&quot;classic&quot;}\">\n\t\t\t\t\t\t\t<div class=\"elementor-background-overlay\"><\/div>\n\t\t\t\t\t\t\t<div class=\"elementor-container elementor-column-gap-default\">\n\t\t\t\t\t<div class=\"elementor-column elementor-col-50 elementor-top-column elementor-element elementor-element-684db26c\" data-id=\"684db26c\" data-element_type=\"column\" data-e-type=\"column\">\n\t\t\t<div class=\"elementor-widget-wrap elementor-element-populated\">\n\t\t\t\t\t\t<section class=\"elementor-section elementor-inner-section elementor-element elementor-element-2800fe90 bg-overlay-2 elementor-section-boxed elementor-section-height-default elementor-section-height-default\" data-id=\"2800fe90\" data-element_type=\"section\" data-e-type=\"section\">\n\t\t\t\t\t\t\t<div class=\"elementor-background-overlay\"><\/div>\n\t\t\t\t\t\t\t<div class=\"elementor-container elementor-column-gap-default\">\n\t\t\t\t\t<div class=\"elementor-column elementor-col-100 elementor-inner-column elementor-element elementor-element-53248dda\" data-id=\"53248dda\" data-element_type=\"column\" data-e-type=\"column\">\n\t\t\t<div class=\"elementor-widget-wrap elementor-element-populated\">\n\t\t\t\t\t\t<div class=\"elementor-element elementor-element-14c08e43 elementor-widget elementor-widget-image\" data-id=\"14c08e43\" data-element_type=\"widget\" data-e-type=\"widget\" data-widget_type=\"image.default\">\n\t\t\t\t<div class=\"elementor-widget-container\">\n\t\t\t\t\t\t\t\t\t\t\t\t\t\t\t<img fetchpriority=\"high\" decoding=\"async\" width=\"370\" height=\"455\" src=\"https:\/\/bosporus24.de\/wp-content\/uploads\/2023\/08\/image-10.jpg\" class=\"elementor-animation-grow-rotate attachment-full size-full wp-image-238\" alt=\"\" \/>\t\t\t\t\t\t\t\t\t\t\t\t\t\t\t<\/div>\n\t\t\t\t<\/div>\n\t\t\t\t<div class=\"elementor-element elementor-element-70cde152 elementor-widget__width-auto elementor-absolute elementor-widget elementor-widget-image\" data-id=\"70cde152\" data-element_type=\"widget\" data-e-type=\"widget\" data-settings=\"{&quot;_position&quot;:&quot;absolute&quot;}\" data-widget_type=\"image.default\">\n\t\t\t\t<div class=\"elementor-widget-container\">\n\t\t\t\t\t\t\t\t\t\t\t\t\t\t\t<img decoding=\"async\" width=\"250\" height=\"328\" src=\"https:\/\/bosporus24.de\/wp-content\/uploads\/2023\/08\/image-11.jpg\" class=\"elementor-animation-grow-rotate attachment-full size-full wp-image-237\" alt=\"\" \/>\t\t\t\t\t\t\t\t\t\t\t\t\t\t\t<\/div>\n\t\t\t\t<\/div>\n\t\t\t\t\t<\/div>\n\t\t<\/div>\n\t\t\t\t\t<\/div>\n\t\t<\/section>\n\t\t\t\t\t<\/div>\n\t\t<\/div>\n\t\t\t\t<div class=\"elementor-column elementor-col-50 elementor-top-column elementor-element elementor-element-a38ed7c\" data-id=\"a38ed7c\" data-element_type=\"column\" data-e-type=\"column\">\n\t\t\t<div class=\"elementor-widget-wrap elementor-element-populated\">\n\t\t\t\t\t\t<div class=\"elementor-element elementor-element-9e96a5e elementor-widget elementor-widget-gva-heading-block\" data-id=\"9e96a5e\" data-element_type=\"widget\" data-e-type=\"widget\" data-widget_type=\"gva-heading-block.default\">\n\t\t\t\t<div class=\"elementor-widget-container\">\n\t\t\t\t\t<div class=\"gva-element-gva-heading-block gva-element\">   <div class=\"align-left style-1 widget gsc-heading box-align-left auto-responsive\">\r\n      <div class=\"content-inner\">\r\n         \r\n                  \r\n         <div class=\"sub-title\"><span class=\"tagline\">Listings benefits<\/span><\/div>  \r\n         \r\n                     <h2 class=\"title\">\r\n               <span>Pourquoi utiliser la plateforme lestin ?<\/span>\r\n            <\/h2>\r\n                  \r\n                     <div class=\"title-desc\">There are many variations of passages of available but the majority have suffered. Alteration sous une certaine forme, le lipsum est simplement du texte libre par humou inject\u00e9 ou des mots al\u00e9atoires m\u00eame croyables.<\/div>\r\n         \r\n         \r\n      <\/div>\r\n   <\/div>\r\n<\/div>\t\t\t\t<\/div>\n\t\t\t\t<\/div>\n\t\t\t\t<div class=\"elementor-element elementor-element-3d5a50a3 elementor-widget elementor-widget-gva-icon-box-styles\" data-id=\"3d5a50a3\" data-element_type=\"widget\" data-e-type=\"widget\" data-widget_type=\"gva-icon-box-styles.default\">\n\t\t\t\t<div class=\"elementor-widget-container\">\n\t\t\t\t\t<div class=\"gva-element-gva-icon-box-styles gva-element\">\r\n   \r\n         <div class=\"box-style-two__single\">\r\n         <div class=\"box-style-two__wrap\">\r\n            <div class=\"box-style-two__icon-wrap\">\r\n               <span class=\"box-style-two__icon\"><i aria-hidden=\"true\" class=\"gicon-booking\"><\/i><\/span>            <\/div>\r\n            <div class=\"box-style-two__content\">\r\n               <h3 class=\"box-style-two__title\">Benefit 01<\/h3><div class=\"box-style-two__desc\"> Easy &amp; Fast Listings<\/div>            <\/div>\r\n         <\/div> \r\n         <span class=\"box-style-two__arrow\"><i class=\"gicon-right-arrow-2\"><\/i><\/span>\r\n         \t\t  <a href=\"https:\/\/gaviaspreview.com\/wp\/lestin\/about\/\" class=\"link-overlay\">\r\n\t\t\t \t\t  <\/a>\r\n\t\t        <\/div>  \r\n   \r\n\r\n   <\/div>\t\t\t\t<\/div>\n\t\t\t\t<\/div>\n\t\t\t\t<div class=\"elementor-element elementor-element-316adecc elementor-widget elementor-widget-gva-icon-box-styles\" data-id=\"316adecc\" data-element_type=\"widget\" data-e-type=\"widget\" data-widget_type=\"gva-icon-box-styles.default\">\n\t\t\t\t<div class=\"elementor-widget-container\">\n\t\t\t\t\t<div class=\"gva-element-gva-icon-box-styles gva-element\">\r\n   \r\n         <div class=\"box-style-two__single\">\r\n         <div class=\"box-style-two__wrap\">\r\n            <div class=\"box-style-two__icon-wrap\">\r\n               <span class=\"box-style-two__icon\"><i aria-hidden=\"true\" class=\"gicon-locations\"><\/i><\/span>            <\/div>\r\n            <div class=\"box-style-two__content\">\r\n               <h3 class=\"box-style-two__title\">Benefit 02<\/h3><div class=\"box-style-two__desc\">De nombreux lieux diff\u00e9rents<\/div>            <\/div>\r\n         <\/div> \r\n         <span class=\"box-style-two__arrow\"><i class=\"gicon-right-arrow-2\"><\/i><\/span>\r\n         \t\t  <a href=\"https:\/\/gaviaspreview.com\/wp\/lestin\/about\/\" class=\"link-overlay\">\r\n\t\t\t \t\t  <\/a>\r\n\t\t        <\/div>  \r\n   \r\n\r\n   <\/div>\t\t\t\t<\/div>\n\t\t\t\t<\/div>\n\t\t\t\t\t<\/div>\n\t\t<\/div>\n\t\t\t\t\t<\/div>\n\t\t<\/section>\n\t\t\t\t<\/div>","protected":false},"excerpt":{"rendered":"<p>Top 8 Amazing Places to Stay in California Home by&nbsp;admin0 comments Things to see and do when visiting New York by&nbsp;admin0 comments A place where start new life with adventure [&hellip;]<\/p>\n","protected":false},"author":1,"featured_media":0,"parent":0,"menu_order":0,"comment_status":"closed","ping_status":"closed","template":"","meta":{"footnotes":""},"class_list":["post-54","page","type-page","status-publish","hentry"],"_links":{"self":[{"href":"https:\/\/bosporus24.de\/fr\/wp-json\/wp\/v2\/pages\/54","targetHints":{"allow":["GET"]}}],"collection":[{"href":"https:\/\/bosporus24.de\/fr\/wp-json\/wp\/v2\/pages"}],"about":[{"href":"https:\/\/bosporus24.de\/fr\/wp-json\/wp\/v2\/types\/page"}],"author":[{"embeddable":true,"href":"https:\/\/bosporus24.de\/fr\/wp-json\/wp\/v2\/users\/1"}],"replies":[{"embeddable":true,"href":"https:\/\/bosporus24.de\/fr\/wp-json\/wp\/v2\/comments?post=54"}],"version-history":[{"count":0,"href":"https:\/\/bosporus24.de\/fr\/wp-json\/wp\/v2\/pages\/54\/revisions"}],"wp:attachment":[{"href":"https:\/\/bosporus24.de\/fr\/wp-json\/wp\/v2\/media?parent=54"}],"curies":[{"name":"wp","href":"https:\/\/api.w.org\/{rel}","templated":true}]}}