{"id":56,"date":"2023-07-21T02:01:10","date_gmt":"2023-07-21T02:01:10","guid":{"rendered":"https:\/\/gaviaspreview.com\/wp\/lestin\/?page_id=56"},"modified":"2025-02-15T14:49:18","modified_gmt":"2025-02-15T14:49:18","slug":"our-member","status":"publish","type":"page","link":"https:\/\/bosporus24.de\/fr\/our-member\/","title":{"rendered":"Notre fondateur"},"content":{"rendered":"<div data-elementor-type=\"wp-page\" data-elementor-id=\"56\" class=\"elementor elementor-56\">\n\t\t\t\t\t\t<section class=\"elementor-section elementor-top-section elementor-element elementor-element-41677c0 elementor-section-boxed elementor-section-height-default elementor-section-height-default\" data-id=\"41677c0\" data-element_type=\"section\" data-e-type=\"section\" data-settings=\"{&quot;background_background&quot;:&quot;classic&quot;}\">\n\t\t\t\t\t\t\t<div class=\"elementor-background-overlay\"><\/div>\n\t\t\t\t\t\t\t<div class=\"elementor-container elementor-column-gap-default\">\n\t\t\t\t\t<div class=\"elementor-column elementor-col-100 elementor-top-column elementor-element elementor-element-5e60da7\" data-id=\"5e60da7\" data-element_type=\"column\" data-e-type=\"column\">\n\t\t\t<div class=\"elementor-widget-wrap elementor-element-populated\">\n\t\t\t\t\t\t<div class=\"elementor-element elementor-element-b463655 elementor-widget elementor-widget-gva-heading-block\" data-id=\"b463655\" data-element_type=\"widget\" data-e-type=\"widget\" data-widget_type=\"gva-heading-block.default\">\n\t\t\t\t<div class=\"elementor-widget-container\">\n\t\t\t\t\t<div class=\"gva-element-gva-heading-block gva-element\">   <div class=\"align-center style-1 widget gsc-heading box-align-left auto-responsive\">\r\n      <div class=\"content-inner\">\r\n         \r\n                  \r\n           \r\n         \r\n                     <h2 class=\"title\">\r\n               <span>Notre fondateur\n<\/span>\r\n            <\/h2>\r\n                  \r\n                     <div class=\"title-desc\">Home &gt; Notre fondateur\n<\/div>\r\n         \r\n         \r\n      <\/div>\r\n   <\/div>\r\n<\/div>\t\t\t\t<\/div>\n\t\t\t\t<\/div>\n\t\t\t\t\t<\/div>\n\t\t<\/div>\n\t\t\t\t\t<\/div>\n\t\t<\/section>\n\t\t\t\t<section class=\"elementor-section elementor-top-section elementor-element elementor-element-60a58bb2 elementor-section-boxed elementor-section-height-default elementor-section-height-default\" data-id=\"60a58bb2\" data-element_type=\"section\" data-e-type=\"section\">\n\t\t\t\t\t\t<div class=\"elementor-container elementor-column-gap-default\">\n\t\t\t\t\t<div class=\"elementor-column elementor-col-50 elementor-top-column elementor-element elementor-element-67408320\" data-id=\"67408320\" data-element_type=\"column\" data-e-type=\"column\" data-settings=\"{&quot;background_background&quot;:&quot;classic&quot;}\">\n\t\t\t<div class=\"elementor-widget-wrap elementor-element-populated\">\n\t\t\t\t\t\t<div class=\"elementor-element elementor-element-629e818a elementor-widget elementor-widget-spacer\" data-id=\"629e818a\" data-element_type=\"widget\" data-e-type=\"widget\" data-widget_type=\"spacer.default\">\n\t\t\t\t<div class=\"elementor-widget-container\">\n\t\t\t\t\t\t\t<div class=\"elementor-spacer\">\n\t\t\t<div class=\"elementor-spacer-inner\"><\/div>\n\t\t<\/div>\n\t\t\t\t\t\t<\/div>\n\t\t\t\t<\/div>\n\t\t\t\t\t<\/div>\n\t\t<\/div>\n\t\t\t\t<div class=\"elementor-column elementor-col-50 elementor-top-column elementor-element elementor-element-4b032acc\" data-id=\"4b032acc\" data-element_type=\"column\" data-e-type=\"column\" data-settings=\"{&quot;background_background&quot;:&quot;classic&quot;}\">\n\t\t\t<div class=\"elementor-widget-wrap elementor-element-populated\">\n\t\t\t\t\t\t<div class=\"elementor-element elementor-element-499f2e3 elementor-widget elementor-widget-gva-heading-block\" data-id=\"499f2e3\" data-element_type=\"widget\" data-e-type=\"widget\" data-widget_type=\"gva-heading-block.default\">\n\t\t\t\t<div class=\"elementor-widget-container\">\n\t\t\t\t\t<div class=\"gva-element-gva-heading-block gva-element\">   <div class=\"align-left style-1 widget gsc-heading box-align-left auto-responsive\">\r\n      <div class=\"content-inner\">\r\n         \r\n                  \r\n           \r\n         \r\n                     <h2 class=\"title\">\r\n               <span>Notre fondateur\n<\/span>\r\n            <\/h2>\r\n                  \r\n                     <div class=\"title-desc\">Aziz Sevindik, le fondateur et propri\u00e9taire de notre entreprise, est actif depuis plus de 30 ans en Allemagne, en Europe, en Turquie, au Moyen-Orient, en Russie, en Asie, au Maroc et en Afrique du Nord. Outre sa vaste exp\u00e9rience dans diff\u00e9rents secteurs tels que la construction, la sant\u00e9, la chimie, la publicit\u00e9, le marketing, les logiciels, le conseil et la gestion des ressources humaines, il entretient \u00e9galement des liens politiques et favorise les relations commerciales dans ces r\u00e9gions.\n\nAvec Bosporus24, l'entreprise qu'il a cr\u00e9\u00e9e, il r\u00e9unit acheteurs et vendeurs et met en place un r\u00e9seau mondial qui relie et renforce le commerce international.<\/div>\r\n         \r\n         \r\n      <\/div>\r\n   <\/div>\r\n<\/div>\t\t\t\t<\/div>\n\t\t\t\t<\/div>\n\t\t\t\t\t<\/div>\n\t\t<\/div>\n\t\t\t\t\t<\/div>\n\t\t<\/section>\n\t\t\t\t<\/div>","protected":false},"excerpt":{"rendered":"<p>Unser Gr\u00fcnder Home &gt; Unser Gr\u00fcnder Unser Gr\u00fcnder Aziz Sevindik, der Gr\u00fcnder und Eigent\u00fcmer unseres Unternehmens, ist seit \u00fcber 30 Jahren in Deutschland, Europa, der T\u00fcrkei, dem Nahen Osten, Russland, [&hellip;]<\/p>\n","protected":false},"author":1,"featured_media":0,"parent":0,"menu_order":0,"comment_status":"closed","ping_status":"closed","template":"","meta":{"footnotes":""},"class_list":["post-56","page","type-page","status-publish","hentry"],"_links":{"self":[{"href":"https:\/\/bosporus24.de\/fr\/wp-json\/wp\/v2\/pages\/56","targetHints":{"allow":["GET"]}}],"collection":[{"href":"https:\/\/bosporus24.de\/fr\/wp-json\/wp\/v2\/pages"}],"about":[{"href":"https:\/\/bosporus24.de\/fr\/wp-json\/wp\/v2\/types\/page"}],"author":[{"embeddable":true,"href":"https:\/\/bosporus24.de\/fr\/wp-json\/wp\/v2\/users\/1"}],"replies":[{"embeddable":true,"href":"https:\/\/bosporus24.de\/fr\/wp-json\/wp\/v2\/comments?post=56"}],"version-history":[{"count":7,"href":"https:\/\/bosporus24.de\/fr\/wp-json\/wp\/v2\/pages\/56\/revisions"}],"predecessor-version":[{"id":11969,"href":"https:\/\/bosporus24.de\/fr\/wp-json\/wp\/v2\/pages\/56\/revisions\/11969"}],"wp:attachment":[{"href":"https:\/\/bosporus24.de\/fr\/wp-json\/wp\/v2\/media?parent=56"}],"curies":[{"name":"wp","href":"https:\/\/api.w.org\/{rel}","templated":true}]}}