{"id":64,"date":"2023-07-21T02:02:53","date_gmt":"2023-07-21T02:02:53","guid":{"rendered":"https:\/\/gaviaspreview.com\/wp\/lestin\/?page_id=64"},"modified":"2025-03-24T08:48:47","modified_gmt":"2025-03-24T08:48:47","slug":"post-a-listing","status":"publish","type":"page","link":"https:\/\/bosporus24.de\/fr\/post-a-listing\/","title":{"rendered":"Post a Listing"},"content":{"rendered":"<form method=\"post\" class=\"select-lt-submit-package\" action=\"\">\r\n                     <div class=\"job_listing_packages_title\">\r\n               <input type=\"hidden\" name=\"job_id\" value=\"0\" \/>\r\n               <input type=\"hidden\" name=\"step\" value=\"0\" \/>\r\n               <input type=\"hidden\" name=\"job_manager_form\" value=\"submit-job\" \/>\r\n               <h2>Choisir un package<\/h2>\r\n            <\/div>\r\n            <div class=\"job_listing_types\">\r\n               <div id=\"job-manager-job-dashboard\" style=\"padding:0;margin: 0 0 35px;\">\r\n                  <div class=\"alert alert-warning\">Vous n'avez pas de pack disponible, vous pouvez acheter Pack Listing<\/div>               <\/div>   \r\n\r\n                                 <div class=\"widget widget-packages\">\r\n                     <div class=\"row\">\r\n                                                   <div class=\"col-xl-4 col-md-6 col-sm-6 col-xs-12\">\r\n                              <div class=\"package-block\">\r\n                                 <div class=\"product-block-inner clearfix\">\r\n                                    <div class=\"package-top\">\r\n                                       <h3 class=\"title\">Paquet standard (\u20ac1.990\/an)<\/h3>\r\n                                       <div class=\"package-price\">\r\n                                          <span class=\"price\"><span class=\"woocommerce-Price-amount amount\"><bdi>1.990,00&nbsp;<span class=\"woocommerce-Price-currencySymbol\">\u20ac<\/span><\/bdi><\/span><\/span>                                       <\/div>\r\n                                       <div class=\"desc\">\r\n                                          Pr\u00e9sentation professionnelle                                       <\/div>   \r\n                                    <\/div>\r\n\r\n                                    <div class=\"package-content\">\r\n                                       <div class=\"content-inner\">\r\n                                          \u2705 5 produits\/services avec images et descriptions\r\n\u2705 Description \u00e9tendue de l'entreprise (jusqu'\u00e0 1.000 caract\u00e8res)\r\n\u2705 Optimisation SEO pour un meilleur r\u00e9f\u00e9rencement sur Google\r\n\u2705 Statistiques sur les consultations de profil et les demandes de renseignements\r\n\u2705 Possibilit\u00e9 d'int\u00e9grer une vid\u00e9o d'entreprise (YouTube\/Vimeo)\r\n\u2705 \u00c9valuations et critiques par les clients\r\n\u2705 Lien direct vers le site web de l'entreprise\r\n\u274c Pas de publicit\u00e9 dans le blog ou la newsletter\r\n\u274c Pas de placement pr\u00e9f\u00e9rentiel   \r\n                                          <div class=\"add-to-cart\">\r\n                                             <button class=\"btn-theme\" type=\"submit\" name=\"wc_lt_job_package\" value=\"246\" id=\"package-246\">\r\n                                                Commencer                                             <\/button>\r\n                                          <\/div> \r\n                                       <\/div>   \r\n                                    <\/div>\r\n                                 <\/div>\r\n                              <\/div>\r\n\r\n                           <\/div>\r\n                                                   <div class=\"col-xl-4 col-md-6 col-sm-6 col-xs-12\">\r\n                              <div class=\"package-block\">\r\n                                 <div class=\"product-block-inner clearfix\">\r\n                                    <div class=\"package-top\">\r\n                                       <h3 class=\"title\">Paquet Premium (\u20ac4.990\/an)<\/h3>\r\n                                       <div class=\"package-price\">\r\n                                          <span class=\"price\"><span class=\"woocommerce-Price-amount amount\"><bdi>4.990,00&nbsp;<span class=\"woocommerce-Price-currencySymbol\">\u20ac<\/span><\/bdi><\/span><\/span>                                       <\/div>\r\n                                       <div class=\"desc\">\r\n                                          Plus de port\u00e9e et de visibilit\u00e9                                       <\/div>   \r\n                                    <\/div>\r\n\r\n                                    <div class=\"package-content\">\r\n                                       <div class=\"content-inner\">\r\n                                          \u2705 15 produits\/services avec images et descriptions\r\n\u2705 Optimisation SEO avanc\u00e9e pour un meilleur classement sur Google\r\n\u2705 1x par an mention dans la newsletter\r\n\u2705 1x par an article court ou mention dans le blog (par ex. \"Entreprise du mois\")\r\n\u2705 Positionnement pr\u00e9f\u00e9rentiel dans les r\u00e9sultats de recherche\r\n\u2705 Syst\u00e8me d'\u00e9valuation avanc\u00e9 avec feedback des clients\r\n\u2705 Statistiques d\u00e9taill\u00e9es et outils d'analyse   \r\n                                          <div class=\"add-to-cart\">\r\n                                             <button class=\"btn-theme\" type=\"submit\" name=\"wc_lt_job_package\" value=\"247\" id=\"package-247\">\r\n                                                Commencer                                             <\/button>\r\n                                          <\/div> \r\n                                       <\/div>   \r\n                                    <\/div>\r\n                                 <\/div>\r\n                              <\/div>\r\n\r\n                           <\/div>\r\n                                                   <div class=\"col-xl-4 col-md-6 col-sm-6 col-xs-12\">\r\n                              <div class=\"package-block\">\r\n                                 <div class=\"product-block-inner clearfix\">\r\n                                    <div class=\"package-top\">\r\n                                       <h3 class=\"title\">Paquet exclusif (\u20ac9.990\/an)<\/h3>\r\n                                       <div class=\"package-price\">\r\n                                          <span class=\"price\"><span class=\"woocommerce-Price-amount amount\"><bdi>9.990,00&nbsp;<span class=\"woocommerce-Price-currencySymbol\">\u20ac<\/span><\/bdi><\/span><\/span>                                       <\/div>\r\n                                       <div class=\"desc\">\r\n                                          Plus de port\u00e9e et de visibilit\u00e9                                       <\/div>   \r\n                                    <\/div>\r\n\r\n                                    <div class=\"package-content\">\r\n                                       <div class=\"content-inner\">\r\n                                          \u2705 Nombre illimit\u00e9 de produits\/services\r\n\u2705 Meilleur positionnement dans les r\u00e9sultats de recherche (visibilit\u00e9 de premi\u00e8re classe)\r\n\u2705 Possibilit\u00e9s publicitaires exclusives :\r\n2x par an article publicitaire ou interview dans le blog\r\n2x par an placement dans la newsletter\r\n1 mois banni\u00e8re publicitaire sur la page d'accueil\r\n\u2705 Promotion sur les m\u00e9dias sociaux (2x par an LinkedIn, Facebook, Instagram)\r\n\u2705 Participation \u00e0 des \u00e9v\u00e9nements d'entreprise ou \u00e0 des webinaires\r\n\u2705 Conseil individuel pour optimiser le profil de l'entreprise   \r\n                                          <div class=\"add-to-cart\">\r\n                                             <button class=\"btn-theme\" type=\"submit\" name=\"wc_lt_job_package\" value=\"12471\" id=\"package-12471\">\r\n                                                Commencer                                             <\/button>\r\n                                          <\/div> \r\n                                       <\/div>   \r\n                                    <\/div>\r\n                                 <\/div>\r\n                              <\/div>\r\n\r\n                           <\/div>\r\n                                             <\/div>\r\n                  <\/div>\r\n               \r\n\r\n            <\/div>\r\n               <input type=\"hidden\" name=\"trp-form-language\" value=\"fr\"\/><\/form>","protected":false},"excerpt":{"rendered":"","protected":false},"author":1,"featured_media":0,"parent":0,"menu_order":0,"comment_status":"closed","ping_status":"closed","template":"","meta":{"footnotes":""},"class_list":["post-64","page","type-page","status-publish","hentry"],"_links":{"self":[{"href":"https:\/\/bosporus24.de\/fr\/wp-json\/wp\/v2\/pages\/64","targetHints":{"allow":["GET"]}}],"collection":[{"href":"https:\/\/bosporus24.de\/fr\/wp-json\/wp\/v2\/pages"}],"about":[{"href":"https:\/\/bosporus24.de\/fr\/wp-json\/wp\/v2\/types\/page"}],"author":[{"embeddable":true,"href":"https:\/\/bosporus24.de\/fr\/wp-json\/wp\/v2\/users\/1"}],"replies":[{"embeddable":true,"href":"https:\/\/bosporus24.de\/fr\/wp-json\/wp\/v2\/comments?post=64"}],"version-history":[{"count":1,"href":"https:\/\/bosporus24.de\/fr\/wp-json\/wp\/v2\/pages\/64\/revisions"}],"predecessor-version":[{"id":12470,"href":"https:\/\/bosporus24.de\/fr\/wp-json\/wp\/v2\/pages\/64\/revisions\/12470"}],"wp:attachment":[{"href":"https:\/\/bosporus24.de\/fr\/wp-json\/wp\/v2\/media?parent=64"}],"curies":[{"name":"wp","href":"https:\/\/api.w.org\/{rel}","templated":true}]}}