{"id":66,"date":"2023-07-21T02:03:15","date_gmt":"2023-07-21T02:03:15","guid":{"rendered":"https:\/\/gaviaspreview.com\/wp\/lestin\/?page_id=66"},"modified":"2025-06-23T13:23:00","modified_gmt":"2025-06-23T13:23:00","slug":"pricing","status":"publish","type":"page","link":"https:\/\/bosporus24.de\/fr\/pricing\/","title":{"rendered":"Tarification"},"content":{"rendered":"<div data-elementor-type=\"wp-page\" data-elementor-id=\"66\" class=\"elementor elementor-66\">\n\t\t\t\t\t\t<section class=\"elementor-section elementor-top-section elementor-element elementor-element-5f57e24 elementor-section-boxed elementor-section-height-default elementor-section-height-default\" data-id=\"5f57e24\" data-element_type=\"section\" data-e-type=\"section\" data-settings=\"{&quot;background_background&quot;:&quot;classic&quot;}\">\n\t\t\t\t\t\t\t<div class=\"elementor-background-overlay\"><\/div>\n\t\t\t\t\t\t\t<div class=\"elementor-container elementor-column-gap-default\">\n\t\t\t\t\t<div class=\"elementor-column elementor-col-100 elementor-top-column elementor-element elementor-element-49e7bca\" data-id=\"49e7bca\" data-element_type=\"column\" data-e-type=\"column\">\n\t\t\t<div class=\"elementor-widget-wrap elementor-element-populated\">\n\t\t\t\t\t\t<div class=\"elementor-element elementor-element-7b6decd elementor-widget elementor-widget-gva-heading-block\" data-id=\"7b6decd\" data-element_type=\"widget\" data-e-type=\"widget\" data-widget_type=\"gva-heading-block.default\">\n\t\t\t\t<div class=\"elementor-widget-container\">\n\t\t\t\t\t<div class=\"gva-element-gva-heading-block gva-element\">   <div class=\"align-center style-1 widget gsc-heading box-align-left auto-responsive\">\r\n      <div class=\"content-inner\">\r\n         \r\n                  \r\n           \r\n         \r\n                     <h2 class=\"title\">\r\n               <span>Prix<\/span>\r\n            <\/h2>\r\n                  \r\n                     <div class=\"title-desc\">Accueil &gt; Tarifs<\/div>\r\n         \r\n         \r\n      <\/div>\r\n   <\/div>\r\n<\/div>\t\t\t\t<\/div>\n\t\t\t\t<\/div>\n\t\t\t\t\t<\/div>\n\t\t<\/div>\n\t\t\t\t\t<\/div>\n\t\t<\/section>\n\t\t\t\t<section class=\"elementor-section elementor-top-section elementor-element elementor-element-3732fd2 elementor-section-boxed elementor-section-height-default elementor-section-height-default\" data-id=\"3732fd2\" data-element_type=\"section\" data-e-type=\"section\">\n\t\t\t\t\t\t<div class=\"elementor-container elementor-column-gap-default\">\n\t\t\t\t\t<div class=\"elementor-column elementor-col-50 elementor-top-column elementor-element elementor-element-9da0427\" data-id=\"9da0427\" data-element_type=\"column\" data-e-type=\"column\">\n\t\t\t<div class=\"elementor-widget-wrap elementor-element-populated\">\n\t\t\t\t\t\t<div class=\"elementor-element elementor-element-3e2a55e elementor-widget elementor-widget-gva-heading-block\" data-id=\"3e2a55e\" data-element_type=\"widget\" data-e-type=\"widget\" data-widget_type=\"gva-heading-block.default\">\n\t\t\t\t<div class=\"elementor-widget-container\">\n\t\t\t\t\t<div class=\"gva-element-gva-heading-block gva-element\">   <div class=\"align-left style-1 widget gsc-heading box-align-left auto-responsive\">\r\n      <div class=\"content-inner\">\r\n         \r\n                  \r\n         <div class=\"sub-title\"><span class=\"tagline\">Prix abordable<\/span><\/div>  \r\n         \r\n                     <h2 class=\"title\">\r\n               <span>Choisissez notre forfait<\/span>\r\n            <\/h2>\r\n                  \r\n         \r\n         \r\n      <\/div>\r\n   <\/div>\r\n<\/div>\t\t\t\t<\/div>\n\t\t\t\t<\/div>\n\t\t\t\t\t<\/div>\n\t\t<\/div>\n\t\t\t\t<div class=\"elementor-column elementor-col-50 elementor-top-column elementor-element elementor-element-a69d778 elementor-hidden-mobile\" data-id=\"a69d778\" data-element_type=\"column\" data-e-type=\"column\">\n\t\t\t<div class=\"elementor-widget-wrap\">\n\t\t\t\t\t\t\t<\/div>\n\t\t<\/div>\n\t\t\t\t\t<\/div>\n\t\t<\/section>\n\t\t\t\t<section class=\"elementor-section elementor-top-section elementor-element elementor-element-baab533 elementor-section-boxed elementor-section-height-default elementor-section-height-default\" data-id=\"baab533\" data-element_type=\"section\" data-e-type=\"section\">\n\t\t\t\t\t\t<div class=\"elementor-container elementor-column-gap-default\">\n\t\t\t\t\t<div class=\"elementor-column elementor-col-33 elementor-top-column elementor-element elementor-element-5b09956\" data-id=\"5b09956\" data-element_type=\"column\" data-e-type=\"column\">\n\t\t\t<div class=\"elementor-widget-wrap elementor-element-populated\">\n\t\t\t\t\t\t<div class=\"elementor-element elementor-element-21ad195 elementor-widget elementor-widget-gva-pricing-block\" data-id=\"21ad195\" data-element_type=\"widget\" data-e-type=\"widget\" data-widget_type=\"gva-pricing-block.default\">\n\t\t\t\t<div class=\"elementor-widget-container\">\n\t\t\t\t\t<div class=\"gva-element-gva-pricing-block gva-element\">   \r\n<div class=\"widget gsc-pricing style-1 active-no\">\r\n   <div class=\"content-inner\">\r\n\r\n      \r\n               <h3 class=\"title\">\r\n            <span>Paquet standard<\/span>\r\n         <\/h3>\r\n      \r\n      <div class=\"plan-price\">\r\n         <div class=\"plan-price-inner clearfix\">\r\n            <span class=\"currency\">\u20ac<\/span>\r\n            <span class=\"price\">1.990<\/span>\r\n                           <span class=\"interval\">\/ an<\/span>\r\n               \r\n         <\/div>\r\n      <\/div>\r\n\r\n      <div class=\"desc\">Pr\u00e9sentation professionnelle<\/div>\r\n               <ul class=\"plan-list\">\r\n                           <li class=\"active\">\r\n                  <span class=\"text\">5 produits \/ services avec images et descriptions<\/span>\r\n               <\/li>  \r\n                           <li class=\"active\">\r\n                  <span class=\"text\">Description \u00e9tendue de l'entreprise (jusqu'\u00e0 1.000 caract\u00e8res)<\/span>\r\n               <\/li>  \r\n                           <li class=\"active\">\r\n                  <span class=\"text\">Statistiques sur les consultations de profils et les demandes<\/span>\r\n               <\/li>  \r\n                           <li class=\"active\">\r\n                  <span class=\"text\">Possibilit\u00e9 d'int\u00e9grer une vid\u00e9o d'entreprise (YouTube \/ Vimeo)<\/span>\r\n               <\/li>  \r\n                           <li class=\"active\">\r\n                  <span class=\"text\">\u00c9valuations et critiques par les clients<\/span>\r\n               <\/li>  \r\n                           <li class=\"active\">\r\n                  <span class=\"text\">Lien direct vers le site web de l'entreprise<\/span>\r\n               <\/li>  \r\n                           <li class=\"no-active\">\r\n                  <span class=\"text\">Pas de publicit\u00e9 dans le blog ou la newsletter<\/span>\r\n               <\/li>  \r\n                           <li class=\"no-active\">\r\n                  <span class=\"text\">Pas de placement pr\u00e9f\u00e9rentiel<\/span>\r\n               <\/li>  \r\n                     <\/ul>\r\n         \r\n\r\n\r\n               <div class=\"pricing-action\">\r\n            \t\t  <a href=\"https:\/\/bosporus24.de\/fr\/product\/standard-paket-e1-990-jahr\/\" class=\"btn-theme\">\r\n\t\t\t <span>Plan Select<\/span>\r\n\t\t  <\/a>\r\n\r\n\t\t           <\/div>\r\n         <\/div>\r\n<\/div>\r\n\r\n<div class=\"clearfix\"><\/div>\r\n\r\n<\/div>\t\t\t\t<\/div>\n\t\t\t\t<\/div>\n\t\t\t\t\t<\/div>\n\t\t<\/div>\n\t\t\t\t<div class=\"elementor-column elementor-col-33 elementor-top-column elementor-element elementor-element-3d5b193\" data-id=\"3d5b193\" data-element_type=\"column\" data-e-type=\"column\">\n\t\t\t<div class=\"elementor-widget-wrap elementor-element-populated\">\n\t\t\t\t\t\t<div class=\"elementor-element elementor-element-7599469 elementor-widget elementor-widget-gva-pricing-block\" data-id=\"7599469\" data-element_type=\"widget\" data-e-type=\"widget\" data-widget_type=\"gva-pricing-block.default\">\n\t\t\t\t<div class=\"elementor-widget-container\">\n\t\t\t\t\t<div class=\"gva-element-gva-pricing-block gva-element\">   \r\n<div class=\"widget gsc-pricing style-1 active-no\">\r\n   <div class=\"content-inner\">\r\n\r\n      \r\n               <h3 class=\"title\">\r\n            <span>Paquet Premium<\/span>\r\n         <\/h3>\r\n      \r\n      <div class=\"plan-price\">\r\n         <div class=\"plan-price-inner clearfix\">\r\n            <span class=\"currency\">\u20ac<\/span>\r\n            <span class=\"price\">4.990<\/span>\r\n                           <span class=\"interval\">\/ an<\/span>\r\n               \r\n         <\/div>\r\n      <\/div>\r\n\r\n      <div class=\"desc\">Plus de port\u00e9e et de visibilit\u00e9<\/div>\r\n               <ul class=\"plan-list\">\r\n                           <li class=\"active\">\r\n                  <span class=\"text\">15 produits\/services avec photos et descriptions<\/span>\r\n               <\/li>  \r\n                           <li class=\"active\">\r\n                  <span class=\"text\">Mention dans la newsletter 1x par an<\/span>\r\n               <\/li>  \r\n                           <li class=\"active\">\r\n                  <span class=\"text\">1x par an, article court ou mention dans le blog (p. ex. \"Entreprise du mois\")<\/span>\r\n               <\/li>  \r\n                           <li class=\"active\">\r\n                  <span class=\"text\">Positionnement pr\u00e9f\u00e9rentiel dans les r\u00e9sultats de recherche<\/span>\r\n               <\/li>  \r\n                           <li class=\"active\">\r\n                  <span class=\"text\">Syst\u00e8me d'\u00e9valuation avanc\u00e9 avec feedback des clients<\/span>\r\n               <\/li>  \r\n                           <li class=\"active\">\r\n                  <span class=\"text\">Statistiques d\u00e9taill\u00e9es et outils d'analyse<\/span>\r\n               <\/li>  \r\n                     <\/ul>\r\n         \r\n\r\n\r\n               <div class=\"pricing-action\">\r\n            \t\t  <a href=\"https:\/\/bosporus24.de\/fr\/product\/premium-paket-e4-990-jahr\/\" class=\"btn-theme\">\r\n\t\t\t <span>Plan Select<\/span>\r\n\t\t  <\/a>\r\n\r\n\t\t           <\/div>\r\n         <\/div>\r\n<\/div>\r\n\r\n<div class=\"clearfix\"><\/div>\r\n\r\n<\/div>\t\t\t\t<\/div>\n\t\t\t\t<\/div>\n\t\t\t\t\t<\/div>\n\t\t<\/div>\n\t\t\t\t<div class=\"elementor-column elementor-col-33 elementor-top-column elementor-element elementor-element-ca01899\" data-id=\"ca01899\" data-element_type=\"column\" data-e-type=\"column\">\n\t\t\t<div class=\"elementor-widget-wrap elementor-element-populated\">\n\t\t\t\t\t\t<div class=\"elementor-element elementor-element-2bf4ec9 elementor-widget elementor-widget-gva-pricing-block\" data-id=\"2bf4ec9\" data-element_type=\"widget\" data-e-type=\"widget\" data-widget_type=\"gva-pricing-block.default\">\n\t\t\t\t<div class=\"elementor-widget-container\">\n\t\t\t\t\t<div class=\"gva-element-gva-pricing-block gva-element\">   \r\n<div class=\"widget gsc-pricing style-1 active-no\">\r\n   <div class=\"content-inner\">\r\n\r\n      \r\n               <h3 class=\"title\">\r\n            <span>Paquet exclusif<\/span>\r\n         <\/h3>\r\n      \r\n      <div class=\"plan-price\">\r\n         <div class=\"plan-price-inner clearfix\">\r\n            <span class=\"currency\">\u20ac<\/span>\r\n            <span class=\"price\">9.990<\/span>\r\n                           <span class=\"interval\">\/ an<\/span>\r\n               \r\n         <\/div>\r\n      <\/div>\r\n\r\n      <div class=\"desc\"> Publicit\u00e9 &amp; visibilit\u00e9 maximales<\/div>\r\n               <ul class=\"plan-list\">\r\n                           <li class=\"active\">\r\n                  <span class=\"text\">Nombre illimit\u00e9 de produits\/services<\/span>\r\n               <\/li>  \r\n                           <li class=\"active\">\r\n                  <span class=\"text\">Meilleur positionnement dans les r\u00e9sultats de recherche (visibilit\u00e9 de premi\u00e8re classe)<\/span>\r\n               <\/li>  \r\n                           <li class=\"active\">\r\n                  <span class=\"text\">Des possibilit\u00e9s de publicit\u00e9 exclusives : \t<br>- 2x par an article publicitaire ou interview dans le blog \t<br>- 2x par an Placement dans la newsletter \t<br>- 1 mois de banni\u00e8re publicitaire sur la page d'accueil<\/span>\r\n               <\/li>  \r\n                           <li class=\"active\">\r\n                  <span class=\"text\">Promotion sur les r\u00e9seaux sociaux (2x par an LinkedIn, Facebook, Instagram)<\/span>\r\n               <\/li>  \r\n                           <li class=\"active\">\r\n                  <span class=\"text\">Participation \u00e0 des \u00e9v\u00e9nements d'entreprise ou \u00e0 des webinaires<\/span>\r\n               <\/li>  \r\n                           <li class=\"active\">\r\n                  <span class=\"text\">Conseil individuel pour optimiser le profil de l'entreprise<\/span>\r\n               <\/li>  \r\n                     <\/ul>\r\n         \r\n\r\n\r\n               <div class=\"pricing-action\">\r\n            \t\t  <a href=\"https:\/\/bosporus24.de\/fr\/product\/exklusiv-paket-e9-990-jahr\/\" class=\"btn-theme\">\r\n\t\t\t <span>Plan Select<\/span>\r\n\t\t  <\/a>\r\n\r\n\t\t           <\/div>\r\n         <\/div>\r\n<\/div>\r\n\r\n<div class=\"clearfix\"><\/div>\r\n\r\n<\/div>\t\t\t\t<\/div>\n\t\t\t\t<\/div>\n\t\t\t\t\t<\/div>\n\t\t<\/div>\n\t\t\t\t\t<\/div>\n\t\t<\/section>\n\t\t\t\t<section class=\"elementor-section elementor-top-section elementor-element elementor-element-ab3bb0e elementor-section-boxed elementor-section-height-default elementor-section-height-default\" data-id=\"ab3bb0e\" data-element_type=\"section\" data-e-type=\"section\">\n\t\t\t\t\t\t<div class=\"elementor-container elementor-column-gap-default\">\n\t\t\t\t\t<div class=\"elementor-column elementor-col-33 elementor-top-column elementor-element elementor-element-6575670\" data-id=\"6575670\" data-element_type=\"column\" data-e-type=\"column\">\n\t\t\t<div class=\"elementor-widget-wrap elementor-element-populated\">\n\t\t\t\t\t\t<div class=\"elementor-element elementor-element-26bce6d elementor-widget elementor-widget-gva-pricing-block\" data-id=\"26bce6d\" data-element_type=\"widget\" data-e-type=\"widget\" data-widget_type=\"gva-pricing-block.default\">\n\t\t\t\t<div class=\"elementor-widget-container\">\n\t\t\t\t\t<div class=\"gva-element-gva-pricing-block gva-element\">   \r\n<div class=\"widget gsc-pricing style-1 active-no\">\r\n   <div class=\"content-inner\">\r\n\r\n      \r\n               <h3 class=\"title\">\r\n            <span>Paquet platine<\/span>\r\n         <\/h3>\r\n      \r\n      <div class=\"plan-price\">\r\n         <div class=\"plan-price-inner clearfix\">\r\n            <span class=\"currency\">\u20ac<\/span>\r\n            <span class=\"price\">19.990<\/span>\r\n                           <span class=\"interval\">\/ an<\/span>\r\n               \r\n         <\/div>\r\n      <\/div>\r\n\r\n      <div class=\"desc\">Publicit\u00e9 VIP &amp; marketing \u00e0 service complet<\/div>\r\n               <ul class=\"plan-list\">\r\n                           <li class=\"active\">\r\n                  <span class=\"text\">4x par an article publicitaire ou interview dans le blog<\/span>\r\n               <\/li>  \r\n                           <li class=\"active\">\r\n                  <span class=\"text\">4x par an Placement dans la newsletter<\/span>\r\n               <\/li>  \r\n                           <li class=\"active\">\r\n                  <span class=\"text\">3 mois de banni\u00e8re publicitaire sur la page d'accueil<\/span>\r\n               <\/li>  \r\n                           <li class=\"active\">\r\n                  <span class=\"text\">Campagne sur les m\u00e9dias sociaux (4 posts sur LinkedIn, Facebook, Instagram)<\/span>\r\n               <\/li>  \r\n                           <li class=\"active\">\r\n                  <span class=\"text\">Conseil personnalis\u00e9 &amp; appel strat\u00e9gique pour le positionnement sur le march\u00e9<\/span>\r\n               <\/li>  \r\n                           <li class=\"active\">\r\n                  <span class=\"text\">Participation pr\u00e9f\u00e9rentielle \u00e0 des \u00e9v\u00e9nements sectoriels &amp; \u00e0 des r\u00e9seaux exclusifs<\/span>\r\n               <\/li>  \r\n                           <li class=\"active\">\r\n                  <span class=\"text\">Conseil en relations publiques et m\u00e9dias pour une visibilit\u00e9 maximale<\/span>\r\n               <\/li>  \r\n                           <li class=\"active\">\r\n                  <span class=\"text\">Acc\u00e8s exclusif \u00e0 des analyses de march\u00e9 &amp; \u00e0 des business insights<\/span>\r\n               <\/li>  \r\n                     <\/ul>\r\n         \r\n\r\n\r\n               <div class=\"pricing-action\">\r\n            \t\t  <a href=\"https:\/\/bosporus24.de\/fr\/product\/exklusiv-paket-e9-990-jahr\/\" class=\"btn-theme\">\r\n\t\t\t <span>Plan Select<\/span>\r\n\t\t  <\/a>\r\n\r\n\t\t           <\/div>\r\n         <\/div>\r\n<\/div>\r\n\r\n<div class=\"clearfix\"><\/div>\r\n\r\n<\/div>\t\t\t\t<\/div>\n\t\t\t\t<\/div>\n\t\t\t\t\t<\/div>\n\t\t<\/div>\n\t\t\t\t<div class=\"elementor-column elementor-col-33 elementor-top-column elementor-element elementor-element-c4a0490\" data-id=\"c4a0490\" data-element_type=\"column\" data-e-type=\"column\">\n\t\t\t<div class=\"elementor-widget-wrap elementor-element-populated\">\n\t\t\t\t\t\t<div class=\"elementor-element elementor-element-0a15c64 elementor-widget elementor-widget-text-editor\" data-id=\"0a15c64\" data-element_type=\"widget\" data-e-type=\"widget\" data-widget_type=\"text-editor.default\">\n\t\t\t\t<div class=\"elementor-widget-container\">\n\t\t\t\t\t\t\t\t\t<p class=\"p1\"><b>Entr\u00e9e sur le march\u00e9 allemand (prix sur demande) - Assistance technique et juridique<\/b><\/p><p class=\"p1\">Ce paquet s'adresse aux entreprises qui souhaitent entrer sur le march\u00e9 allemand et offre des conseils et un soutien professionnels.<\/p><p class=\"p1\"><span class=\"s1\" style=\"color: var(--lestin-body-color); font-family: var(--lestin-font-sans-serif); font-size: 1rem;\">\u2705<\/span><span style=\"color: var(--lestin-body-color); font-family: var(--lestin-font-sans-serif); font-size: 1rem;\">\u00a0<\/span><b style=\"color: var(--lestin-body-color); font-family: var(--lestin-font-sans-serif); font-size: 1rem;\">Conseil en affaires :<\/b><\/p><ul><li class=\"p1\"><span style=\"color: var(--lestin-body-color); font-family: var(--lestin-font-sans-serif); font-size: 1rem;\">Analyse du march\u00e9 et du secteur pour l'Allemagne<\/span><\/li><li class=\"p1\">Analyse de la concurrence et \u00e9tude de march\u00e9<\/li><li class=\"p1\">Informations fiscales et juridiques<\/li><\/ul><p><span class=\"s1\">\u2705<\/span>\u00a0<b>Assistance juridique :<\/b><\/p><ul><li>Conseil en cr\u00e9ation d'entreprise en Allemagne<\/li><li>Assistance pour les permis de travail et de s\u00e9jour<\/li><li>Examen des contrats de travail et des documents juridiques<\/li><\/ul><p><span class=\"s1\">\u2705<\/span>\u00a0<b>Connexion au r\u00e9seau :<\/b><\/p><ul><li>Mise en contact avec les chambres de commerce et les associations industrielles allemandes<\/li><li>Acc\u00e8s \u00e0 des partenaires commerciaux et distributeurs potentiels<\/li><li>Soutien pour la participation \u00e0 des \u00e9v\u00e9nements commerciaux allemands<\/li><\/ul><p><span class=\"s1\">\u2705<\/span>\u00a0<b>Marketing &amp; Promotion :<\/b><\/p><ul><li>Strat\u00e9gies de positionnement de la marque en Allemagne<\/li><li>Localisation du site web, des catalogues et du mat\u00e9riel de marketing<\/li><li>Cr\u00e9ation de contenus en allemand et travail de presse<\/li><\/ul><p><span class=\"s1\">\u2705<\/span>\u00a0<b>Soutien publicitaire de Bosporus24.de :<\/b><\/p><ul><li><b>6x par an article ou interview dans le blog<\/b><\/li><li><b>6x par an Placement dans la newsletter<\/b><\/li><li><b>6 mois de banni\u00e8re publicitaire sur la page d'accueil<\/b><b>Campagne sur les m\u00e9dias sociaux (6 posts sur LinkedIn, Facebook, Instagram)<\/b><\/li><li style=\"list-style-type: none;\">\u00a0<\/li><\/ul>\t\t\t\t\t\t\t\t<\/div>\n\t\t\t\t<\/div>\n\t\t\t\t\t<\/div>\n\t\t<\/div>\n\t\t\t\t<div class=\"elementor-column elementor-col-33 elementor-top-column elementor-element elementor-element-94b1e08\" data-id=\"94b1e08\" data-element_type=\"column\" data-e-type=\"column\">\n\t\t\t<div class=\"elementor-widget-wrap\">\n\t\t\t\t\t\t\t<\/div>\n\t\t<\/div>\n\t\t\t\t\t<\/div>\n\t\t<\/section>\n\t\t\t\t<\/div>","protected":false},"excerpt":{"rendered":"<p>Preise Home &gt; Preise Affordable Price Choose our package Standard Paket \u20ac 1.990 \/&nbsp;Jahr Professionelle Pr\u00e4sentation 5 Produkte \/ Dienstleistungen\u00a0mit Bildern und Beschreibungen Erweiterte Unternehmensbeschreibung (bis zu 1.000 Zeichen) Statistiken [&hellip;]<\/p>\n","protected":false},"author":1,"featured_media":0,"parent":0,"menu_order":0,"comment_status":"closed","ping_status":"closed","template":"","meta":{"footnotes":""},"class_list":["post-66","page","type-page","status-publish","hentry"],"_links":{"self":[{"href":"https:\/\/bosporus24.de\/fr\/wp-json\/wp\/v2\/pages\/66","targetHints":{"allow":["GET"]}}],"collection":[{"href":"https:\/\/bosporus24.de\/fr\/wp-json\/wp\/v2\/pages"}],"about":[{"href":"https:\/\/bosporus24.de\/fr\/wp-json\/wp\/v2\/types\/page"}],"author":[{"embeddable":true,"href":"https:\/\/bosporus24.de\/fr\/wp-json\/wp\/v2\/users\/1"}],"replies":[{"embeddable":true,"href":"https:\/\/bosporus24.de\/fr\/wp-json\/wp\/v2\/comments?post=66"}],"version-history":[{"count":36,"href":"https:\/\/bosporus24.de\/fr\/wp-json\/wp\/v2\/pages\/66\/revisions"}],"predecessor-version":[{"id":12549,"href":"https:\/\/bosporus24.de\/fr\/wp-json\/wp\/v2\/pages\/66\/revisions\/12549"}],"wp:attachment":[{"href":"https:\/\/bosporus24.de\/fr\/wp-json\/wp\/v2\/media?parent=66"}],"curies":[{"name":"wp","href":"https:\/\/api.w.org\/{rel}","templated":true}]}}