{"id":410,"date":"2023-08-26T02:12:52","date_gmt":"2023-08-26T02:12:52","guid":{"rendered":"https:\/\/gaviaspreview.com\/wp\/lestin\/?post_type=product&#038;p=410"},"modified":"2025-01-30T07:20:34","modified_gmt":"2025-01-30T07:20:34","slug":"test","status":"publish","type":"product","link":"https:\/\/bosporus24.de\/fr\/urun\/test\/","title":{"rendered":"Test"},"content":{"rendered":"<h5>Sed do eiusmod tempor reprehenderit ut labore<\/h5>\n<p>Proin est elentesque risus magna vulputate vitae sodales uam morbi non sem lacus porta mollis. Nunc condime ntum metus eud In molestie sed consect etu Lorem ipsum dolor sit amet conse adipisicing elit sed do incididunt ut labore et dolore magna. Duis aute irure dolor in reprehenderit in voluptate velit esse cillum dolore eu fugiat nulla pariatur.<\/p>\n<div class=\"row\">\n<div class=\"col-xs-12 col-sm-6\">\n<h5>Pourquoi choisir un produit ?<\/h5>\n<ul>\n<li>Creat by cotton fibric with soft and smooth<\/li>\n<li>Simple, Configurable (par ex. taille, couleur, etc.), bundled<\/li>\n<li>Produits t\u00e9l\u00e9chargeables\/num\u00e9riques, produits virtuels<\/li>\n<\/ul>\n<\/div>\n<div class=\"col-xs-12 col-sm-6\">\n<h5>Pourquoi choisir un produit ?<\/h5>\n<ol>\n<li>Cr\u00e9er \u00e0 la vol\u00e9e des billets d'entr\u00e9e sp\u00e9cifiques aux magasins<\/li>\n<li>Simple, Configurable (par ex. taille, couleur, etc.), bundled<\/li>\n<li>Produits t\u00e9l\u00e9chargeables\/num\u00e9riques, produits virtuels<\/li>\n<\/ol>\n<\/div>\n<\/div>","protected":false},"excerpt":{"rendered":"<p>Sed do eiusmod tempor reprehenderit ut labore Proin est elentesque risus magna vulputate vitae sodales uam morbi non sem lacus porta mollis. Nunc condime ntum metus eud In molestie sed [&hellip;]<\/p>\n","protected":false},"featured_media":400,"comment_status":"open","ping_status":"closed","template":"","meta":[],"product_brand":[],"product_cat":[54],"product_tag":[38,39,49],"class_list":{"0":"post-410","1":"product","2":"type-product","3":"status-publish","4":"has-post-thumbnail","6":"product_cat-organic-foods","7":"product_tag-classic","8":"product_tag-decor","9":"product_tag-kitchen","11":"first","12":"instock","13":"shipping-taxable","14":"purchasable","15":"product-type-simple"},"_links":{"self":[{"href":"https:\/\/bosporus24.de\/fr\/wp-json\/wp\/v2\/product\/410","targetHints":{"allow":["GET"]}}],"collection":[{"href":"https:\/\/bosporus24.de\/fr\/wp-json\/wp\/v2\/product"}],"about":[{"href":"https:\/\/bosporus24.de\/fr\/wp-json\/wp\/v2\/types\/product"}],"replies":[{"embeddable":true,"href":"https:\/\/bosporus24.de\/fr\/wp-json\/wp\/v2\/comments?post=410"}],"wp:featuredmedia":[{"embeddable":true,"href":"https:\/\/bosporus24.de\/fr\/wp-json\/wp\/v2\/media\/400"}],"wp:attachment":[{"href":"https:\/\/bosporus24.de\/fr\/wp-json\/wp\/v2\/media?parent=410"}],"wp:term":[{"taxonomy":"product_brand","embeddable":true,"href":"https:\/\/bosporus24.de\/fr\/wp-json\/wp\/v2\/product_brand?post=410"},{"taxonomy":"product_cat","embeddable":true,"href":"https:\/\/bosporus24.de\/fr\/wp-json\/wp\/v2\/product_cat?post=410"},{"taxonomy":"product_tag","embeddable":true,"href":"https:\/\/bosporus24.de\/fr\/wp-json\/wp\/v2\/product_tag?post=410"}],"curies":[{"name":"wp","href":"https:\/\/api.w.org\/{rel}","templated":true}]}}