{"id":12277,"date":"2025-03-11T07:12:16","date_gmt":"2025-03-11T07:12:16","guid":{"rendered":"https:\/\/bosporus24.de\/?page_id=12277"},"modified":"2025-03-11T07:14:20","modified_gmt":"2025-03-11T07:14:20","slug":"zoll-importverfahren","status":"publish","type":"page","link":"https:\/\/bosporus24.de\/ru\/blog\/zoll-importverfahren\/","title":{"rendered":"\u0422\u0430\u043c\u043e\u0436\u0435\u043d\u043d\u044b\u0435 \u0438 \u0438\u043c\u043f\u043e\u0440\u0442\u043d\u044b\u0435 \u043f\u0440\u043e\u0446\u0435\u0434\u0443\u0440\u044b"},"content":{"rendered":"<div data-elementor-type=\"wp-page\" data-elementor-id=\"12277\" class=\"elementor elementor-12277\">\n\t\t\t\t\t\t<section class=\"elementor-section elementor-top-section elementor-element elementor-element-dfda8f4 elementor-section-boxed elementor-section-height-default elementor-section-height-default\" data-id=\"dfda8f4\" data-element_type=\"section\" data-e-type=\"section\" data-settings=\"{&quot;background_background&quot;:&quot;classic&quot;}\">\n\t\t\t\t\t\t\t<div class=\"elementor-background-overlay\"><\/div>\n\t\t\t\t\t\t\t<div class=\"elementor-container elementor-column-gap-default\">\n\t\t\t\t\t<div class=\"elementor-column elementor-col-100 elementor-top-column elementor-element elementor-element-7b51610\" data-id=\"7b51610\" data-element_type=\"column\" data-e-type=\"column\">\n\t\t\t<div class=\"elementor-widget-wrap elementor-element-populated\">\n\t\t\t\t\t\t<div class=\"elementor-element elementor-element-06a02b4 elementor-widget elementor-widget-gva-heading-block\" data-id=\"06a02b4\" data-element_type=\"widget\" data-e-type=\"widget\" data-widget_type=\"gva-heading-block.default\">\n\t\t\t\t<div class=\"elementor-widget-container\">\n\t\t\t\t\t<div class=\"gva-element-gva-heading-block gva-element\">   <div class=\"align-center style-1 widget gsc-heading box-align-left auto-responsive\">\r\n      <div class=\"content-inner\">\r\n         \r\n                  \r\n           \r\n         \r\n                     <h2 class=\"title\">\r\n               <span>\u0422\u0430\u043c\u043e\u0436\u0435\u043d\u043d\u044b\u0435 \u0438 \u0438\u043c\u043f\u043e\u0440\u0442\u043d\u044b\u0435 \u043f\u0440\u043e\u0446\u0435\u0434\u0443\u0440\u044b<\/span>\r\n            <\/h2>\r\n                  \r\n         \r\n         \r\n      <\/div>\r\n   <\/div>\r\n<\/div>\t\t\t\t<\/div>\n\t\t\t\t<\/div>\n\t\t\t\t\t<\/div>\n\t\t<\/div>\n\t\t\t\t\t<\/div>\n\t\t<\/section>\n\t\t\t\t<section class=\"elementor-section elementor-top-section elementor-element elementor-element-48ff1eb5 elementor-section-boxed elementor-section-height-default elementor-section-height-default\" data-id=\"48ff1eb5\" data-element_type=\"section\" data-e-type=\"section\" data-settings=\"{&quot;background_background&quot;:&quot;classic&quot;}\">\n\t\t\t\t\t\t<div class=\"elementor-container elementor-column-gap-default\">\n\t\t\t\t\t<div class=\"elementor-column elementor-col-50 elementor-top-column elementor-element elementor-element-498f3346\" data-id=\"498f3346\" data-element_type=\"column\" data-e-type=\"column\">\n\t\t\t<div class=\"elementor-widget-wrap elementor-element-populated\">\n\t\t\t\t\t\t<div class=\"elementor-element elementor-element-c4d96d7 elementor-widget elementor-widget-text-editor\" data-id=\"c4d96d7\" data-element_type=\"widget\" data-e-type=\"widget\" data-widget_type=\"text-editor.default\">\n\t\t\t\t<div class=\"elementor-widget-container\">\n\t\t\t\t\t\t\t\t\t<div class=\"elementor-element elementor-element-4f58ba5 elementor-widget elementor-widget-heading\" data-id=\"4f58ba5\" data-element_type=\"widget\" data-widget_type=\"heading.default\"><div class=\"elementor-widget-container\"><h4 class=\"elementor-heading-title elementor-size-default\">\u0411\u043b\u043e\u0433 \u0438 \u043d\u043e\u0432\u043e\u0441\u0442\u0438<\/h4><\/div><\/div>\t\t\t\t\t\t\t\t<\/div>\n\t\t\t\t<\/div>\n\t\t\t\t<div class=\"elementor-element elementor-element-3cd3331 elementor-icon-list--layout-traditional elementor-list-item-link-full_width elementor-widget elementor-widget-icon-list\" data-id=\"3cd3331\" data-element_type=\"widget\" data-e-type=\"widget\" data-widget_type=\"icon-list.default\">\n\t\t\t\t<div class=\"elementor-widget-container\">\n\t\t\t\t\t\t\t<ul class=\"elementor-icon-list-items\">\n\t\t\t\t\t\t\t<li class=\"elementor-icon-list-item\">\n\t\t\t\t\t\t\t\t\t\t\t<a href=\"https:\/\/bosporus24.de\/ru\/blog\/arbeitsrecht-mitarbeiter-aus-dem-ausland\/\">\n\n\t\t\t\t\t\t\t\t\t\t\t\t<span class=\"elementor-icon-list-icon\">\n\t\t\t\t\t\t\t<i aria-hidden=\"true\" class=\"fas fa-long-arrow-alt-right\"><\/i>\t\t\t\t\t\t<\/span>\n\t\t\t\t\t\t\t\t\t\t<span class=\"elementor-icon-list-text\">\u0422\u0440\u0443\u0434\u043e\u0432\u043e\u0435 \u043f\u0440\u0430\u0432\u043e \u0438 \u0441\u043e\u0442\u0440\u0443\u0434\u043d\u0438\u043a\u0438 \u0438\u0437-\u0437\u0430 \u0440\u0443\u0431\u0435\u0436\u0430<\/span>\n\t\t\t\t\t\t\t\t\t\t\t<\/a>\n\t\t\t\t\t\t\t\t\t<\/li>\n\t\t\t\t\t\t\t\t<li class=\"elementor-icon-list-item\">\n\t\t\t\t\t\t\t\t\t\t\t<a href=\"https:\/\/bosporus24.de\/ru\/blog\/buerokratie-und-behoerdenwege-fuer-unternehmen\/\">\n\n\t\t\t\t\t\t\t\t\t\t\t\t<span class=\"elementor-icon-list-icon\">\n\t\t\t\t\t\t\t<i aria-hidden=\"true\" class=\"fas fa-long-arrow-alt-right\"><\/i>\t\t\t\t\t\t<\/span>\n\t\t\t\t\t\t\t\t\t\t<span class=\"elementor-icon-list-text\">\u0411\u044e\u0440\u043e\u043a\u0440\u0430\u0442\u0438\u044f \u0438 \u043e\u0444\u0438\u0446\u0438\u0430\u043b\u044c\u043d\u044b\u0435 \u043a\u0430\u043d\u0430\u043b\u044b \u0434\u043b\u044f \u043a\u043e\u043c\u043f\u0430\u043d\u0438\u0439<\/span>\n\t\t\t\t\t\t\t\t\t\t\t<\/a>\n\t\t\t\t\t\t\t\t\t<\/li>\n\t\t\t\t\t\t\t\t<li class=\"elementor-icon-list-item\">\n\t\t\t\t\t\t\t\t\t\t\t<a href=\"https:\/\/bosporus24.de\/ru\/blog\/e-commerce\/\">\n\n\t\t\t\t\t\t\t\t\t\t\t\t<span class=\"elementor-icon-list-icon\">\n\t\t\t\t\t\t\t<i aria-hidden=\"true\" class=\"fas fa-long-arrow-alt-right\"><\/i>\t\t\t\t\t\t<\/span>\n\t\t\t\t\t\t\t\t\t\t<span class=\"elementor-icon-list-text\">\u042d\u043b\u0435\u043a\u0442\u0440\u043e\u043d\u043d\u0430\u044f \u043a\u043e\u043c\u043c\u0435\u0440\u0446\u0438\u044f<\/span>\n\t\t\t\t\t\t\t\t\t\t\t<\/a>\n\t\t\t\t\t\t\t\t\t<\/li>\n\t\t\t\t\t\t\t\t<li class=\"elementor-icon-list-item\">\n\t\t\t\t\t\t\t\t\t\t\t<a href=\"https:\/\/bosporus24.de\/ru\/blog\/firmengruendung-investition-in-deutschland\/\">\n\n\t\t\t\t\t\t\t\t\t\t\t\t<span class=\"elementor-icon-list-icon\">\n\t\t\t\t\t\t\t<i aria-hidden=\"true\" class=\"fas fa-long-arrow-alt-right\"><\/i>\t\t\t\t\t\t<\/span>\n\t\t\t\t\t\t\t\t\t\t<span class=\"elementor-icon-list-text\">\u0421\u043e\u0437\u0434\u0430\u043d\u0438\u0435 \u043a\u043e\u043c\u043f\u0430\u043d\u0438\u0439 \u0438 \u0438\u043d\u0432\u0435\u0441\u0442\u0438\u0446\u0438\u0438 \u0432 \u0413\u0435\u0440\u043c\u0430\u043d\u0438\u0438<\/span>\n\t\t\t\t\t\t\t\t\t\t\t<\/a>\n\t\t\t\t\t\t\t\t\t<\/li>\n\t\t\t\t\t\t\t\t<li class=\"elementor-icon-list-item\">\n\t\t\t\t\t\t\t\t\t\t\t<a href=\"https:\/\/bosporus24.de\/ru\/blog\/zoll-importverfahren\/\">\n\n\t\t\t\t\t\t\t\t\t\t\t\t<span class=\"elementor-icon-list-icon\">\n\t\t\t\t\t\t\t<i aria-hidden=\"true\" class=\"fas fa-long-arrow-alt-right\"><\/i>\t\t\t\t\t\t<\/span>\n\t\t\t\t\t\t\t\t\t\t<span class=\"elementor-icon-list-text\">\u0422\u0430\u043c\u043e\u0436\u0435\u043d\u043d\u044b\u0435 \u0438 \u0438\u043c\u043f\u043e\u0440\u0442\u043d\u044b\u0435 \u043f\u0440\u043e\u0446\u0435\u0434\u0443\u0440\u044b<\/span>\n\t\t\t\t\t\t\t\t\t\t\t<\/a>\n\t\t\t\t\t\t\t\t\t<\/li>\n\t\t\t\t\t\t<\/ul>\n\t\t\t\t\t\t<\/div>\n\t\t\t\t<\/div>\n\t\t\t\t<div class=\"elementor-element elementor-element-41518cb elementor-view-default elementor-position-block-start elementor-mobile-position-block-start elementor-widget elementor-widget-icon-box\" data-id=\"41518cb\" data-element_type=\"widget\" data-e-type=\"widget\" data-widget_type=\"icon-box.default\">\n\t\t\t\t<div class=\"elementor-widget-container\">\n\t\t\t\t\t\t\t<div class=\"elementor-icon-box-wrapper\">\n\n\t\t\t\t\t\t<div class=\"elementor-icon-box-icon\">\n\t\t\t\t<span  class=\"elementor-icon\">\n\t\t\t\t<i aria-hidden=\"true\" class=\"gicon-email-1\"><\/i>\t\t\t\t<\/span>\n\t\t\t<\/div>\n\t\t\t\n\t\t\t\t\t\t<div class=\"elementor-icon-box-content\">\n\n\t\t\t\t\t\t\t\t\t<h3 class=\"elementor-icon-box-title\">\n\t\t\t\t\t\t<span  >\n\t\t\t\t\t\t\t\u041e\u0442\u043f\u0440\u0430\u0432\u0438\u0442\u044c \u044d\u043b\u0435\u043a\u0442\u0440\u043e\u043d\u043d\u043e\u0435 \u043f\u0438\u0441\u044c\u043c\u043e\t\t\t\t\t\t<\/span>\n\t\t\t\t\t<\/h3>\n\t\t\t\t\n\t\t\t\t\t\t\t\t\t<p class=\"elementor-icon-box-description\">\n\t\t\t\t\t\tinfo@bosporus24.de <br><br>\n-\u0438\u043b\u0438 -\t\t\t\t\t<\/p>\n\t\t\t\t\n\t\t\t<\/div>\n\t\t\t\n\t\t<\/div>\n\t\t\t\t\t\t<\/div>\n\t\t\t\t<\/div>\n\t\t\t\t<div class=\"elementor-element elementor-element-92d34c6 elementor-align-center elementor-widget elementor-widget-button\" data-id=\"92d34c6\" data-element_type=\"widget\" data-e-type=\"widget\" data-widget_type=\"button.default\">\n\t\t\t\t<div class=\"elementor-widget-container\">\n\t\t\t\t\t\t\t\t\t<div class=\"elementor-button-wrapper\">\n\t\t\t\t\t<a class=\"elementor-button elementor-button-link elementor-size-sm\" href=\"https:\/\/bosporus24.de\/ru\/contact\/\">\n\t\t\t\t\t\t<span class=\"elementor-button-content-wrapper\">\n\t\t\t\t\t\t\t\t\t<span class=\"elementor-button-text\">\u041a\u041e\u041d\u0422\u0410\u041a\u0422<\/span>\n\t\t\t\t\t<\/span>\n\t\t\t\t\t<\/a>\n\t\t\t\t<\/div>\n\t\t\t\t\t\t\t\t<\/div>\n\t\t\t\t<\/div>\n\t\t\t\t\t<\/div>\n\t\t<\/div>\n\t\t\t\t<div class=\"elementor-column elementor-col-50 elementor-top-column elementor-element elementor-element-77d5b3dc\" data-id=\"77d5b3dc\" data-element_type=\"column\" data-e-type=\"column\">\n\t\t\t<div class=\"elementor-widget-wrap elementor-element-populated\">\n\t\t\t\t\t\t<div class=\"elementor-element elementor-element-06d48cd elementor-widget elementor-widget-gva-posts\" data-id=\"06d48cd\" data-element_type=\"widget\" data-e-type=\"widget\" data-widget_type=\"gva-posts.default\">\n\t\t\t\t<div class=\"elementor-widget-container\">\n\t\t\t\t\t<div class=\"gva-element-gva-posts gva-element\">  \r\n<div class=\"gva-posts-standard clearfix gva-posts\">\r\n\t\t\r\n\t<div class=\"gva-content-items cleafix\"> \r\n\t\t\t<div class=\"item-post\">\r\n   <article id=\"post-12498\" class=\"post post-standard__single post-12498 type-post status-publish format-standard hentry category-was-ist-der-zoll-und-welche-aufgaben-hat-er-in-deutschland category-zoll-importverfahren\">\r\n      \r\n         \r\n\r\n      <div class=\"post-standard__content has-no-thumbnail\">\r\n         <div class=\"post-standard__content-inner\">\r\n            <div class=\"post-standard__meta\">\r\n               <div class=\"clearfix meta-inline post-meta-2\"><span class=\"entry-date\"><i class=\"far fa-calendar-alt\"><\/i>3 \u0430\u043f\u0440\u0435\u043b\u044f, 2025<\/span><span class=\"author-seperate\">\/<\/span><span class=\"post-comment\"><i class=\"far fa-comments\"><\/i>0 \u043a\u043e\u043c\u043c\u0435\u043d\u0442\u0430\u0440\u0438\u0435\u0432<\/span><\/div>            <\/div> \r\n            <h3 class=\"post-standard__title\"><a href=\"https:\/\/bosporus24.de\/ru\/was-ist-der-zoll-und-welche-aufgaben-hat-er-in-deutschland\/\" rel=\"bookmark\">\u0427\u0442\u043e \u0442\u0430\u043a\u043e\u0435 \u0442\u0430\u043c\u043e\u0436\u043d\u044f \u0438 \u043a\u0430\u043a\u043e\u0432\u044b \u0435\u0435 \u0437\u0430\u0434\u0430\u0447\u0438 \u0432 \u0413\u0435\u0440\u043c\u0430\u043d\u0438\u0438?<\/a><\/h3>\r\n                           <div class=\"post-standard__desc\">\r\n                  \u041a\u043e\u0433\u0434\u0430 \u0432\u044b \u0434\u0443\u043c\u0430\u0435\u0442\u0435 \u043e \"\u0442\u0430\u043c\u043e\u0436\u043d\u0435\", \u0432\u0430\u043c, \u0432\u043e\u0437\u043c\u043e\u0436\u043d\u043e, \u043f\u0440\u0438\u0445\u043e\u0434\u0438\u0442 \u043d\u0430 \u0443\u043c \u0430\u044d\u0440\u043e\u043f\u043e\u0440\u0442 - \u0441               <\/div>   \r\n                        <div class=\"post-standard__read-more\">\r\n               <a class=\"btn-border\" href=\"https:\/\/bosporus24.de\/ru\/was-ist-der-zoll-und-welche-aufgaben-hat-er-in-deutschland\/\">\u0427\u0438\u0442\u0430\u0442\u044c \u0434\u0430\u043b\u0435\u0435<\/a>\r\n            <\/div>\r\n         <\/div>\r\n\r\n      <\/div>\r\n   <\/article>   \r\n\r\n  <\/div><div class=\"item-post\">\r\n   <article id=\"post-12380\" class=\"post post-standard__single post-12380 type-post status-publish format-standard hentry category-erfolgreich-importieren-die-wichtigsten-zollverfahren-im-ueberblick category-zoll-importverfahren\">\r\n      \r\n         \r\n\r\n      <div class=\"post-standard__content has-no-thumbnail\">\r\n         <div class=\"post-standard__content-inner\">\r\n            <div class=\"post-standard__meta\">\r\n               <div class=\"clearfix meta-inline post-meta-2\"><span class=\"entry-date\"><i class=\"far fa-calendar-alt\"><\/i>18 \u043c\u0430\u0440\u0442\u0430, 2025<\/span><span class=\"author-seperate\">\/<\/span><span class=\"post-comment\"><i class=\"far fa-comments\"><\/i>0 \u043a\u043e\u043c\u043c\u0435\u043d\u0442\u0430\u0440\u0438\u0435\u0432<\/span><\/div>            <\/div> \r\n            <h3 class=\"post-standard__title\"><a href=\"https:\/\/bosporus24.de\/ru\/erfolgreich-importieren-die-wichtigsten-zollverfahren-im-ueberblick\/\" rel=\"bookmark\">\u0423\u0441\u043f\u0435\u0448\u043d\u044b\u0439 \u0438\u043c\u043f\u043e\u0440\u0442: \u0421\u0430\u043c\u044b\u0435 \u0432\u0430\u0436\u043d\u044b\u0435 \u0442\u0430\u043c\u043e\u0436\u0435\u043d\u043d\u044b\u0435 \u043f\u0440\u043e\u0446\u0435\u0434\u0443\u0440\u044b \u0441 \u043f\u0435\u0440\u0432\u043e\u0433\u043e \u0432\u0437\u0433\u043b\u044f\u0434\u0430<\/a><\/h3>\r\n                           <div class=\"post-standard__desc\">\r\n                  \u041f\u0440\u0438 \u0438\u043c\u043f\u043e\u0440\u0442\u0435 \u0442\u043e\u0432\u0430\u0440\u043e\u0432 \u0432 \u0413\u0435\u0440\u043c\u0430\u043d\u0438\u044e \u0441\u0443\u0449\u0435\u0441\u0442\u0432\u0443\u044e\u0442 \u0440\u0430\u0437\u043b\u0438\u0447\u043d\u044b\u0435 \u0442\u0430\u043c\u043e\u0436\u0435\u043d\u043d\u044b\u0435 \u043f\u0440\u043e\u0446\u0435\u0434\u0443\u0440\u044b, \u043a\u043e\u0442\u043e\u0440\u044b\u0435 \u043d\u0435\u043e\u0431\u0445\u043e\u0434\u0438\u043c\u043e \u0441\u043e\u0431\u043b\u044e\u0434\u0430\u0442\u044c \u0432 \u0437\u0430\u0432\u0438\u0441\u0438\u043c\u043e\u0441\u0442\u0438 \u043e\u0442 \u043c\u043e\u0434\u0435\u043b\u0438 \u0432\u0430\u0448\u0435\u0433\u043e \u0431\u0438\u0437\u043d\u0435\u0441\u0430.               <\/div>   \r\n                        <div class=\"post-standard__read-more\">\r\n               <a class=\"btn-border\" href=\"https:\/\/bosporus24.de\/ru\/erfolgreich-importieren-die-wichtigsten-zollverfahren-im-ueberblick\/\">\u0427\u0438\u0442\u0430\u0442\u044c \u0434\u0430\u043b\u0435\u0435<\/a>\r\n            <\/div>\r\n         <\/div>\r\n\r\n      <\/div>\r\n   <\/article>   \r\n\r\n  <\/div><div class=\"item-post\">\r\n   <article id=\"post-12378\" class=\"post post-standard__single post-12378 type-post status-publish format-standard hentry category-zoll-importverfahren category-zoll-importverfahren-so-fuehrst-du-waren-rechtssicher-nach-deutschland-ein\">\r\n      \r\n         \r\n\r\n      <div class=\"post-standard__content has-no-thumbnail\">\r\n         <div class=\"post-standard__content-inner\">\r\n            <div class=\"post-standard__meta\">\r\n               <div class=\"clearfix meta-inline post-meta-2\"><span class=\"entry-date\"><i class=\"far fa-calendar-alt\"><\/i>18 \u043c\u0430\u0440\u0442\u0430, 2025<\/span><span class=\"author-seperate\">\/<\/span><span class=\"post-comment\"><i class=\"far fa-comments\"><\/i>0 \u043a\u043e\u043c\u043c\u0435\u043d\u0442\u0430\u0440\u0438\u0435\u0432<\/span><\/div>            <\/div> \r\n            <h3 class=\"post-standard__title\"><a href=\"https:\/\/bosporus24.de\/ru\/zoll-importverfahren-so-fuehrst-du-waren-rechtssicher-nach-deutschland-ein\/\" rel=\"bookmark\">\u0422\u0430\u043c\u043e\u0436\u0435\u043d\u043d\u044b\u0435 \u0438 \u0438\u043c\u043f\u043e\u0440\u0442\u043d\u044b\u0435 \u043f\u0440\u043e\u0446\u0435\u0434\u0443\u0440\u044b: \u041a\u0430\u043a \u0438\u043c\u043f\u043e\u0440\u0442\u0438\u0440\u043e\u0432\u0430\u0442\u044c \u0442\u043e\u0432\u0430\u0440\u044b \u0432 \u0413\u0435\u0440\u043c\u0430\u043d\u0438\u044e \u0441 \u044e\u0440\u0438\u0434\u0438\u0447\u0435\u0441\u043a\u043e\u0439 \u0442\u043e\u0447\u043d\u043e\u0441\u0442\u044c\u044e<\/a><\/h3>\r\n                           <div class=\"post-standard__desc\">\r\n                  \u041c\u0435\u0436\u0434\u0443\u043d\u0430\u0440\u043e\u0434\u043d\u0430\u044f \u0442\u043e\u0440\u0433\u043e\u0432\u043b\u044f \u043e\u0442\u043a\u0440\u044b\u0432\u0430\u0435\u0442 \u0448\u0438\u0440\u043e\u043a\u0438\u0435 \u0432\u043e\u0437\u043c\u043e\u0436\u043d\u043e\u0441\u0442\u0438, \u043d\u043e \u043a\u043e\u0433\u0434\u0430 \u0440\u0435\u0447\u044c \u0437\u0430\u0445\u043e\u0434\u0438\u0442 \u043e\u0431 \u0438\u043c\u043f\u043e\u0440\u0442\u0435 \u0442\u043e\u0432\u0430\u0440\u043e\u0432 \u0432 \u0413\u0435\u0440\u043c\u0430\u043d\u0438\u044e, \u0432\u043e\u0437\u043d\u0438\u043a\u0430\u044e\u0442               <\/div>   \r\n                        <div class=\"post-standard__read-more\">\r\n               <a class=\"btn-border\" href=\"https:\/\/bosporus24.de\/ru\/zoll-importverfahren-so-fuehrst-du-waren-rechtssicher-nach-deutschland-ein\/\">\u0427\u0438\u0442\u0430\u0442\u044c \u0434\u0430\u043b\u0435\u0435<\/a>\r\n            <\/div>\r\n         <\/div>\r\n\r\n      <\/div>\r\n   <\/article>   \r\n\r\n  <\/div><div class=\"item-post\">\r\n   <article id=\"post-12107\" class=\"post post-standard__single post-12107 type-post status-publish format-standard hentry category-zoll-importverfahren\">\r\n      \r\n         \r\n\r\n      <div class=\"post-standard__content has-no-thumbnail\">\r\n         <div class=\"post-standard__content-inner\">\r\n            <div class=\"post-standard__meta\">\r\n               <div class=\"clearfix meta-inline post-meta-2\"><span class=\"entry-date\"><i class=\"far fa-calendar-alt\"><\/i>4 \u043c\u0430\u0440\u0442\u0430, 2025<\/span><span class=\"author-seperate\">\/<\/span><span class=\"post-comment\"><i class=\"far fa-comments\"><\/i>0 \u043a\u043e\u043c\u043c\u0435\u043d\u0442\u0430\u0440\u0438\u0435\u0432<\/span><\/div>            <\/div> \r\n            <h3 class=\"post-standard__title\"><a href=\"https:\/\/bosporus24.de\/ru\/zollkontrollen-und-pruefungen-was-unternehmen-beachten-muessen\/\" rel=\"bookmark\">\u0422\u0430\u043c\u043e\u0436\u0435\u043d\u043d\u044b\u0439 \u043a\u043e\u043d\u0442\u0440\u043e\u043b\u044c \u0438 \u0430\u0443\u0434\u0438\u0442: \u0427\u0442\u043e \u043d\u0435\u043e\u0431\u0445\u043e\u0434\u0438\u043c\u043e \u0443\u0447\u0438\u0442\u044b\u0432\u0430\u0442\u044c \u043a\u043e\u043c\u043f\u0430\u043d\u0438\u044f\u043c<\/a><\/h3>\r\n                           <div class=\"post-standard__desc\">\r\n                  \u041a\u043e\u043c\u043f\u0430\u043d\u0438\u0438, \u0438\u043c\u043f\u043e\u0440\u0442\u0438\u0440\u0443\u044e\u0449\u0438\u0435 \u0438\u043b\u0438 \u044d\u043a\u0441\u043f\u043e\u0440\u0442\u0438\u0440\u0443\u044e\u0449\u0438\u0435 \u0442\u043e\u0432\u0430\u0440\u044b, \u0434\u043e\u043b\u0436\u043d\u044b \u0431\u044b\u0442\u044c \u0433\u043e\u0442\u043e\u0432\u044b \u043a \u0442\u0430\u043c\u043e\u0436\u0435\u043d\u043d\u044b\u043c \u043f\u0440\u043e\u0432\u0435\u0440\u043a\u0430\u043c \u0438 \u0438\u043d\u0441\u043f\u0435\u043a\u0446\u0438\u044f\u043c. \u0422\u0430\u043c\u043e\u0436\u043d\u044f               <\/div>   \r\n                        <div class=\"post-standard__read-more\">\r\n               <a class=\"btn-border\" href=\"https:\/\/bosporus24.de\/ru\/zollkontrollen-und-pruefungen-was-unternehmen-beachten-muessen\/\">\u0427\u0438\u0442\u0430\u0442\u044c \u0434\u0430\u043b\u0435\u0435<\/a>\r\n            <\/div>\r\n         <\/div>\r\n\r\n      <\/div>\r\n   <\/article>   \r\n\r\n  <\/div><div class=\"item-post\">\r\n   <article id=\"post-12105\" class=\"post post-standard__single post-12105 type-post status-publish format-standard hentry category-dual-use-gueter-und-exportkontrollen-wann-sind-genehmigungen-noetig category-zoll-importverfahren\">\r\n      \r\n         \r\n\r\n      <div class=\"post-standard__content has-no-thumbnail\">\r\n         <div class=\"post-standard__content-inner\">\r\n            <div class=\"post-standard__meta\">\r\n               <div class=\"clearfix meta-inline post-meta-2\"><span class=\"entry-date\"><i class=\"far fa-calendar-alt\"><\/i>4 \u043c\u0430\u0440\u0442\u0430, 2025<\/span><span class=\"author-seperate\">\/<\/span><span class=\"post-comment\"><i class=\"far fa-comments\"><\/i>0 \u043a\u043e\u043c\u043c\u0435\u043d\u0442\u0430\u0440\u0438\u0435\u0432<\/span><\/div>            <\/div> \r\n            <h3 class=\"post-standard__title\"><a href=\"https:\/\/bosporus24.de\/ru\/dual-use-gueter-und-exportkontrollen-wann-sind-genehmigungen-noetig\/\" rel=\"bookmark\">\u0422\u043e\u0432\u0430\u0440\u044b \u0434\u0432\u043e\u0439\u043d\u043e\u0433\u043e \u043d\u0430\u0437\u043d\u0430\u0447\u0435\u043d\u0438\u044f \u0438 \u044d\u043a\u0441\u043f\u043e\u0440\u0442\u043d\u044b\u0439 \u043a\u043e\u043d\u0442\u0440\u043e\u043b\u044c: \u041a\u043e\u0433\u0434\u0430 \u0442\u0440\u0435\u0431\u0443\u044e\u0442\u0441\u044f \u043b\u0438\u0446\u0435\u043d\u0437\u0438\u0438?<\/a><\/h3>\r\n                           <div class=\"post-standard__desc\">\r\n                  \u042d\u043a\u0441\u043f\u043e\u0440\u0442 \u043d\u0435\u043a\u043e\u0442\u043e\u0440\u044b\u0445 \u0442\u043e\u0432\u0430\u0440\u043e\u0432 \u043f\u043e\u0434\u043b\u0435\u0436\u0438\u0442 \u0441\u0442\u0440\u043e\u0433\u043e\u043c\u0443 \u043a\u043e\u043d\u0442\u0440\u043e\u043b\u044e, \u043e\u0441\u043e\u0431\u0435\u043d\u043d\u043e \u0435\u0441\u043b\u0438 \u043e\u043d\u0438 \u043f\u0440\u0435\u0434\u043d\u0430\u0437\u043d\u0430\u0447\u0435\u043d\u044b \u043a\u0430\u043a \u0434\u043b\u044f \u0433\u0440\u0430\u0436\u0434\u0430\u043d\u0441\u043a\u043e\u0433\u043e, \u0442\u0430\u043a \u0438 \u0434\u043b\u044f \u0432\u043e\u0435\u043d\u043d\u043e\u0433\u043e \u0438\u0441\u043f\u043e\u043b\u044c\u0437\u043e\u0432\u0430\u043d\u0438\u044f.               <\/div>   \r\n                        <div class=\"post-standard__read-more\">\r\n               <a class=\"btn-border\" href=\"https:\/\/bosporus24.de\/ru\/dual-use-gueter-und-exportkontrollen-wann-sind-genehmigungen-noetig\/\">\u0427\u0438\u0442\u0430\u0442\u044c \u0434\u0430\u043b\u0435\u0435<\/a>\r\n            <\/div>\r\n         <\/div>\r\n\r\n      <\/div>\r\n   <\/article>   \r\n\r\n  <\/div>\r\n\t\t\t\t\t<div class=\"pagination\">\r\n\t\t\t\t<div class=\"column one pager_wrapper\"><div class=\"pager\"><div class=\"paginations\"><a href=\"https:\/\/bosporus24.de\/ru\/wp-json\/wp\/v2\/pages\/12277\/\" class=\"page-item active\">1<\/a><a href=\"https:\/\/bosporus24.de\/ru\/wp-json\/wp\/v2\/pages\/12277\/page\/2\/\" class=\"page-item\">2<\/a><a href=\"https:\/\/bosporus24.de\/ru\/wp-json\/wp\/v2\/pages\/12277\/page\/3\/\" class=\"page-item\">3<\/a><span class=\"page-item\">... <\/span><a href=\"https:\/\/bosporus24.de\/ru\/wp-json\/wp\/v2\/pages\/12277\/page\/5\/\" class=\"page-item\">5<\/a><a class=\"next_page\" href=\"https:\/\/bosporus24.de\/ru\/wp-json\/wp\/v2\/pages\/12277\/page\/2\/\"><i class=\"fas fa-chevron-right\"><\/i><\/a><\/div><\/div><\/div>\n\t\t\t<\/div>\r\n\t\t\t<\/div>\r\n\r\n<\/div>\r\n\r\n<\/div>\t\t\t\t<\/div>\n\t\t\t\t<\/div>\n\t\t\t\t\t<\/div>\n\t\t<\/div>\n\t\t\t\t\t<\/div>\n\t\t<\/section>\n\t\t\t\t<\/div>","protected":false},"excerpt":{"rendered":"<p>Zoll &#038; Importverfahren Blog &amp; Nachrichten Arbeitsrecht &#038; Mitarbeiter aus dem Ausland B\u00fcrokratie und Beh\u00f6rdenwege f\u00fcr Unternehmen E-Commerce Firmengr\u00fcndung &#038; Investition in Deutschland Zoll &#038; Importverfahren Send e-mail info@bosporus24.de \u2014or [&hellip;]<\/p>\n","protected":false},"author":1,"featured_media":0,"parent":52,"menu_order":0,"comment_status":"closed","ping_status":"closed","template":"","meta":{"footnotes":""},"class_list":["post-12277","page","type-page","status-publish","hentry"],"_links":{"self":[{"href":"https:\/\/bosporus24.de\/ru\/wp-json\/wp\/v2\/pages\/12277","targetHints":{"allow":["GET"]}}],"collection":[{"href":"https:\/\/bosporus24.de\/ru\/wp-json\/wp\/v2\/pages"}],"about":[{"href":"https:\/\/bosporus24.de\/ru\/wp-json\/wp\/v2\/types\/page"}],"author":[{"embeddable":true,"href":"https:\/\/bosporus24.de\/ru\/wp-json\/wp\/v2\/users\/1"}],"replies":[{"embeddable":true,"href":"https:\/\/bosporus24.de\/ru\/wp-json\/wp\/v2\/comments?post=12277"}],"version-history":[{"count":7,"href":"https:\/\/bosporus24.de\/ru\/wp-json\/wp\/v2\/pages\/12277\/revisions"}],"predecessor-version":[{"id":12296,"href":"https:\/\/bosporus24.de\/ru\/wp-json\/wp\/v2\/pages\/12277\/revisions\/12296"}],"up":[{"embeddable":true,"href":"https:\/\/bosporus24.de\/ru\/wp-json\/wp\/v2\/pages\/52"}],"wp:attachment":[{"href":"https:\/\/bosporus24.de\/ru\/wp-json\/wp\/v2\/media?parent=12277"}],"curies":[{"name":"wp","href":"https:\/\/api.w.org\/{rel}","templated":true}]}}