{"id":56,"date":"2023-07-21T02:01:10","date_gmt":"2023-07-21T02:01:10","guid":{"rendered":"https:\/\/gaviaspreview.com\/wp\/lestin\/?page_id=56"},"modified":"2025-02-15T14:49:18","modified_gmt":"2025-02-15T14:49:18","slug":"our-member","status":"publish","type":"page","link":"https:\/\/bosporus24.de\/ru\/our-member\/","title":{"rendered":"\u041d\u0430\u0448 \u043e\u0441\u043d\u043e\u0432\u0430\u0442\u0435\u043b\u044c"},"content":{"rendered":"<div data-elementor-type=\"wp-page\" data-elementor-id=\"56\" class=\"elementor elementor-56\">\n\t\t\t\t\t\t<section class=\"elementor-section elementor-top-section elementor-element elementor-element-41677c0 elementor-section-boxed elementor-section-height-default elementor-section-height-default\" data-id=\"41677c0\" data-element_type=\"section\" data-e-type=\"section\" data-settings=\"{&quot;background_background&quot;:&quot;classic&quot;}\">\n\t\t\t\t\t\t\t<div class=\"elementor-background-overlay\"><\/div>\n\t\t\t\t\t\t\t<div class=\"elementor-container elementor-column-gap-default\">\n\t\t\t\t\t<div class=\"elementor-column elementor-col-100 elementor-top-column elementor-element elementor-element-5e60da7\" data-id=\"5e60da7\" data-element_type=\"column\" data-e-type=\"column\">\n\t\t\t<div class=\"elementor-widget-wrap elementor-element-populated\">\n\t\t\t\t\t\t<div class=\"elementor-element elementor-element-b463655 elementor-widget elementor-widget-gva-heading-block\" data-id=\"b463655\" data-element_type=\"widget\" data-e-type=\"widget\" data-widget_type=\"gva-heading-block.default\">\n\t\t\t\t<div class=\"elementor-widget-container\">\n\t\t\t\t\t<div class=\"gva-element-gva-heading-block gva-element\">   <div class=\"align-center style-1 widget gsc-heading box-align-left auto-responsive\">\r\n      <div class=\"content-inner\">\r\n         \r\n                  \r\n           \r\n         \r\n                     <h2 class=\"title\">\r\n               <span>\u041d\u0430\u0448 \u043e\u0441\u043d\u043e\u0432\u0430\u0442\u0435\u043b\u044c\n<\/span>\r\n            <\/h2>\r\n                  \r\n                     <div class=\"title-desc\">\u0413\u043b\u0430\u0432\u043d\u0430\u044f &gt; \u041d\u0430\u0448 \u043e\u0441\u043d\u043e\u0432\u0430\u0442\u0435\u043b\u044c\n<\/div>\r\n         \r\n         \r\n      <\/div>\r\n   <\/div>\r\n<\/div>\t\t\t\t<\/div>\n\t\t\t\t<\/div>\n\t\t\t\t\t<\/div>\n\t\t<\/div>\n\t\t\t\t\t<\/div>\n\t\t<\/section>\n\t\t\t\t<section class=\"elementor-section elementor-top-section elementor-element elementor-element-60a58bb2 elementor-section-boxed elementor-section-height-default elementor-section-height-default\" data-id=\"60a58bb2\" data-element_type=\"section\" data-e-type=\"section\">\n\t\t\t\t\t\t<div class=\"elementor-container elementor-column-gap-default\">\n\t\t\t\t\t<div class=\"elementor-column elementor-col-50 elementor-top-column elementor-element elementor-element-67408320\" data-id=\"67408320\" data-element_type=\"column\" data-e-type=\"column\" data-settings=\"{&quot;background_background&quot;:&quot;classic&quot;}\">\n\t\t\t<div class=\"elementor-widget-wrap elementor-element-populated\">\n\t\t\t\t\t\t<div class=\"elementor-element elementor-element-629e818a elementor-widget elementor-widget-spacer\" data-id=\"629e818a\" data-element_type=\"widget\" data-e-type=\"widget\" data-widget_type=\"spacer.default\">\n\t\t\t\t<div class=\"elementor-widget-container\">\n\t\t\t\t\t\t\t<div class=\"elementor-spacer\">\n\t\t\t<div class=\"elementor-spacer-inner\"><\/div>\n\t\t<\/div>\n\t\t\t\t\t\t<\/div>\n\t\t\t\t<\/div>\n\t\t\t\t\t<\/div>\n\t\t<\/div>\n\t\t\t\t<div class=\"elementor-column elementor-col-50 elementor-top-column elementor-element elementor-element-4b032acc\" data-id=\"4b032acc\" data-element_type=\"column\" data-e-type=\"column\" data-settings=\"{&quot;background_background&quot;:&quot;classic&quot;}\">\n\t\t\t<div class=\"elementor-widget-wrap elementor-element-populated\">\n\t\t\t\t\t\t<div class=\"elementor-element elementor-element-499f2e3 elementor-widget elementor-widget-gva-heading-block\" data-id=\"499f2e3\" data-element_type=\"widget\" data-e-type=\"widget\" data-widget_type=\"gva-heading-block.default\">\n\t\t\t\t<div class=\"elementor-widget-container\">\n\t\t\t\t\t<div class=\"gva-element-gva-heading-block gva-element\">   <div class=\"align-left style-1 widget gsc-heading box-align-left auto-responsive\">\r\n      <div class=\"content-inner\">\r\n         \r\n                  \r\n           \r\n         \r\n                     <h2 class=\"title\">\r\n               <span>\u041d\u0430\u0448 \u043e\u0441\u043d\u043e\u0432\u0430\u0442\u0435\u043b\u044c\n<\/span>\r\n            <\/h2>\r\n                  \r\n                     <div class=\"title-desc\">\u0410\u0437\u0438\u0437 \u0421\u0435\u0432\u0438\u043d\u0434\u0438\u043a, \u043e\u0441\u043d\u043e\u0432\u0430\u0442\u0435\u043b\u044c \u0438 \u0432\u043b\u0430\u0434\u0435\u043b\u0435\u0446 \u043d\u0430\u0448\u0435\u0439 \u043a\u043e\u043c\u043f\u0430\u043d\u0438\u0438, \u0443\u0436\u0435 \u0431\u043e\u043b\u0435\u0435 30 \u043b\u0435\u0442 \u0440\u0430\u0431\u043e\u0442\u0430\u0435\u0442 \u0432 \u0413\u0435\u0440\u043c\u0430\u043d\u0438\u0438, \u0415\u0432\u0440\u043e\u043f\u0435, \u0422\u0443\u0440\u0446\u0438\u0438, \u043d\u0430 \u0411\u043b\u0438\u0436\u043d\u0435\u043c \u0412\u043e\u0441\u0442\u043e\u043a\u0435, \u0432 \u0420\u043e\u0441\u0441\u0438\u0438, \u0410\u0437\u0438\u0438, \u041c\u0430\u0440\u043e\u043a\u043a\u043e \u0438 \u0421\u0435\u0432\u0435\u0440\u043d\u043e\u0439 \u0410\u0444\u0440\u0438\u043a\u0435. \u041f\u043e\u043c\u0438\u043c\u043e \u043e\u0431\u0448\u0438\u0440\u043d\u043e\u0433\u043e \u043e\u043f\u044b\u0442\u0430 \u0440\u0430\u0431\u043e\u0442\u044b \u0432 \u0440\u0430\u0437\u043b\u0438\u0447\u043d\u044b\u0445 \u043e\u0442\u0440\u0430\u0441\u043b\u044f\u0445, \u0442\u0430\u043a\u0438\u0445 \u043a\u0430\u043a \u0441\u0442\u0440\u043e\u0438\u0442\u0435\u043b\u044c\u0441\u0442\u0432\u043e, \u0437\u0434\u0440\u0430\u0432\u043e\u043e\u0445\u0440\u0430\u043d\u0435\u043d\u0438\u0435, \u0445\u0438\u043c\u0438\u0447\u0435\u0441\u043a\u0430\u044f \u043f\u0440\u043e\u043c\u044b\u0448\u043b\u0435\u043d\u043d\u043e\u0441\u0442\u044c, \u0440\u0435\u043a\u043b\u0430\u043c\u0430, \u043c\u0430\u0440\u043a\u0435\u0442\u0438\u043d\u0433, \u043f\u0440\u043e\u0433\u0440\u0430\u043c\u043c\u043d\u043e\u0435 \u043e\u0431\u0435\u0441\u043f\u0435\u0447\u0435\u043d\u0438\u0435, \u043a\u043e\u043d\u0441\u0430\u043b\u0442\u0438\u043d\u0433 \u0438 \u0443\u043f\u0440\u0430\u0432\u043b\u0435\u043d\u0438\u0435 \u043f\u0435\u0440\u0441\u043e\u043d\u0430\u043b\u043e\u043c, \u043e\u043d \u0442\u0430\u043a\u0436\u0435 \u043f\u043e\u0434\u0434\u0435\u0440\u0436\u0438\u0432\u0430\u0435\u0442 \u043f\u043e\u043b\u0438\u0442\u0438\u0447\u0435\u0441\u043a\u0438\u0435 \u0441\u0432\u044f\u0437\u0438 \u0438 \u0441\u043f\u043e\u0441\u043e\u0431\u0441\u0442\u0432\u0443\u0435\u0442 \u0440\u0430\u0437\u0432\u0438\u0442\u0438\u044e \u0442\u043e\u0440\u0433\u043e\u0432\u044b\u0445 \u043e\u0442\u043d\u043e\u0448\u0435\u043d\u0438\u0439 \u0432 \u044d\u0442\u0438\u0445 \u0440\u0435\u0433\u0438\u043e\u043d\u0430\u0445.\n\n\u0421 \u043f\u043e\u043c\u043e\u0449\u044c\u044e \u043e\u0441\u043d\u043e\u0432\u0430\u043d\u043d\u043e\u0439 \u0438\u043c \u043a\u043e\u043c\u043f\u0430\u043d\u0438\u0438 Bosporus24 \u043e\u043d \u043e\u0431\u044a\u0435\u0434\u0438\u043d\u044f\u0435\u0442 \u043f\u043e\u043a\u0443\u043f\u0430\u0442\u0435\u043b\u0435\u0439 \u0438 \u043f\u0440\u043e\u0434\u0430\u0432\u0446\u043e\u0432 \u0438 \u0441\u043e\u0437\u0434\u0430\u0435\u0442 \u0433\u043b\u043e\u0431\u0430\u043b\u044c\u043d\u0443\u044e \u0441\u0435\u0442\u044c, \u043a\u043e\u0442\u043e\u0440\u0430\u044f \u043e\u0431\u044a\u0435\u0434\u0438\u043d\u044f\u0435\u0442 \u0438 \u0443\u043a\u0440\u0435\u043f\u043b\u044f\u0435\u0442 \u043c\u0435\u0436\u0434\u0443\u043d\u0430\u0440\u043e\u0434\u043d\u0443\u044e \u0442\u043e\u0440\u0433\u043e\u0432\u043b\u044e.<\/div>\r\n         \r\n         \r\n      <\/div>\r\n   <\/div>\r\n<\/div>\t\t\t\t<\/div>\n\t\t\t\t<\/div>\n\t\t\t\t\t<\/div>\n\t\t<\/div>\n\t\t\t\t\t<\/div>\n\t\t<\/section>\n\t\t\t\t<\/div>","protected":false},"excerpt":{"rendered":"<p>Unser Gr\u00fcnder Home &gt; Unser Gr\u00fcnder Unser Gr\u00fcnder Aziz Sevindik, der Gr\u00fcnder und Eigent\u00fcmer unseres Unternehmens, ist seit \u00fcber 30 Jahren in Deutschland, Europa, der T\u00fcrkei, dem Nahen Osten, Russland, [&hellip;]<\/p>\n","protected":false},"author":1,"featured_media":0,"parent":0,"menu_order":0,"comment_status":"closed","ping_status":"closed","template":"","meta":{"footnotes":""},"class_list":["post-56","page","type-page","status-publish","hentry"],"_links":{"self":[{"href":"https:\/\/bosporus24.de\/ru\/wp-json\/wp\/v2\/pages\/56","targetHints":{"allow":["GET"]}}],"collection":[{"href":"https:\/\/bosporus24.de\/ru\/wp-json\/wp\/v2\/pages"}],"about":[{"href":"https:\/\/bosporus24.de\/ru\/wp-json\/wp\/v2\/types\/page"}],"author":[{"embeddable":true,"href":"https:\/\/bosporus24.de\/ru\/wp-json\/wp\/v2\/users\/1"}],"replies":[{"embeddable":true,"href":"https:\/\/bosporus24.de\/ru\/wp-json\/wp\/v2\/comments?post=56"}],"version-history":[{"count":7,"href":"https:\/\/bosporus24.de\/ru\/wp-json\/wp\/v2\/pages\/56\/revisions"}],"predecessor-version":[{"id":11969,"href":"https:\/\/bosporus24.de\/ru\/wp-json\/wp\/v2\/pages\/56\/revisions\/11969"}],"wp:attachment":[{"href":"https:\/\/bosporus24.de\/ru\/wp-json\/wp\/v2\/media?parent=56"}],"curies":[{"name":"wp","href":"https:\/\/api.w.org\/{rel}","templated":true}]}}