{"id":22,"date":"2023-07-21T01:56:16","date_gmt":"2023-07-21T01:56:16","guid":{"rendered":"https:\/\/gaviaspreview.com\/wp\/lestin\/?page_id=22"},"modified":"2025-03-07T11:30:54","modified_gmt":"2025-03-07T11:30:54","slug":"about","status":"publish","type":"page","link":"https:\/\/bosporus24.de\/tr\/about\/","title":{"rendered":"Hakk\u0131nda"},"content":{"rendered":"<div data-elementor-type=\"wp-page\" data-elementor-id=\"22\" class=\"elementor elementor-22\">\n\t\t\t\t\t\t<section class=\"elementor-section elementor-top-section elementor-element elementor-element-4ba9b71 elementor-section-boxed elementor-section-height-default elementor-section-height-default\" data-id=\"4ba9b71\" data-element_type=\"section\" data-e-type=\"section\" data-settings=\"{&quot;background_background&quot;:&quot;classic&quot;}\">\n\t\t\t\t\t\t\t<div class=\"elementor-background-overlay\"><\/div>\n\t\t\t\t\t\t\t<div class=\"elementor-container elementor-column-gap-default\">\n\t\t\t\t\t<div class=\"elementor-column elementor-col-100 elementor-top-column elementor-element elementor-element-d6da0bf\" data-id=\"d6da0bf\" data-element_type=\"column\" data-e-type=\"column\">\n\t\t\t<div class=\"elementor-widget-wrap elementor-element-populated\">\n\t\t\t\t\t\t<div class=\"elementor-element elementor-element-bf5a604 elementor-widget elementor-widget-gva-heading-block\" data-id=\"bf5a604\" data-element_type=\"widget\" data-e-type=\"widget\" data-widget_type=\"gva-heading-block.default\">\n\t\t\t\t<div class=\"elementor-widget-container\">\n\t\t\t\t\t<div class=\"gva-element-gva-heading-block gva-element\">   <div class=\"align-center style-1 widget gsc-heading box-align-left auto-responsive\">\r\n      <div class=\"content-inner\">\r\n         \r\n                  \r\n           \r\n         \r\n                     <h2 class=\"title\">\r\n               <span>Hakk\u0131m\u0131zda\n<\/span>\r\n            <\/h2>\r\n                  \r\n                     <div class=\"title-desc\">Anasayfa - Hakk\u0131m\u0131zda<\/div>\r\n         \r\n         \r\n      <\/div>\r\n   <\/div>\r\n<\/div>\t\t\t\t<\/div>\n\t\t\t\t<\/div>\n\t\t\t\t\t<\/div>\n\t\t<\/div>\n\t\t\t\t\t<\/div>\n\t\t<\/section>\n\t\t\t\t<section class=\"elementor-section elementor-top-section elementor-element elementor-element-16f69c0 elementor-section-boxed elementor-section-height-default elementor-section-height-default\" data-id=\"16f69c0\" data-element_type=\"section\" data-e-type=\"section\">\n\t\t\t\t\t\t<div class=\"elementor-container elementor-column-gap-default\">\n\t\t\t\t\t<div class=\"elementor-column elementor-col-50 elementor-top-column elementor-element elementor-element-3ea2eae\" data-id=\"3ea2eae\" data-element_type=\"column\" data-e-type=\"column\">\n\t\t\t<div class=\"elementor-widget-wrap elementor-element-populated\">\n\t\t\t\t\t\t<section class=\"elementor-section elementor-inner-section elementor-element elementor-element-1b33d9c elementor-section-boxed elementor-section-height-default elementor-section-height-default\" data-id=\"1b33d9c\" data-element_type=\"section\" data-e-type=\"section\">\n\t\t\t\t\t\t<div class=\"elementor-container elementor-column-gap-default\">\n\t\t\t\t\t<div class=\"elementor-column elementor-col-50 elementor-inner-column elementor-element elementor-element-0c9d8ed\" data-id=\"0c9d8ed\" data-element_type=\"column\" data-e-type=\"column\">\n\t\t\t<div class=\"elementor-widget-wrap elementor-element-populated\">\n\t\t\t\t\t\t<div class=\"elementor-element elementor-element-f514d12 elementor-widget elementor-widget-image\" data-id=\"f514d12\" data-element_type=\"widget\" data-e-type=\"widget\" data-widget_type=\"image.default\">\n\t\t\t\t<div class=\"elementor-widget-container\">\n\t\t\t\t\t\t\t\t\t\t\t\t\t\t\t<img decoding=\"async\" src=\"http:\/\/bosporus24.de\/wp-content\/uploads\/2025\/03\/pexels-pixelcop-3309498-scaled.jpg\" title=\"\" alt=\"\" loading=\"lazy\" \/>\t\t\t\t\t\t\t\t\t\t\t\t\t\t\t<\/div>\n\t\t\t\t<\/div>\n\t\t\t\t\t<\/div>\n\t\t<\/div>\n\t\t\t\t<div class=\"elementor-column elementor-col-50 elementor-inner-column elementor-element elementor-element-87bb805\" data-id=\"87bb805\" data-element_type=\"column\" data-e-type=\"column\">\n\t\t\t<div class=\"elementor-widget-wrap elementor-element-populated\">\n\t\t\t\t\t\t<div class=\"elementor-element elementor-element-7c4fc07 elementor-widget elementor-widget-image\" data-id=\"7c4fc07\" data-element_type=\"widget\" data-e-type=\"widget\" data-widget_type=\"image.default\">\n\t\t\t\t<div class=\"elementor-widget-container\">\n\t\t\t\t\t\t\t\t\t\t\t\t\t\t\t<img decoding=\"async\" src=\"http:\/\/bosporus24.de\/wp-content\/uploads\/2023\/11\/online-selling-e-commerce-2024-12-03-03-59-18-utc-scaled.jpg\" title=\"\" alt=\"\" loading=\"lazy\" \/>\t\t\t\t\t\t\t\t\t\t\t\t\t\t\t<\/div>\n\t\t\t\t<\/div>\n\t\t\t\t<div class=\"elementor-element elementor-element-fc0d3b6 elementor-widget elementor-widget-image\" data-id=\"fc0d3b6\" data-element_type=\"widget\" data-e-type=\"widget\" data-widget_type=\"image.default\">\n\t\t\t\t<div class=\"elementor-widget-container\">\n\t\t\t\t\t\t\t\t\t\t\t\t\t\t\t<img decoding=\"async\" src=\"http:\/\/bosporus24.de\/wp-content\/uploads\/2023\/11\/close-up-of-small-carton-boxes-on-table-isolated-o-2024-11-19-15-22-00-utc-scaled.jpg\" title=\"\" alt=\"\" loading=\"lazy\" \/>\t\t\t\t\t\t\t\t\t\t\t\t\t\t\t<\/div>\n\t\t\t\t<\/div>\n\t\t\t\t<div class=\"elementor-element elementor-element-9d686ad elementor-widget elementor-widget-image\" data-id=\"9d686ad\" data-element_type=\"widget\" data-e-type=\"widget\" data-widget_type=\"image.default\">\n\t\t\t\t<div class=\"elementor-widget-container\">\n\t\t\t\t\t\t\t\t\t\t\t\t\t\t\t<img fetchpriority=\"high\" decoding=\"async\" width=\"1600\" height=\"720\" src=\"https:\/\/bosporus24.de\/wp-content\/uploads\/2025\/01\/Slider002-1.jpg\" class=\"attachment-full size-full wp-image-11802\" alt=\"\" srcset=\"https:\/\/bosporus24.de\/wp-content\/uploads\/2025\/01\/Slider002-1.jpg 1600w, https:\/\/bosporus24.de\/wp-content\/uploads\/2025\/01\/Slider002-1-1024x461.jpg 1024w, https:\/\/bosporus24.de\/wp-content\/uploads\/2025\/01\/Slider002-1-768x346.jpg 768w, https:\/\/bosporus24.de\/wp-content\/uploads\/2025\/01\/Slider002-1-600x270.jpg 600w\" sizes=\"(max-width: 1600px) 100vw, 1600px\" \/>\t\t\t\t\t\t\t\t\t\t\t\t\t\t\t<\/div>\n\t\t\t\t<\/div>\n\t\t\t\t\t<\/div>\n\t\t<\/div>\n\t\t\t\t\t<\/div>\n\t\t<\/section>\n\t\t\t\t\t<\/div>\n\t\t<\/div>\n\t\t\t\t<div class=\"elementor-column elementor-col-50 elementor-top-column elementor-element elementor-element-e8a334f\" data-id=\"e8a334f\" data-element_type=\"column\" data-e-type=\"column\">\n\t\t\t<div class=\"elementor-widget-wrap elementor-element-populated\">\n\t\t\t\t\t\t<div class=\"elementor-element elementor-element-081132d elementor-widget elementor-widget-gva-heading-block\" data-id=\"081132d\" data-element_type=\"widget\" data-e-type=\"widget\" data-widget_type=\"gva-heading-block.default\">\n\t\t\t\t<div class=\"elementor-widget-container\">\n\t\t\t\t\t<div class=\"gva-element-gva-heading-block gva-element\">   <div class=\"align-left style-1 widget gsc-heading box-align-left auto-responsive\">\r\n      <div class=\"content-inner\">\r\n         \r\n                  \r\n         <div class=\"sub-title\"><span class=\"tagline\">Bizi tan\u0131y\u0131n<\/span><\/div>  \r\n         \r\n                     <h2 class=\"title\">\r\n               <span>BOSPORUS24<\/span>\r\n            <\/h2>\r\n                  \r\n                     <div class=\"title-desc\"><h3>B\u00fcy\u00fcme ve ba\u015far\u0131ya a\u00e7\u0131lan dijital kap\u0131n\u0131z<\/h3>\nBosporus24, Almanya, T\u00fcrkiye ve \u00f6tesinde b\u00fcy\u00fcmek, geni\u015flemek ve yeni i\u015f f\u0131rsatlar\u0131 geli\u015ftirmek isteyen \u015firketler i\u00e7in lider platformdur.<br><br>\nK\u00fcreselle\u015fen d\u00fcnyada art\u0131k sadece yerel olarak g\u00f6r\u00fcn\u00fcr olmak yeterli de\u011fil. Ba\u015far\u0131l\u0131 \u015firketlerin stratejik a\u011flara, hedeflenmi\u015f bir pazar varl\u0131\u011f\u0131na ve eri\u015fimlerini en \u00fcst d\u00fczeye \u00e7\u0131karan bir platforma ihtiya\u00e7lar\u0131 vard\u0131r. Bosporus24 tam da bu noktada devreye giriyor: \u015eirketleri potansiyel i\u015f ortaklar\u0131, m\u00fc\u015fteriler ve yat\u0131r\u0131mc\u0131larla bulu\u015fturuyor ve pazardaki varl\u0131klar\u0131n\u0131 k\u00e2rl\u0131 bir \u015fekilde geni\u015fletmelerine yard\u0131mc\u0131 oluyoruz.\n<\/div>\r\n         \r\n         \r\n      <\/div>\r\n   <\/div>\r\n<\/div>\t\t\t\t<\/div>\n\t\t\t\t<\/div>\n\t\t\t\t\t<\/div>\n\t\t<\/div>\n\t\t\t\t\t<\/div>\n\t\t<\/section>\n\t\t\t\t<section class=\"elementor-section elementor-top-section elementor-element elementor-element-3452563 elementor-section-boxed elementor-section-height-default elementor-section-height-default\" data-id=\"3452563\" data-element_type=\"section\" data-e-type=\"section\">\n\t\t\t\t\t\t<div class=\"elementor-container elementor-column-gap-default\">\n\t\t\t\t\t<div class=\"elementor-column elementor-col-100 elementor-top-column elementor-element elementor-element-bf445d7\" data-id=\"bf445d7\" data-element_type=\"column\" data-e-type=\"column\">\n\t\t\t<div class=\"elementor-widget-wrap elementor-element-populated\">\n\t\t\t\t\t\t<div class=\"elementor-element elementor-element-15dc8fe elementor-widget elementor-widget-text-editor\" data-id=\"15dc8fe\" data-element_type=\"widget\" data-e-type=\"widget\" data-widget_type=\"text-editor.default\">\n\t\t\t\t<div class=\"elementor-widget-container\">\n\t\t\t\t\t\t\t\t\t<h4>Neden Bosporus24? Bir bak\u0131\u015fta avantajlar\u0131n\u0131z:<\/h4><p>Hedeflenen yeni m\u00fc\u015fteri kazan\u0131m\u0131 ve pazar geni\u015fletme<br \/>Bosporus24'teki bir giri\u015fle, \u00fcr\u00fcnlerinizi veya hizmetlerinizi aktif olarak arayan \u015firketlere ve karar vericilere ula\u015fabilirsiniz. Ak\u0131ll\u0131 filtreler ve optimize edilmi\u015f arama fonksiyonlar\u0131 sayesinde teklifleriniz tam olarak do\u011fru hedef gruplara ula\u015facakt\u0131r.<\/p><ul><li><strong>Maksimum \u00e7evrimi\u00e7i g\u00f6r\u00fcn\u00fcrl\u00fck ve dijital hakimiyet<\/strong><\/li><\/ul><p>\u015eirket profiliniz SEO i\u00e7in optimize edilmi\u015f ve stratejik olarak konumland\u0131r\u0131lm\u0131\u015ft\u0131r, b\u00f6ylece yaln\u0131zca platformumuzda de\u011fil, Google gibi arama motorlar\u0131nda da belirgin bir \u015fekilde g\u00f6r\u00fcn\u00fcrs\u00fcn\u00fcz. Eri\u015fiminiz otomatik olarak artar - kendiniz aktif olarak yeni m\u00fc\u015fteriler aramak zorunda kalmazs\u0131n\u0131z.<\/p><ul><li><strong>Y\u00fcksek kaliteli i\u015f ba\u011flant\u0131lar\u0131 ve premium a\u011f<\/strong><\/li><\/ul><p>Bosporus24'\u00fc \u00f6zel B2B a\u011f\u0131n\u0131z olarak kullan\u0131n. Hem Almanya'da hem de T\u00fcrkiye, Orta Do\u011fu ve \u00f6tesi gibi uluslararas\u0131 pazarlarda potansiyel i\u015f ortaklar\u0131, tedarik\u00e7iler ve m\u00fc\u015fterilerle ileti\u015fime ge\u00e7in.<\/p><ul><li><strong>Daha fazla sat\u0131\u015f i\u00e7in ba\u015far\u0131 odakl\u0131 reklam stratejileri<\/strong><\/li><\/ul><p>Rehber giri\u015finize ek olarak, sekt\u00f6r\u00fcn\u00fcze ve hedef kitlenize \u00f6zel olarak uyarlanm\u0131\u015f reklam se\u00e7eneklerinden de yararlanabilirsiniz. Banner reklamlardan \u00f6zel promosyonlara ve sponsorlu i\u00e7eriklere kadar \u015firketinizin do\u011fru ortamda tan\u0131nmas\u0131n\u0131 sa\u011fl\u0131yoruz.<\/p><ul><li><strong>Risksiz b\u00fcy\u00fcme - \u015feffaf fiyatlar ve y\u00fcksek getiri<\/strong><\/li><\/ul><p>Bosporus24 size \u00fccretsiz giri\u015flerden maksimum eri\u015fime sahip premium paketlere kadar esnek \u00fcyelik modelleri sunar. Tekliflerimiz, k\u0131sa bir s\u00fcre sonra sat\u0131\u015flar\u0131n\u0131zda g\u00f6zle g\u00f6r\u00fcl\u00fcr bir art\u0131\u015f elde etmenizi sa\u011flayacak \u015fekilde yap\u0131land\u0131r\u0131lm\u0131\u015ft\u0131r.<\/p><p><strong>Hizmetlerimiz - ba\u015far\u0131 anahtar\u0131n\u0131z<\/strong><\/p><ul><li><strong>Profesyonel \u015firket sunumu<\/strong><\/li><\/ul><p>\u015eirket profiliniz, m\u00fc\u015fterilere ve i\u015f ortaklar\u0131na ikna edici bir ilk izlenim vermek i\u00e7in bir logo, resimler, videolar ve ayr\u0131nt\u0131l\u0131 bir a\u00e7\u0131klama ile donat\u0131lm\u0131\u015ft\u0131r.<\/p><ul><li><strong>Hedefli reklam ve potansiyel m\u00fc\u015fteri olu\u015fturma<\/strong><\/li><\/ul><p>Premium reklam \u00e7\u00f6z\u00fcmlerimizle, \u015firketinizin ilgili i\u015fletme dizinlerinde \u00f6ne \u00e7\u0131kar\u0131lmas\u0131n\u0131 sa\u011fl\u0131yoruz. Ayr\u0131ca, sat\u0131n almaya haz\u0131r m\u00fc\u015fterilere do\u011frudan ula\u015fman\u0131z\u0131 sa\u011flayan \u00f6zel potansiyel m\u00fc\u015fteri kampanyalar\u0131 sunuyoruz.<\/p><ul><li><strong>\u00a0Pazar analizi ve trend i\u00e7g\u00f6r\u00fcleri<\/strong><\/li><\/ul><p>Sa\u011flam temellere dayanan stratejik kararlar almak i\u00e7in sekt\u00f6r\u00fcn\u00fczden de\u011ferli pazar bilgileri, analizler ve trendler al\u0131n.<\/p><ul><li><strong>\u0130\u015f E\u015fle\u015ftirme ve A\u011f Kurma Etkinlikleri<\/strong><\/li><\/ul><p>Potansiyel ortaklar ve yat\u0131r\u0131mc\u0131larla ki\u015fisel temas kurabilece\u011finiz \u00f6zel etkinlikler, web seminerleri ve a\u011f kurma etkinlikleri d\u00fczenliyoruz.<\/p><ul><li><strong>\u00a0Uluslararas\u0131 geni\u015fleme art\u0131k \u00e7ok kolay<\/strong><\/li><\/ul><p>\u0130ster Almanya'da, ister T\u00fcrkiye'de veya d\u00fcnya \u00e7ap\u0131nda olsun - platformumuz b\u00fcy\u00fcmenizi h\u0131zland\u0131rabilecek yeni pazarlara, finansman programlar\u0131na ve devlet desteklerine eri\u015fmenizi sa\u011flar.<\/p><h4>Bosporus24'ten kimler faydalanabilir?<\/h4><ul><li>Sa\u011flam bir pazar varl\u0131\u011f\u0131 olu\u015fturmak isteyen start-up'lar ve kurucular<\/li><li>Eri\u015fimlerini art\u0131rmak isteyen orta \u00f6l\u00e7ekli \u015firketler<\/li><li>Yeni pazarlara a\u00e7\u0131lmakta olan b\u00fcy\u00fck \u015firketler ve gruplar<\/li><li>G\u00fc\u00e7l\u00fc ortaklar ve tedarik zincirleri arayan ithalat ve ihracat \u015firketleri<\/li><li>Hizmet ve \u00fcr\u00fcnlerini sunmak isteyen sanayi ve \u00fcretim<\/li><li>Yeni m\u00fc\u015fteriler kazanmak isteyen dan\u0131\u015fmanlar, hizmet sa\u011flay\u0131c\u0131lar ve ajanslar<\/li><\/ul><p><strong>Ba\u015far\u0131n\u0131z burada ba\u015fl\u0131yor - \u015fimdi kaydolun!<\/strong><\/p><p>\u015eirketinizi karl\u0131 bir \u015fekilde konumland\u0131rmak i\u00e7in Bosporus24'\u00fcn benzersiz eri\u015fimini ve g\u00fc\u00e7l\u00fc B2B a\u011f\u0131n\u0131 kullan\u0131n. Bug\u00fcn ba\u015flay\u0131n ve \u00f6zel \u015firket rehberimizdeki varl\u0131\u011f\u0131n\u0131z\u0131 g\u00fcvence alt\u0131na al\u0131n!<\/p><p>\u015eimdi kaydolun ve g\u00f6r\u00fcn\u00fcr olun!<\/p>\t\t\t\t\t\t\t\t<\/div>\n\t\t\t\t<\/div>\n\t\t\t\t\t<\/div>\n\t\t<\/div>\n\t\t\t\t\t<\/div>\n\t\t<\/section>\n\t\t\t\t<section class=\"elementor-section elementor-top-section elementor-element elementor-element-07aac48 elementor-section-boxed elementor-section-height-default elementor-section-height-default\" data-id=\"07aac48\" data-element_type=\"section\" data-e-type=\"section\">\n\t\t\t\t\t\t<div class=\"elementor-container elementor-column-gap-default\">\n\t\t\t\t\t<div class=\"elementor-column elementor-col-100 elementor-top-column elementor-element elementor-element-99285d3\" data-id=\"99285d3\" data-element_type=\"column\" data-e-type=\"column\">\n\t\t\t<div class=\"elementor-widget-wrap elementor-element-populated\">\n\t\t\t\t\t\t<div class=\"elementor-element elementor-element-f0dd93e elementor-widget elementor-widget-gva-brand\" data-id=\"f0dd93e\" data-element_type=\"widget\" data-e-type=\"widget\" data-widget_type=\"gva-brand.default\">\n\t\t\t\t<div class=\"elementor-widget-container\">\n\t\t\t\t\t<div class=\"gva-element-gva-brand gva-element\">\r\n<div class=\"gva-brand-carousel swiper-slider-wrapper style-1\">\r\n   <div class=\"swiper-content-inner\">\r\n      <div class=\"init-carousel-swiper swiper\" data-carousel=\"{&quot;items&quot;:5,&quot;items_lg&quot;:5,&quot;items_md&quot;:4,&quot;items_sm&quot;:3,&quot;items_xs&quot;:2,&quot;items_xx&quot;:2,&quot;effect&quot;:&quot;slide&quot;,&quot;space_between&quot;:30,&quot;loop&quot;:1,&quot;speed&quot;:600,&quot;autoplay&quot;:1,&quot;autoplay_delay&quot;:4500,&quot;autoplay_hover&quot;:1,&quot;navigation&quot;:1,&quot;pagination&quot;:0,&quot;dynamic_bullets&quot;:0,&quot;pagination_type&quot;:&quot;bullets&quot;}\">\r\n         <div class=\"swiper-wrapper\">\r\n            <div class=\"swiper-slide item brand-item\"><div class=\"brand-item-content\"><div class=\"brand-item-image\"><img decoding=\"async\" src=\"http:\/\/bosporus24.de\/wp-content\/uploads\/2024\/12\/wes_Logo_hp.png\" alt=\"\" class=\"brand-img\"\/><\/div><\/div><\/div><div class=\"swiper-slide item brand-item\"><div class=\"brand-item-content\"><div class=\"brand-item-image\"><img decoding=\"async\" src=\"http:\/\/bosporus24.de\/wp-content\/uploads\/2024\/12\/BAB_Logo_HP.png\" alt=\"\" class=\"brand-img\"\/><\/div><\/div><\/div><div class=\"swiper-slide item brand-item\"><div class=\"brand-item-content\"><div class=\"brand-item-image\"><img decoding=\"async\" src=\"http:\/\/bosporus24.de\/wp-content\/uploads\/2024\/12\/pbs_Logo_HP.png\" alt=\"\" class=\"brand-img\"\/><\/div><\/div><\/div><div class=\"swiper-slide item brand-item\"><div class=\"brand-item-content\"><div class=\"brand-item-image\"><img decoding=\"async\" src=\"http:\/\/bosporus24.de\/wp-content\/uploads\/2024\/12\/timeline_logo_hp.png\" alt=\"\" class=\"brand-img\"\/><\/div><\/div><\/div><div class=\"swiper-slide item brand-item\"><div class=\"brand-item-content\"><div class=\"brand-item-image\"><img decoding=\"async\" src=\"http:\/\/bosporus24.de\/wp-content\/uploads\/2024\/12\/sorglosbauen_Logo_hp.png\" alt=\"\" class=\"brand-img\"\/><\/div><\/div><\/div>         <\/div>\r\n      <\/div>   \r\n   <\/div>\r\n   <div class=\"swiper-pagination\"><\/div>   <div class=\"swiper-nav-next\"><\/div><div class=\"swiper-nav-prev\"><\/div> \r\n<\/div>\r\n<\/div>\t\t\t\t<\/div>\n\t\t\t\t<\/div>\n\t\t\t\t\t<\/div>\n\t\t<\/div>\n\t\t\t\t\t<\/div>\n\t\t<\/section>\n\t\t\t\t<\/div>","protected":false},"excerpt":{"rendered":"<p>\u00dcber uns Home &#8211; \u00dcber Uns Lernen Sie uns kennen BOSPORUS24 Ihr digitales Tor zu Wachstum und Erfolg Bosporus24 ist die f\u00fchrende Plattform f\u00fcr Unternehmen, die wachsen, expandieren und neue [&hellip;]<\/p>\n","protected":false},"author":1,"featured_media":0,"parent":0,"menu_order":0,"comment_status":"closed","ping_status":"closed","template":"","meta":{"footnotes":""},"class_list":["post-22","page","type-page","status-publish","hentry"],"_links":{"self":[{"href":"https:\/\/bosporus24.de\/tr\/wp-json\/wp\/v2\/pages\/22","targetHints":{"allow":["GET"]}}],"collection":[{"href":"https:\/\/bosporus24.de\/tr\/wp-json\/wp\/v2\/pages"}],"about":[{"href":"https:\/\/bosporus24.de\/tr\/wp-json\/wp\/v2\/types\/page"}],"author":[{"embeddable":true,"href":"https:\/\/bosporus24.de\/tr\/wp-json\/wp\/v2\/users\/1"}],"replies":[{"embeddable":true,"href":"https:\/\/bosporus24.de\/tr\/wp-json\/wp\/v2\/comments?post=22"}],"version-history":[{"count":24,"href":"https:\/\/bosporus24.de\/tr\/wp-json\/wp\/v2\/pages\/22\/revisions"}],"predecessor-version":[{"id":12231,"href":"https:\/\/bosporus24.de\/tr\/wp-json\/wp\/v2\/pages\/22\/revisions\/12231"}],"wp:attachment":[{"href":"https:\/\/bosporus24.de\/tr\/wp-json\/wp\/v2\/media?parent=22"}],"curies":[{"name":"wp","href":"https:\/\/api.w.org\/{rel}","templated":true}]}}