{"id":64,"date":"2023-07-21T02:02:53","date_gmt":"2023-07-21T02:02:53","guid":{"rendered":"https:\/\/gaviaspreview.com\/wp\/lestin\/?page_id=64"},"modified":"2025-03-24T08:48:47","modified_gmt":"2025-03-24T08:48:47","slug":"post-a-listing","status":"publish","type":"page","link":"https:\/\/bosporus24.de\/tr\/post-a-listing\/","title":{"rendered":"\u0130lan G\u00f6nder"},"content":{"rendered":"<form method=\"post\" class=\"select-lt-submit-package\" action=\"\">\r\n                     <div class=\"job_listing_packages_title\">\r\n               <input type=\"hidden\" name=\"job_id\" value=\"0\" \/>\r\n               <input type=\"hidden\" name=\"step\" value=\"0\" \/>\r\n               <input type=\"hidden\" name=\"job_manager_form\" value=\"submit-job\" \/>\r\n               <h2>Bir paket se\u00e7in<\/h2>\r\n            <\/div>\r\n            <div class=\"job_listing_types\">\r\n               <div id=\"job-manager-job-dashboard\" style=\"padding:0;margin: 0 0 35px;\">\r\n                  <div class=\"alert alert-warning\">Mevcut Paketiniz Yok, Paket Listesi Sat\u0131n Alabilirsiniz<\/div>               <\/div>   \r\n\r\n                                 <div class=\"widget widget-packages\">\r\n                     <div class=\"row\">\r\n                                                   <div class=\"col-xl-4 col-md-6 col-sm-6 col-xs-12\">\r\n                              <div class=\"package-block\">\r\n                                 <div class=\"product-block-inner clearfix\">\r\n                                    <div class=\"package-top\">\r\n                                       <h3 class=\"title\">Standart paket (1.990 \u20ac\/y\u0131l)<\/h3>\r\n                                       <div class=\"package-price\">\r\n                                          <span class=\"price\"><span class=\"woocommerce-Price-amount amount\"><bdi>1.990,00&nbsp;<span class=\"woocommerce-Price-currencySymbol\">\u20ac<\/span><\/bdi><\/span><\/span>                                       <\/div>\r\n                                       <div class=\"desc\">\r\n                                          Profesyonel sunum                                       <\/div>   \r\n                                    <\/div>\r\n\r\n                                    <div class=\"package-content\">\r\n                                       <div class=\"content-inner\">\r\n                                          \u2705 G\u00f6rselleri ve a\u00e7\u0131klamalar\u0131 ile birlikte 5 \u00fcr\u00fcn\/hizmet\r\n\u2705 Geni\u015fletilmi\u015f \u015firket a\u00e7\u0131klamas\u0131 (en fazla 1.000 karakter)\r\nGoogle'da daha iyi bulunabilirlik i\u00e7in SEO optimizasyonu\r\n\u2705 Profil g\u00f6r\u00fcnt\u00fcleme ve sorgulama istatistikleri\r\n\u2705 Bir \u015firket videosunu entegre etme imkan\u0131 (YouTube\/Vimeo)\r\n\u2705 M\u00fc\u015fteriler taraf\u0131ndan verilen puanlar ve yorumlar\r\n\u2705 \u015eirket web sitesine do\u011frudan ba\u011flant\u0131\r\nBlogda veya haber b\u00fclteninde reklam yok\r\n\u274c Tercih edilen yerle\u015ftirme yok   \r\n                                          <div class=\"add-to-cart\">\r\n                                             <button class=\"btn-theme\" type=\"submit\" name=\"wc_lt_job_package\" value=\"246\" id=\"package-246\">\r\n                                                Ba\u015flay\u0131n                                             <\/button>\r\n                                          <\/div> \r\n                                       <\/div>   \r\n                                    <\/div>\r\n                                 <\/div>\r\n                              <\/div>\r\n\r\n                           <\/div>\r\n                                                   <div class=\"col-xl-4 col-md-6 col-sm-6 col-xs-12\">\r\n                              <div class=\"package-block\">\r\n                                 <div class=\"product-block-inner clearfix\">\r\n                                    <div class=\"package-top\">\r\n                                       <h3 class=\"title\">Premium paket (4.990 \u20ac\/y\u0131l)<\/h3>\r\n                                       <div class=\"package-price\">\r\n                                          <span class=\"price\"><span class=\"woocommerce-Price-amount amount\"><bdi>4.990,00&nbsp;<span class=\"woocommerce-Price-currencySymbol\">\u20ac<\/span><\/bdi><\/span><\/span>                                       <\/div>\r\n                                       <div class=\"desc\">\r\n                                          Daha fazla eri\u015fim ve g\u00f6r\u00fcn\u00fcrl\u00fck                                       <\/div>   \r\n                                    <\/div>\r\n\r\n                                    <div class=\"package-content\">\r\n                                       <div class=\"content-inner\">\r\n                                          \u2705 G\u00f6rselleri ve a\u00e7\u0131klamalar\u0131 ile birlikte 15 \u00fcr\u00fcn\/hizmet\r\n\u2705 Daha iyi Google s\u0131ralamalar\u0131 i\u00e7in geli\u015fmi\u015f SEO optimizasyonu\r\n\u2705 Haber b\u00fclteninde y\u0131lda 1 kez bahsedilmesi\r\n\u2705 Y\u0131lda 1x k\u0131sa makale veya blogda bahsetme (\u00f6rne\u011fin \"Ay\u0131n \u015eirketi\")\r\n\u2705 Arama sonu\u00e7lar\u0131nda tercih edilen yerle\u015fim\r\n\u2705 M\u00fc\u015fteri geri bildirimi ile geni\u015fletilmi\u015f derecelendirme sistemi\r\n\u2705 Detayl\u0131 istatistik ve analiz ara\u00e7lar\u0131   \r\n                                          <div class=\"add-to-cart\">\r\n                                             <button class=\"btn-theme\" type=\"submit\" name=\"wc_lt_job_package\" value=\"247\" id=\"package-247\">\r\n                                                Ba\u015flay\u0131n                                             <\/button>\r\n                                          <\/div> \r\n                                       <\/div>   \r\n                                    <\/div>\r\n                                 <\/div>\r\n                              <\/div>\r\n\r\n                           <\/div>\r\n                                                   <div class=\"col-xl-4 col-md-6 col-sm-6 col-xs-12\">\r\n                              <div class=\"package-block\">\r\n                                 <div class=\"product-block-inner clearfix\">\r\n                                    <div class=\"package-top\">\r\n                                       <h3 class=\"title\">\u00d6zel paket (9,990 \u20ac\/y\u0131l)<\/h3>\r\n                                       <div class=\"package-price\">\r\n                                          <span class=\"price\"><span class=\"woocommerce-Price-amount amount\"><bdi>9.990,00&nbsp;<span class=\"woocommerce-Price-currencySymbol\">\u20ac<\/span><\/bdi><\/span><\/span>                                       <\/div>\r\n                                       <div class=\"desc\">\r\n                                          Daha fazla eri\u015fim ve g\u00f6r\u00fcn\u00fcrl\u00fck                                       <\/div>   \r\n                                    <\/div>\r\n\r\n                                    <div class=\"package-content\">\r\n                                       <div class=\"content-inner\">\r\n                                          \u2705 S\u0131n\u0131rs\u0131z say\u0131da \u00fcr\u00fcn\/hizmet\r\n\u2705 Arama sonu\u00e7lar\u0131nda \u00fcst s\u0131ralarda yer alma (birinci s\u0131n\u0131f g\u00f6r\u00fcn\u00fcrl\u00fck)\r\n\u2705 \u00d6zel reklam f\u0131rsatlar\u0131:\r\nY\u0131lda 2 kez blogda tan\u0131t\u0131m yaz\u0131s\u0131 veya r\u00f6portaj\r\nB\u00fcltende y\u0131lda 2 kez yer alma\r\nAna sayfada 1 ayl\u0131k reklam banner\u0131\r\n\u2705 Sosyal medya tan\u0131t\u0131m\u0131 (y\u0131lda 2 kez LinkedIn, Facebook, Instagram)\r\n\u2705 \u015eirket etkinliklerine veya web seminerlerine kat\u0131l\u0131m\r\n\u2705 \u015eirket profilini optimize etmek i\u00e7in bireysel dan\u0131\u015fmanl\u0131k   \r\n                                          <div class=\"add-to-cart\">\r\n                                             <button class=\"btn-theme\" type=\"submit\" name=\"wc_lt_job_package\" value=\"12471\" id=\"package-12471\">\r\n                                                Ba\u015flay\u0131n                                             <\/button>\r\n                                          <\/div> \r\n                                       <\/div>   \r\n                                    <\/div>\r\n                                 <\/div>\r\n                              <\/div>\r\n\r\n                           <\/div>\r\n                                             <\/div>\r\n                  <\/div>\r\n               \r\n\r\n            <\/div>\r\n               <input type=\"hidden\" name=\"trp-form-language\" value=\"tr\"\/><\/form>","protected":false},"excerpt":{"rendered":"","protected":false},"author":1,"featured_media":0,"parent":0,"menu_order":0,"comment_status":"closed","ping_status":"closed","template":"","meta":{"footnotes":""},"class_list":["post-64","page","type-page","status-publish","hentry"],"_links":{"self":[{"href":"https:\/\/bosporus24.de\/tr\/wp-json\/wp\/v2\/pages\/64","targetHints":{"allow":["GET"]}}],"collection":[{"href":"https:\/\/bosporus24.de\/tr\/wp-json\/wp\/v2\/pages"}],"about":[{"href":"https:\/\/bosporus24.de\/tr\/wp-json\/wp\/v2\/types\/page"}],"author":[{"embeddable":true,"href":"https:\/\/bosporus24.de\/tr\/wp-json\/wp\/v2\/users\/1"}],"replies":[{"embeddable":true,"href":"https:\/\/bosporus24.de\/tr\/wp-json\/wp\/v2\/comments?post=64"}],"version-history":[{"count":1,"href":"https:\/\/bosporus24.de\/tr\/wp-json\/wp\/v2\/pages\/64\/revisions"}],"predecessor-version":[{"id":12470,"href":"https:\/\/bosporus24.de\/tr\/wp-json\/wp\/v2\/pages\/64\/revisions\/12470"}],"wp:attachment":[{"href":"https:\/\/bosporus24.de\/tr\/wp-json\/wp\/v2\/media?parent=64"}],"curies":[{"name":"wp","href":"https:\/\/api.w.org\/{rel}","templated":true}]}}