{"id":66,"date":"2023-07-21T02:03:15","date_gmt":"2023-07-21T02:03:15","guid":{"rendered":"https:\/\/gaviaspreview.com\/wp\/lestin\/?page_id=66"},"modified":"2025-06-23T13:23:00","modified_gmt":"2025-06-23T13:23:00","slug":"pricing","status":"publish","type":"page","link":"https:\/\/bosporus24.de\/tr\/pricing\/","title":{"rendered":"Fiyatland\u0131rma"},"content":{"rendered":"<div data-elementor-type=\"wp-page\" data-elementor-id=\"66\" class=\"elementor elementor-66\">\n\t\t\t\t\t\t<section class=\"elementor-section elementor-top-section elementor-element elementor-element-5f57e24 elementor-section-boxed elementor-section-height-default elementor-section-height-default\" data-id=\"5f57e24\" data-element_type=\"section\" data-e-type=\"section\" data-settings=\"{&quot;background_background&quot;:&quot;classic&quot;}\">\n\t\t\t\t\t\t\t<div class=\"elementor-background-overlay\"><\/div>\n\t\t\t\t\t\t\t<div class=\"elementor-container elementor-column-gap-default\">\n\t\t\t\t\t<div class=\"elementor-column elementor-col-100 elementor-top-column elementor-element elementor-element-49e7bca\" data-id=\"49e7bca\" data-element_type=\"column\" data-e-type=\"column\">\n\t\t\t<div class=\"elementor-widget-wrap elementor-element-populated\">\n\t\t\t\t\t\t<div class=\"elementor-element elementor-element-7b6decd elementor-widget elementor-widget-gva-heading-block\" data-id=\"7b6decd\" data-element_type=\"widget\" data-e-type=\"widget\" data-widget_type=\"gva-heading-block.default\">\n\t\t\t\t<div class=\"elementor-widget-container\">\n\t\t\t\t\t<div class=\"gva-element-gva-heading-block gva-element\">   <div class=\"align-center style-1 widget gsc-heading box-align-left auto-responsive\">\r\n      <div class=\"content-inner\">\r\n         \r\n                  \r\n           \r\n         \r\n                     <h2 class=\"title\">\r\n               <span>Fiyatlar<\/span>\r\n            <\/h2>\r\n                  \r\n                     <div class=\"title-desc\">Ana Sayfa &gt; Fiyatlar<\/div>\r\n         \r\n         \r\n      <\/div>\r\n   <\/div>\r\n<\/div>\t\t\t\t<\/div>\n\t\t\t\t<\/div>\n\t\t\t\t\t<\/div>\n\t\t<\/div>\n\t\t\t\t\t<\/div>\n\t\t<\/section>\n\t\t\t\t<section class=\"elementor-section elementor-top-section elementor-element elementor-element-3732fd2 elementor-section-boxed elementor-section-height-default elementor-section-height-default\" data-id=\"3732fd2\" data-element_type=\"section\" data-e-type=\"section\">\n\t\t\t\t\t\t<div class=\"elementor-container elementor-column-gap-default\">\n\t\t\t\t\t<div class=\"elementor-column elementor-col-50 elementor-top-column elementor-element elementor-element-9da0427\" data-id=\"9da0427\" data-element_type=\"column\" data-e-type=\"column\">\n\t\t\t<div class=\"elementor-widget-wrap elementor-element-populated\">\n\t\t\t\t\t\t<div class=\"elementor-element elementor-element-3e2a55e elementor-widget elementor-widget-gva-heading-block\" data-id=\"3e2a55e\" data-element_type=\"widget\" data-e-type=\"widget\" data-widget_type=\"gva-heading-block.default\">\n\t\t\t\t<div class=\"elementor-widget-container\">\n\t\t\t\t\t<div class=\"gva-element-gva-heading-block gva-element\">   <div class=\"align-left style-1 widget gsc-heading box-align-left auto-responsive\">\r\n      <div class=\"content-inner\">\r\n         \r\n                  \r\n         <div class=\"sub-title\"><span class=\"tagline\">Uygun Fiyat<\/span><\/div>  \r\n         \r\n                     <h2 class=\"title\">\r\n               <span>Paketimizi se\u00e7in<\/span>\r\n            <\/h2>\r\n                  \r\n         \r\n         \r\n      <\/div>\r\n   <\/div>\r\n<\/div>\t\t\t\t<\/div>\n\t\t\t\t<\/div>\n\t\t\t\t\t<\/div>\n\t\t<\/div>\n\t\t\t\t<div class=\"elementor-column elementor-col-50 elementor-top-column elementor-element elementor-element-a69d778 elementor-hidden-mobile\" data-id=\"a69d778\" data-element_type=\"column\" data-e-type=\"column\">\n\t\t\t<div class=\"elementor-widget-wrap\">\n\t\t\t\t\t\t\t<\/div>\n\t\t<\/div>\n\t\t\t\t\t<\/div>\n\t\t<\/section>\n\t\t\t\t<section class=\"elementor-section elementor-top-section elementor-element elementor-element-baab533 elementor-section-boxed elementor-section-height-default elementor-section-height-default\" data-id=\"baab533\" data-element_type=\"section\" data-e-type=\"section\">\n\t\t\t\t\t\t<div class=\"elementor-container elementor-column-gap-default\">\n\t\t\t\t\t<div class=\"elementor-column elementor-col-33 elementor-top-column elementor-element elementor-element-5b09956\" data-id=\"5b09956\" data-element_type=\"column\" data-e-type=\"column\">\n\t\t\t<div class=\"elementor-widget-wrap elementor-element-populated\">\n\t\t\t\t\t\t<div class=\"elementor-element elementor-element-21ad195 elementor-widget elementor-widget-gva-pricing-block\" data-id=\"21ad195\" data-element_type=\"widget\" data-e-type=\"widget\" data-widget_type=\"gva-pricing-block.default\">\n\t\t\t\t<div class=\"elementor-widget-container\">\n\t\t\t\t\t<div class=\"gva-element-gva-pricing-block gva-element\">   \r\n<div class=\"widget gsc-pricing style-1 active-no\">\r\n   <div class=\"content-inner\">\r\n\r\n      \r\n               <h3 class=\"title\">\r\n            <span>Standart paket<\/span>\r\n         <\/h3>\r\n      \r\n      <div class=\"plan-price\">\r\n         <div class=\"plan-price-inner clearfix\">\r\n            <span class=\"currency\">\u20ac<\/span>\r\n            <span class=\"price\">1.990<\/span>\r\n                           <span class=\"interval\">\/ y\u0131l<\/span>\r\n               \r\n         <\/div>\r\n      <\/div>\r\n\r\n      <div class=\"desc\">Profesyonel sunum<\/div>\r\n               <ul class=\"plan-list\">\r\n                           <li class=\"active\">\r\n                  <span class=\"text\">5 \u00fcr\u00fcn \/ hizmetin resimleri ve a\u00e7\u0131klamalar\u0131<\/span>\r\n               <\/li>  \r\n                           <li class=\"active\">\r\n                  <span class=\"text\">Geni\u015fletilmi\u015f \u015firket a\u00e7\u0131klamas\u0131 (en fazla 1.000 karakter)<\/span>\r\n               <\/li>  \r\n                           <li class=\"active\">\r\n                  <span class=\"text\">Profil g\u00f6r\u00fcnt\u00fcleme ve sorgulama istatistikleri<\/span>\r\n               <\/li>  \r\n                           <li class=\"active\">\r\n                  <span class=\"text\">Bir \u015firket videosunu entegre etme imkan\u0131 (YouTube \/ Vimeo)<\/span>\r\n               <\/li>  \r\n                           <li class=\"active\">\r\n                  <span class=\"text\">M\u00fc\u015fteriler taraf\u0131ndan verilen puanlar ve yorumlar<\/span>\r\n               <\/li>  \r\n                           <li class=\"active\">\r\n                  <span class=\"text\">\u015eirket web sitesine do\u011frudan ba\u011flant\u0131<\/span>\r\n               <\/li>  \r\n                           <li class=\"no-active\">\r\n                  <span class=\"text\">Blogda veya b\u00fcltende reklam yok<\/span>\r\n               <\/li>  \r\n                           <li class=\"no-active\">\r\n                  <span class=\"text\">Tercih edilen yer yok<\/span>\r\n               <\/li>  \r\n                     <\/ul>\r\n         \r\n\r\n\r\n               <div class=\"pricing-action\">\r\n            \t\t  <a href=\"https:\/\/bosporus24.de\/tr\/product\/standard-paket-e1-990-jahr\/\" class=\"btn-theme\">\r\n\t\t\t <span>Plan Se\u00e7iniz<\/span>\r\n\t\t  <\/a>\r\n\r\n\t\t           <\/div>\r\n         <\/div>\r\n<\/div>\r\n\r\n<div class=\"clearfix\"><\/div>\r\n\r\n<\/div>\t\t\t\t<\/div>\n\t\t\t\t<\/div>\n\t\t\t\t\t<\/div>\n\t\t<\/div>\n\t\t\t\t<div class=\"elementor-column elementor-col-33 elementor-top-column elementor-element elementor-element-3d5b193\" data-id=\"3d5b193\" data-element_type=\"column\" data-e-type=\"column\">\n\t\t\t<div class=\"elementor-widget-wrap elementor-element-populated\">\n\t\t\t\t\t\t<div class=\"elementor-element elementor-element-7599469 elementor-widget elementor-widget-gva-pricing-block\" data-id=\"7599469\" data-element_type=\"widget\" data-e-type=\"widget\" data-widget_type=\"gva-pricing-block.default\">\n\t\t\t\t<div class=\"elementor-widget-container\">\n\t\t\t\t\t<div class=\"gva-element-gva-pricing-block gva-element\">   \r\n<div class=\"widget gsc-pricing style-1 active-no\">\r\n   <div class=\"content-inner\">\r\n\r\n      \r\n               <h3 class=\"title\">\r\n            <span>Premium paket<\/span>\r\n         <\/h3>\r\n      \r\n      <div class=\"plan-price\">\r\n         <div class=\"plan-price-inner clearfix\">\r\n            <span class=\"currency\">\u20ac<\/span>\r\n            <span class=\"price\">4.990<\/span>\r\n                           <span class=\"interval\">\/ y\u0131l<\/span>\r\n               \r\n         <\/div>\r\n      <\/div>\r\n\r\n      <div class=\"desc\">Daha fazla eri\u015fim ve g\u00f6r\u00fcn\u00fcrl\u00fck<\/div>\r\n               <ul class=\"plan-list\">\r\n                           <li class=\"active\">\r\n                  <span class=\"text\">Resimli ve a\u00e7\u0131klamal\u0131 15 \u00fcr\u00fcn\/hizmet<\/span>\r\n               <\/li>  \r\n                           <li class=\"active\">\r\n                  <span class=\"text\">Y\u0131lda bir kez haber b\u00fclteninde bahsedilmesi<\/span>\r\n               <\/li>  \r\n                           <li class=\"active\">\r\n                  <span class=\"text\">Y\u0131lda 1x k\u0131sa makale veya blogda bahsetme (\u00f6rne\u011fin \"Ay\u0131n \u015eirketi\")<\/span>\r\n               <\/li>  \r\n                           <li class=\"active\">\r\n                  <span class=\"text\">Arama sonu\u00e7lar\u0131nda tercih edilen yerle\u015fim<\/span>\r\n               <\/li>  \r\n                           <li class=\"active\">\r\n                  <span class=\"text\">M\u00fc\u015fteri geri bildirimi ile geli\u015ftirilmi\u015f derecelendirme sistemi<\/span>\r\n               <\/li>  \r\n                           <li class=\"active\">\r\n                  <span class=\"text\">Detayl\u0131 istatistikler ve analiz ara\u00e7lar\u0131<\/span>\r\n               <\/li>  \r\n                     <\/ul>\r\n         \r\n\r\n\r\n               <div class=\"pricing-action\">\r\n            \t\t  <a href=\"https:\/\/bosporus24.de\/tr\/product\/premium-paket-e4-990-jahr\/\" class=\"btn-theme\">\r\n\t\t\t <span>Plan Se\u00e7iniz<\/span>\r\n\t\t  <\/a>\r\n\r\n\t\t           <\/div>\r\n         <\/div>\r\n<\/div>\r\n\r\n<div class=\"clearfix\"><\/div>\r\n\r\n<\/div>\t\t\t\t<\/div>\n\t\t\t\t<\/div>\n\t\t\t\t\t<\/div>\n\t\t<\/div>\n\t\t\t\t<div class=\"elementor-column elementor-col-33 elementor-top-column elementor-element elementor-element-ca01899\" data-id=\"ca01899\" data-element_type=\"column\" data-e-type=\"column\">\n\t\t\t<div class=\"elementor-widget-wrap elementor-element-populated\">\n\t\t\t\t\t\t<div class=\"elementor-element elementor-element-2bf4ec9 elementor-widget elementor-widget-gva-pricing-block\" data-id=\"2bf4ec9\" data-element_type=\"widget\" data-e-type=\"widget\" data-widget_type=\"gva-pricing-block.default\">\n\t\t\t\t<div class=\"elementor-widget-container\">\n\t\t\t\t\t<div class=\"gva-element-gva-pricing-block gva-element\">   \r\n<div class=\"widget gsc-pricing style-1 active-no\">\r\n   <div class=\"content-inner\">\r\n\r\n      \r\n               <h3 class=\"title\">\r\n            <span>\u00d6zel paket<\/span>\r\n         <\/h3>\r\n      \r\n      <div class=\"plan-price\">\r\n         <div class=\"plan-price-inner clearfix\">\r\n            <span class=\"currency\">\u20ac<\/span>\r\n            <span class=\"price\">9.990<\/span>\r\n                           <span class=\"interval\">\/ y\u0131l<\/span>\r\n               \r\n         <\/div>\r\n      <\/div>\r\n\r\n      <div class=\"desc\"> Maksimum reklam ve g\u00f6r\u00fcn\u00fcrl\u00fck<\/div>\r\n               <ul class=\"plan-list\">\r\n                           <li class=\"active\">\r\n                  <span class=\"text\">S\u0131n\u0131rs\u0131z say\u0131da \u00fcr\u00fcn\/hizmet<\/span>\r\n               <\/li>  \r\n                           <li class=\"active\">\r\n                  <span class=\"text\">Arama sonu\u00e7lar\u0131nda \u00fcst s\u0131ralarda yer alma (birinci s\u0131n\u0131f g\u00f6r\u00fcn\u00fcrl\u00fck)<\/span>\r\n               <\/li>  \r\n                           <li class=\"active\">\r\n                  <span class=\"text\">\u00d6zel reklam f\u0131rsatlar\u0131: \t<br>- Y\u0131lda 2 kez blogda tan\u0131t\u0131m yaz\u0131s\u0131 veya r\u00f6portaj \t<br>- B\u00fcltende y\u0131lda 2 kez yer alma \t<br>- Ana sayfada 1 ayl\u0131k reklam banner\u0131<\/span>\r\n               <\/li>  \r\n                           <li class=\"active\">\r\n                  <span class=\"text\">Sosyal medya tan\u0131t\u0131m\u0131 (y\u0131lda 2 kez LinkedIn, Facebook, Instagram)<\/span>\r\n               <\/li>  \r\n                           <li class=\"active\">\r\n                  <span class=\"text\">\u015eirket etkinliklerine veya web seminerlerine kat\u0131l\u0131m<\/span>\r\n               <\/li>  \r\n                           <li class=\"active\">\r\n                  <span class=\"text\">\u015eirket profilinin optimize edilmesine y\u00f6nelik bireysel dan\u0131\u015fmanl\u0131k<\/span>\r\n               <\/li>  \r\n                     <\/ul>\r\n         \r\n\r\n\r\n               <div class=\"pricing-action\">\r\n            \t\t  <a href=\"https:\/\/bosporus24.de\/tr\/product\/exklusiv-paket-e9-990-jahr\/\" class=\"btn-theme\">\r\n\t\t\t <span>Plan Se\u00e7iniz<\/span>\r\n\t\t  <\/a>\r\n\r\n\t\t           <\/div>\r\n         <\/div>\r\n<\/div>\r\n\r\n<div class=\"clearfix\"><\/div>\r\n\r\n<\/div>\t\t\t\t<\/div>\n\t\t\t\t<\/div>\n\t\t\t\t\t<\/div>\n\t\t<\/div>\n\t\t\t\t\t<\/div>\n\t\t<\/section>\n\t\t\t\t<section class=\"elementor-section elementor-top-section elementor-element elementor-element-ab3bb0e elementor-section-boxed elementor-section-height-default elementor-section-height-default\" data-id=\"ab3bb0e\" data-element_type=\"section\" data-e-type=\"section\">\n\t\t\t\t\t\t<div class=\"elementor-container elementor-column-gap-default\">\n\t\t\t\t\t<div class=\"elementor-column elementor-col-33 elementor-top-column elementor-element elementor-element-6575670\" data-id=\"6575670\" data-element_type=\"column\" data-e-type=\"column\">\n\t\t\t<div class=\"elementor-widget-wrap elementor-element-populated\">\n\t\t\t\t\t\t<div class=\"elementor-element elementor-element-26bce6d elementor-widget elementor-widget-gva-pricing-block\" data-id=\"26bce6d\" data-element_type=\"widget\" data-e-type=\"widget\" data-widget_type=\"gva-pricing-block.default\">\n\t\t\t\t<div class=\"elementor-widget-container\">\n\t\t\t\t\t<div class=\"gva-element-gva-pricing-block gva-element\">   \r\n<div class=\"widget gsc-pricing style-1 active-no\">\r\n   <div class=\"content-inner\">\r\n\r\n      \r\n               <h3 class=\"title\">\r\n            <span>Platin paket<\/span>\r\n         <\/h3>\r\n      \r\n      <div class=\"plan-price\">\r\n         <div class=\"plan-price-inner clearfix\">\r\n            <span class=\"currency\">\u20ac<\/span>\r\n            <span class=\"price\">19.990<\/span>\r\n                           <span class=\"interval\">\/ y\u0131l<\/span>\r\n               \r\n         <\/div>\r\n      <\/div>\r\n\r\n      <div class=\"desc\">VIP reklam ve tam hizmet pazarlama<\/div>\r\n               <ul class=\"plan-list\">\r\n                           <li class=\"active\">\r\n                  <span class=\"text\">Y\u0131lda 4 kez blogda reklam makalesi veya r\u00f6portaj<\/span>\r\n               <\/li>  \r\n                           <li class=\"active\">\r\n                  <span class=\"text\">B\u00fcltende y\u0131lda 4 kez yer alma<\/span>\r\n               <\/li>  \r\n                           <li class=\"active\">\r\n                  <span class=\"text\">3 ay boyunca ana sayfada reklam banner\u0131<\/span>\r\n               <\/li>  \r\n                           <li class=\"active\">\r\n                  <span class=\"text\">Sosyal medya kampanyas\u0131 (LinkedIn, Facebook, Instagram'da 4 g\u00f6nderi)<\/span>\r\n               <\/li>  \r\n                           <li class=\"active\">\r\n                  <span class=\"text\">Pazar konumland\u0131rmas\u0131 i\u00e7in ki\u015fisel dan\u0131\u015fmanl\u0131k ve strateji g\u00f6r\u00fc\u015fmesi<\/span>\r\n               <\/li>  \r\n                           <li class=\"active\">\r\n                  <span class=\"text\">Sekt\u00f6rel etkinliklere ve \u00f6zel a\u011flara tercihli kat\u0131l\u0131m<\/span>\r\n               <\/li>  \r\n                           <li class=\"active\">\r\n                  <span class=\"text\">Maksimum g\u00f6r\u00fcn\u00fcrl\u00fck i\u00e7in PR ve medya dan\u0131\u015fmanl\u0131\u011f\u0131<\/span>\r\n               <\/li>  \r\n                           <li class=\"active\">\r\n                  <span class=\"text\">Pazar analizlerine ve i\u015f i\u00e7g\u00f6r\u00fclerine \u00f6zel eri\u015fim<\/span>\r\n               <\/li>  \r\n                     <\/ul>\r\n         \r\n\r\n\r\n               <div class=\"pricing-action\">\r\n            \t\t  <a href=\"https:\/\/bosporus24.de\/tr\/product\/exklusiv-paket-e9-990-jahr\/\" class=\"btn-theme\">\r\n\t\t\t <span>Plan Se\u00e7iniz<\/span>\r\n\t\t  <\/a>\r\n\r\n\t\t           <\/div>\r\n         <\/div>\r\n<\/div>\r\n\r\n<div class=\"clearfix\"><\/div>\r\n\r\n<\/div>\t\t\t\t<\/div>\n\t\t\t\t<\/div>\n\t\t\t\t\t<\/div>\n\t\t<\/div>\n\t\t\t\t<div class=\"elementor-column elementor-col-33 elementor-top-column elementor-element elementor-element-c4a0490\" data-id=\"c4a0490\" data-element_type=\"column\" data-e-type=\"column\">\n\t\t\t<div class=\"elementor-widget-wrap elementor-element-populated\">\n\t\t\t\t\t\t<div class=\"elementor-element elementor-element-0a15c64 elementor-widget elementor-widget-text-editor\" data-id=\"0a15c64\" data-element_type=\"widget\" data-e-type=\"widget\" data-widget_type=\"text-editor.default\">\n\t\t\t\t<div class=\"elementor-widget-container\">\n\t\t\t\t\t\t\t\t\t<p class=\"p1\"><b>Almanya'da pazara giri\u015f (fiyat talep \u00fczerine) - Teknik ve hukuki destek<\/b><\/p><p class=\"p1\">Bu paket, Alman pazar\u0131na girmek isteyen \u015firketlere y\u00f6neliktir ve profesyonel dan\u0131\u015fmanl\u0131k ve destek sunar.<\/p><p class=\"p1\"><span class=\"s1\" style=\"color: var(--lestin-body-color); font-family: var(--lestin-font-sans-serif); font-size: 1rem;\">\u2705<\/span><span style=\"color: var(--lestin-body-color); font-family: var(--lestin-font-sans-serif); font-size: 1rem;\">\u00a0<\/span><b style=\"color: var(--lestin-body-color); font-family: var(--lestin-font-sans-serif); font-size: 1rem;\">\u0130\u015f dan\u0131\u015fmanl\u0131\u011f\u0131:<\/b><\/p><ul><li class=\"p1\"><span style=\"color: var(--lestin-body-color); font-family: var(--lestin-font-sans-serif); font-size: 1rem;\">Almanya i\u00e7in pazar ve sekt\u00f6r analizi<\/span><\/li><li class=\"p1\">Rekabet analizi ve pazar ara\u015ft\u0131rmas\u0131<\/li><li class=\"p1\">Vergi ve yasal bilgiler<\/li><\/ul><p><span class=\"s1\">\u2705<\/span>\u00a0<b>Yasal destek:<\/b><\/p><ul><li>Almanya'da i\u015f kurma konusunda tavsiyeler<\/li><li>\u00c7al\u0131\u015fma ve oturma izinleri konusunda destek<\/li><li>\u0130\u015f s\u00f6zle\u015fmelerinin ve yasal belgelerin g\u00f6zden ge\u00e7irilmesi<\/li><\/ul><p><span class=\"s1\">\u2705<\/span>\u00a0<b>A\u011f ba\u011flant\u0131s\u0131:<\/b><\/p><ul><li>Alman ticaret odalar\u0131 ve sanayi birlikleri ile ileti\u015fim arabuluculu\u011fu<\/li><li>Potansiyel i\u015f ortaklar\u0131na ve distrib\u00fct\u00f6rlere eri\u015fim<\/li><li>Alman i\u015f etkinliklerine kat\u0131l\u0131m konusunda destek<\/li><\/ul><p><span class=\"s1\">\u2705<\/span>\u00a0<b>Pazarlama ve Tan\u0131t\u0131m:<\/b><\/p><ul><li>Almanya'da marka konumland\u0131rma stratejileri<\/li><li>Web sitesi, kataloglar ve pazarlama materyallerinin yerelle\u015ftirilmesi<\/li><li>Almanca i\u00e7erik olu\u015fturulmas\u0131 ve bas\u0131nla ili\u015fkiler<\/li><\/ul><p><span class=\"s1\">\u2705<\/span>\u00a0<b>Bosporus24.de reklam deste\u011fi:<\/b><\/p><ul><li><b>Y\u0131lda 6 kez blogda makale veya r\u00f6portaj<\/b><\/li><li><b>Y\u0131lda 6 kez B\u00fcltende yer alma<\/b><\/li><li><b>6 ay boyunca ana sayfada reklam banner\u0131<\/b><b>Sosyal medya kampanyas\u0131 (LinkedIn, Facebook, Instagram'da 6 g\u00f6nderi)<\/b><\/li><li style=\"list-style-type: none;\">\u00a0<\/li><\/ul>\t\t\t\t\t\t\t\t<\/div>\n\t\t\t\t<\/div>\n\t\t\t\t\t<\/div>\n\t\t<\/div>\n\t\t\t\t<div class=\"elementor-column elementor-col-33 elementor-top-column elementor-element elementor-element-94b1e08\" data-id=\"94b1e08\" data-element_type=\"column\" data-e-type=\"column\">\n\t\t\t<div class=\"elementor-widget-wrap\">\n\t\t\t\t\t\t\t<\/div>\n\t\t<\/div>\n\t\t\t\t\t<\/div>\n\t\t<\/section>\n\t\t\t\t<\/div>","protected":false},"excerpt":{"rendered":"<p>Preise Home &gt; Preise Affordable Price Choose our package Standard Paket \u20ac 1.990 \/&nbsp;Jahr Professionelle Pr\u00e4sentation 5 Produkte \/ Dienstleistungen\u00a0mit Bildern und Beschreibungen Erweiterte Unternehmensbeschreibung (bis zu 1.000 Zeichen) Statistiken [&hellip;]<\/p>\n","protected":false},"author":1,"featured_media":0,"parent":0,"menu_order":0,"comment_status":"closed","ping_status":"closed","template":"","meta":{"footnotes":""},"class_list":["post-66","page","type-page","status-publish","hentry"],"_links":{"self":[{"href":"https:\/\/bosporus24.de\/tr\/wp-json\/wp\/v2\/pages\/66","targetHints":{"allow":["GET"]}}],"collection":[{"href":"https:\/\/bosporus24.de\/tr\/wp-json\/wp\/v2\/pages"}],"about":[{"href":"https:\/\/bosporus24.de\/tr\/wp-json\/wp\/v2\/types\/page"}],"author":[{"embeddable":true,"href":"https:\/\/bosporus24.de\/tr\/wp-json\/wp\/v2\/users\/1"}],"replies":[{"embeddable":true,"href":"https:\/\/bosporus24.de\/tr\/wp-json\/wp\/v2\/comments?post=66"}],"version-history":[{"count":36,"href":"https:\/\/bosporus24.de\/tr\/wp-json\/wp\/v2\/pages\/66\/revisions"}],"predecessor-version":[{"id":12549,"href":"https:\/\/bosporus24.de\/tr\/wp-json\/wp\/v2\/pages\/66\/revisions\/12549"}],"wp:attachment":[{"href":"https:\/\/bosporus24.de\/tr\/wp-json\/wp\/v2\/media?parent=66"}],"curies":[{"name":"wp","href":"https:\/\/api.w.org\/{rel}","templated":true}]}}