{"id":12471,"date":"2025-03-24T08:49:30","date_gmt":"2025-03-24T08:49:30","guid":{"rendered":"https:\/\/bosporus24.de\/?post_type=product&#038;p=12471"},"modified":"2025-03-24T08:51:10","modified_gmt":"2025-03-24T08:51:10","slug":"exklusic-paket-e9-990-jahr","status":"publish","type":"product","link":"https:\/\/bosporus24.de\/tr\/urun\/exklusic-paket-e9-990-jahr\/","title":{"rendered":"\u00d6zel paket (9,990 \u20ac\/y\u0131l)"},"content":{"rendered":"<p>\u2705 S\u0131n\u0131rs\u0131z say\u0131da \u00fcr\u00fcn\/hizmet<br \/>\n\u2705 Arama sonu\u00e7lar\u0131nda \u00fcst s\u0131ralarda yer alma (birinci s\u0131n\u0131f g\u00f6r\u00fcn\u00fcrl\u00fck)<br \/>\n\u2705 \u00d6zel reklam f\u0131rsatlar\u0131:<br \/>\nY\u0131lda 2 kez blogda tan\u0131t\u0131m yaz\u0131s\u0131 veya r\u00f6portaj<br \/>\nB\u00fcltende y\u0131lda 2 kez yer alma<br \/>\nAna sayfada 1 ayl\u0131k reklam banner\u0131<br \/>\nSosyal medya tan\u0131t\u0131m\u0131 (y\u0131lda 2 kez LinkedIn, Facebook, Instagram)<br \/>\n\u2705 \u015eirket etkinliklerine veya web seminerlerine kat\u0131l\u0131m<br \/>\n\u2705 \u015eirket profilini optimize etmek i\u00e7in bireysel dan\u0131\u015fmanl\u0131k<\/p>","protected":false},"excerpt":{"rendered":"<p>Daha fazla eri\u015fim ve g\u00f6r\u00fcn\u00fcrl\u00fck<\/p>","protected":false},"featured_media":542,"comment_status":"open","ping_status":"closed","template":"","meta":[],"product_brand":[],"product_cat":[20],"product_tag":[],"class_list":{"0":"post-12471","1":"product","2":"type-product","3":"status-publish","4":"has-post-thumbnail","6":"product_cat-uncategorized","8":"first","9":"instock","10":"virtual","11":"sold-individually","12":"purchasable","13":"product-type-lt_package"},"_links":{"self":[{"href":"https:\/\/bosporus24.de\/tr\/wp-json\/wp\/v2\/product\/12471","targetHints":{"allow":["GET"]}}],"collection":[{"href":"https:\/\/bosporus24.de\/tr\/wp-json\/wp\/v2\/product"}],"about":[{"href":"https:\/\/bosporus24.de\/tr\/wp-json\/wp\/v2\/types\/product"}],"replies":[{"embeddable":true,"href":"https:\/\/bosporus24.de\/tr\/wp-json\/wp\/v2\/comments?post=12471"}],"wp:featuredmedia":[{"embeddable":true,"href":"https:\/\/bosporus24.de\/tr\/wp-json\/wp\/v2\/media\/542"}],"wp:attachment":[{"href":"https:\/\/bosporus24.de\/tr\/wp-json\/wp\/v2\/media?parent=12471"}],"wp:term":[{"taxonomy":"product_brand","embeddable":true,"href":"https:\/\/bosporus24.de\/tr\/wp-json\/wp\/v2\/product_brand?post=12471"},{"taxonomy":"product_cat","embeddable":true,"href":"https:\/\/bosporus24.de\/tr\/wp-json\/wp\/v2\/product_cat?post=12471"},{"taxonomy":"product_tag","embeddable":true,"href":"https:\/\/bosporus24.de\/tr\/wp-json\/wp\/v2\/product_tag?post=12471"}],"curies":[{"name":"wp","href":"https:\/\/api.w.org\/{rel}","templated":true}]}}