{"id":246,"date":"2023-08-07T02:42:23","date_gmt":"2023-08-07T02:42:23","guid":{"rendered":"https:\/\/gaviaspreview.com\/wp\/lestin\/?post_type=product&#038;p=246"},"modified":"2025-02-18T17:48:15","modified_gmt":"2025-02-18T17:48:15","slug":"standard-paket-e1-990-jahr","status":"publish","type":"product","link":"https:\/\/bosporus24.de\/tr\/urun\/standard-paket-e1-990-jahr\/","title":{"rendered":"Standart paket (1.990 \u20ac\/y\u0131l)"},"content":{"rendered":"<p>\u2705 G\u00f6rselleri ve a\u00e7\u0131klamalar\u0131 ile birlikte 5 \u00fcr\u00fcn\/hizmet<br \/>\n\u2705 Geni\u015fletilmi\u015f \u015firket a\u00e7\u0131klamas\u0131 (en fazla 1.000 karakter)<br \/>\nGoogle'da daha iyi bulunabilirlik i\u00e7in SEO optimizasyonu<br \/>\n\u2705 Profil g\u00f6r\u00fcnt\u00fcleme ve sorgulama istatistikleri<br \/>\n\u2705 Bir \u015firket videosunu entegre etme imkan\u0131 (YouTube\/Vimeo)<br \/>\n\u2705 M\u00fc\u015fteriler taraf\u0131ndan verilen puanlar ve yorumlar<br \/>\n\u2705 \u015eirket web sitesine do\u011frudan ba\u011flant\u0131<br \/>\nBlogda veya haber b\u00fclteninde reklam yok<br \/>\n\u274c Tercih edilen yerle\u015ftirme yok<\/p>","protected":false},"excerpt":{"rendered":"<p>Profesyonel sunum<\/p>","protected":false},"featured_media":542,"comment_status":"closed","ping_status":"closed","template":"","meta":[],"product_brand":[],"product_cat":[20],"product_tag":[],"class_list":{"0":"post-246","1":"product","2":"type-product","3":"status-publish","4":"has-post-thumbnail","6":"product_cat-uncategorized","8":"first","9":"instock","10":"virtual","11":"sold-individually","12":"purchasable","13":"product-type-lt_package"},"_links":{"self":[{"href":"https:\/\/bosporus24.de\/tr\/wp-json\/wp\/v2\/product\/246","targetHints":{"allow":["GET"]}}],"collection":[{"href":"https:\/\/bosporus24.de\/tr\/wp-json\/wp\/v2\/product"}],"about":[{"href":"https:\/\/bosporus24.de\/tr\/wp-json\/wp\/v2\/types\/product"}],"replies":[{"embeddable":true,"href":"https:\/\/bosporus24.de\/tr\/wp-json\/wp\/v2\/comments?post=246"}],"wp:featuredmedia":[{"embeddable":true,"href":"https:\/\/bosporus24.de\/tr\/wp-json\/wp\/v2\/media\/542"}],"wp:attachment":[{"href":"https:\/\/bosporus24.de\/tr\/wp-json\/wp\/v2\/media?parent=246"}],"wp:term":[{"taxonomy":"product_brand","embeddable":true,"href":"https:\/\/bosporus24.de\/tr\/wp-json\/wp\/v2\/product_brand?post=246"},{"taxonomy":"product_cat","embeddable":true,"href":"https:\/\/bosporus24.de\/tr\/wp-json\/wp\/v2\/product_cat?post=246"},{"taxonomy":"product_tag","embeddable":true,"href":"https:\/\/bosporus24.de\/tr\/wp-json\/wp\/v2\/product_tag?post=246"}],"curies":[{"name":"wp","href":"https:\/\/api.w.org\/{rel}","templated":true}]}}