{"id":247,"date":"2023-08-07T02:42:56","date_gmt":"2023-08-07T02:42:56","guid":{"rendered":"https:\/\/gaviaspreview.com\/wp\/lestin\/?post_type=product&#038;p=247"},"modified":"2025-02-18T17:48:45","modified_gmt":"2025-02-18T17:48:45","slug":"premium-paket-e4-990-jahr","status":"publish","type":"product","link":"https:\/\/bosporus24.de\/tr\/urun\/premium-paket-e4-990-jahr\/","title":{"rendered":"Premium paket (4.990 \u20ac\/y\u0131l)"},"content":{"rendered":"<p>\u2705 G\u00f6rselleri ve a\u00e7\u0131klamalar\u0131 ile birlikte 15 \u00fcr\u00fcn\/hizmet<br \/>\n\u2705 Daha iyi Google s\u0131ralamalar\u0131 i\u00e7in geli\u015fmi\u015f SEO optimizasyonu<br \/>\n\u2705 Y\u0131lda bir kez haber b\u00fclteninde bahsedilmesi<br \/>\n\u2705 Y\u0131lda 1x k\u0131sa makale veya blogda bahsetme (\u00f6rne\u011fin \"Ay\u0131n \u015eirketi\")<br \/>\nArama sonu\u00e7lar\u0131nda tercih edilen yerle\u015fim<br \/>\n\u2705 M\u00fc\u015fteri geri bildirimi ile geli\u015ftirilmi\u015f derecelendirme sistemi<br \/>\n\u2705 Detayl\u0131 istatistik ve analiz ara\u00e7lar\u0131<\/p>","protected":false},"excerpt":{"rendered":"<p>Daha fazla eri\u015fim ve g\u00f6r\u00fcn\u00fcrl\u00fck<\/p>","protected":false},"featured_media":542,"comment_status":"open","ping_status":"closed","template":"","meta":[],"product_brand":[],"product_cat":[20],"product_tag":[],"class_list":{"0":"post-247","1":"product","2":"type-product","3":"status-publish","4":"has-post-thumbnail","6":"product_cat-uncategorized","8":"first","9":"instock","10":"virtual","11":"sold-individually","12":"purchasable","13":"product-type-lt_package"},"_links":{"self":[{"href":"https:\/\/bosporus24.de\/tr\/wp-json\/wp\/v2\/product\/247","targetHints":{"allow":["GET"]}}],"collection":[{"href":"https:\/\/bosporus24.de\/tr\/wp-json\/wp\/v2\/product"}],"about":[{"href":"https:\/\/bosporus24.de\/tr\/wp-json\/wp\/v2\/types\/product"}],"replies":[{"embeddable":true,"href":"https:\/\/bosporus24.de\/tr\/wp-json\/wp\/v2\/comments?post=247"}],"wp:featuredmedia":[{"embeddable":true,"href":"https:\/\/bosporus24.de\/tr\/wp-json\/wp\/v2\/media\/542"}],"wp:attachment":[{"href":"https:\/\/bosporus24.de\/tr\/wp-json\/wp\/v2\/media?parent=247"}],"wp:term":[{"taxonomy":"product_brand","embeddable":true,"href":"https:\/\/bosporus24.de\/tr\/wp-json\/wp\/v2\/product_brand?post=247"},{"taxonomy":"product_cat","embeddable":true,"href":"https:\/\/bosporus24.de\/tr\/wp-json\/wp\/v2\/product_cat?post=247"},{"taxonomy":"product_tag","embeddable":true,"href":"https:\/\/bosporus24.de\/tr\/wp-json\/wp\/v2\/product_tag?post=247"}],"curies":[{"name":"wp","href":"https:\/\/api.w.org\/{rel}","templated":true}]}}