{"id":12249,"date":"2025-03-11T07:04:57","date_gmt":"2025-03-11T07:04:57","guid":{"rendered":"https:\/\/bosporus24.de\/?page_id=12249"},"modified":"2025-03-18T12:14:35","modified_gmt":"2025-03-18T12:14:35","slug":"arbeitsrecht-mitarbeiter-aus-dem-ausland","status":"publish","type":"page","link":"https:\/\/bosporus24.de\/uk\/blog\/arbeitsrecht-mitarbeiter-aus-dem-ausland\/","title":{"rendered":"\u0422\u0440\u0443\u0434\u043e\u0432\u0435 \u043f\u0440\u0430\u0432\u043e \u0442\u0430 \u043f\u0440\u0430\u0446\u0456\u0432\u043d\u0438\u043a\u0438 \u0437-\u0437\u0430 \u043a\u043e\u0440\u0434\u043e\u043d\u0443"},"content":{"rendered":"<div data-elementor-type=\"wp-page\" data-elementor-id=\"12249\" class=\"elementor elementor-12249\">\n\t\t\t\t\t\t<section class=\"elementor-section elementor-top-section elementor-element elementor-element-dfda8f4 elementor-section-boxed elementor-section-height-default elementor-section-height-default\" data-id=\"dfda8f4\" data-element_type=\"section\" data-e-type=\"section\" data-settings=\"{&quot;background_background&quot;:&quot;classic&quot;}\">\n\t\t\t\t\t\t\t<div class=\"elementor-background-overlay\"><\/div>\n\t\t\t\t\t\t\t<div class=\"elementor-container elementor-column-gap-default\">\n\t\t\t\t\t<div class=\"elementor-column elementor-col-100 elementor-top-column elementor-element elementor-element-7b51610\" data-id=\"7b51610\" data-element_type=\"column\" data-e-type=\"column\">\n\t\t\t<div class=\"elementor-widget-wrap elementor-element-populated\">\n\t\t\t\t\t\t<div class=\"elementor-element elementor-element-06a02b4 elementor-widget elementor-widget-gva-heading-block\" data-id=\"06a02b4\" data-element_type=\"widget\" data-e-type=\"widget\" data-widget_type=\"gva-heading-block.default\">\n\t\t\t\t<div class=\"elementor-widget-container\">\n\t\t\t\t\t<div class=\"gva-element-gva-heading-block gva-element\">   <div class=\"align-center style-1 widget gsc-heading box-align-left auto-responsive\">\r\n      <div class=\"content-inner\">\r\n         \r\n                  \r\n           \r\n         \r\n                     <h2 class=\"title\">\r\n               <span>\u0422\u0440\u0443\u0434\u043e\u0432\u0435 \u043f\u0440\u0430\u0432\u043e \u0442\u0430 \u043f\u0440\u0430\u0446\u0456\u0432\u043d\u0438\u043a\u0438 \u0437-\u0437\u0430 \u043a\u043e\u0440\u0434\u043e\u043d\u0443<\/span>\r\n            <\/h2>\r\n                  \r\n         \r\n         \r\n      <\/div>\r\n   <\/div>\r\n<\/div>\t\t\t\t<\/div>\n\t\t\t\t<\/div>\n\t\t\t\t\t<\/div>\n\t\t<\/div>\n\t\t\t\t\t<\/div>\n\t\t<\/section>\n\t\t\t\t<section class=\"elementor-section elementor-top-section elementor-element elementor-element-48ff1eb5 elementor-section-boxed elementor-section-height-default elementor-section-height-default\" data-id=\"48ff1eb5\" data-element_type=\"section\" data-e-type=\"section\" data-settings=\"{&quot;background_background&quot;:&quot;classic&quot;}\">\n\t\t\t\t\t\t<div class=\"elementor-container elementor-column-gap-default\">\n\t\t\t\t\t<div class=\"elementor-column elementor-col-50 elementor-top-column elementor-element elementor-element-498f3346\" data-id=\"498f3346\" data-element_type=\"column\" data-e-type=\"column\">\n\t\t\t<div class=\"elementor-widget-wrap elementor-element-populated\">\n\t\t\t\t\t\t<div class=\"elementor-element elementor-element-c4d96d7 elementor-widget elementor-widget-text-editor\" data-id=\"c4d96d7\" data-element_type=\"widget\" data-e-type=\"widget\" data-widget_type=\"text-editor.default\">\n\t\t\t\t<div class=\"elementor-widget-container\">\n\t\t\t\t\t\t\t\t\t<div class=\"elementor-element elementor-element-4f58ba5 elementor-widget elementor-widget-heading\" data-id=\"4f58ba5\" data-element_type=\"widget\" data-widget_type=\"heading.default\"><div class=\"elementor-widget-container\"><h4 class=\"elementor-heading-title elementor-size-default\">\u0411\u043b\u043e\u0433 \u0442\u0430 \u043d\u043e\u0432\u0438\u043d\u0438<\/h4><\/div><\/div>\t\t\t\t\t\t\t\t<\/div>\n\t\t\t\t<\/div>\n\t\t\t\t<div class=\"elementor-element elementor-element-aff1d38 elementor-icon-list--layout-traditional elementor-list-item-link-full_width elementor-widget elementor-widget-icon-list\" data-id=\"aff1d38\" data-element_type=\"widget\" data-e-type=\"widget\" data-widget_type=\"icon-list.default\">\n\t\t\t\t<div class=\"elementor-widget-container\">\n\t\t\t\t\t\t\t<ul class=\"elementor-icon-list-items\">\n\t\t\t\t\t\t\t<li class=\"elementor-icon-list-item\">\n\t\t\t\t\t\t\t\t\t\t\t<a href=\"https:\/\/bosporus24.de\/uk\/blog\/arbeitsrecht-mitarbeiter-aus-dem-ausland\/\">\n\n\t\t\t\t\t\t\t\t\t\t\t\t<span class=\"elementor-icon-list-icon\">\n\t\t\t\t\t\t\t<i aria-hidden=\"true\" class=\"fas fa-long-arrow-alt-right\"><\/i>\t\t\t\t\t\t<\/span>\n\t\t\t\t\t\t\t\t\t\t<span class=\"elementor-icon-list-text\">\u0422\u0440\u0443\u0434\u043e\u0432\u0435 \u043f\u0440\u0430\u0432\u043e \u0442\u0430 \u043f\u0440\u0430\u0446\u0456\u0432\u043d\u0438\u043a\u0438 \u0437-\u0437\u0430 \u043a\u043e\u0440\u0434\u043e\u043d\u0443<\/span>\n\t\t\t\t\t\t\t\t\t\t\t<\/a>\n\t\t\t\t\t\t\t\t\t<\/li>\n\t\t\t\t\t\t\t\t<li class=\"elementor-icon-list-item\">\n\t\t\t\t\t\t\t\t\t\t\t<a href=\"https:\/\/bosporus24.de\/uk\/blog\/buerokratie-und-behoerdenwege-fuer-unternehmen\/\">\n\n\t\t\t\t\t\t\t\t\t\t\t\t<span class=\"elementor-icon-list-icon\">\n\t\t\t\t\t\t\t<i aria-hidden=\"true\" class=\"fas fa-long-arrow-alt-right\"><\/i>\t\t\t\t\t\t<\/span>\n\t\t\t\t\t\t\t\t\t\t<span class=\"elementor-icon-list-text\">\u0411\u044e\u0440\u043e\u043a\u0440\u0430\u0442\u0456\u044f \u0442\u0430 \u043e\u0444\u0456\u0446\u0456\u0439\u043d\u0456 \u043a\u0430\u043d\u0430\u043b\u0438 \u0434\u043b\u044f \u043a\u043e\u043c\u043f\u0430\u043d\u0456\u0439<\/span>\n\t\t\t\t\t\t\t\t\t\t\t<\/a>\n\t\t\t\t\t\t\t\t\t<\/li>\n\t\t\t\t\t\t\t\t<li class=\"elementor-icon-list-item\">\n\t\t\t\t\t\t\t\t\t\t\t<a href=\"https:\/\/bosporus24.de\/uk\/blog\/e-commerce\/\">\n\n\t\t\t\t\t\t\t\t\t\t\t\t<span class=\"elementor-icon-list-icon\">\n\t\t\t\t\t\t\t<i aria-hidden=\"true\" class=\"fas fa-long-arrow-alt-right\"><\/i>\t\t\t\t\t\t<\/span>\n\t\t\t\t\t\t\t\t\t\t<span class=\"elementor-icon-list-text\">\u0415\u043b\u0435\u043a\u0442\u0440\u043e\u043d\u043d\u0430 \u043a\u043e\u043c\u0435\u0440\u0446\u0456\u044f<\/span>\n\t\t\t\t\t\t\t\t\t\t\t<\/a>\n\t\t\t\t\t\t\t\t\t<\/li>\n\t\t\t\t\t\t\t\t<li class=\"elementor-icon-list-item\">\n\t\t\t\t\t\t\t\t\t\t\t<a href=\"https:\/\/bosporus24.de\/uk\/blog\/firmengruendung-investition-in-deutschland\/\">\n\n\t\t\t\t\t\t\t\t\t\t\t\t<span class=\"elementor-icon-list-icon\">\n\t\t\t\t\t\t\t<i aria-hidden=\"true\" class=\"fas fa-long-arrow-alt-right\"><\/i>\t\t\t\t\t\t<\/span>\n\t\t\t\t\t\t\t\t\t\t<span class=\"elementor-icon-list-text\">\u0421\u0442\u0432\u043e\u0440\u0435\u043d\u043d\u044f \u043a\u043e\u043c\u043f\u0430\u043d\u0456\u0457 \u0442\u0430 \u0456\u043d\u0432\u0435\u0441\u0442\u0438\u0446\u0456\u0457 \u0432 \u041d\u0456\u043c\u0435\u0447\u0447\u0438\u043d\u0456<\/span>\n\t\t\t\t\t\t\t\t\t\t\t<\/a>\n\t\t\t\t\t\t\t\t\t<\/li>\n\t\t\t\t\t\t\t\t<li class=\"elementor-icon-list-item\">\n\t\t\t\t\t\t\t\t\t\t\t<a href=\"https:\/\/bosporus24.de\/uk\/blog\/zoll-importverfahren\/\">\n\n\t\t\t\t\t\t\t\t\t\t\t\t<span class=\"elementor-icon-list-icon\">\n\t\t\t\t\t\t\t<i aria-hidden=\"true\" class=\"fas fa-long-arrow-alt-right\"><\/i>\t\t\t\t\t\t<\/span>\n\t\t\t\t\t\t\t\t\t\t<span class=\"elementor-icon-list-text\">\u041c\u0438\u0442\u043d\u0456 \u0442\u0430 \u0456\u043c\u043f\u043e\u0440\u0442\u043d\u0456 \u043f\u0440\u043e\u0446\u0435\u0434\u0443\u0440\u0438<\/span>\n\t\t\t\t\t\t\t\t\t\t\t<\/a>\n\t\t\t\t\t\t\t\t\t<\/li>\n\t\t\t\t\t\t<\/ul>\n\t\t\t\t\t\t<\/div>\n\t\t\t\t<\/div>\n\t\t\t\t<div class=\"elementor-element elementor-element-41518cb elementor-view-default elementor-position-block-start elementor-mobile-position-block-start elementor-widget elementor-widget-icon-box\" data-id=\"41518cb\" data-element_type=\"widget\" data-e-type=\"widget\" data-widget_type=\"icon-box.default\">\n\t\t\t\t<div class=\"elementor-widget-container\">\n\t\t\t\t\t\t\t<div class=\"elementor-icon-box-wrapper\">\n\n\t\t\t\t\t\t<div class=\"elementor-icon-box-icon\">\n\t\t\t\t<span  class=\"elementor-icon\">\n\t\t\t\t<i aria-hidden=\"true\" class=\"gicon-email-1\"><\/i>\t\t\t\t<\/span>\n\t\t\t<\/div>\n\t\t\t\n\t\t\t\t\t\t<div class=\"elementor-icon-box-content\">\n\n\t\t\t\t\t\t\t\t\t<h3 class=\"elementor-icon-box-title\">\n\t\t\t\t\t\t<span  >\n\t\t\t\t\t\t\t\u041d\u0430\u0434\u0456\u0441\u043b\u0430\u0442\u0438 \u0435\u043b\u0435\u043a\u0442\u0440\u043e\u043d\u043d\u0443 \u043f\u043e\u0448\u0442\u0443\t\t\t\t\t\t<\/span>\n\t\t\t\t\t<\/h3>\n\t\t\t\t\n\t\t\t\t\t\t\t\t\t<p class=\"elementor-icon-box-description\">\n\t\t\t\t\t\tinfo@bosporus24.de <br><br>\n-\u0430\u0431\u043e -\t\t\t\t\t<\/p>\n\t\t\t\t\n\t\t\t<\/div>\n\t\t\t\n\t\t<\/div>\n\t\t\t\t\t\t<\/div>\n\t\t\t\t<\/div>\n\t\t\t\t<div class=\"elementor-element elementor-element-92d34c6 elementor-align-center elementor-widget elementor-widget-button\" data-id=\"92d34c6\" data-element_type=\"widget\" data-e-type=\"widget\" data-widget_type=\"button.default\">\n\t\t\t\t<div class=\"elementor-widget-container\">\n\t\t\t\t\t\t\t\t\t<div class=\"elementor-button-wrapper\">\n\t\t\t\t\t<a class=\"elementor-button elementor-button-link elementor-size-sm\" href=\"https:\/\/bosporus24.de\/uk\/contact\/\">\n\t\t\t\t\t\t<span class=\"elementor-button-content-wrapper\">\n\t\t\t\t\t\t\t\t\t<span class=\"elementor-button-text\">\u041a\u041e\u041d\u0422\u0410\u041a\u0422<\/span>\n\t\t\t\t\t<\/span>\n\t\t\t\t\t<\/a>\n\t\t\t\t<\/div>\n\t\t\t\t\t\t\t\t<\/div>\n\t\t\t\t<\/div>\n\t\t\t\t\t<\/div>\n\t\t<\/div>\n\t\t\t\t<div class=\"elementor-column elementor-col-50 elementor-top-column elementor-element elementor-element-77d5b3dc\" data-id=\"77d5b3dc\" data-element_type=\"column\" data-e-type=\"column\">\n\t\t\t<div class=\"elementor-widget-wrap elementor-element-populated\">\n\t\t\t\t\t\t<div class=\"elementor-element elementor-element-06d48cd elementor-widget elementor-widget-gva-posts\" data-id=\"06d48cd\" data-element_type=\"widget\" data-e-type=\"widget\" data-widget_type=\"gva-posts.default\">\n\t\t\t\t<div class=\"elementor-widget-container\">\n\t\t\t\t\t<div class=\"gva-element-gva-posts gva-element\">  \r\n<div class=\"gva-posts-standard clearfix gva-posts\">\r\n\t\t\r\n\t<div class=\"gva-content-items cleafix\"> \r\n\t\t\t<div class=\"item-post\">\r\n   <article id=\"post-12463\" class=\"post post-standard__single post-12463 type-post status-publish format-standard hentry category-arbeitsrecht-mitarbeiter-aus-dem-ausland category-tarifvertraege-mindestlohn-was-gilt-fuer-internationale-mitarbeiter\">\r\n      \r\n         \r\n\r\n      <div class=\"post-standard__content has-no-thumbnail\">\r\n         <div class=\"post-standard__content-inner\">\r\n            <div class=\"post-standard__meta\">\r\n               <div class=\"clearfix meta-inline post-meta-2\"><span class=\"entry-date\"><i class=\"far fa-calendar-alt\"><\/i>27 \u0411\u0435\u0440\u0435\u0437\u043d\u044f, 2025<\/span><span class=\"author-seperate\">\/<\/span><span class=\"post-comment\"><i class=\"far fa-comments\"><\/i>0 \u043a\u043e\u043c\u0435\u043d\u0442\u0430\u0440\u0456\u0432<\/span><\/div>            <\/div> \r\n            <h3 class=\"post-standard__title\"><a href=\"https:\/\/bosporus24.de\/uk\/tarifvertraege-mindestlohn-was-gilt-fuer-internationale-mitarbeiter\/\" rel=\"bookmark\">\u041a\u043e\u043b\u0435\u043a\u0442\u0438\u0432\u043d\u0456 \u0434\u043e\u0433\u043e\u0432\u043e\u0440\u0438 \u0442\u0430 \u043c\u0456\u043d\u0456\u043c\u0430\u043b\u044c\u043d\u0430 \u0437\u0430\u0440\u043e\u0431\u0456\u0442\u043d\u0430 \u043f\u043b\u0430\u0442\u0430 - \u0449\u043e \u0437\u0430\u0441\u0442\u043e\u0441\u043e\u0432\u0443\u0454\u0442\u044c\u0441\u044f \u0434\u043e \u0456\u043d\u043e\u0437\u0435\u043c\u043d\u0438\u0445 \u043f\u0440\u0430\u0446\u0456\u0432\u043d\u0438\u043a\u0456\u0432?<\/a><\/h3>\r\n                           <div class=\"post-standard__desc\">\r\n                  \u042f\u043a\u0449\u043e \u0432\u0438 \u043d\u0430\u0439\u043c\u0430\u0454\u0442\u0435 \u043c\u0456\u0436\u043d\u0430\u0440\u043e\u0434\u043d\u0438\u0445 \u043a\u0432\u0430\u043b\u0456\u0444\u0456\u043a\u043e\u0432\u0430\u043d\u0438\u0445 \u043f\u0440\u0430\u0446\u0456\u0432\u043d\u0438\u043a\u0456\u0432 - \u0437 \u0404\u0421 \u0430\u0431\u043e \u0437 \u0442\u0440\u0435\u0442\u0456\u0445 \u043a\u0440\u0430\u0457\u043d               <\/div>   \r\n                        <div class=\"post-standard__read-more\">\r\n               <a class=\"btn-border\" href=\"https:\/\/bosporus24.de\/uk\/tarifvertraege-mindestlohn-was-gilt-fuer-internationale-mitarbeiter\/\">\u0427\u0438\u0442\u0430\u0442\u0438 \u0434\u0430\u043b\u0456<\/a>\r\n            <\/div>\r\n         <\/div>\r\n\r\n      <\/div>\r\n   <\/article>   \r\n\r\n  <\/div><div class=\"item-post\">\r\n   <article id=\"post-12411\" class=\"post post-standard__single post-12411 type-post status-publish format-standard hentry category-arbeitsrecht-mitarbeiter-aus-dem-ausland category-lohnabrechnung-in-deutschland-pflichten-fuer-auslaendische-arbeitgeber category-uncategorized\">\r\n      \r\n         \r\n\r\n      <div class=\"post-standard__content has-no-thumbnail\">\r\n         <div class=\"post-standard__content-inner\">\r\n            <div class=\"post-standard__meta\">\r\n               <div class=\"clearfix meta-inline post-meta-2\"><span class=\"entry-date\"><i class=\"far fa-calendar-alt\"><\/i>26 \u0411\u0435\u0440\u0435\u0437\u043d\u044f, 2025<\/span><span class=\"author-seperate\">\/<\/span><span class=\"post-comment\"><i class=\"far fa-comments\"><\/i>0 \u043a\u043e\u043c\u0435\u043d\u0442\u0430\u0440\u0456\u0432<\/span><\/div>            <\/div> \r\n            <h3 class=\"post-standard__title\"><a href=\"https:\/\/bosporus24.de\/uk\/lohnabrechnung-in-deutschland-pflichten-fuer-auslaendische-arbeitgeber\/\" rel=\"bookmark\">\u041e\u0431\u043b\u0456\u043a \u0437\u0430\u0440\u043e\u0431\u0456\u0442\u043d\u043e\u0457 \u043f\u043b\u0430\u0442\u0438 \u0432 \u041d\u0456\u043c\u0435\u0447\u0447\u0438\u043d\u0456: \u043e\u0431\u043e\u0432'\u044f\u0437\u043a\u0438 \u0434\u043b\u044f \u0456\u043d\u043e\u0437\u0435\u043c\u043d\u0438\u0445 \u0440\u043e\u0431\u043e\u0442\u043e\u0434\u0430\u0432\u0446\u0456\u0432<\/a><\/h3>\r\n                           <div class=\"post-standard__desc\">\r\n                  \u041a\u043e\u043c\u043f\u0430\u043d\u0456\u0457 \u0437-\u0437\u0430 \u043a\u043e\u0440\u0434\u043e\u043d\u0443, \u044f\u043a\u0456 \u043d\u0430\u0439\u043c\u0430\u044e\u0442\u044c \u0430\u0431\u043e \u0432\u0456\u0434\u0440\u044f\u0434\u0436\u0430\u044e\u0442\u044c \u043f\u0440\u0430\u0446\u0456\u0432\u043d\u0438\u043a\u0456\u0432 \u0434\u043e \u041d\u0456\u043c\u0435\u0447\u0447\u0438\u043d\u0438, \u043f\u043e\u0432\u0438\u043d\u043d\u0456 \u0434\u043e\u0442\u0440\u0438\u043c\u0443\u0432\u0430\u0442\u0438\u0441\u044f               <\/div>   \r\n                        <div class=\"post-standard__read-more\">\r\n               <a class=\"btn-border\" href=\"https:\/\/bosporus24.de\/uk\/lohnabrechnung-in-deutschland-pflichten-fuer-auslaendische-arbeitgeber\/\">\u0427\u0438\u0442\u0430\u0442\u0438 \u0434\u0430\u043b\u0456<\/a>\r\n            <\/div>\r\n         <\/div>\r\n\r\n      <\/div>\r\n   <\/article>   \r\n\r\n  <\/div><div class=\"item-post\">\r\n   <article id=\"post-12409\" class=\"post post-standard__single post-12409 type-post status-publish format-standard hentry category-arbeitsrecht-mitarbeiter-aus-dem-ausland category-welche-berufe-brauchen-eine-anerkennung-in-deutschland-wichtige-infos-fuer-arbeitgeber\">\r\n      \r\n         \r\n\r\n      <div class=\"post-standard__content has-no-thumbnail\">\r\n         <div class=\"post-standard__content-inner\">\r\n            <div class=\"post-standard__meta\">\r\n               <div class=\"clearfix meta-inline post-meta-2\"><span class=\"entry-date\"><i class=\"far fa-calendar-alt\"><\/i>26 \u0411\u0435\u0440\u0435\u0437\u043d\u044f, 2025<\/span><span class=\"author-seperate\">\/<\/span><span class=\"post-comment\"><i class=\"far fa-comments\"><\/i>0 \u043a\u043e\u043c\u0435\u043d\u0442\u0430\u0440\u0456\u0432<\/span><\/div>            <\/div> \r\n            <h3 class=\"post-standard__title\"><a href=\"https:\/\/bosporus24.de\/uk\/welche-berufe-brauchen-eine-anerkennung-in-deutschland-wichtige-infos-fuer-arbeitgeber\/\" rel=\"bookmark\">\u042f\u043a\u0456 \u043f\u0440\u043e\u0444\u0435\u0441\u0456\u0457 \u043f\u043e\u0442\u0440\u0456\u0431\u043d\u043e \u0432\u0438\u0437\u043d\u0430\u0432\u0430\u0442\u0438 \u0432 \u041d\u0456\u043c\u0435\u0447\u0447\u0438\u043d\u0456? \u0412\u0430\u0436\u043b\u0438\u0432\u0430 \u0456\u043d\u0444\u043e\u0440\u043c\u0430\u0446\u0456\u044f \u0434\u043b\u044f \u0440\u043e\u0431\u043e\u0442\u043e\u0434\u0430\u0432\u0446\u0456\u0432<\/a><\/h3>\r\n                           <div class=\"post-standard__desc\">\r\n                  \u042f\u043a\u0449\u043e \u043a\u043e\u043c\u043f\u0430\u043d\u0456\u0457 \u0432 \u041d\u0456\u043c\u0435\u0447\u0447\u0438\u043d\u0456 \u0445\u043e\u0447\u0443\u0442\u044c \u043d\u0430\u0439\u043d\u044f\u0442\u0438 \u043a\u0432\u0430\u043b\u0456\u0444\u0456\u043a\u043e\u0432\u0430\u043d\u0443 \u0440\u043e\u0431\u043e\u0447\u0443 \u0441\u0438\u043b\u0443 \u0437-\u0437\u0430 \u043a\u043e\u0440\u0434\u043e\u043d\u0443, \u0432\u043e\u043d\u0438 \u043f\u043e\u0432\u0438\u043d\u043d\u0456 \u043f\u0435\u0440\u0435\u0432\u0456\u0440\u0438\u0442\u0438, \u0447\u0438 \u0454               <\/div>   \r\n                        <div class=\"post-standard__read-more\">\r\n               <a class=\"btn-border\" href=\"https:\/\/bosporus24.de\/uk\/welche-berufe-brauchen-eine-anerkennung-in-deutschland-wichtige-infos-fuer-arbeitgeber\/\">\u0427\u0438\u0442\u0430\u0442\u0438 \u0434\u0430\u043b\u0456<\/a>\r\n            <\/div>\r\n         <\/div>\r\n\r\n      <\/div>\r\n   <\/article>   \r\n\r\n  <\/div><div class=\"item-post\">\r\n   <article id=\"post-12465\" class=\"post post-standard__single post-12465 type-post status-publish format-standard hentry category-arbeitsrecht-mitarbeiter-aus-dem-ausland category-diskriminierung-am-arbeitsplatz-rechtlicher-schutz-auslaendischer-mitarbeiter\">\r\n      \r\n         \r\n\r\n      <div class=\"post-standard__content has-no-thumbnail\">\r\n         <div class=\"post-standard__content-inner\">\r\n            <div class=\"post-standard__meta\">\r\n               <div class=\"clearfix meta-inline post-meta-2\"><span class=\"entry-date\"><i class=\"far fa-calendar-alt\"><\/i>25 \u0411\u0435\u0440\u0435\u0437\u043d\u044f, 2025<\/span><span class=\"author-seperate\">\/<\/span><span class=\"post-comment\"><i class=\"far fa-comments\"><\/i>0 \u043a\u043e\u043c\u0435\u043d\u0442\u0430\u0440\u0456\u0432<\/span><\/div>            <\/div> \r\n            <h3 class=\"post-standard__title\"><a href=\"https:\/\/bosporus24.de\/uk\/diskriminierung-am-arbeitsplatz-rechtlicher-schutz-auslaendischer-mitarbeiter\/\" rel=\"bookmark\">\u0414\u0438\u0441\u043a\u0440\u0438\u043c\u0456\u043d\u0430\u0446\u0456\u044f \u043d\u0430 \u0440\u043e\u0431\u043e\u0447\u043e\u043c\u0443 \u043c\u0456\u0441\u0446\u0456 - \u043f\u0440\u0430\u0432\u043e\u0432\u0438\u0439 \u0437\u0430\u0445\u0438\u0441\u0442 \u0456\u043d\u043e\u0437\u0435\u043c\u043d\u0438\u0445 \u043f\u0440\u0430\u0446\u0456\u0432\u043d\u0438\u043a\u0456\u0432<\/a><\/h3>\r\n                           <div class=\"post-standard__desc\">\r\n                  \u0414\u0438\u0441\u043a\u0440\u0438\u043c\u0456\u043d\u0430\u0446\u0456\u044f \u043c\u0430\u0454 \u043c\u0456\u0441\u0446\u0435, \u043a\u043e\u043b\u0438 \u0434\u043e \u043b\u044e\u0434\u0438\u043d\u0438 \u0441\u0442\u0430\u0432\u043b\u044f\u0442\u044c\u0441\u044f \u043d\u0435\u0440\u0456\u0432\u043d\u043e\u043f\u0440\u0430\u0432\u043d\u043e \u0430\u0431\u043e \u0441\u0442\u0430\u0432\u043b\u044f\u0442\u044c \u0457\u0457 \u0432 \u043d\u0435\u0441\u043f\u0440\u0438\u044f\u0442\u043b\u0438\u0432\u0435 \u0441\u0442\u0430\u043d\u043e\u0432\u0438\u0449\u0435 - \u0431\u0435\u0437               <\/div>   \r\n                        <div class=\"post-standard__read-more\">\r\n               <a class=\"btn-border\" href=\"https:\/\/bosporus24.de\/uk\/diskriminierung-am-arbeitsplatz-rechtlicher-schutz-auslaendischer-mitarbeiter\/\">\u0427\u0438\u0442\u0430\u0442\u0438 \u0434\u0430\u043b\u0456<\/a>\r\n            <\/div>\r\n         <\/div>\r\n\r\n      <\/div>\r\n   <\/article>   \r\n\r\n  <\/div><div class=\"item-post\">\r\n   <article id=\"post-12410\" class=\"post post-standard__single post-12410 type-post status-publish format-standard hentry category-arbeitsrecht-mitarbeiter-aus-dem-ausland category-chancenkarte-blaue-karte-eu-wie-arbeitgeber-in-deutschland-fachkraefte-aus-dem-ausland-gewinnen-koennen\">\r\n      \r\n         \r\n\r\n      <div class=\"post-standard__content has-no-thumbnail\">\r\n         <div class=\"post-standard__content-inner\">\r\n            <div class=\"post-standard__meta\">\r\n               <div class=\"clearfix meta-inline post-meta-2\"><span class=\"entry-date\"><i class=\"far fa-calendar-alt\"><\/i>25 \u0411\u0435\u0440\u0435\u0437\u043d\u044f, 2025<\/span><span class=\"author-seperate\">\/<\/span><span class=\"post-comment\"><i class=\"far fa-comments\"><\/i>0 \u043a\u043e\u043c\u0435\u043d\u0442\u0430\u0440\u0456\u0432<\/span><\/div>            <\/div> \r\n            <h3 class=\"post-standard__title\"><a href=\"https:\/\/bosporus24.de\/uk\/chancenkarte-blaue-karte-eu-wie-arbeitgeber-in-deutschland-fachkraefte-aus-dem-ausland-gewinnen-koennen\/\" rel=\"bookmark\">\u041a\u0430\u0440\u0442\u0430 \u043c\u043e\u0436\u043b\u0438\u0432\u043e\u0441\u0442\u0435\u0439 \u0442\u0430 \u0411\u043b\u0430\u043a\u0438\u0442\u043d\u0430 \u043a\u0430\u0440\u0442\u0430 \u0404\u0421: \u044f\u043a \u0440\u043e\u0431\u043e\u0442\u043e\u0434\u0430\u0432\u0446\u0456 \u0432 \u041d\u0456\u043c\u0435\u0447\u0447\u0438\u043d\u0456 \u043c\u043e\u0436\u0443\u0442\u044c \u0437\u0430\u043b\u0443\u0447\u0430\u0442\u0438 \u043a\u0432\u0430\u043b\u0456\u0444\u0456\u043a\u043e\u0432\u0430\u043d\u0438\u0445 \u043f\u0440\u0430\u0446\u0456\u0432\u043d\u0438\u043a\u0456\u0432 \u0437-\u0437\u0430 \u043a\u043e\u0440\u0434\u043e\u043d\u0443<\/a><\/h3>\r\n                           <div class=\"post-standard__desc\">\r\n                  25\u041d\u0435\u0441\u0442\u0430\u0447\u0430 \u043a\u0432\u0430\u043b\u0456\u0444\u0456\u043a\u043e\u0432\u0430\u043d\u043e\u0457 \u0440\u043e\u0431\u043e\u0447\u043e\u0457 \u0441\u0438\u043b\u0438 \u0432\u043f\u043b\u0438\u0432\u0430\u0454 \u043d\u0430 \u0431\u0430\u0433\u0430\u0442\u043e \u0433\u0430\u043b\u0443\u0437\u0435\u0439 \u0443 \u041d\u0456\u043c\u0435\u0447\u0447\u0438\u043d\u0456. \u0417 \u043c\u0435\u0442\u043e\u044e \u0437\u0430\u043b\u0443\u0447\u0435\u043d\u043d\u044f \u043a\u0432\u0430\u043b\u0456\u0444\u0456\u043a\u043e\u0432\u0430\u043d\u043e\u0457 \u0440\u043e\u0431\u043e\u0447\u043e\u0457 \u0441\u0438\u043b\u0438 \u0437-\u0437\u0430 \u043a\u043e\u0440\u0434\u043e\u043d\u0443,               <\/div>   \r\n                        <div class=\"post-standard__read-more\">\r\n               <a class=\"btn-border\" href=\"https:\/\/bosporus24.de\/uk\/chancenkarte-blaue-karte-eu-wie-arbeitgeber-in-deutschland-fachkraefte-aus-dem-ausland-gewinnen-koennen\/\">\u0427\u0438\u0442\u0430\u0442\u0438 \u0434\u0430\u043b\u0456<\/a>\r\n            <\/div>\r\n         <\/div>\r\n\r\n      <\/div>\r\n   <\/article>   \r\n\r\n  <\/div>\r\n\t\t\t\t\t<div class=\"pagination\">\r\n\t\t\t\t<div class=\"column one pager_wrapper\"><div class=\"pager\"><div class=\"paginations\"><a href=\"https:\/\/bosporus24.de\/uk\/wp-json\/wp\/v2\/pages\/12249\/\" class=\"page-item active\">1<\/a><a href=\"https:\/\/bosporus24.de\/uk\/wp-json\/wp\/v2\/pages\/12249\/page\/2\/\" class=\"page-item\">2<\/a><a href=\"https:\/\/bosporus24.de\/uk\/wp-json\/wp\/v2\/pages\/12249\/page\/3\/\" class=\"page-item\">3<\/a><a class=\"next_page\" href=\"https:\/\/bosporus24.de\/uk\/wp-json\/wp\/v2\/pages\/12249\/page\/2\/\"><i class=\"fas fa-chevron-right\"><\/i><\/a><\/div><\/div><\/div>\n\t\t\t<\/div>\r\n\t\t\t<\/div>\r\n\r\n<\/div>\r\n\r\n<\/div>\t\t\t\t<\/div>\n\t\t\t\t<\/div>\n\t\t\t\t\t<\/div>\n\t\t<\/div>\n\t\t\t\t\t<\/div>\n\t\t<\/section>\n\t\t\t\t<\/div>","protected":false},"excerpt":{"rendered":"<p>Arbeitsrecht &#038; Mitarbeiter aus dem Ausland Blog &amp; Nachrichten Arbeitsrecht &#038; Mitarbeiter aus dem Ausland B\u00fcrokratie und Beh\u00f6rdenwege f\u00fcr Unternehmen E-Commerce Firmengr\u00fcndung &#038; Investition in Deutschland Zoll &#038; Importverfahren Send [&hellip;]<\/p>\n","protected":false},"author":1,"featured_media":0,"parent":52,"menu_order":0,"comment_status":"closed","ping_status":"closed","template":"","meta":{"footnotes":""},"class_list":["post-12249","page","type-page","status-publish","hentry"],"_links":{"self":[{"href":"https:\/\/bosporus24.de\/uk\/wp-json\/wp\/v2\/pages\/12249","targetHints":{"allow":["GET"]}}],"collection":[{"href":"https:\/\/bosporus24.de\/uk\/wp-json\/wp\/v2\/pages"}],"about":[{"href":"https:\/\/bosporus24.de\/uk\/wp-json\/wp\/v2\/types\/page"}],"author":[{"embeddable":true,"href":"https:\/\/bosporus24.de\/uk\/wp-json\/wp\/v2\/users\/1"}],"replies":[{"embeddable":true,"href":"https:\/\/bosporus24.de\/uk\/wp-json\/wp\/v2\/comments?post=12249"}],"version-history":[{"count":16,"href":"https:\/\/bosporus24.de\/uk\/wp-json\/wp\/v2\/pages\/12249\/revisions"}],"predecessor-version":[{"id":12427,"href":"https:\/\/bosporus24.de\/uk\/wp-json\/wp\/v2\/pages\/12249\/revisions\/12427"}],"up":[{"embeddable":true,"href":"https:\/\/bosporus24.de\/uk\/wp-json\/wp\/v2\/pages\/52"}],"wp:attachment":[{"href":"https:\/\/bosporus24.de\/uk\/wp-json\/wp\/v2\/media?parent=12249"}],"curies":[{"name":"wp","href":"https:\/\/api.w.org\/{rel}","templated":true}]}}