{"id":12269,"date":"2025-03-11T07:10:24","date_gmt":"2025-03-11T07:10:24","guid":{"rendered":"https:\/\/bosporus24.de\/?page_id=12269"},"modified":"2025-03-11T07:14:14","modified_gmt":"2025-03-11T07:14:14","slug":"firmengruendung-investition-in-deutschland","status":"publish","type":"page","link":"https:\/\/bosporus24.de\/uk\/blog\/firmengruendung-investition-in-deutschland\/","title":{"rendered":"\u0421\u0442\u0432\u043e\u0440\u0435\u043d\u043d\u044f \u043a\u043e\u043c\u043f\u0430\u043d\u0456\u0457 \u0442\u0430 \u0456\u043d\u0432\u0435\u0441\u0442\u0438\u0446\u0456\u0457 \u0432 \u041d\u0456\u043c\u0435\u0447\u0447\u0438\u043d\u0456"},"content":{"rendered":"<div data-elementor-type=\"wp-page\" data-elementor-id=\"12269\" class=\"elementor elementor-12269\">\n\t\t\t\t\t\t<section class=\"elementor-section elementor-top-section elementor-element elementor-element-dfda8f4 elementor-section-boxed elementor-section-height-default elementor-section-height-default\" data-id=\"dfda8f4\" data-element_type=\"section\" data-e-type=\"section\" data-settings=\"{&quot;background_background&quot;:&quot;classic&quot;}\">\n\t\t\t\t\t\t\t<div class=\"elementor-background-overlay\"><\/div>\n\t\t\t\t\t\t\t<div class=\"elementor-container elementor-column-gap-default\">\n\t\t\t\t\t<div class=\"elementor-column elementor-col-100 elementor-top-column elementor-element elementor-element-7b51610\" data-id=\"7b51610\" data-element_type=\"column\" data-e-type=\"column\">\n\t\t\t<div class=\"elementor-widget-wrap elementor-element-populated\">\n\t\t\t\t\t\t<div class=\"elementor-element elementor-element-06a02b4 elementor-widget elementor-widget-gva-heading-block\" data-id=\"06a02b4\" data-element_type=\"widget\" data-e-type=\"widget\" data-widget_type=\"gva-heading-block.default\">\n\t\t\t\t<div class=\"elementor-widget-container\">\n\t\t\t\t\t<div class=\"gva-element-gva-heading-block gva-element\">   <div class=\"align-center style-1 widget gsc-heading box-align-left auto-responsive\">\r\n      <div class=\"content-inner\">\r\n         \r\n                  \r\n           \r\n         \r\n                     <h2 class=\"title\">\r\n               <span>\u0421\u0442\u0432\u043e\u0440\u0435\u043d\u043d\u044f \u043a\u043e\u043c\u043f\u0430\u043d\u0456\u0457 \u0442\u0430 \u0456\u043d\u0432\u0435\u0441\u0442\u0438\u0446\u0456\u0457 \u0432 \u041d\u0456\u043c\u0435\u0447\u0447\u0438\u043d\u0456<\/span>\r\n            <\/h2>\r\n                  \r\n         \r\n         \r\n      <\/div>\r\n   <\/div>\r\n<\/div>\t\t\t\t<\/div>\n\t\t\t\t<\/div>\n\t\t\t\t\t<\/div>\n\t\t<\/div>\n\t\t\t\t\t<\/div>\n\t\t<\/section>\n\t\t\t\t<section class=\"elementor-section elementor-top-section elementor-element elementor-element-48ff1eb5 elementor-section-boxed elementor-section-height-default elementor-section-height-default\" data-id=\"48ff1eb5\" data-element_type=\"section\" data-e-type=\"section\" data-settings=\"{&quot;background_background&quot;:&quot;classic&quot;}\">\n\t\t\t\t\t\t<div class=\"elementor-container elementor-column-gap-default\">\n\t\t\t\t\t<div class=\"elementor-column elementor-col-50 elementor-top-column elementor-element elementor-element-498f3346\" data-id=\"498f3346\" data-element_type=\"column\" data-e-type=\"column\">\n\t\t\t<div class=\"elementor-widget-wrap elementor-element-populated\">\n\t\t\t\t\t\t<div class=\"elementor-element elementor-element-c4d96d7 elementor-widget elementor-widget-text-editor\" data-id=\"c4d96d7\" data-element_type=\"widget\" data-e-type=\"widget\" data-widget_type=\"text-editor.default\">\n\t\t\t\t<div class=\"elementor-widget-container\">\n\t\t\t\t\t\t\t\t\t<div class=\"elementor-element elementor-element-4f58ba5 elementor-widget elementor-widget-heading\" data-id=\"4f58ba5\" data-element_type=\"widget\" data-widget_type=\"heading.default\"><div class=\"elementor-widget-container\"><h4 class=\"elementor-heading-title elementor-size-default\">\u0411\u043b\u043e\u0433 \u0442\u0430 \u043d\u043e\u0432\u0438\u043d\u0438<\/h4><\/div><\/div>\t\t\t\t\t\t\t\t<\/div>\n\t\t\t\t<\/div>\n\t\t\t\t<div class=\"elementor-element elementor-element-1bebc89 elementor-icon-list--layout-traditional elementor-list-item-link-full_width elementor-widget elementor-widget-icon-list\" data-id=\"1bebc89\" data-element_type=\"widget\" data-e-type=\"widget\" data-widget_type=\"icon-list.default\">\n\t\t\t\t<div class=\"elementor-widget-container\">\n\t\t\t\t\t\t\t<ul class=\"elementor-icon-list-items\">\n\t\t\t\t\t\t\t<li class=\"elementor-icon-list-item\">\n\t\t\t\t\t\t\t\t\t\t\t<a href=\"https:\/\/bosporus24.de\/uk\/blog\/arbeitsrecht-mitarbeiter-aus-dem-ausland\/\">\n\n\t\t\t\t\t\t\t\t\t\t\t\t<span class=\"elementor-icon-list-icon\">\n\t\t\t\t\t\t\t<i aria-hidden=\"true\" class=\"fas fa-long-arrow-alt-right\"><\/i>\t\t\t\t\t\t<\/span>\n\t\t\t\t\t\t\t\t\t\t<span class=\"elementor-icon-list-text\">\u0422\u0440\u0443\u0434\u043e\u0432\u0435 \u043f\u0440\u0430\u0432\u043e \u0442\u0430 \u043f\u0440\u0430\u0446\u0456\u0432\u043d\u0438\u043a\u0438 \u0437-\u0437\u0430 \u043a\u043e\u0440\u0434\u043e\u043d\u0443<\/span>\n\t\t\t\t\t\t\t\t\t\t\t<\/a>\n\t\t\t\t\t\t\t\t\t<\/li>\n\t\t\t\t\t\t\t\t<li class=\"elementor-icon-list-item\">\n\t\t\t\t\t\t\t\t\t\t\t<a href=\"https:\/\/bosporus24.de\/uk\/blog\/buerokratie-und-behoerdenwege-fuer-unternehmen\/\">\n\n\t\t\t\t\t\t\t\t\t\t\t\t<span class=\"elementor-icon-list-icon\">\n\t\t\t\t\t\t\t<i aria-hidden=\"true\" class=\"fas fa-long-arrow-alt-right\"><\/i>\t\t\t\t\t\t<\/span>\n\t\t\t\t\t\t\t\t\t\t<span class=\"elementor-icon-list-text\">\u0411\u044e\u0440\u043e\u043a\u0440\u0430\u0442\u0456\u044f \u0442\u0430 \u043e\u0444\u0456\u0446\u0456\u0439\u043d\u0456 \u043a\u0430\u043d\u0430\u043b\u0438 \u0434\u043b\u044f \u043a\u043e\u043c\u043f\u0430\u043d\u0456\u0439<\/span>\n\t\t\t\t\t\t\t\t\t\t\t<\/a>\n\t\t\t\t\t\t\t\t\t<\/li>\n\t\t\t\t\t\t\t\t<li class=\"elementor-icon-list-item\">\n\t\t\t\t\t\t\t\t\t\t\t<a href=\"https:\/\/bosporus24.de\/uk\/blog\/e-commerce\/\">\n\n\t\t\t\t\t\t\t\t\t\t\t\t<span class=\"elementor-icon-list-icon\">\n\t\t\t\t\t\t\t<i aria-hidden=\"true\" class=\"fas fa-long-arrow-alt-right\"><\/i>\t\t\t\t\t\t<\/span>\n\t\t\t\t\t\t\t\t\t\t<span class=\"elementor-icon-list-text\">\u0415\u043b\u0435\u043a\u0442\u0440\u043e\u043d\u043d\u0430 \u043a\u043e\u043c\u0435\u0440\u0446\u0456\u044f<\/span>\n\t\t\t\t\t\t\t\t\t\t\t<\/a>\n\t\t\t\t\t\t\t\t\t<\/li>\n\t\t\t\t\t\t\t\t<li class=\"elementor-icon-list-item\">\n\t\t\t\t\t\t\t\t\t\t\t<a href=\"https:\/\/bosporus24.de\/uk\/blog\/firmengruendung-investition-in-deutschland\/\">\n\n\t\t\t\t\t\t\t\t\t\t\t\t<span class=\"elementor-icon-list-icon\">\n\t\t\t\t\t\t\t<i aria-hidden=\"true\" class=\"fas fa-long-arrow-alt-right\"><\/i>\t\t\t\t\t\t<\/span>\n\t\t\t\t\t\t\t\t\t\t<span class=\"elementor-icon-list-text\">\u0421\u0442\u0432\u043e\u0440\u0435\u043d\u043d\u044f \u043a\u043e\u043c\u043f\u0430\u043d\u0456\u0457 \u0442\u0430 \u0456\u043d\u0432\u0435\u0441\u0442\u0438\u0446\u0456\u0457 \u0432 \u041d\u0456\u043c\u0435\u0447\u0447\u0438\u043d\u0456<\/span>\n\t\t\t\t\t\t\t\t\t\t\t<\/a>\n\t\t\t\t\t\t\t\t\t<\/li>\n\t\t\t\t\t\t\t\t<li class=\"elementor-icon-list-item\">\n\t\t\t\t\t\t\t\t\t\t\t<a href=\"https:\/\/bosporus24.de\/uk\/blog\/zoll-importverfahren\/\">\n\n\t\t\t\t\t\t\t\t\t\t\t\t<span class=\"elementor-icon-list-icon\">\n\t\t\t\t\t\t\t<i aria-hidden=\"true\" class=\"fas fa-long-arrow-alt-right\"><\/i>\t\t\t\t\t\t<\/span>\n\t\t\t\t\t\t\t\t\t\t<span class=\"elementor-icon-list-text\">\u041c\u0438\u0442\u043d\u0456 \u0442\u0430 \u0456\u043c\u043f\u043e\u0440\u0442\u043d\u0456 \u043f\u0440\u043e\u0446\u0435\u0434\u0443\u0440\u0438<\/span>\n\t\t\t\t\t\t\t\t\t\t\t<\/a>\n\t\t\t\t\t\t\t\t\t<\/li>\n\t\t\t\t\t\t<\/ul>\n\t\t\t\t\t\t<\/div>\n\t\t\t\t<\/div>\n\t\t\t\t<div class=\"elementor-element elementor-element-41518cb elementor-view-default elementor-position-block-start elementor-mobile-position-block-start elementor-widget elementor-widget-icon-box\" data-id=\"41518cb\" data-element_type=\"widget\" data-e-type=\"widget\" data-widget_type=\"icon-box.default\">\n\t\t\t\t<div class=\"elementor-widget-container\">\n\t\t\t\t\t\t\t<div class=\"elementor-icon-box-wrapper\">\n\n\t\t\t\t\t\t<div class=\"elementor-icon-box-icon\">\n\t\t\t\t<span  class=\"elementor-icon\">\n\t\t\t\t<i aria-hidden=\"true\" class=\"gicon-email-1\"><\/i>\t\t\t\t<\/span>\n\t\t\t<\/div>\n\t\t\t\n\t\t\t\t\t\t<div class=\"elementor-icon-box-content\">\n\n\t\t\t\t\t\t\t\t\t<h3 class=\"elementor-icon-box-title\">\n\t\t\t\t\t\t<span  >\n\t\t\t\t\t\t\t\u041d\u0430\u0434\u0456\u0441\u043b\u0430\u0442\u0438 \u0435\u043b\u0435\u043a\u0442\u0440\u043e\u043d\u043d\u0443 \u043f\u043e\u0448\u0442\u0443\t\t\t\t\t\t<\/span>\n\t\t\t\t\t<\/h3>\n\t\t\t\t\n\t\t\t\t\t\t\t\t\t<p class=\"elementor-icon-box-description\">\n\t\t\t\t\t\tinfo@bosporus24.de <br><br>\n-\u0430\u0431\u043e -\t\t\t\t\t<\/p>\n\t\t\t\t\n\t\t\t<\/div>\n\t\t\t\n\t\t<\/div>\n\t\t\t\t\t\t<\/div>\n\t\t\t\t<\/div>\n\t\t\t\t<div class=\"elementor-element elementor-element-92d34c6 elementor-align-center elementor-widget elementor-widget-button\" data-id=\"92d34c6\" data-element_type=\"widget\" data-e-type=\"widget\" data-widget_type=\"button.default\">\n\t\t\t\t<div class=\"elementor-widget-container\">\n\t\t\t\t\t\t\t\t\t<div class=\"elementor-button-wrapper\">\n\t\t\t\t\t<a class=\"elementor-button elementor-button-link elementor-size-sm\" href=\"https:\/\/bosporus24.de\/uk\/contact\/\">\n\t\t\t\t\t\t<span class=\"elementor-button-content-wrapper\">\n\t\t\t\t\t\t\t\t\t<span class=\"elementor-button-text\">\u041a\u041e\u041d\u0422\u0410\u041a\u0422<\/span>\n\t\t\t\t\t<\/span>\n\t\t\t\t\t<\/a>\n\t\t\t\t<\/div>\n\t\t\t\t\t\t\t\t<\/div>\n\t\t\t\t<\/div>\n\t\t\t\t\t<\/div>\n\t\t<\/div>\n\t\t\t\t<div class=\"elementor-column elementor-col-50 elementor-top-column elementor-element elementor-element-77d5b3dc\" data-id=\"77d5b3dc\" data-element_type=\"column\" data-e-type=\"column\">\n\t\t\t<div class=\"elementor-widget-wrap elementor-element-populated\">\n\t\t\t\t\t\t<div class=\"elementor-element elementor-element-06d48cd elementor-widget elementor-widget-gva-posts\" data-id=\"06d48cd\" data-element_type=\"widget\" data-e-type=\"widget\" data-widget_type=\"gva-posts.default\">\n\t\t\t\t<div class=\"elementor-widget-container\">\n\t\t\t\t\t<div class=\"gva-element-gva-posts gva-element\">  \r\n<div class=\"gva-posts-standard clearfix gva-posts\">\r\n\t\t\r\n\t<div class=\"gva-content-items cleafix\"> \r\n\t\t\t<div class=\"item-post\">\r\n   <article id=\"post-12515\" class=\"post post-standard__single post-12515 type-post status-publish format-standard hentry category-firmengruendung-investition-in-deutschland\">\r\n      \r\n         \r\n\r\n      <div class=\"post-standard__content has-no-thumbnail\">\r\n         <div class=\"post-standard__content-inner\">\r\n            <div class=\"post-standard__meta\">\r\n               <div class=\"clearfix meta-inline post-meta-2\"><span class=\"entry-date\"><i class=\"far fa-calendar-alt\"><\/i>23 \u041a\u0432\u0456\u0442\u043d\u044f, 2025<\/span><span class=\"author-seperate\">\/<\/span><span class=\"post-comment\"><i class=\"far fa-comments\"><\/i>0 \u043a\u043e\u043c\u0435\u043d\u0442\u0430\u0440\u0456\u0432<\/span><\/div>            <\/div> \r\n            <h3 class=\"post-standard__title\"><a href=\"https:\/\/bosporus24.de\/uk\/3-was-muessen-internationale-investoren-beim-markteintritt-beachten\/\" rel=\"bookmark\">\u0429\u043e \u043f\u043e\u0442\u0440\u0456\u0431\u043d\u043e \u0432\u0440\u0430\u0445\u043e\u0432\u0443\u0432\u0430\u0442\u0438 \u043c\u0456\u0436\u043d\u0430\u0440\u043e\u0434\u043d\u0438\u043c \u0456\u043d\u0432\u0435\u0441\u0442\u043e\u0440\u0430\u043c \u043f\u0440\u0438 \u0432\u0438\u0445\u043e\u0434\u0456 \u043d\u0430 \u0440\u0438\u043d\u043e\u043a?<\/a><\/h3>\r\n                           <div class=\"post-standard__desc\">\r\n                  \u0423\u044f\u0432\u0456\u0442\u044c, \u0449\u043e \u0443 \u0432\u0430\u0441 \u0454 \u043f\u0435\u0440\u0441\u043f\u0435\u043a\u0442\u0438\u0432\u043d\u0438\u0439 \u043f\u0440\u043e\u0434\u0443\u043a\u0442, \u0441\u0438\u043b\u044c\u043d\u0430 \u043a\u043e\u043c\u0430\u043d\u0434\u0430 \u0456 \u0434\u043e\u0441\u0442\u0430\u0442\u043d\u044c\u043e \u043a\u0430\u043f\u0456\u0442\u0430\u043b\u0443, \u0456               <\/div>   \r\n                        <div class=\"post-standard__read-more\">\r\n               <a class=\"btn-border\" href=\"https:\/\/bosporus24.de\/uk\/3-was-muessen-internationale-investoren-beim-markteintritt-beachten\/\">\u0427\u0438\u0442\u0430\u0442\u0438 \u0434\u0430\u043b\u0456<\/a>\r\n            <\/div>\r\n         <\/div>\r\n\r\n      <\/div>\r\n   <\/article>   \r\n\r\n  <\/div><div class=\"item-post\">\r\n   <article id=\"post-12382\" class=\"post post-standard__single post-12382 type-post status-publish format-standard hentry category-firmengruendung-investition-in-deutschland category-firmengruendung-in-deutschland-dein-leitfaden-fuer-einen-erfolgreichen-start\">\r\n      \r\n         \r\n\r\n      <div class=\"post-standard__content has-no-thumbnail\">\r\n         <div class=\"post-standard__content-inner\">\r\n            <div class=\"post-standard__meta\">\r\n               <div class=\"clearfix meta-inline post-meta-2\"><span class=\"entry-date\"><i class=\"far fa-calendar-alt\"><\/i>19 \u0411\u0435\u0440\u0435\u0437\u043d\u044f, 2025<\/span><span class=\"author-seperate\">\/<\/span><span class=\"post-comment\"><i class=\"far fa-comments\"><\/i>0 \u043a\u043e\u043c\u0435\u043d\u0442\u0430\u0440\u0456\u0432<\/span><\/div>            <\/div> \r\n            <h3 class=\"post-standard__title\"><a href=\"https:\/\/bosporus24.de\/uk\/firmengruendung-in-deutschland-dein-leitfaden-fuer-einen-erfolgreichen-start\/\" rel=\"bookmark\">\u0421\u0442\u0432\u043e\u0440\u0435\u043d\u043d\u044f \u043a\u043e\u043c\u043f\u0430\u043d\u0456\u0457 \u0432 \u041d\u0456\u043c\u0435\u0447\u0447\u0438\u043d\u0456: \u0412\u0430\u0448 \u043f\u0443\u0442\u0456\u0432\u043d\u0438\u043a \u0434\u043b\u044f \u0443\u0441\u043f\u0456\u0448\u043d\u043e\u0433\u043e \u0441\u0442\u0430\u0440\u0442\u0443<\/a><\/h3>\r\n                           <div class=\"post-standard__desc\">\r\n                  \u041d\u0456\u043c\u0435\u0447\u0447\u0438\u043d\u0430 \u0454 \u043e\u0434\u043d\u0456\u0454\u044e \u0437 \u043d\u0430\u0439\u043f\u0440\u0438\u0432\u0430\u0431\u043b\u0438\u0432\u0456\u0448\u0438\u0445 \u0431\u0456\u0437\u043d\u0435\u0441-\u043b\u043e\u043a\u0430\u0446\u0456\u0439 \u0432 \u0404\u0432\u0440\u043e\u043f\u0456 \u0456 \u043f\u0440\u043e\u043f\u043e\u043d\u0443\u0454 \u0431\u0435\u0437\u043b\u0456\u0447 \u043c\u043e\u0436\u043b\u0438\u0432\u043e\u0441\u0442\u0435\u0439 \u0434\u043b\u044f \u0441\u0442\u0430\u0440\u0442\u0430\u043f\u0456\u0432. \u0410\u043b\u0435               <\/div>   \r\n                        <div class=\"post-standard__read-more\">\r\n               <a class=\"btn-border\" href=\"https:\/\/bosporus24.de\/uk\/firmengruendung-in-deutschland-dein-leitfaden-fuer-einen-erfolgreichen-start\/\">\u0427\u0438\u0442\u0430\u0442\u0438 \u0434\u0430\u043b\u0456<\/a>\r\n            <\/div>\r\n         <\/div>\r\n\r\n      <\/div>\r\n   <\/article>   \r\n\r\n  <\/div><div class=\"item-post\">\r\n   <article id=\"post-12385\" class=\"post post-standard__single post-12385 type-post status-publish format-standard hentry category-firmengruendung-investition-in-deutschland category-investieren-in-deutschland-chancen-herausforderungen-fuer-unternehmer\">\r\n      \r\n         \r\n\r\n      <div class=\"post-standard__content has-no-thumbnail\">\r\n         <div class=\"post-standard__content-inner\">\r\n            <div class=\"post-standard__meta\">\r\n               <div class=\"clearfix meta-inline post-meta-2\"><span class=\"entry-date\"><i class=\"far fa-calendar-alt\"><\/i>19 \u0411\u0435\u0440\u0435\u0437\u043d\u044f, 2025<\/span><span class=\"author-seperate\">\/<\/span><span class=\"post-comment\"><i class=\"far fa-comments\"><\/i>0 \u043a\u043e\u043c\u0435\u043d\u0442\u0430\u0440\u0456\u0432<\/span><\/div>            <\/div> \r\n            <h3 class=\"post-standard__title\"><a href=\"https:\/\/bosporus24.de\/uk\/investieren-in-deutschland-chancen-herausforderungen-fuer-unternehmer\/\" rel=\"bookmark\">\u0406\u043d\u0432\u0435\u0441\u0442\u0443\u0432\u0430\u043d\u043d\u044f \u0432 \u041d\u0456\u043c\u0435\u0447\u0447\u0438\u043d\u0443: \u043c\u043e\u0436\u043b\u0438\u0432\u043e\u0441\u0442\u0456 \u0442\u0430 \u0432\u0438\u043a\u043b\u0438\u043a\u0438 \u0434\u043b\u044f \u043f\u0456\u0434\u043f\u0440\u0438\u0454\u043c\u0446\u0456\u0432<\/a><\/h3>\r\n                           <div class=\"post-standard__desc\">\r\n                  \u041d\u0456\u043c\u0435\u0447\u0447\u0438\u043d\u0430 - \u0446\u0435 \u0441\u0442\u0430\u0431\u0456\u043b\u044c\u043d\u0438\u0439 \u0442\u0430 \u0435\u043a\u043e\u043d\u043e\u043c\u0456\u0447\u043d\u043e \u0441\u0438\u043b\u044c\u043d\u0438\u0439 \u0440\u0438\u043d\u043e\u043a, \u043f\u0440\u0438\u0432\u0430\u0431\u043b\u0438\u0432\u0438\u0439 \u044f\u043a \u0434\u043b\u044f \u0432\u043d\u0443\u0442\u0440\u0456\u0448\u043d\u0456\u0445, \u0442\u0430\u043a \u0456 \u0434\u043b\u044f \u043c\u0456\u0436\u043d\u0430\u0440\u043e\u0434\u043d\u0438\u0445 \u0456\u043d\u0432\u0435\u0441\u0442\u043e\u0440\u0456\u0432.               <\/div>   \r\n                        <div class=\"post-standard__read-more\">\r\n               <a class=\"btn-border\" href=\"https:\/\/bosporus24.de\/uk\/investieren-in-deutschland-chancen-herausforderungen-fuer-unternehmer\/\">\u0427\u0438\u0442\u0430\u0442\u0438 \u0434\u0430\u043b\u0456<\/a>\r\n            <\/div>\r\n         <\/div>\r\n\r\n      <\/div>\r\n   <\/article>   \r\n\r\n  <\/div><div class=\"item-post\">\r\n   <article id=\"post-12143\" class=\"post post-standard__single post-12143 type-post status-publish format-standard hentry category-firmengruendung-investition-in-deutschland category-wie-bekomme-ich-eine-umsatzsteuer-id-als-auslaendisches-unternehmen\">\r\n      \r\n         \r\n\r\n      <div class=\"post-standard__content has-no-thumbnail\">\r\n         <div class=\"post-standard__content-inner\">\r\n            <div class=\"post-standard__meta\">\r\n               <div class=\"clearfix meta-inline post-meta-2\"><span class=\"entry-date\"><i class=\"far fa-calendar-alt\"><\/i>4 \u0411\u0435\u0440\u0435\u0437\u043d\u044f, 2025<\/span><span class=\"author-seperate\">\/<\/span><span class=\"post-comment\"><i class=\"far fa-comments\"><\/i>0 \u043a\u043e\u043c\u0435\u043d\u0442\u0430\u0440\u0456\u0432<\/span><\/div>            <\/div> \r\n            <h3 class=\"post-standard__title\"><a href=\"https:\/\/bosporus24.de\/uk\/wie-bekomme-ich-eine-umsatzsteuer-id-als-auslaendisches-unternehmen\/\" rel=\"bookmark\">\u042f\u043a \u043e\u0442\u0440\u0438\u043c\u0430\u0442\u0438 \u0456\u0434\u0435\u043d\u0442\u0438\u0444\u0456\u043a\u0430\u0446\u0456\u0439\u043d\u0438\u0439 \u043d\u043e\u043c\u0435\u0440 \u043f\u043b\u0430\u0442\u043d\u0438\u043a\u0430 \u041f\u0414\u0412 \u044f\u043a \u0456\u043d\u043e\u0437\u0435\u043c\u043d\u0456\u0439 \u043a\u043e\u043c\u043f\u0430\u043d\u0456\u0457?<\/a><\/h3>\r\n                           <div class=\"post-standard__desc\">\r\n                  \u0423 \u0431\u0430\u0433\u0430\u0442\u044c\u043e\u0445 \u0432\u0438\u043f\u0430\u0434\u043a\u0430\u0445 \u0456\u043d\u043e\u0437\u0435\u043c\u043d\u0438\u043c \u043a\u043e\u043c\u043f\u0430\u043d\u0456\u044f\u043c, \u044f\u043a\u0456 \u0432\u0435\u0434\u0443\u0442\u044c \u0435\u043a\u043e\u043d\u043e\u043c\u0456\u0447\u043d\u0443 \u0434\u0456\u044f\u043b\u044c\u043d\u0456\u0441\u0442\u044c \u0443 \u041d\u0456\u043c\u0435\u0447\u0447\u0438\u043d\u0456, \u043f\u043e\u0442\u0440\u0456\u0431\u0435\u043d \u0456\u0434\u0435\u043d\u0442\u0438\u0444\u0456\u043a\u0430\u0446\u0456\u0439\u043d\u0438\u0439 \u043d\u043e\u043c\u0435\u0440 \u043f\u043b\u0430\u0442\u043d\u0438\u043a\u0430 \u041f\u0414\u0412 (VAT ID).               <\/div>   \r\n                        <div class=\"post-standard__read-more\">\r\n               <a class=\"btn-border\" href=\"https:\/\/bosporus24.de\/uk\/wie-bekomme-ich-eine-umsatzsteuer-id-als-auslaendisches-unternehmen\/\">\u0427\u0438\u0442\u0430\u0442\u0438 \u0434\u0430\u043b\u0456<\/a>\r\n            <\/div>\r\n         <\/div>\r\n\r\n      <\/div>\r\n   <\/article>   \r\n\r\n  <\/div><div class=\"item-post\">\r\n   <article id=\"post-12141\" class=\"post post-standard__single post-12141 type-post status-publish format-standard hentry category-aufenthaltstitel-fuer-unternehmer-so-funktioniert-das-visum-fuer-selbststaendige category-firmengruendung-investition-in-deutschland\">\r\n      \r\n         \r\n\r\n      <div class=\"post-standard__content has-no-thumbnail\">\r\n         <div class=\"post-standard__content-inner\">\r\n            <div class=\"post-standard__meta\">\r\n               <div class=\"clearfix meta-inline post-meta-2\"><span class=\"entry-date\"><i class=\"far fa-calendar-alt\"><\/i>4 \u0411\u0435\u0440\u0435\u0437\u043d\u044f, 2025<\/span><span class=\"author-seperate\">\/<\/span><span class=\"post-comment\"><i class=\"far fa-comments\"><\/i>0 \u043a\u043e\u043c\u0435\u043d\u0442\u0430\u0440\u0456\u0432<\/span><\/div>            <\/div> \r\n            <h3 class=\"post-standard__title\"><a href=\"https:\/\/bosporus24.de\/uk\/aufenthaltstitel-fuer-unternehmer-so-funktioniert-das-visum-fuer-selbststaendige\/\" rel=\"bookmark\">\u041f\u043e\u0441\u0432\u0456\u0434\u043a\u0430 \u043d\u0430 \u043f\u0440\u043e\u0436\u0438\u0432\u0430\u043d\u043d\u044f \u0434\u043b\u044f \u043f\u0456\u0434\u043f\u0440\u0438\u0454\u043c\u0446\u0456\u0432: \u044f\u043a \u043f\u0440\u0430\u0446\u044e\u0454 \u0432\u0456\u0437\u0430 \u0434\u043b\u044f \u0441\u0430\u043c\u043e\u0437\u0430\u0439\u043d\u044f\u0442\u0438\u0445 \u043e\u0441\u0456\u0431<\/a><\/h3>\r\n                           <div class=\"post-standard__desc\">\r\n                  \u0406\u043d\u043e\u0437\u0435\u043c\u043d\u0456 \u043f\u0456\u0434\u043f\u0440\u0438\u0454\u043c\u0446\u0456, \u044f\u043a\u0456 \u0431\u0430\u0436\u0430\u044e\u0442\u044c \u0437\u0430\u0441\u043d\u0443\u0432\u0430\u0442\u0438 \u043a\u043e\u043c\u043f\u0430\u043d\u0456\u044e \u0432 \u041d\u0456\u043c\u0435\u0447\u0447\u0438\u043d\u0456 \u0430\u0431\u043e \u0441\u0442\u0430\u0442\u0438 \u0456\u043d\u0434\u0438\u0432\u0456\u0434\u0443\u0430\u043b\u044c\u043d\u0438\u043c\u0438 \u043f\u0456\u0434\u043f\u0440\u0438\u0454\u043c\u0446\u044f\u043c\u0438, \u043f\u043e\u0432\u0438\u043d\u043d\u0456               <\/div>   \r\n                        <div class=\"post-standard__read-more\">\r\n               <a class=\"btn-border\" href=\"https:\/\/bosporus24.de\/uk\/aufenthaltstitel-fuer-unternehmer-so-funktioniert-das-visum-fuer-selbststaendige\/\">\u0427\u0438\u0442\u0430\u0442\u0438 \u0434\u0430\u043b\u0456<\/a>\r\n            <\/div>\r\n         <\/div>\r\n\r\n      <\/div>\r\n   <\/article>   \r\n\r\n  <\/div>\r\n\t\t\t\t\t<div class=\"pagination\">\r\n\t\t\t\t<div class=\"column one pager_wrapper\"><div class=\"pager\"><div class=\"paginations\"><a href=\"https:\/\/bosporus24.de\/uk\/wp-json\/wp\/v2\/pages\/12269\/\" class=\"page-item active\">1<\/a><a href=\"https:\/\/bosporus24.de\/uk\/wp-json\/wp\/v2\/pages\/12269\/page\/2\/\" class=\"page-item\">2<\/a><a href=\"https:\/\/bosporus24.de\/uk\/wp-json\/wp\/v2\/pages\/12269\/page\/3\/\" class=\"page-item\">3<\/a><a class=\"next_page\" href=\"https:\/\/bosporus24.de\/uk\/wp-json\/wp\/v2\/pages\/12269\/page\/2\/\"><i class=\"fas fa-chevron-right\"><\/i><\/a><\/div><\/div><\/div>\n\t\t\t<\/div>\r\n\t\t\t<\/div>\r\n\r\n<\/div>\r\n\r\n<\/div>\t\t\t\t<\/div>\n\t\t\t\t<\/div>\n\t\t\t\t\t<\/div>\n\t\t<\/div>\n\t\t\t\t\t<\/div>\n\t\t<\/section>\n\t\t\t\t<\/div>","protected":false},"excerpt":{"rendered":"<p>Firmengr\u00fcndung &#038; Investition in Deutschland Blog &amp; Nachrichten Arbeitsrecht &#038; Mitarbeiter aus dem Ausland B\u00fcrokratie und Beh\u00f6rdenwege f\u00fcr Unternehmen E-Commerce Firmengr\u00fcndung &#038; Investition in Deutschland Zoll &#038; Importverfahren Send e-mail [&hellip;]<\/p>\n","protected":false},"author":1,"featured_media":0,"parent":52,"menu_order":0,"comment_status":"closed","ping_status":"closed","template":"","meta":{"footnotes":""},"class_list":["post-12269","page","type-page","status-publish","hentry"],"_links":{"self":[{"href":"https:\/\/bosporus24.de\/uk\/wp-json\/wp\/v2\/pages\/12269","targetHints":{"allow":["GET"]}}],"collection":[{"href":"https:\/\/bosporus24.de\/uk\/wp-json\/wp\/v2\/pages"}],"about":[{"href":"https:\/\/bosporus24.de\/uk\/wp-json\/wp\/v2\/types\/page"}],"author":[{"embeddable":true,"href":"https:\/\/bosporus24.de\/uk\/wp-json\/wp\/v2\/users\/1"}],"replies":[{"embeddable":true,"href":"https:\/\/bosporus24.de\/uk\/wp-json\/wp\/v2\/comments?post=12269"}],"version-history":[{"count":10,"href":"https:\/\/bosporus24.de\/uk\/wp-json\/wp\/v2\/pages\/12269\/revisions"}],"predecessor-version":[{"id":12293,"href":"https:\/\/bosporus24.de\/uk\/wp-json\/wp\/v2\/pages\/12269\/revisions\/12293"}],"up":[{"embeddable":true,"href":"https:\/\/bosporus24.de\/uk\/wp-json\/wp\/v2\/pages\/52"}],"wp:attachment":[{"href":"https:\/\/bosporus24.de\/uk\/wp-json\/wp\/v2\/media?parent=12269"}],"curies":[{"name":"wp","href":"https:\/\/api.w.org\/{rel}","templated":true}]}}