{"id":52,"date":"2023-07-21T02:00:36","date_gmt":"2023-07-21T02:00:36","guid":{"rendered":"https:\/\/gaviaspreview.com\/wp\/lestin\/?page_id=52"},"modified":"2025-03-11T07:20:07","modified_gmt":"2025-03-11T07:20:07","slug":"blog","status":"publish","type":"page","link":"https:\/\/bosporus24.de\/uk\/blog\/","title":{"rendered":"\u0411\u043b\u043e\u0433"},"content":{"rendered":"<div data-elementor-type=\"wp-page\" data-elementor-id=\"52\" class=\"elementor elementor-52\">\n\t\t\t\t\t\t<section class=\"elementor-section elementor-top-section elementor-element elementor-element-2d51b92 elementor-section-boxed elementor-section-height-default elementor-section-height-default\" data-id=\"2d51b92\" data-element_type=\"section\" data-e-type=\"section\" data-settings=\"{&quot;background_background&quot;:&quot;classic&quot;}\">\n\t\t\t\t\t\t\t<div class=\"elementor-background-overlay\"><\/div>\n\t\t\t\t\t\t\t<div class=\"elementor-container elementor-column-gap-default\">\n\t\t\t\t\t<div class=\"elementor-column elementor-col-100 elementor-top-column elementor-element elementor-element-64bdede\" data-id=\"64bdede\" data-element_type=\"column\" data-e-type=\"column\">\n\t\t\t<div class=\"elementor-widget-wrap elementor-element-populated\">\n\t\t\t\t\t\t<div class=\"elementor-element elementor-element-91fc2fb elementor-widget elementor-widget-gva-heading-block\" data-id=\"91fc2fb\" data-element_type=\"widget\" data-e-type=\"widget\" data-widget_type=\"gva-heading-block.default\">\n\t\t\t\t<div class=\"elementor-widget-container\">\n\t\t\t\t\t<div class=\"gva-element-gva-heading-block gva-element\">   <div class=\"align-center style-1 widget gsc-heading box-align-left auto-responsive\">\r\n      <div class=\"content-inner\">\r\n         \r\n                  \r\n           \r\n         \r\n                     <h2 class=\"title\">\r\n               <span>\u0411\u043b\u043e\u0433<\/span>\r\n            <\/h2>\r\n                  \r\n                     <div class=\"title-desc\">\u0413\u043e\u043b\u043e\u0432\u043d\u0430 &gt; \u0411\u043b\u043e\u0433<\/div>\r\n         \r\n         \r\n      <\/div>\r\n   <\/div>\r\n<\/div>\t\t\t\t<\/div>\n\t\t\t\t<\/div>\n\t\t\t\t\t<\/div>\n\t\t<\/div>\n\t\t\t\t\t<\/div>\n\t\t<\/section>\n\t\t\t\t<section class=\"elementor-section elementor-top-section elementor-element elementor-element-6ae1a2a elementor-section-boxed elementor-section-height-default elementor-section-height-default\" data-id=\"6ae1a2a\" data-element_type=\"section\" data-e-type=\"section\">\n\t\t\t\t\t\t<div class=\"elementor-container elementor-column-gap-default\">\n\t\t\t\t\t<div class=\"elementor-column elementor-col-100 elementor-top-column elementor-element elementor-element-071080c\" data-id=\"071080c\" data-element_type=\"column\" data-e-type=\"column\">\n\t\t\t<div class=\"elementor-widget-wrap elementor-element-populated\">\n\t\t\t\t\t\t<section class=\"elementor-section elementor-inner-section elementor-element elementor-element-9e3e69e elementor-section-boxed elementor-section-height-default elementor-section-height-default\" data-id=\"9e3e69e\" data-element_type=\"section\" data-e-type=\"section\">\n\t\t\t\t\t\t<div class=\"elementor-container elementor-column-gap-default\">\n\t\t\t\t\t<div class=\"elementor-column elementor-col-33 elementor-inner-column elementor-element elementor-element-27ff351\" data-id=\"27ff351\" data-element_type=\"column\" data-e-type=\"column\">\n\t\t\t<div class=\"elementor-widget-wrap elementor-element-populated\">\n\t\t\t\t\t\t<div class=\"elementor-element elementor-element-52fe043 elementor-widget elementor-widget-image\" data-id=\"52fe043\" data-element_type=\"widget\" data-e-type=\"widget\" data-widget_type=\"image.default\">\n\t\t\t\t<div class=\"elementor-widget-container\">\n\t\t\t\t\t\t\t\t\t\t\t\t\t\t\t<img fetchpriority=\"high\" decoding=\"async\" width=\"900\" height=\"405\" src=\"https:\/\/bosporus24.de\/wp-content\/uploads\/2025\/01\/Slider002-1-1024x461.jpg\" class=\"attachment-large size-large wp-image-11802\" alt=\"\" srcset=\"https:\/\/bosporus24.de\/wp-content\/uploads\/2025\/01\/Slider002-1-1024x461.jpg 1024w, https:\/\/bosporus24.de\/wp-content\/uploads\/2025\/01\/Slider002-1-768x346.jpg 768w, https:\/\/bosporus24.de\/wp-content\/uploads\/2025\/01\/Slider002-1-600x270.jpg 600w, https:\/\/bosporus24.de\/wp-content\/uploads\/2025\/01\/Slider002-1.jpg 1600w\" sizes=\"(max-width: 900px) 100vw, 900px\" \/>\t\t\t\t\t\t\t\t\t\t\t\t\t\t\t<\/div>\n\t\t\t\t<\/div>\n\t\t\t\t<div class=\"elementor-element elementor-element-d5b2922 elementor-widget elementor-widget-text-editor\" data-id=\"d5b2922\" data-element_type=\"widget\" data-e-type=\"widget\" data-widget_type=\"text-editor.default\">\n\t\t\t\t<div class=\"elementor-widget-container\">\n\t\t\t\t\t\t\t\t\t<p><a href=\"https:\/\/bosporus24.de\/uk\/blog\/arbeitsrecht-mitarbeiter-aus-dem-ausland\/\"><strong>\u0422\u0440\u0443\u0434\u043e\u0432\u0435 \u043f\u0440\u0430\u0432\u043e \u0442\u0430 \u043f\u0440\u0430\u0446\u0456\u0432\u043d\u0438\u043a\u0438 \u0437-\u0437\u0430 \u043a\u043e\u0440\u0434\u043e\u043d\u0443<\/strong><\/a><\/p>\t\t\t\t\t\t\t\t<\/div>\n\t\t\t\t<\/div>\n\t\t\t\t\t<\/div>\n\t\t<\/div>\n\t\t\t\t<div class=\"elementor-column elementor-col-33 elementor-inner-column elementor-element elementor-element-db6ad58\" data-id=\"db6ad58\" data-element_type=\"column\" data-e-type=\"column\">\n\t\t\t<div class=\"elementor-widget-wrap elementor-element-populated\">\n\t\t\t\t\t\t<div class=\"elementor-element elementor-element-77ebc4f elementor-widget elementor-widget-image\" data-id=\"77ebc4f\" data-element_type=\"widget\" data-e-type=\"widget\" data-widget_type=\"image.default\">\n\t\t\t\t<div class=\"elementor-widget-container\">\n\t\t\t\t\t\t\t\t\t\t\t\t\t\t\t<img fetchpriority=\"high\" decoding=\"async\" width=\"900\" height=\"405\" src=\"https:\/\/bosporus24.de\/wp-content\/uploads\/2025\/01\/Slider002-1-1024x461.jpg\" class=\"attachment-large size-large wp-image-11802\" alt=\"\" srcset=\"https:\/\/bosporus24.de\/wp-content\/uploads\/2025\/01\/Slider002-1-1024x461.jpg 1024w, https:\/\/bosporus24.de\/wp-content\/uploads\/2025\/01\/Slider002-1-768x346.jpg 768w, https:\/\/bosporus24.de\/wp-content\/uploads\/2025\/01\/Slider002-1-600x270.jpg 600w, https:\/\/bosporus24.de\/wp-content\/uploads\/2025\/01\/Slider002-1.jpg 1600w\" sizes=\"(max-width: 900px) 100vw, 900px\" \/>\t\t\t\t\t\t\t\t\t\t\t\t\t\t\t<\/div>\n\t\t\t\t<\/div>\n\t\t\t\t<div class=\"elementor-element elementor-element-400501d elementor-widget elementor-widget-text-editor\" data-id=\"400501d\" data-element_type=\"widget\" data-e-type=\"widget\" data-widget_type=\"text-editor.default\">\n\t\t\t\t<div class=\"elementor-widget-container\">\n\t\t\t\t\t\t\t\t\t<p><a href=\"https:\/\/bosporus24.de\/uk\/blog\/buerokratie-und-behoerdenwege-fuer-unternehmen\/\"><strong>\u0411\u044e\u0440\u043e\u043a\u0440\u0430\u0442\u0456\u044f \u0442\u0430 \u043e\u0444\u0456\u0446\u0456\u0439\u043d\u0456 \u043a\u0430\u043d\u0430\u043b\u0438 \u0434\u043b\u044f \u043a\u043e\u043c\u043f\u0430\u043d\u0456\u0439<\/strong><\/a><\/p>\t\t\t\t\t\t\t\t<\/div>\n\t\t\t\t<\/div>\n\t\t\t\t\t<\/div>\n\t\t<\/div>\n\t\t\t\t<div class=\"elementor-column elementor-col-33 elementor-inner-column elementor-element elementor-element-12589bd\" data-id=\"12589bd\" data-element_type=\"column\" data-e-type=\"column\">\n\t\t\t<div class=\"elementor-widget-wrap elementor-element-populated\">\n\t\t\t\t\t\t<div class=\"elementor-element elementor-element-7a8a53a elementor-widget elementor-widget-image\" data-id=\"7a8a53a\" data-element_type=\"widget\" data-e-type=\"widget\" data-widget_type=\"image.default\">\n\t\t\t\t<div class=\"elementor-widget-container\">\n\t\t\t\t\t\t\t\t\t\t\t\t\t\t\t<img fetchpriority=\"high\" decoding=\"async\" width=\"900\" height=\"405\" src=\"https:\/\/bosporus24.de\/wp-content\/uploads\/2025\/01\/Slider002-1-1024x461.jpg\" class=\"attachment-large size-large wp-image-11802\" alt=\"\" srcset=\"https:\/\/bosporus24.de\/wp-content\/uploads\/2025\/01\/Slider002-1-1024x461.jpg 1024w, https:\/\/bosporus24.de\/wp-content\/uploads\/2025\/01\/Slider002-1-768x346.jpg 768w, https:\/\/bosporus24.de\/wp-content\/uploads\/2025\/01\/Slider002-1-600x270.jpg 600w, https:\/\/bosporus24.de\/wp-content\/uploads\/2025\/01\/Slider002-1.jpg 1600w\" sizes=\"(max-width: 900px) 100vw, 900px\" \/>\t\t\t\t\t\t\t\t\t\t\t\t\t\t\t<\/div>\n\t\t\t\t<\/div>\n\t\t\t\t<div class=\"elementor-element elementor-element-b40d4db elementor-widget elementor-widget-text-editor\" data-id=\"b40d4db\" data-element_type=\"widget\" data-e-type=\"widget\" data-widget_type=\"text-editor.default\">\n\t\t\t\t<div class=\"elementor-widget-container\">\n\t\t\t\t\t\t\t\t\t<p><a href=\"https:\/\/bosporus24.de\/uk\/blog\/e-commerce\/\"><strong>\u0415\u043b\u0435\u043a\u0442\u0440\u043e\u043d\u043d\u0430 \u043a\u043e\u043c\u0435\u0440\u0446\u0456\u044f<\/strong><\/a><\/p>\t\t\t\t\t\t\t\t<\/div>\n\t\t\t\t<\/div>\n\t\t\t\t\t<\/div>\n\t\t<\/div>\n\t\t\t\t\t<\/div>\n\t\t<\/section>\n\t\t\t\t<section class=\"elementor-section elementor-inner-section elementor-element elementor-element-574f689 elementor-section-boxed elementor-section-height-default elementor-section-height-default\" data-id=\"574f689\" data-element_type=\"section\" data-e-type=\"section\">\n\t\t\t\t\t\t<div class=\"elementor-container elementor-column-gap-default\">\n\t\t\t\t\t<div class=\"elementor-column elementor-col-33 elementor-inner-column elementor-element elementor-element-f0657d4\" data-id=\"f0657d4\" data-element_type=\"column\" data-e-type=\"column\">\n\t\t\t<div class=\"elementor-widget-wrap elementor-element-populated\">\n\t\t\t\t\t\t<div class=\"elementor-element elementor-element-0aa41d5 elementor-widget elementor-widget-image\" data-id=\"0aa41d5\" data-element_type=\"widget\" data-e-type=\"widget\" data-widget_type=\"image.default\">\n\t\t\t\t<div class=\"elementor-widget-container\">\n\t\t\t\t\t\t\t\t\t\t\t\t\t\t\t<img fetchpriority=\"high\" decoding=\"async\" width=\"900\" height=\"405\" src=\"https:\/\/bosporus24.de\/wp-content\/uploads\/2025\/01\/Slider002-1-1024x461.jpg\" class=\"attachment-large size-large wp-image-11802\" alt=\"\" srcset=\"https:\/\/bosporus24.de\/wp-content\/uploads\/2025\/01\/Slider002-1-1024x461.jpg 1024w, https:\/\/bosporus24.de\/wp-content\/uploads\/2025\/01\/Slider002-1-768x346.jpg 768w, https:\/\/bosporus24.de\/wp-content\/uploads\/2025\/01\/Slider002-1-600x270.jpg 600w, https:\/\/bosporus24.de\/wp-content\/uploads\/2025\/01\/Slider002-1.jpg 1600w\" sizes=\"(max-width: 900px) 100vw, 900px\" \/>\t\t\t\t\t\t\t\t\t\t\t\t\t\t\t<\/div>\n\t\t\t\t<\/div>\n\t\t\t\t<div class=\"elementor-element elementor-element-89fe0ee elementor-widget elementor-widget-text-editor\" data-id=\"89fe0ee\" data-element_type=\"widget\" data-e-type=\"widget\" data-widget_type=\"text-editor.default\">\n\t\t\t\t<div class=\"elementor-widget-container\">\n\t\t\t\t\t\t\t\t\t<p><a href=\"https:\/\/bosporus24.de\/uk\/blog\/firmengruendung-investition-in-deutschland\/\"><strong>\u0421\u0442\u0432\u043e\u0440\u0435\u043d\u043d\u044f \u043a\u043e\u043c\u043f\u0430\u043d\u0456\u0457 \u0442\u0430 \u0456\u043d\u0432\u0435\u0441\u0442\u0438\u0446\u0456\u0457 \u0432 \u041d\u0456\u043c\u0435\u0447\u0447\u0438\u043d\u0456<\/strong><\/a><\/p>\t\t\t\t\t\t\t\t<\/div>\n\t\t\t\t<\/div>\n\t\t\t\t\t<\/div>\n\t\t<\/div>\n\t\t\t\t<div class=\"elementor-column elementor-col-33 elementor-inner-column elementor-element elementor-element-687297d\" data-id=\"687297d\" data-element_type=\"column\" data-e-type=\"column\">\n\t\t\t<div class=\"elementor-widget-wrap elementor-element-populated\">\n\t\t\t\t\t\t<div class=\"elementor-element elementor-element-d8e2967 elementor-widget elementor-widget-image\" data-id=\"d8e2967\" data-element_type=\"widget\" data-e-type=\"widget\" data-widget_type=\"image.default\">\n\t\t\t\t<div class=\"elementor-widget-container\">\n\t\t\t\t\t\t\t\t\t\t\t\t\t\t\t<img fetchpriority=\"high\" decoding=\"async\" width=\"900\" height=\"405\" src=\"https:\/\/bosporus24.de\/wp-content\/uploads\/2025\/01\/Slider002-1-1024x461.jpg\" class=\"attachment-large size-large wp-image-11802\" alt=\"\" srcset=\"https:\/\/bosporus24.de\/wp-content\/uploads\/2025\/01\/Slider002-1-1024x461.jpg 1024w, https:\/\/bosporus24.de\/wp-content\/uploads\/2025\/01\/Slider002-1-768x346.jpg 768w, https:\/\/bosporus24.de\/wp-content\/uploads\/2025\/01\/Slider002-1-600x270.jpg 600w, https:\/\/bosporus24.de\/wp-content\/uploads\/2025\/01\/Slider002-1.jpg 1600w\" sizes=\"(max-width: 900px) 100vw, 900px\" \/>\t\t\t\t\t\t\t\t\t\t\t\t\t\t\t<\/div>\n\t\t\t\t<\/div>\n\t\t\t\t<div class=\"elementor-element elementor-element-54a9c7c elementor-widget elementor-widget-text-editor\" data-id=\"54a9c7c\" data-element_type=\"widget\" data-e-type=\"widget\" data-widget_type=\"text-editor.default\">\n\t\t\t\t<div class=\"elementor-widget-container\">\n\t\t\t\t\t\t\t\t\t<p><a href=\"https:\/\/bosporus24.de\/uk\/blog\/zoll-importverfahren\/\"><strong>\u041c\u0438\u0442\u043d\u0456 \u0442\u0430 \u0456\u043c\u043f\u043e\u0440\u0442\u043d\u0456 \u043f\u0440\u043e\u0446\u0435\u0434\u0443\u0440\u0438<\/strong><\/a><\/p>\t\t\t\t\t\t\t\t<\/div>\n\t\t\t\t<\/div>\n\t\t\t\t\t<\/div>\n\t\t<\/div>\n\t\t\t\t<div class=\"elementor-column elementor-col-33 elementor-inner-column elementor-element elementor-element-b23d6c7\" data-id=\"b23d6c7\" data-element_type=\"column\" data-e-type=\"column\">\n\t\t\t<div class=\"elementor-widget-wrap\">\n\t\t\t\t\t\t\t<\/div>\n\t\t<\/div>\n\t\t\t\t\t<\/div>\n\t\t<\/section>\n\t\t\t\t\t<\/div>\n\t\t<\/div>\n\t\t\t\t\t<\/div>\n\t\t<\/section>\n\t\t\t\t<section class=\"elementor-section elementor-top-section elementor-element elementor-element-44e40e48 elementor-section-boxed elementor-section-height-default elementor-section-height-default\" data-id=\"44e40e48\" data-element_type=\"section\" data-e-type=\"section\">\n\t\t\t\t\t\t<div class=\"elementor-container elementor-column-gap-default\">\n\t\t\t\t\t<div class=\"elementor-column elementor-col-100 elementor-top-column elementor-element elementor-element-733c7b32\" data-id=\"733c7b32\" data-element_type=\"column\" data-e-type=\"column\">\n\t\t\t<div class=\"elementor-widget-wrap elementor-element-populated\">\n\t\t\t\t\t\t<section class=\"elementor-section elementor-inner-section elementor-element elementor-element-3c7fc8f elementor-section-boxed elementor-section-height-default elementor-section-height-default\" data-id=\"3c7fc8f\" data-element_type=\"section\" data-e-type=\"section\" data-settings=\"{&quot;background_background&quot;:&quot;classic&quot;}\">\n\t\t\t\t\t\t\t<div class=\"elementor-background-overlay\"><\/div>\n\t\t\t\t\t\t\t<div class=\"elementor-container elementor-column-gap-default\">\n\t\t\t\t\t<div class=\"elementor-column elementor-col-50 elementor-inner-column elementor-element elementor-element-5aa4968b\" data-id=\"5aa4968b\" data-element_type=\"column\" data-e-type=\"column\">\n\t\t\t<div class=\"elementor-widget-wrap elementor-element-populated\">\n\t\t\t\t\t\t<div class=\"elementor-element elementor-element-16177357 elementor-position-inline-start icon-box-left elementor-view-default elementor-mobile-position-block-start elementor-widget elementor-widget-icon-box\" data-id=\"16177357\" data-element_type=\"widget\" data-e-type=\"widget\" data-widget_type=\"icon-box.default\">\n\t\t\t\t<div class=\"elementor-widget-container\">\n\t\t\t\t\t\t\t<div class=\"elementor-icon-box-wrapper\">\n\n\t\t\t\t\t\t<div class=\"elementor-icon-box-icon\">\n\t\t\t\t<span  class=\"elementor-icon\">\n\t\t\t\t<i aria-hidden=\"true\" class=\"gicon-travel-3\"><\/i>\t\t\t\t<\/span>\n\t\t\t<\/div>\n\t\t\t\n\t\t\t\t\t\t<div class=\"elementor-icon-box-content\">\n\n\t\t\t\t\t\t\t\t\t<h3 class=\"elementor-icon-box-title\">\n\t\t\t\t\t\t<span  >\n\t\t\t\t\t\t\t\u0422\u0432\u043e\u044f \u0456\u0441\u0442\u043e\u0440\u0456\u044f \u043f\u043e\u0447\u0438\u043d\u0430\u0454\u0442\u044c\u0441\u044f \u0437\u0432\u0456\u0434\u0441\u0438\t\t\t\t\t\t<\/span>\n\t\t\t\t\t<\/h3>\n\t\t\t\t\n\t\t\t\t\t\t\t\t\t<p class=\"elementor-icon-box-description\">\n\t\t\t\t\t\t\u0412\u0456\u0434\u0432\u0456\u0434\u0430\u0454\u043c\u043e \u043d\u0430\u0439\u043a\u0440\u0430\u0449\u0456 \u043c\u0456\u0441\u0446\u044f\t\t\t\t\t<\/p>\n\t\t\t\t\n\t\t\t<\/div>\n\t\t\t\n\t\t<\/div>\n\t\t\t\t\t\t<\/div>\n\t\t\t\t<\/div>\n\t\t\t\t\t<\/div>\n\t\t<\/div>\n\t\t\t\t<div class=\"elementor-column elementor-col-50 elementor-inner-column elementor-element elementor-element-437db10d\" data-id=\"437db10d\" data-element_type=\"column\" data-e-type=\"column\">\n\t\t\t<div class=\"elementor-widget-wrap elementor-element-populated\">\n\t\t\t\t\t\t<div class=\"elementor-element elementor-element-141eb090 elementor-widget__width-auto elementor-widget elementor-widget-html\" data-id=\"141eb090\" data-element_type=\"widget\" data-e-type=\"widget\" data-widget_type=\"html.default\">\n\t\t\t\t<div class=\"elementor-widget-container\">\n\t\t\t\t\t<a class=\"btn-black\" href=\"https:\/\/gaviaspreview.com\/wp\/lestin\/contact\/\">\n    \u0414\u0456\u0437\u043d\u0430\u0439\u0442\u0435\u0441\u044f \u0431\u0456\u043b\u044c\u0448\u0435\n<\/a>\t\t\t\t<\/div>\n\t\t\t\t<\/div>\n\t\t\t\t\t<\/div>\n\t\t<\/div>\n\t\t\t\t\t<\/div>\n\t\t<\/section>\n\t\t\t\t\t<\/div>\n\t\t<\/div>\n\t\t\t\t\t<\/div>\n\t\t<\/section>\n\t\t\t\t<\/div>","protected":false},"excerpt":{"rendered":"<p>Blog Home &gt; Blog Arbeitsrecht &amp; Mitarbeiter aus dem Ausland B\u00fcrokratie und Beh\u00f6rdenwege f\u00fcr Unternehmen E-Commerce Firmengr\u00fcndung &amp; Investition in Deutschland Zoll &amp; Importverfahren Your story starts from here Let\u2019s [&hellip;]<\/p>\n","protected":false},"author":1,"featured_media":0,"parent":0,"menu_order":0,"comment_status":"closed","ping_status":"closed","template":"","meta":{"footnotes":""},"class_list":["post-52","page","type-page","status-publish","hentry"],"_links":{"self":[{"href":"https:\/\/bosporus24.de\/uk\/wp-json\/wp\/v2\/pages\/52","targetHints":{"allow":["GET"]}}],"collection":[{"href":"https:\/\/bosporus24.de\/uk\/wp-json\/wp\/v2\/pages"}],"about":[{"href":"https:\/\/bosporus24.de\/uk\/wp-json\/wp\/v2\/types\/page"}],"author":[{"embeddable":true,"href":"https:\/\/bosporus24.de\/uk\/wp-json\/wp\/v2\/users\/1"}],"replies":[{"embeddable":true,"href":"https:\/\/bosporus24.de\/uk\/wp-json\/wp\/v2\/comments?post=52"}],"version-history":[{"count":7,"href":"https:\/\/bosporus24.de\/uk\/wp-json\/wp\/v2\/pages\/52\/revisions"}],"predecessor-version":[{"id":12310,"href":"https:\/\/bosporus24.de\/uk\/wp-json\/wp\/v2\/pages\/52\/revisions\/12310"}],"wp:attachment":[{"href":"https:\/\/bosporus24.de\/uk\/wp-json\/wp\/v2\/media?parent=52"}],"curies":[{"name":"wp","href":"https:\/\/api.w.org\/{rel}","templated":true}]}}